{"id":2801,"date":"2023-08-28T15:22:30","date_gmt":"2023-08-28T13:22:30","guid":{"rendered":"https:\/\/www.firstcisl.it\/sicilia\/?page_id=2801"},"modified":"2023-09-08T10:51:31","modified_gmt":"2023-09-08T08:51:31","slug":"inas","status":"publish","type":"page","link":"https:\/\/www.firstcisl.it\/sicilia\/inas\/","title":{"rendered":"Inas"},"content":{"rendered":"<p><a href=\"https:\/\/www.inas.it\" target=\"_blank\" rel=\"noopener\"><strong>Inas Cisl<\/strong> <strong>(Istituto nazionale di assistenza sociale)<\/strong><\/a> \u00e8 il patronato di assistenza sociale su contributi, pensioni, invalidit\u00e0 civile, maternit\u00e0, disoccupazione, infortuni sul lavoro e altro.<\/p>\n<p>&nbsp;<\/p>\n<h2>SEDI DEL PATRONATO INAS CISL IN SICILIA:<\/h2>\n<h3>TERRITORIO DI AGRIGENTO CALTANISSETTA ENNA<\/h3>\n<h4>Agrigento<\/h4>\n<p>viale Leonardo Sciascia, 132 &#8211; 92100 Agrigento (AG)<br \/>\ntel. 0922 25 928<br \/>\nfax 0922 403 221<br \/>\nmail <a href=\"mailto:agrigento@inas.it\" target=\"_blank\" rel=\"noopener\">agrigento@inas.it<\/a><br \/>\nPEC <a href=\"mailto:agrigento@pec.inas.it\" target=\"_blank\" rel=\"noopener\">agrigento@pec.inas.it<\/a><\/p>\n<h4>Sciacca<\/h4>\n<p>via Tommaso Campanella, 9 &#8211; 92019 Sciacca (AG)<br \/>\ntel. 0925 27 362<br \/>\nmail <a href=\"mailto:sciacca@inas.it\" target=\"_blank\" rel=\"noopener\">sciacca@inas.it<\/a><br \/>\nPEC <a href=\"mailto:sciacca@pec.inas.it\" target=\"_blank\" rel=\"noopener\">sciacca@pec.inas.it<\/a><\/p>\n<h4>Porto Empedocle<\/h4>\n<p>via IV Novembre, 4 &#8211; 92014 Porto Empedocle (AG)<br \/>\ntel. 0922 180 1991<br \/>\nfax 0922 535 167<br \/>\nmail <a href=\"mailto:portoempedocle@inas.it\" target=\"_blank\" rel=\"noopener\">portoempedocle@inas.it<\/a><br \/>\nPEC <a href=\"mailto:portoempedocle@pec.inas.it\" target=\"_blank\" rel=\"noopener\">portoempedocle@pec.inas.it<\/a><\/p>\n<h4>Ribera<\/h4>\n<p>via Rosa Bianca, 18\/20 &#8211; 92016 Ribera (AG)<br \/>\ntel. 0925 62 890<br \/>\nfax 0925 62 890<br \/>\nmail <a href=\"mailto:ribera@inas.it\" target=\"_blank\" rel=\"noopener\">ribera@inas.it<\/a><br \/>\nPEC <a href=\"mailto:ribera@pec.inas.it\" target=\"_blank\" rel=\"noopener\">ribera@pec.inas.it<\/a><\/p>\n<h4>Caltanissetta<\/h4>\n<p>via Pulci Francesco Canonico, 9 &#8211; 93100 Caltanissetta (CL)<br \/>\ntel. 0934 22 123<br \/>\nfax 0934 565 074<br \/>\nmail <a href=\"mailto:caltanissetta@inas.it\" target=\"_blank\" rel=\"noopener\">caltanissetta@inas.it<\/a><br \/>\nPEC <a href=\"mailto:caltanissetta@pec.inas.it\" target=\"_blank\" rel=\"noopener\">caltanissetta@pec.inas.it<\/a><\/p>\n<h4>Gela<\/h4>\n<p>via Gen. Cascino, 68 &#8211; 93012 Gela (CL)<br \/>\ntel. 0933 914 080<br \/>\nfax 0933 914 080<br \/>\nmail <a href=\"mailto:gela@inas.it\" target=\"_blank\" rel=\"noopener\">gela@inas.it<\/a><br \/>\nPEC <a href=\"mailto:gela@pec.inas.it\" target=\"_blank\" rel=\"noopener\">gela@pec.inas.it<\/a><\/p>\n<h4>Enna<\/h4>\n<p>via San Sebastiano, 21 &#8211; 94100 Enna (EN)<br \/>\ntel. 0935 511 744<br \/>\nfax 0935 510 890<br \/>\nmail <a href=\"mailto:enna@inas.it\" target=\"_blank\" rel=\"noopener\">enna@inas.it<\/a><br \/>\nPEC <a href=\"mailto:enna@pec.inas.it\" target=\"_blank\" rel=\"noopener\">enna@pec.inas.it<\/a><\/p>\n<h4>Piazza Armerina<\/h4>\n<p>via Giacinto Lo Giudice, 25 &#8211; 94015 Piazza Armerina (EN)<br \/>\ntel. 0935 575 406<br \/>\nfax 0935 575 406<br \/>\nmail <a href=\"mailto:piazzaarmerina@inas.it\" target=\"_blank\" rel=\"noopener\">piazzaarmerina@inas.it<\/a><br \/>\nPEC <a href=\"mailto:piazzaarmerina@pec.inas.it\" target=\"_blank\" rel=\"noopener\">piazzaarmerina@pec.inas.it<\/a><\/p>\n<h4>Nicosia<\/h4>\n<p>via Luigi Venuta, 1 &#8211; 94014 Nicosia (EN)<br \/>\ntel. 0935 178 2100<br \/>\nfax 0935 196 0400<br \/>\nmail <a href=\"mailto:nicosia@inas.it\" target=\"_blank\" rel=\"noopener\">nicosia@inas.it<\/a><br \/>\nPEC <a href=\"mailto:nicosia@pec.inas.it\" target=\"_blank\" rel=\"noopener\">nicosia@pec.inas.it<\/a><\/p>\n<p>&nbsp;<\/p>\n<h3>TERRITORIO DI CATANIA<\/h3>\n<h4>Catania<\/h4>\n<p>via Vincenzo Giuffrida, 160 &#8211; 95128 Catania (CT)<br \/>\ntel. 095 326 151<br \/>\nmail <a href=\"mailto:catania@inas.it\" target=\"_blank\" rel=\"noopener\">catania@inas.it<\/a><br \/>\nPEC <a href=\"mailto:catania@pec.inas.it\" target=\"_blank\" rel=\"noopener\">catania@pec.inas.it<\/a><\/p>\n<h4>Catania &#8211; Cifali<\/h4>\n<p>via Cifali, 47 &#8211; 95123 Catania (CT)<br \/>\ntel. 095 506 349<br \/>\nmail <a href=\"mailto:cifali@inas.it\" target=\"_blank\" rel=\"noopener\">cifali@inas.it<\/a><br \/>\nPEC <a href=\"mailto:cataniacifali@pec.inas.it\" target=\"_blank\" rel=\"noopener\">cataniacifali@pec.inas.it<\/a><\/p>\n<h4>Giarre<\/h4>\n<p>piazza Biagio And\u00f2, 10\/11 &#8211; 95014 Giarre (CT)<br \/>\ntel. 095 779 3275<br \/>\nmail <a href=\"mailto:giarre@inas.it\" target=\"_blank\" rel=\"noopener\">giarre@inas.it<\/a><br \/>\nPEC <a href=\"mailto:giarre@pec.inas.it\" target=\"_blank\" rel=\"noopener\">giarre@pec.inas.it<\/a><\/p>\n<h4>Acireale<\/h4>\n<p>piazza Alfio Grassi, 8 &#8211; 95024 Acireale (CT)<br \/>\ntel. 095 294 1970<br \/>\nfax 095 601 119<br \/>\nmail <a href=\"mailto:acireale@inas.it\" target=\"_blank\" rel=\"noopener\">acireale@inas.it<\/a><br \/>\nPEC <a href=\"mailto:acireale@pec.inas.it\" target=\"_blank\" rel=\"noopener\">acireale@pec.inas.it<\/a><\/p>\n<h4>Adrano<\/h4>\n<p>via Roma, 12 &#8211; 95031 Adrano (CT)<br \/>\ntel. 095 769 6725<br \/>\nmail <a href=\"mailto:adrano@inas.it\" target=\"_blank\" rel=\"noopener\">adrano@inas.it<\/a><br \/>\nPEC <a href=\"mailto:adrano@pec.inas.it\" target=\"_blank\" rel=\"noopener\">adrano@pec.inas.it<\/a><\/p>\n<h4>Caltagirone<\/h4>\n<p>via Escuriales, 11 &#8211; 95041 Caltagirone (CT)<br \/>\ntel. 0933 24 971<br \/>\nfax 0933 53 486<br \/>\nmail <a href=\"mailto:caltagirone@inas.it\" target=\"_blank\" rel=\"noopener\">caltagirone@inas.it<\/a><br \/>\nPEC <a href=\"mailto:caltagirone@pec.inas.it\" target=\"_blank\" rel=\"noopener\">caltagirone@pec.inas.it<\/a><\/p>\n<h4>Patern\u00f2<\/h4>\n<p>piazza Indipendenza, 29 &#8211; 95047 Patern\u00f2 (CT)<br \/>\ntel. 095 352 4244<br \/>\nmail <a href=\"mailto:paterno@inas.it\" target=\"_blank\" rel=\"noopener\">paterno@inas.it<\/a><br \/>\nPEC <a href=\"mailto:paterno@pec.inas.it\" target=\"_blank\" rel=\"noopener\">paterno@pec.inas.it<\/a><\/p>\n<h4>Mascalucia Etnea<\/h4>\n<p>via V. Bellini, 12 &#8211; 95030 Mascalucia Etnea (CT)<br \/>\ntel. 095 445 412<br \/>\nmail <a href=\"mailto:etnea@inas.it\" target=\"_blank\" rel=\"noopener\">etnea@inas.it<\/a><br \/>\nPEC <a href=\"mailto:etnea@pec.inas.it\" target=\"_blank\" rel=\"noopener\">etnea@pec.inas.it<\/a><\/p>\n<h4>Randazzo<\/h4>\n<p>via Umberto, 132\/134 &#8211; 95036 Randazzo (CT)<br \/>\ntel. 095 921 487<br \/>\nmail <a href=\"mailto:randazzo@inas.it\" target=\"_blank\" rel=\"noopener\">randazzo@inas.it<\/a><br \/>\nPEC <a href=\"mailto:randazzo@pec.inas.it\" target=\"_blank\" rel=\"noopener\">randazzo@pec.inas.it<\/a><\/p>\n<h4>Bronte<\/h4>\n<p>via Gabriele D&#8217;Annunzio, 2\/bis &#8211; 95034 Bronte (CT)<br \/>\ntel. 095 772 2569<br \/>\nmail <a href=\"mailto:bronte@inas.it\" target=\"_blank\" rel=\"noopener\">bronte@inas.it<\/a><br \/>\nPEC <a href=\"mailto:bronte@pec.inas.it\" target=\"_blank\" rel=\"noopener\">bronte@pec.inas.it<\/a><\/p>\n<h4>Misterbianco<\/h4>\n<p>via Gramsci, 5 &#8211; 95045 Misterbianco (CT)<br \/>\ntel. 095 304 163<br \/>\nmail <a href=\"mailto:misterbianco@inas.it\" target=\"_blank\" rel=\"noopener\">misterbianco@inas.it<\/a><br \/>\nPEC <a href=\"mailto:misterbianco@pec.inas.it\" target=\"_blank\" rel=\"noopener\">misterbianco@pec.inas.it<\/a><\/p>\n<h4>Zafferana Etnea (CT)<\/h4>\n<p>piazza Regione Siciliana, 12 &#8211; 95019 Zafferana Etnea (CT)<br \/>\nmail <a href=\"mailto:zafferanaetnea@inas.it\" target=\"_blank\" rel=\"noopener\">zafferanaetnea@inas.it<\/a><br \/>\nPEC <a href=\"mailto:zafferanaetnea@pec.inas.it\" target=\"_blank\" rel=\"noopener\">zafferanaetnea@pec.inas.it<\/a><\/p>\n<h4>Scordia<\/h4>\n<p>via Vittorio Emanuele, 186 &#8211; 95048 Scordia (CT)<br \/>\ntel. 095 793 4943<br \/>\nmail <a href=\"mailto:scordia@inas.it\" target=\"_blank\" rel=\"noopener\">scordia@inas.it<\/a><br \/>\nPEC <a href=\"mailto:scordia@pec.inas.it\" target=\"_blank\" rel=\"noopener\">scordia@pec.inas.it<\/a><\/p>\n<p>&nbsp;<\/p>\n<h3>TERRITORIO DI MESSINA<\/h3>\n<h4>Messina<\/h4>\n<p>viale Europa, 58 &#8211; 98123 Messina (ME)<br \/>\ntel. 090 650 76 25\/26\/28<br \/>\nfax. 090 292 1385<br \/>\nmail <a href=\"mailto:messina@inas.it\" target=\"_blank\" rel=\"noopener\">messina@inas.it<\/a><br \/>\nPEC <a href=\"mailto:messina@pec.inas.it\" target=\"_blank\" rel=\"noopener\">messina@pec.inas.it<\/a><\/p>\n<h4>Milazzo<\/h4>\n<p>via XX Settembre, 66 &#8211; 98057 Milazzo (ME)<br \/>\ntel. 090 928 2825<br \/>\nfax 090 924 0099<br \/>\nmail <a href=\"mailto:milazzo@inas.it\" target=\"_blank\" rel=\"noopener\">milazzo@inas.it<\/a><br \/>\nPEC <a href=\"mailto:milazzo@pec.inas.it\" target=\"_blank\" rel=\"noopener\">milazzo@pec.inas.it<\/a><\/p>\n<h4>Sant&#8217;Agata di Militello<\/h4>\n<p>via B. Pitillo, 4 &#8211; 98076 Sant&#8217;Agata di Militello (ME)<br \/>\ntel. 0941 702 234<br \/>\nfax 0941 702 234<br \/>\nmail <a href=\"mailto:santagatamilitello@inas.it\" target=\"_blank\" rel=\"noopener\">santagatamilitello@inas.it<\/a><br \/>\nPEC <a href=\"mailto:santagatamilitello@pec.inas.it\" target=\"_blank\" rel=\"noopener\">santagatamilitello@pec.inas.it<\/a><\/p>\n<h4>Barcellona Pozzo di Gotto<\/h4>\n<p>via Giovanni Pascoli, 7\/9 &#8211; 98051 Barcellona Pozzo di Gotto (ME)<br \/>\ntel. 090 921 3688<br \/>\nmail <a href=\"mailto:barcellonapozzodigotto@inas.it\" target=\"_blank\" rel=\"noopener\">barcellonapozzodigotto@inas.it<\/a><br \/>\nPEC <a href=\"mailto:barcellonapozzodigotto@pec.inas.it\" target=\"_blank\" rel=\"noopener\">barcellonapozzodigotto@pec.inas.it<\/a><\/p>\n<h4>Capo d&#8217;Orlando<\/h4>\n<p>via Vittorio Veneto, 130\/C &#8211; 98071 Capo d&#8217;Orlando (ME)<br \/>\ntel. 0941 338 691<br \/>\nmail <a href=\"mailto:capodorlando@inas.it\" target=\"_blank\" rel=\"noopener\">capodorlando@inas.it<\/a><br \/>\nPEC <a href=\"mailto:capodorlando@pec.inas.it\" target=\"_blank\" rel=\"noopener\">capodorlando@pec.inas.it<\/a><\/p>\n<h4>Santa Teresa Riva<\/h4>\n<p>via Vittorio Emanuele Orlando, 22\/B &#8211; 98028 Santa Teresa Riva (ME)<br \/>\nmail <a href=\"mailto:santateresariva@inas.it\" target=\"_blank\" rel=\"noopener\">santateresariva@inas.it<\/a><\/p>\n<p>&nbsp;<\/p>\n<h3>TERRITORIO DI PALERMO TRAPANI<\/h3>\n<h4>Palermo &#8211; sede provinciale<\/h4>\n<p>via Villa Heloise, 32 &#8211; 90143 Palermo (PA)<br \/>\ntel. 091 346 009<br \/>\nmail <a href=\"mailto:palermo@inas.it\" target=\"_blank\" rel=\"noopener\">palermo@inas.it<\/a><br \/>\nPEC <a href=\"mailto:palermo@pec.inas.it\" target=\"_blank\" rel=\"noopener\">palermo@pec.inas.it<\/a><\/p>\n<p><strong>Palermo &#8211; sede Guadagna<\/strong><\/p>\n<p>via Santa Maria di Ges\u00f9, 6 &#8211; 90124 Palermo (PA)<br \/>\ntel. 091 446 246<br \/>\nmail <a href=\"mailto:guadagna@inas.it\" target=\"_blank\" rel=\"noopener\">guadagna@inas.it<\/a><br \/>\nPEC <a href=\"mailto:palermoguadagna@pec.inas.it\" target=\"_blank\" rel=\"noopener\">palermoguadagna@pec.inas.it<\/a><\/p>\n<h4>Palermo &#8211; sede San Filippo Neri<\/h4>\n<p>via Gino Zappa, 110 &#8211; 90146 Palermo (PA)<br \/>\ntel. 091 679 1500<br \/>\nfax 091 679 1500<br \/>\nmail <a href=\"mailto:sanfilipponeri@inas.it\" target=\"_blank\" rel=\"noopener\">sanfilipponeri@inas.it<\/a><br \/>\nPEC <a href=\"mailto:palermosanfilipponeri@pec.inas.it\" target=\"_blank\" rel=\"noopener\">palermosanfilipponeri@pec.inas.it<\/a><\/p>\n<p><strong>Palermo &#8211; sede San Lorenzo<\/strong><\/p>\n<p>piazza Trilussa, 4 &#8211; 90146 Palermo (PA)<br \/>\ntel. 091 779 1166<br \/>\nmail <a href=\"mailto:sanlorenzo@inas.it\" target=\"_blank\" rel=\"noopener\">sanlorenzo@inas.it<\/a><br \/>\nPEC <a href=\"mailto:palermosanlorenzo@pec.inas.it\" target=\"_blank\" rel=\"noopener\">palermosanlorenzo@pec.inas.it<\/a><\/p>\n<h4>Bagheria<\/h4>\n<p>via Verdone, 22 &#8211; 90011 Bagheria (PA)<br \/>\ntel. 091\/966072<br \/>\nmail <a href=\"mailto:bagheria@inas.it\" target=\"_blank\" rel=\"noopener\">bagheria@inas.it<\/a><br \/>\nPEC <a href=\"mailto:bagheria@pec.inas.it\" target=\"_blank\" rel=\"noopener\">bagheria@pec.inas.it<\/a><\/p>\n<h4>Calatafimi<\/h4>\n<p>via Titina De Filippo, 30 &#8211; 90135 Palermo (PA)<br \/>\ntel. 091 257 2250<br \/>\nmail <a href=\"mailto:calatafimi@inas.it\" target=\"_blank\" rel=\"noopener\">calatafimi@inas.it<\/a><br \/>\nPEC <a href=\"mailto:palermocalatafimi@pec.inas.it\" target=\"_blank\" rel=\"noopener\">palermocalatafimi@pec.inas.it<\/a><\/p>\n<h4>Castelbuono<\/h4>\n<p>via Mustaf\u00e0, 15 &#8211; 90013 Castelbuono (PA)<br \/>\ntel. 0921 672 115<br \/>\nmail <a href=\"mailto:castelbuono@inas.it\" target=\"_blank\" rel=\"noopener\">castelbuono@inas.it<\/a><br \/>\nPEC <a href=\"mailto:castelbuono@pec.inas.it\" target=\"_blank\" rel=\"noopener\">castelbuono@pec.inas.it<\/a><\/p>\n<h4>Cefal\u00f9<\/h4>\n<p>via Mons. Castelli, 14 &#8211; 90015 Cefal\u00f9 (PA)<br \/>\ntel. 0921 424 411<br \/>\nmail <a href=\"mailto:cefalu@inas.it\" target=\"_blank\" rel=\"noopener\">cefalu@inas.it<\/a><br \/>\nPEC <a href=\"mailto:cefalu@pec.inas.it\" target=\"_blank\" rel=\"noopener\">cefalu@pec.inas.it<\/a><\/p>\n<h4>Corleone<\/h4>\n<p>via Caduti in guerra, 14 &#8211; 90034 Corleone (PA)<br \/>\ntel. 091 846 1708<br \/>\nmail <a href=\"mailto:corleone@inas.it\" target=\"_blank\" rel=\"noopener\">corleone@inas.it<\/a><br \/>\nPEC <a href=\"mailto:corleone@pec.inas.it\" target=\"_blank\" rel=\"noopener\">corleone@pec.inas.it<\/a><\/p>\n<h4>Isola delle Femmine &#8211; Capaci<\/h4>\n<p>via Cutino, 44 &#8211; 90040 Isola delle Femmine (PA)<br \/>\ntel. 091 867 7278<br \/>\nmail <a href=\"mailto:capaci@inas.it\" target=\"_blank\" rel=\"noopener\">capaci@inas.it<\/a><br \/>\nPEC <a href=\"mailto:capaci@pec.inas.it\" target=\"_blank\" rel=\"noopener\">capaci@pec.inas.it<\/a><\/p>\n<h4>Lercara Friddi<\/h4>\n<p>via Pucci, 13 &#8211; 90025 Lercara Friddi (PA)<br \/>\ntel. 091 825 1860<br \/>\nmail <a href=\"mailto:lercarafriddi@inas.it\" target=\"_blank\" rel=\"noopener\">lercarafriddi@inas.it<\/a><br \/>\nPEC <a href=\"mailto:lercarafriddi@pec.inas.it\" target=\"_blank\" rel=\"noopener\">lercarafriddi@pec.inas.it<\/a><\/p>\n<h4>Misilmeri<\/h4>\n<p>via d&#8217;Ondes Reggio, 2 &#8211; 90036 Misilmeri (PA)<br \/>\ntel. 091 873 2720<br \/>\nmail <a href=\"mailto:misilmeri@inas.it\" target=\"_blank\" rel=\"noopener\">misilmeri@inas.it<\/a><br \/>\nPEC <a href=\"mailto:misilmeri@pec.inas.it\" target=\"_blank\" rel=\"noopener\">misilmeri@pec.inas.it<\/a><\/p>\n<h4>Partinico<\/h4>\n<p>corso dei Mille, 179 &#8211; 90047 Partinico (PA)<br \/>\ntel. 091 888 4013<br \/>\nmail <a href=\"mailto:partinico@inas.it\" target=\"_blank\" rel=\"noopener\">partinico@inas.it<\/a><br \/>\nPEC <a href=\"mailto:partinico@pec.inas.it\" target=\"_blank\" rel=\"noopener\">partinico@pec.inas.it<\/a><\/p>\n<h4>Petralia Sottana<\/h4>\n<p>via Enrico Fermi (bivio Madonnuzza), 11 &#8211; 90026 Petralia Soprana (PA)<br \/>\ntel. 0921 680 244<br \/>\nmail <a href=\"mailto:petraliasottana@inas.it\" target=\"_blank\" rel=\"noopener\">petraliasottana@inas.it<\/a><br \/>\nPEC <a href=\"mailto:petraliasottana@pec.inas.it\" target=\"_blank\" rel=\"noopener\">petraliasottana@pec.inas.it<\/a><\/p>\n<h4>Sperone<\/h4>\n<p>via Portella della Ginestra, 47 &#8211; 90123 Palermo (PA)<br \/>\ntel. 091 391 901<br \/>\nmail <a href=\"mailto:sperone@inas.it\" target=\"_blank\" rel=\"noopener\">sperone@inas.it<\/a><br \/>\nPEC <a href=\"mailto:palermosperone@pec.inas.it\" target=\"_blank\" rel=\"noopener\">palermosperone@pec.inas.it<\/a><\/p>\n<h4>Termini Imerese<\/h4>\n<p>via Spuches, 11 &#8211; 90018 Termini Imerese (PA)<br \/>\ntel. 091 811 3477<br \/>\nmail <a href=\"mailto:terminiimerese@inas.it\" target=\"_blank\" rel=\"noopener\">terminiimerese@inas.it<\/a><br \/>\nPEC <a href=\"mailto:terminiimerese@pec.inas.it\" target=\"_blank\" rel=\"noopener\">terminiimerese@pec.inas.it<\/a><\/p>\n<h4>Terrasini<\/h4>\n<p>via Ruggero Settimo, 90 &#8211; 90049 Terrasini (PA)<br \/>\ntel. 091 881 0920<br \/>\nmail <a href=\"mailto:terrasini@inas.it\" target=\"_blank\" rel=\"noopener\">terrasini@inas.it<\/a><br \/>\nPEC <a href=\"mailto:terrasini@pec.inas.it\" target=\"_blank\" rel=\"noopener\">terrasini@pec.inas.it<\/a><\/p>\n<h4>Trapani<\/h4>\n<p>piazza G. C. Montalto, 27 &#8211; 91100 Trapani (TP)<br \/>\ntel. 0923 23 960<br \/>\nmail <a href=\"mailto:trapani@inas.it\" target=\"_blank\" rel=\"noopener\">trapani@inas.it<\/a><br \/>\nPEC <a href=\"mailto:trapani@pec.inas.it\" target=\"_blank\" rel=\"noopener\">trapani@pec.inas.it<\/a><\/p>\n<h4>Alcamo<\/h4>\n<p>via Vittorio Alfieri, 9 &#8211; 91011 Alcamo (TP)<br \/>\ntel. 0924 22 557<br \/>\nfax 0924 22 557<br \/>\nmail <a href=\"mailto:alcamo@inas.it\" target=\"_blank\" rel=\"noopener\">alcamo@inas.it<\/a><br \/>\nPEC <a href=\"mailto:alcamo@pec.inas.it\" target=\"_blank\" rel=\"noopener\">alcamo@pec.inas.it<\/a><\/p>\n<h4>Marsala<\/h4>\n<p>via Abele Damiani, 72 &#8211; 91025 Marsala (TP)<br \/>\ntel. 0923 953 372<br \/>\nfax 0923 716 168<br \/>\nmail <a href=\"mailto:marsala@inas.it\" target=\"_blank\" rel=\"noopener\">marsala@inas.it<\/a><br \/>\nPEC <a href=\"mailto:marsala@pec.inas.it\" target=\"_blank\" rel=\"noopener\">marsala@pec.inas.it<\/a><\/p>\n<h4>Partanna<\/h4>\n<p>viale Italia, 97 &#8211; 91028 Partano (TP)<br \/>\ntel. 0924 49 943<br \/>\nmail <a href=\"mailto:partanna@inas.it\" target=\"_blank\" rel=\"noopener\">partanna@inas.it<\/a><br \/>\nPEC <a href=\"mailto:partanna@pec.inas.it\" target=\"_blank\" rel=\"noopener\">partanna@pec.inas.it<\/a><\/p>\n<h4>Salemi<\/h4>\n<p>via Masaracchia, 33 &#8211; 91018 Salemi (TP)<br \/>\ntel. 0924 64 106<br \/>\nfax 0924 64 106<br \/>\nmail <a href=\"mailto:salemi@inas.it\" target=\"_blank\" rel=\"noopener\">salemi@inas.it<\/a><br \/>\nPEC <a href=\"mailto:salemi@pec.inas.it\" target=\"_blank\" rel=\"noopener\">salemi@pec.inas.it<\/a><\/p>\n<p>&nbsp;<\/p>\n<h3>TERRITORIO DI RAGUSA SIRACUSA<\/h3>\n<h4>Ragusa<\/h4>\n<p>via Ercolano, 9 &#8211; 97100 Ragusa (RG)<br \/>\ntel. 0932 623 588<br \/>\nfax 0932 623 588<br \/>\nmail <a href=\"mailto:ragusa@inas.it\" target=\"_blank\" rel=\"noopener\">ragusa@inas.it<\/a><br \/>\nPEC <a href=\"mailto:ragusa@pec.inas.it\" target=\"_blank\" rel=\"noopener\">ragusa@pec.inas.it<\/a><\/p>\n<h4>Modica<\/h4>\n<p>via San Giuliano, 44 &#8211; 97015 Modica (RG)<br \/>\ntel. 0932 943 865<br \/>\nmail <a href=\"mailto:modica@inas.it\" target=\"_blank\" rel=\"noopener\">modica@inas.it<\/a><br \/>\nPEC <a href=\"mailto:modica@pec.inas.it\" target=\"_blank\" rel=\"noopener\">modica@pec.inas.it<\/a><\/p>\n<h4>Vittoria<\/h4>\n<p>via San Martino, 101 &#8211; 97019 Vittoria (RG)<br \/>\ntel. 0932 981 664<br \/>\nfax 0932 981 664<br \/>\nmail <a href=\"mailto:vittoria@inas.it\" target=\"_blank\" rel=\"noopener\">vittoria@inas.it<\/a><br \/>\nPEC <a href=\"mailto:vittoria@pec.inas.it\" target=\"_blank\" rel=\"noopener\">vittoria@pec.inas.it<\/a><\/p>\n<h4>Siracusa<\/h4>\n<p>via Arsenale, 22 &#8211; 96100 Siracusa (SR)<br \/>\ntel. 0931 465 624<br \/>\nmail <a href=\"mailto:siracusa@inas.it\" target=\"_blank\" rel=\"noopener\">siracusa@inas.it<\/a><br \/>\nPEC <a href=\"mailto:siracusa@pec.inas.it\" target=\"_blank\" rel=\"noopener\">siracusa@pec.inas.it<\/a><\/p>\n<h4>Augusta<\/h4>\n<p>via L. Sturzo, 2 &#8211; 96011 Augusta (SR)<br \/>\ntel. 0931 976 196<br \/>\nmail <a href=\"mailto:augusta@inas.it\" target=\"_blank\" rel=\"noopener\">augusta@inas.it<\/a><br \/>\nPEC <a href=\"mailto:augusta@pec.inas.it\" target=\"_blank\" rel=\"noopener\">augusta@pec.inas.it<\/a><\/p>\n<h4>Avola<\/h4>\n<p>piazza Teatro, 7 &#8211; 96012 Avola (SR)<br \/>\ntel. 0931 093 803<br \/>\nmail <a href=\"mailto:avola@inas.it\" target=\"_blank\" rel=\"noopener\">avola@inas.it<\/a><br \/>\nPEC <a href=\"mailto:avola@pec.inas.it\" target=\"_blank\" rel=\"noopener\">avola@pec.inas.it<\/a><\/p>\n<h4>Noto<\/h4>\n<p>via Giovanni Aurispa, 39 &#8211; 96017 Noto (SR)<br \/>\ntel: 0931 839 132<br \/>\nmail <a href=\"mailto:noto@inas.it\" target=\"_blank\" rel=\"noopener\">noto@inas.it<\/a><br \/>\nPEC <a href=\"mailto:noto@pec.inas.it\" target=\"_blank\" rel=\"noopener\">noto@pec.inas.it<\/a><\/p>\n<p>&nbsp;<\/p>\n<div class=\"gsp_post_data\" \r\n\t            data-post_type=\"page\" \r\n\t            data-cat=\"\" \r\n\t            data-modified=\"120\"\r\n\t            data-created=\"1693236150\"\r\n\t            data-title=\"Inas\" \r\n\t            data-home=\"https:\/\/www.firstcisl.it\/sicilia\"><\/div>","protected":false},"excerpt":{"rendered":"<p>Inas Cisl (Istituto nazionale di assistenza sociale) \u00e8 il patronato di assistenza sociale su contributi, pensioni, invalidit\u00e0 civile, maternit\u00e0, disoccupazione, infortuni sul lavoro e altro. &nbsp; SEDI DEL PATRONATO INAS CISL IN SICILIA: TERRITORIO DI AGRIGENTO CALTANISSETTA ENNA Agrigento viale Leonardo Sciascia, 132 &#8211; 92100 Agrigento (AG) tel. 0922 25 928 fax 0922 403 221 [&hellip;]<\/p>\n","protected":false},"author":87,"featured_media":2558,"parent":0,"menu_order":0,"comment_status":"closed","ping_status":"closed","template":"","meta":{"footnotes":""},"class_list":["post-2801","page","type-page","status-publish","has-post-thumbnail","hentry"],"_links":{"self":[{"href":"https:\/\/www.firstcisl.it\/sicilia\/wp-json\/wp\/v2\/pages\/2801","targetHints":{"allow":["GET"]}}],"collection":[{"href":"https:\/\/www.firstcisl.it\/sicilia\/wp-json\/wp\/v2\/pages"}],"about":[{"href":"https:\/\/www.firstcisl.it\/sicilia\/wp-json\/wp\/v2\/types\/page"}],"author":[{"embeddable":true,"href":"https:\/\/www.firstcisl.it\/sicilia\/wp-json\/wp\/v2\/users\/87"}],"replies":[{"embeddable":true,"href":"https:\/\/www.firstcisl.it\/sicilia\/wp-json\/wp\/v2\/comments?post=2801"}],"version-history":[{"count":9,"href":"https:\/\/www.firstcisl.it\/sicilia\/wp-json\/wp\/v2\/pages\/2801\/revisions"}],"predecessor-version":[{"id":2830,"href":"https:\/\/www.firstcisl.it\/sicilia\/wp-json\/wp\/v2\/pages\/2801\/revisions\/2830"}],"wp:featuredmedia":[{"embeddable":true,"href":"https:\/\/www.firstcisl.it\/sicilia\/wp-json\/wp\/v2\/media\/2558"}],"wp:attachment":[{"href":"https:\/\/www.firstcisl.it\/sicilia\/wp-json\/wp\/v2\/media?parent=2801"}],"curies":[{"name":"wp","href":"https:\/\/api.w.org\/{rel}","templated":true}]}}