{"id":544,"date":"2023-02-07T10:28:26","date_gmt":"2023-02-07T09:28:26","guid":{"rendered":"http:\/\/www.firstcisl.it\/calabria\/?page_id=544"},"modified":"2023-05-26T09:21:11","modified_gmt":"2023-05-26T07:21:11","slug":"iniziative","status":"publish","type":"page","link":"https:\/\/www.firstcisl.it\/sardegna\/iniziative\/","title":{"rendered":"Iniziative"},"content":{"rendered":"<h2><span style=\"color: #800000\"><strong>La desertificazione bancaria.<\/strong><\/span><\/h2>\n<p>Quello che oggi viene identificato e chiamato con precisione &#8220;desertificazione bancaria&#8221; \u00e8 quel tremendo movimento che negli ultimi 10 anni ha portato le aziende creditizie, assicurative, esattoriali a ridurre i propri organici insieme al numero delle proprie sedi. In Sardegna possiamo certamente ritenerci pionieri della lotta alla desertificazione bancaria in quanto da quasi 10 anni siamo sul piede di guerra contro questo autentico delitto commesso ai danni delle economie locali, delle piccole localit\u00e0 e di tutti i sardi che con grande ospitalit\u00e0 hanno accolto le aziende che oggi ci voltano le spalle con la scusa generica della &#8220;crisi&#8221;.<br \/>\nMa nei tempi di vacche grasse le stesse aziende hanno riposto parecchio fieno nei silos, distribuendo utili mostruosi agli azionisti, sempre trascurando di conservare qualcosa per i tempi di magra che, si sa, prima o poi arrivano. Cos\u00ec fa ogni buon padre di famiglia!<br \/>\nLe aziende di credito, invece, incassano e raccolgono e poi spariscono, lasciando spesso le piccole localit\u00e0 senza pi\u00f9 un solo presidio di civilt\u00e0 economica, incentivando in questo modo la fuga verso i centri pi\u00f9 grandi, l&#8217;abbandono dell&#8217;interno e persino l&#8217;emigrazione.<br \/>\nCapofila della desertificazione in Sardegna \u00e8 il Banco di Sardegna che da quando \u00e8 stato venduto al Gruppo Bper ha ridotto di 1\/3 il numero delle proprie sedi e la consistenza del numero dei lavoratori dipendenti. E molto di peggio ha ancora in mente!<br \/>\nNoi della First Cisl e tutto il sindacato di settore siamo sul piede di guerra da tanti anni e siamo riusciti a rallentare la desertificazione, in virt\u00f9 delle preziose collaborazioni con i responsabili degli enti locali e con i cittadini. Ma il rallentamento non \u00e8 il blocco, per cui sotto i nostri occhi sono sparite decine e decine di sedi delle diverse aziende, ivi comprese quelle di colossi come Unicredit e Intesa Sanpaolo.<br \/>\nCosa ci riserva il futuro? Nuove lotte e nuove alleanze. Nessuno tra noi pensa di poter impedire al progresso di manifestarsi, ma ci \u00e8 caro il diritto di volerne guidare e modificare l&#8217;incedere e per questo non arretriamo e continuiamo a stare al fianco dei lavoratori e dei cittadini riuniti nelle comunit\u00e0.<\/p>\n<div class=\"gsp_post_data\" \r\n\t            data-post_type=\"page\" \r\n\t            data-cat=\"\" \r\n\t            data-modified=\"120\"\r\n\t            data-created=\"1675765706\"\r\n\t            data-title=\"Iniziative\" \r\n\t            data-home=\"https:\/\/www.firstcisl.it\/sardegna\"><\/div>","protected":false},"excerpt":{"rendered":"<p>La desertificazione bancaria. Quello che oggi viene identificato e chiamato con precisione &#8220;desertificazione bancaria&#8221; \u00e8 quel tremendo movimento che negli ultimi 10 anni ha portato le aziende creditizie, assicurative, esattoriali a ridurre i propri organici insieme al numero delle proprie sedi. In Sardegna possiamo certamente ritenerci pionieri della lotta alla desertificazione bancaria in quanto da [&hellip;]<\/p>\n","protected":false},"author":87,"featured_media":292,"parent":0,"menu_order":0,"comment_status":"closed","ping_status":"closed","template":"","meta":{"footnotes":""},"class_list":["post-544","page","type-page","status-publish","has-post-thumbnail","hentry"],"_links":{"self":[{"href":"https:\/\/www.firstcisl.it\/sardegna\/wp-json\/wp\/v2\/pages\/544","targetHints":{"allow":["GET"]}}],"collection":[{"href":"https:\/\/www.firstcisl.it\/sardegna\/wp-json\/wp\/v2\/pages"}],"about":[{"href":"https:\/\/www.firstcisl.it\/sardegna\/wp-json\/wp\/v2\/types\/page"}],"author":[{"embeddable":true,"href":"https:\/\/www.firstcisl.it\/sardegna\/wp-json\/wp\/v2\/users\/87"}],"replies":[{"embeddable":true,"href":"https:\/\/www.firstcisl.it\/sardegna\/wp-json\/wp\/v2\/comments?post=544"}],"version-history":[{"count":45,"href":"https:\/\/www.firstcisl.it\/sardegna\/wp-json\/wp\/v2\/pages\/544\/revisions"}],"predecessor-version":[{"id":2790,"href":"https:\/\/www.firstcisl.it\/sardegna\/wp-json\/wp\/v2\/pages\/544\/revisions\/2790"}],"wp:featuredmedia":[{"embeddable":true,"href":"https:\/\/www.firstcisl.it\/sardegna\/wp-json\/wp\/v2\/media\/292"}],"wp:attachment":[{"href":"https:\/\/www.firstcisl.it\/sardegna\/wp-json\/wp\/v2\/media?parent=544"}],"curies":[{"name":"wp","href":"https:\/\/api.w.org\/{rel}","templated":true}]}}