{"id":3734,"date":"2025-09-25T16:25:04","date_gmt":"2025-09-25T14:25:04","guid":{"rendered":"https:\/\/www.firstcisl.it\/romarieti\/?page_id=3734"},"modified":"2026-03-10T20:36:20","modified_gmt":"2026-03-10T19:36:20","slug":"convenzioni-first-cisl-roma-e-rieti","status":"publish","type":"page","link":"https:\/\/www.firstcisl.it\/romarieti\/home\/convenzioni_servizi\/convenzioni-first-cisl-roma-e-rieti\/","title":{"rendered":"Convenzioni First Cisl Roma e Rieti"},"content":{"rendered":"<p><strong>Universit\u00e0 Telematica Pegaso e Universit\u00e0 Mercatorum<\/strong><\/p>\n<p>La convenzione stipulata da FIRST CISL Roma e Rieti con <strong>Universit\u00e0 Telematica Pegaso e Universit\u00e0 Mercatorum<\/strong>, i due atenei telematici che consentono la formazione in modalit\u00e0 e-learning, permette agli associati di ottenere agevolazioni economiche su iscrizione a Corsi di Laurea, Master, Corsi di Alta Formazione ed Esami.<\/p>\n<p>Per informazioni:<\/p>\n<p>0578.757561<\/p>\n<p>WhatsApp 327.1884854<\/p>\n<p><a href=\"mailto:infosedemontepulciano@unipegaso.it\">infosedemontepulciano@unipegaso.it<\/a><\/p>\n<p>&nbsp;<\/p>\n<p><strong>Centri clinici diagnostici Artemisia Lab<\/strong><\/p>\n<p>Le iscritte e gli iscritti First Cisl ed i loro familiari conviventi avranno diritto alla seguente scontistica:<\/p>\n<ul>\n<li>Esami di laboratorio &#8211; <strong>sconto 20%<\/strong><\/li>\n<li>Diagnostica strumentale, diagnostica invasiva, fertilit\u00e0 di coppia, radiologia, risonanza magnetica, visite specialistiche e servizio di medicina rigenerativa &#8211; <strong>sconto 15%<\/strong><\/li>\n<li>Rilascio certificato medico sportivo non agonistico &#8211; <strong>Euro 45,00<\/strong><\/li>\n<li>Rilascio certificato medico sportivo agonistico per minori di 40 anni &#8211; <strong>Euro 55,00<\/strong><\/li>\n<li>Rilascio certificato medico sportivo agonistico per soggetti maggiori di 40 anni &#8211; <strong>Euro 100,00<\/strong><\/li>\n<\/ul>\n<p>Scarica il testo della <a href=\"https:\/\/www.firstcisl.it\/romarieti\/wp-content\/uploads\/sites\/90\/2026\/03\/convenzione-Rete-Artemisia-Lab-First-Cisl-Roma-e-Rieti.pdf\" target=\"_blank\" rel=\"noopener\">convenzione e l&#8217;elenco dei centri aderenti<\/a> nel territorio della provincia di Roma<\/p>\n<p>&nbsp;<\/p>\n<p><strong>Eurocral<\/strong><\/p>\n<p>La convenzione stipulata da FIRST CISL Roma e Rieti con <strong>Eurocral<\/strong>, cooperativa che realizza attivit\u00e0 di promozione socio-ricreative, consente agli associati l\u2019accesso a proposte turistiche riservate, sviluppate in base allo specifico settore di interesse: Montagna, Ponti e Festivit\u00e0, Gruppi, Gite in Italia, Weekend, Mare e Tour Estero.<\/p>\n<p>Per informazioni:<\/p>\n<p>06.57137570 \u2013 06.57300321<\/p>\n<p><a href=\"http:\/\/www.eurocral.com\">www.eurocral.com<\/a><\/p>\n<p>&nbsp;<\/p>\n<p><strong>I Viaggi di Sildan<\/strong><\/p>\n<p>La convenzione stipulata da FIRST CISL Roma e Rieti con <strong>I Viaggi di Sildan<\/strong>, da oltre un ventennio nel settore del turismo, permette agli associati di accedere a pacchetti viaggio personalizzati avvalendosi dei migliori Tour Operator presenti sul mercato, con la possibilit\u00e0 di una scontistica <strong>dal 5% al 18%<\/strong>.<\/p>\n<p>La convenzione prevede, inoltre, servizi specializzati come: apertura liste regalo, preventivi ad hoc per viaggi di nozze, quotazioni personalizzate per viaggi di gruppo, prenotazioni hotel in Italia e all\u2019Estero, emissione biglietteria aerea ferroviaria e marittima, noleggio auto, prenotazione parking aeroportuali, cofanetti regalo Boscolo.<\/p>\n<p>Per informazioni:<\/p>\n<p>06.51600979 \u2013 06.5141481<\/p>\n<p>WhatsApp 339.6100897<\/p>\n<p><a href=\"mailto:convenzioni@sildan.it\">convenzioni@sildan.it<\/a><\/p>\n<p><a href=\"http:\/\/www.sildan.it\">www.sildan.it<\/a><\/p>\n<p>&nbsp;<\/p>\n<p><strong>Climatec<\/strong><\/p>\n<p>La convenzione stipulata da FIRST CISL Roma e Rieti con <strong>Climatec<\/strong>, azienda che opera nel settore dell\u2019installazione e della manutenzione di impianti termici, idraulici, a gas e leader nel settore della climatizzazione, permette agli associati di ottenere uno sconto del <strong>10%<\/strong> sul prezzo di listino e del <strong>5%<\/strong> sulla posa in opera. La societ\u00e0 \u00e8 autorizzata a rilascio bollino blu e certificazione energetica.<\/p>\n<p>Per informazioni:<\/p>\n<p>06.44209499 &#8211; 368.3665400<\/p>\n<p>WhatsApp 392.2406038<\/p>\n<p><a href=\"mailto:climatec.duval@gmail.com\">climatec.duval@gmail.com<\/a><\/p>\n<p>&nbsp;<\/p>\n<p><strong>Fit and go<\/strong><\/p>\n<p>La convenzione stipulata da FIRST CISL Roma e Rieti con <strong>Fit and go<\/strong>, franchising di palestre hi-tech che ha sviluppato un innovativo sistema di fast fitness, consente agli associati di accedere ad un avanzato programma di allenamento total body, svolto con l\u2019ausilio di macchinari di ultima generazione e personal trainer, ad un prezzo promozionale scontato del <strong>10%<\/strong> sul pacchetto EMS e VACUFIT.<\/p>\n<p>PROMO RESET: iscrizione + 8 sedute EMS (elettrostimolazione) + 8 sedute VACUFIT \u00a0a 449\u20ac (anzich\u00e9 589\u20ac).<\/p>\n<p>Per informazioni:<\/p>\n<p><a href=\"http:\/\/www.fitandgo.it\">www.fitandgo.it<\/a><\/p>\n<p>&nbsp;<\/p>\n<p><strong>Dott.ssa Anna Maria Lombardi<\/strong><\/p>\n<p>La convenzione stipulata da FIRST CISL Roma e Rieti con la <strong>Dott.ssa Anna Maria Lombardi<\/strong>, psicologa psicoterapeuta esperta in stress lavoro correlato, permette agli associati di effettuare un primo incontro gratuito con test psicologico. La convenzione inoltre consente di accedere con tariffa agevolata ad eventuali successivi colloqui individuali, percorsi di gruppo A.P.R.E., o incontri focalizzati su gestione dello stress, autoconsapevolezza e cambiamento.<\/p>\n<p>Per informazioni:<\/p>\n<p>339.2053096<\/p>\n<p><a href=\"mailto:epsyco2020@gmail.com\">epsyco2020@gmail.com<\/a><\/p>\n<p><a href=\"https:\/\/annamarialombardi.com\/\">www.annamarialombardi.com<\/a><\/p>\n<div class=\"gsp_post_data\" \r\n\t            data-post_type=\"page\" \r\n\t            data-cat=\"\" \r\n\t            data-modified=\"120\"\r\n\t            data-created=\"1758817504\"\r\n\t            data-title=\"Convenzioni First Cisl Roma e Rieti\" \r\n\t            data-home=\"https:\/\/www.firstcisl.it\/romarieti\"><\/div>","protected":false},"excerpt":{"rendered":"<p>Universit\u00e0 Telematica Pegaso e Universit\u00e0 Mercatorum La convenzione stipulata da FIRST CISL Roma e Rieti con Universit\u00e0 Telematica Pegaso e Universit\u00e0 Mercatorum, i due atenei telematici che consentono la formazione in modalit\u00e0 e-learning, permette agli associati di ottenere agevolazioni economiche su iscrizione a Corsi di Laurea, Master, Corsi di Alta Formazione ed Esami. Per informazioni: [&hellip;]<\/p>\n","protected":false},"author":156,"featured_media":0,"parent":3399,"menu_order":0,"comment_status":"closed","ping_status":"closed","template":"","meta":{"footnotes":""},"class_list":["post-3734","page","type-page","status-publish","hentry"],"_links":{"self":[{"href":"https:\/\/www.firstcisl.it\/romarieti\/wp-json\/wp\/v2\/pages\/3734","targetHints":{"allow":["GET"]}}],"collection":[{"href":"https:\/\/www.firstcisl.it\/romarieti\/wp-json\/wp\/v2\/pages"}],"about":[{"href":"https:\/\/www.firstcisl.it\/romarieti\/wp-json\/wp\/v2\/types\/page"}],"author":[{"embeddable":true,"href":"https:\/\/www.firstcisl.it\/romarieti\/wp-json\/wp\/v2\/users\/156"}],"replies":[{"embeddable":true,"href":"https:\/\/www.firstcisl.it\/romarieti\/wp-json\/wp\/v2\/comments?post=3734"}],"version-history":[{"count":10,"href":"https:\/\/www.firstcisl.it\/romarieti\/wp-json\/wp\/v2\/pages\/3734\/revisions"}],"predecessor-version":[{"id":4193,"href":"https:\/\/www.firstcisl.it\/romarieti\/wp-json\/wp\/v2\/pages\/3734\/revisions\/4193"}],"up":[{"embeddable":true,"href":"https:\/\/www.firstcisl.it\/romarieti\/wp-json\/wp\/v2\/pages\/3399"}],"wp:attachment":[{"href":"https:\/\/www.firstcisl.it\/romarieti\/wp-json\/wp\/v2\/media?parent=3734"}],"curies":[{"name":"wp","href":"https:\/\/api.w.org\/{rel}","templated":true}]}}