{"id":1003,"date":"2020-12-02T14:00:56","date_gmt":"2020-12-02T13:00:56","guid":{"rendered":"https:\/\/www.firstcisl.it\/popsondrio\/?page_id=1003"},"modified":"2025-12-16T10:36:57","modified_gmt":"2025-12-16T09:36:57","slug":"in-sintesi","status":"publish","type":"page","link":"https:\/\/www.firstcisl.it\/popsondrio\/in-sintesi\/","title":{"rendered":"Resoconto trimestrale"},"content":{"rendered":"<h2><img loading=\"lazy\" decoding=\"async\" class=\"alignnone wp-image-2853\" src=\"https:\/\/www.firstcisl.it\/popsondrio\/wp-content\/uploads\/sites\/72\/2024\/10\/isintesi-new-1-1-300x106.png\" alt=\"\" width=\"303\" height=\"107\" srcset=\"https:\/\/www.firstcisl.it\/popsondrio\/wp-content\/uploads\/sites\/72\/2024\/10\/isintesi-new-1-1-300x106.png 300w, https:\/\/www.firstcisl.it\/popsondrio\/wp-content\/uploads\/sites\/72\/2024\/10\/isintesi-new-1-1-768x272.png 768w, https:\/\/www.firstcisl.it\/popsondrio\/wp-content\/uploads\/sites\/72\/2024\/10\/isintesi-new-1-1.png 1007w\" sizes=\"auto, (max-width: 303px) 100vw, 303px\" \/><\/h2>\n<h2>Resoconto del nostro lavoro in azienda, informazioni, approfondimenti<\/h2>\n<h2>2025<\/h2>\n<p><a href=\"https:\/\/www.firstcisl.it\/popsondrio\/2025\/12\/09\/online-lultimo-numero-di-insintesi-il-periodico-curato-da-first-cisl-pop-sondrio\/\"><strong>InSintesi4 <\/strong>(Dr Feel, Cral Bps&#8230;)<\/a><\/p>\n<p><strong><a href=\"https:\/\/www.firstcisl.it\/popsondrio\/2025\/09\/29\/online-il-terzo-numero-del-2025-di-insintesi-il-periodico-curato-da-first-cisl-pop-sondrio\/\">InSintesi3<\/a> <\/strong>(ferie arretrate, contestazioni disciplinari&#8230;)<\/p>\n<p><a href=\"https:\/\/www.firstcisl.it\/popsondrio\/2025\/07\/18\/online-il-secondo-numero-del-2025-di-insintesi-il-periodico-curato-da-first-cisl-pop-sondrio\/\"><strong>Insintesi2 <\/strong><\/a>(vap2025, patrimonio contrattuale, accordo fondo pensione)<\/p>\n<p><strong><a href=\"https:\/\/www.firstcisl.it\/popsondrio\/2025\/03\/31\/online-il-primo-numero-del-2025-di-insintesi-il-periodico-curato-da-first-cisl-pop-sondrio\/\">Insintesi1 &#8211; 2025\u00a0 <\/a><\/strong><em>(AUMENTO BUONI PASTO E CONTRIBUTO PER PERNOTTAMENTO FUORI SEDE, , CANALI DI COMUNICAZIONE<\/em>, <em>LA SECURCASSA PUO\u2019 \u201cSBAGLIARE\u201d, ESG \/ CSRD 2024 STAKEHOLDER ENGAGEMENT ESTERNI SINDACATI)<\/em><\/p>\n<h2>2024<\/h2>\n<p>&nbsp;<\/p>\n<p><strong><a href=\"https:\/\/www.firstcisl.it\/popsondrio\/2024\/12\/20\/buoni-pasto-e-convenzioni-truffe-verbali-di-colloquio-su-insintesi-4-il-periodico-di-first-cisl-pop-sondrio\/\">InSintesi 4 &#8211; 2024 (<\/a><\/strong><em>Buoni pasto e convenzioni, truffe, giudizio professionale esempio verbali di colloquio&#8230;)<\/em><\/p>\n<p><strong><a href=\"https:\/\/www.firstcisl.it\/popsondrio\/2024\/10\/01\/online-il-terzo-numero-del-2024-di-insintesi-il-periodico-curato-da-first-cisl-pop-sondrio\/\">InSintesi 3-2024 <\/a><\/strong><em>(Piano Sanitario Ricovero Unisalute per i dipendenti Bps, <\/em><em>Lavorare correttamente: diligenza del buon padre di famiglia o diligenza qualificata-\u00a0 L\u2019articolo 2104 del Codice civile, <\/em><em>Fringe Benefit \u2013 Mutui prima casa in convenzione dipendenti, <\/em><em>Job Posting)<\/em><\/p>\n<p><strong><a href=\"https:\/\/www.firstcisl.it\/popsondrio\/2024\/06\/28\/online-il-secondo-numero-del-2024-di-insintesi-il-periodico-curato-da-first-cisl-pop-sondrio\/\">InSintesi 2-2024 <\/a><\/strong><em>(cultura sindacale, grandi interventi chirurgici iscritti First Cisl, CPO aziendale, tutelarsi nel nuovo ruolo, presidio telefonico, vap e utile record, approfondimenti pagina dedicata info neoassunti)<\/em><\/p>\n<p><strong><a href=\"https:\/\/www.firstcisl.it\/popsondrio\/2024\/03\/19\/online-il-primo-numero-del-2024-di-insintesi-il-periodico-curato-da-first-cisl-pop-sondrio\/\">InSintesi 1-2024 <\/a><\/strong><em>(incontro semestrale, uso chiavette usb, incontro formazione, gestione del bonifico &#8211; processo da definire)<\/em><\/p>\n<h2>2023<\/h2>\n<p><strong><a href=\"https:\/\/www.firstcisl.it\/popsondrio\/2023\/12\/05\/online-il-quarto-numero-del-2023-di-insintesi-il-periodico-curato-da-first-cisl-pop-sondrio\/\">InSintesi 4-2023<\/a><\/strong><\/p>\n<p><strong><a href=\"https:\/\/www.firstcisl.it\/popsondrio\/2023\/10\/08\/online-il-terzo-numero-del-2023-di-insintesi-il-periodico-curato-da-first-cisl-pop-sondrio\/\">InSintesi 3-2023 <\/a><\/strong>(<em>Unipol, <\/em><em>temperature uffici, <\/em><em>Accordi sindacali firmati e trattative in corso, <\/em><em>Accordo mutui prima casa FAQ)<\/em><\/p>\n<p><strong><a href=\"https:\/\/www.firstcisl.it\/popsondrio\/2023\/07\/06\/online-il-secondo-numero-del-2023-di-insintesi-il-periodico-curato-da-first-cisl-pop-sondrio\/\">InSintesi 2-2023<\/a>\u00a0 <\/strong>(comunicazione, <i>mutui e convenzioni dipendenti, reperibilit\u00e0 normativa interna)<\/i><\/p>\n<p><strong><a href=\"https:\/\/www.firstcisl.it\/popsondrio\/2023\/03\/27\/online-il-primo-numero-del-2023-di-insintesi-il-periodico-curato-da-first-cisl-pop-sondrio\/\">InSintesi 1-2023<\/a><\/strong>\u00a0(<em>Patto di prolungamento del preavviso, <\/em><em>Truffe via e-mail,\u00a0 <\/em><em>Contestazioni disciplinari, <\/em><em>MIFID profilo di rischio e adeguatezza)<\/em><\/p>\n<h2>2022<\/h2>\n<p><strong><a href=\"https:\/\/www.firstcisl.it\/popsondrio\/wp-content\/uploads\/sites\/72\/2022\/12\/InSintesi_4_2022_.pdf\">InSintesi<\/a>\u00a0<\/strong> &#8211; quarto trimestre 2022 (c<em>orsi multimediali solleciti, c<\/em><em>umulo di impieghi, p<\/em><em>ermessi per esami universitari, s<\/em><em>indacalisti o promotori, <\/em><em>RC Professionali utilit\u00e0, l<\/em><em>avoro a tempo parziale tema da affrontare collettivamente)<\/em><\/p>\n<p><strong><a href=\"https:\/\/www.firstcisl.it\/popsondrio\/wp-content\/uploads\/sites\/72\/2022\/09\/In_Sintesi_3_Gruppo_Bps.pdf\">InSintesi<\/a>\u00a0<\/strong> &#8211; terzo trimestre 2022 (<em>premio di produttivit\u00e0, indennit\u00e0 di cassa, linee guida diversit\u00e0 inclusione)<\/em><\/p>\n<p><strong><a href=\"https:\/\/www.firstcisl.it\/popsondrio\/wp-content\/uploads\/sites\/72\/2022\/06\/InSintesi_2_FirstPopSondrio.pdf\">InSintesi<\/a> &#8211; <\/strong>secondo trimestre 2022 <em>(note sulle truffe tramite bonifico via email &#8211; contestazioni\/copertura assicurativa)<\/em><\/p>\n<p><strong><a href=\"https:\/\/www.firstcisl.it\/popsondrio\/wp-content\/uploads\/sites\/72\/2022\/04\/InSintesi_1_2022.pdf\" target=\"_blank\" rel=\"noopener noreferrer\">InSintesi<\/a><\/strong> &#8211; primo trimestre 2022 <em>(note su tutela legale e comunicazione della sezione sindacale aziendale)<\/em><\/p>\n<h2>2021<\/h2>\n<p><strong><a href=\"https:\/\/www.firstcisl.it\/popsondrio\/wp-content\/uploads\/sites\/72\/2021\/12\/20211228_InSintesi_4_2021.pdf\" target=\"_blank\" rel=\"noopener noreferrer\">InSintesi<\/a><\/strong> &#8211; 4\u00b0 trimestre 2021 (politiche retributive, referente alte professionalit\u00e0, delegato sociale, congresso)<\/p>\n<p><strong><a href=\"https:\/\/www.firstcisl.it\/popsondrio\/wp-content\/uploads\/sites\/72\/2021\/09\/20210930-FIRSTinBPS_Insintesi_v4.pdf\" target=\"_blank\" rel=\"noopener noreferrer\">InSintesi<\/a><\/strong> &#8211; 3\u00b0 trimestre 2021 (politiche retributive, sistema motivazionale)<\/p>\n<p><strong><a href=\"https:\/\/www.firstcisl.it\/popsondrio\/wp-content\/uploads\/sites\/72\/2021\/07\/20210630_FIRSTinBPS_Insintesi_202102.pdf\" target=\"_blank\" rel=\"noopener noreferrer\">InSintesi<\/a><\/strong> &#8211; 2\u00b0 trimestre 2021 (rinnovo cariche cassa assistenza)<\/p>\n<p><strong><a href=\"https:\/\/www.firstcisl.it\/popsondrio\/wp-content\/uploads\/sites\/72\/2021\/03\/20210331_FIRSTinBPS_Insintesi_202101-1.pdf\" target=\"_blank\" rel=\"noopener noreferrer\">InSintesi<\/a><\/strong> &#8211; 1\u00b0 trimestre 2021 (elezione RLS, permesso aggiuntivo accordo 150mo anniversario)<\/p>\n<h2>2020<\/h2>\n<p><strong><a href=\"https:\/\/www.firstcisl.it\/popsondrio\/wp-content\/uploads\/sites\/72\/2020\/12\/FIRSTinBPS_202004.pdf\" target=\"_blank\" rel=\"noopener noreferrer\">InSintesi<\/a><\/strong> &#8211; 4\u00b0 trimestre 2020 (sondaggio sul canale Telegram in tema di solidariet\u00e0, accordo smart working &#8211;\u00a0 smart learning)<\/p>\n<p><strong><a href=\"https:\/\/www.firstcisl.it\/popsondrio\/wp-content\/uploads\/sites\/72\/2020\/12\/FIRSTinBPS_202003.pdf\" target=\"_blank\" rel=\"noopener noreferrer\">InSintesi<\/a><\/strong> &#8211; 3\u00b0 trimestre 2020 (accordo smart working)<\/p>\n<p><strong><a href=\"https:\/\/www.firstcisl.it\/popsondrio\/wp-content\/uploads\/sites\/72\/2020\/12\/FIRSTinBPS_202002.pdf\" target=\"_blank\" rel=\"noopener noreferrer\">InSintesi<\/a><\/strong> &#8211; 2\u00b0 trimestre 2020 (giornate solidariet\u00e0, approfondimento Centro Studi Cisl sui dati trimestrali)<\/p>\n<p><strong><a href=\"https:\/\/www.firstcisl.it\/popsondrio\/wp-content\/uploads\/sites\/72\/2020\/12\/FIRSTinBPS_202001.pdf\" target=\"_blank\" rel=\"noopener noreferrer\">InSintesi<\/a><\/strong> &#8211; 1\u00b0 trimestre 2020 <strong>(<em>note sulle polizze professionali)<\/em><\/strong><\/p>\n<h2>2019<\/h2>\n<p><strong><a href=\"https:\/\/www.firstcisl.it\/popsondrio\/wp-content\/uploads\/sites\/72\/2020\/12\/FIRSTinBPS_201904.pdf\" target=\"_blank\" rel=\"noopener noreferrer\">InSintesi<\/a><\/strong> &#8211; 4\u00b0 trimestre 2019 (AdessoContratto)<\/p>\n<p><strong><a href=\"https:\/\/www.firstcisl.it\/popsondrio\/wp-content\/uploads\/sites\/72\/2020\/12\/FIRSTinBPS_201903.pdf\" target=\"_blank\" rel=\"noopener noreferrer\">InSintesi<\/a><\/strong> &#8211; 3\u00b0 trimestre 2019 (Npl)<\/p>\n<p><strong><a href=\"https:\/\/www.firstcisl.it\/popsondrio\/wp-content\/uploads\/sites\/72\/2020\/12\/FIRSTinBPS_201902.pdf\" target=\"_blank\" rel=\"noopener noreferrer\">InSintesi<\/a><\/strong> &#8211; 2\u00b0 trimestre 2019 (fusione Prestinuova\/BNT, secondo tavolo negoziale)<\/p>\n<p><strong><a href=\"https:\/\/www.firstcisl.it\/popsondrio\/wp-content\/uploads\/sites\/72\/2020\/12\/FIRSTinBPS_201901.pdf\" target=\"_blank\" rel=\"noopener noreferrer\">InSintesi<\/a><\/strong> &#8211; 1\u00b0 trimestre 2019 (richieste all&#8217;azienda)<\/p>\n<h2>2018<\/h2>\n<p><strong><a href=\"https:\/\/www.firstcisl.it\/popsondrio\/wp-content\/uploads\/sites\/72\/2020\/12\/FIRSTinBPS_201804.pdf\" target=\"_blank\" rel=\"noopener noreferrer\">InSintesi<\/a><\/strong> &#8211; 4\u00b0 trimestre 2018 (crescita associativa)<\/p>\n<p><strong><a href=\"https:\/\/www.firstcisl.it\/popsondrio\/wp-content\/uploads\/sites\/72\/2020\/12\/FIRSTinBPS_201803.pdf\" target=\"_blank\" rel=\"noopener noreferrer\">InSintesi<\/a>\u00a0<\/strong>&#8211; 3\u00b0 trimestre 2018 (crescita associativa, terzo tavolo, senso del sindacato)<\/p>\n<p><strong><a href=\"https:\/\/www.firstcisl.it\/popsondrio\/wp-content\/uploads\/sites\/72\/2020\/12\/FIRSTinBPS_201802.pdf\" target=\"_blank\" rel=\"noopener noreferrer\">InSintesi<\/a><\/strong> &#8211; 2\u00b0 trimestre 2018 (azione sindacale responsabile)<\/p>\n<p><strong><a href=\"https:\/\/www.firstcisl.it\/popsondrio\/wp-content\/uploads\/sites\/72\/2020\/12\/FIRSTinBPS_201801.pdf\" target=\"_blank\" rel=\"noopener noreferrer\">InSintesi<\/a><\/strong> &#8211; 1\u00b0 trimestre 2018 (richieste di chiarimenti)<\/p>\n<p>&nbsp;<\/p>\n<h2><\/h2>\n<p>&nbsp;<\/p>\n<p>&nbsp;<\/p>\n<p>&nbsp;<\/p>\n<div class=\"gsp_post_data\" \r\n\t            data-post_type=\"page\" \r\n\t            data-cat=\"\" \r\n\t            data-modified=\"120\"\r\n\t            data-created=\"1606917656\"\r\n\t            data-title=\"Resoconto trimestrale\" \r\n\t            data-home=\"https:\/\/www.firstcisl.it\/popsondrio\"><\/div>","protected":false},"excerpt":{"rendered":"<p>Resoconto del nostro lavoro in azienda, informazioni, approfondimenti 2025 InSintesi4 (Dr Feel, Cral Bps&#8230;) InSintesi3 (ferie arretrate, contestazioni disciplinari&#8230;) Insintesi2 (vap2025, patrimonio contrattuale, accordo fondo pensione) Insintesi1 &#8211; 2025\u00a0 (AUMENTO BUONI PASTO E CONTRIBUTO PER PERNOTTAMENTO FUORI SEDE, , CANALI DI COMUNICAZIONE, LA SECURCASSA PUO\u2019 \u201cSBAGLIARE\u201d, ESG \/ CSRD 2024 STAKEHOLDER ENGAGEMENT ESTERNI SINDACATI) 2024 [&hellip;]<\/p>\n","protected":false},"author":87,"featured_media":1073,"parent":0,"menu_order":0,"comment_status":"closed","ping_status":"closed","template":"","meta":{"footnotes":""},"class_list":["post-1003","page","type-page","status-publish","has-post-thumbnail","hentry"],"_links":{"self":[{"href":"https:\/\/www.firstcisl.it\/popsondrio\/wp-json\/wp\/v2\/pages\/1003","targetHints":{"allow":["GET"]}}],"collection":[{"href":"https:\/\/www.firstcisl.it\/popsondrio\/wp-json\/wp\/v2\/pages"}],"about":[{"href":"https:\/\/www.firstcisl.it\/popsondrio\/wp-json\/wp\/v2\/types\/page"}],"author":[{"embeddable":true,"href":"https:\/\/www.firstcisl.it\/popsondrio\/wp-json\/wp\/v2\/users\/87"}],"replies":[{"embeddable":true,"href":"https:\/\/www.firstcisl.it\/popsondrio\/wp-json\/wp\/v2\/comments?post=1003"}],"version-history":[{"count":60,"href":"https:\/\/www.firstcisl.it\/popsondrio\/wp-json\/wp\/v2\/pages\/1003\/revisions"}],"predecessor-version":[{"id":3278,"href":"https:\/\/www.firstcisl.it\/popsondrio\/wp-json\/wp\/v2\/pages\/1003\/revisions\/3278"}],"wp:featuredmedia":[{"embeddable":true,"href":"https:\/\/www.firstcisl.it\/popsondrio\/wp-json\/wp\/v2\/media\/1073"}],"wp:attachment":[{"href":"https:\/\/www.firstcisl.it\/popsondrio\/wp-json\/wp\/v2\/media?parent=1003"}],"curies":[{"name":"wp","href":"https:\/\/api.w.org\/{rel}","templated":true}]}}