{"id":509,"date":"2023-08-02T11:27:05","date_gmt":"2023-08-02T09:27:05","guid":{"rendered":"http:\/\/www.firstcisl.it\/calabria\/?page_id=509"},"modified":"2026-04-02T16:25:09","modified_gmt":"2026-04-02T14:25:09","slug":"chi-siamo-e-contatti","status":"publish","type":"page","link":"https:\/\/www.firstcisl.it\/pavialodi\/chi-siamo-e-contatti\/","title":{"rendered":"Chi siamo e contatti"},"content":{"rendered":"<p>First Cisl \u2013 Federazione Italiana Reti dei Servizi Terziario \u2013 \u00e8 il sindacato dei lavoratori della banche, delle assicurazioni, della finanza, della riscossione e delle authority, \u2013 nato nel 2015 dall\u2019unione di Fiba Cisl e DirCredito.<\/p>\n<p>Il tema del lavoro, delle sue trasformazioni e delle sue riforme, \u00e8 una questione di rilevanza sociale e politica. I cambiamenti sociali e l\u2019evoluzione tecnologica stanno determinando un modo di lavorare completamente differente da quello a cui eravamo abituati: tempi e luoghi di lavoro diversi, accesso alle informazioni, robotica, intelligenza artificiale, big data. Cambiamenti che investono tutti i settori produttivi, sempre pi\u00f9 interconnessi e dai confini non pi\u00f9 facilmente individuabili, e comportano, anche nel mondo della finanza e del credito, nuovo rischi, ma anche nuove opportunit\u00e0.<\/p>\n<p>In questo scenario di un mondo finanziario in continua evoluzione, la persona e la sua formazione lavorativa assumono, come mai in passato, una dimensione e un ruolo strategici.<\/p>\n<p>L\u2019impegno di First Cisl Pavia Lodi va in questa direzione, verso un concetto di lavoro integrato in un sistema condiviso di valori non solo professionali, che sia continuo per l\u2019intero arco della vita, diffuso in tutte le fasce senza distinzioni di livello n\u00e9 et\u00e0, mirato su specifici obiettivi, non limitato semplicemente alla commercializzazione di prodotti, ma finalizzato ad ampliare le competenze e aperto ai problemi di responsabilit\u00e0 sociale.<\/p>\n<p>La persona centrale, quindi, nelle politiche aziendali e sindacali; l\u2019impresa non pi\u00f9 limitata al ruolo di organizzazione economica. \u00c8 necessario individuare, ora pi\u00f9 che mai, soluzioni win-win tra capitale e lavoro, attraverso la partecipazione dei lavoratori, la responsabilit\u00e0 sociale d\u2019impresa, l\u2019attenzione al territorio, il dialogo continuo e la capacit\u00e0 di gestire il cambiamento, vivendolo come opportunit\u00e0 e non come un problema.<\/p>\n<p>\u201cIl modo in cui pensiamo al domani, influenza ci\u00f2 che facciamo oggi\u201d.<\/p>\n<p>&nbsp;<\/p>\n<p><img loading=\"lazy\" decoding=\"async\" class=\"alignnone wp-image-3457 \" src=\"https:\/\/www.firstcisl.it\/pavialodi\/wp-content\/uploads\/sites\/88\/2026\/04\/FOTO0609-e1775139754153-1024x806.jpg\" alt=\"\" width=\"490\" height=\"386\" \/><\/p>\n<p><strong>Alberto Mainardi<\/strong><br \/>\nsegretario generale<\/p>\n<p><strong>Stefano Bortolin<\/strong><br \/>\nsegretario organizzativo<\/p>\n<p><strong>Mariarosa Cannat\u00e0<\/strong><br \/>\nsegretaria amministrativa<\/p>\n<p>&nbsp;<\/p>\n<p>Contatto Segreteria: pavialodi.firstcisl@gmail.com<\/p>\n<p>Contatto Referente Esodati: esodati@firstcisl-pavialodi.it<\/p>\n<p>&nbsp;<\/p>\n<p><strong>Codice Etico:<\/strong><\/p>\n<p><a href=\"https:\/\/www.firstcisl.it\/pavialodi\/wp-content\/uploads\/sites\/88\/2026\/04\/01_CODICE-ETICO-CISL.pdf\" target=\"_blank\" rel=\"noopener\">Codice Etico<\/a><\/p>\n<p>&nbsp;<\/p>\n<p><strong>Bilancio 2025<\/strong><\/p>\n<p><a href=\"https:\/\/www.firstcisl.it\/pavialodi\/wp-content\/uploads\/sites\/88\/2026\/04\/Bilancio-al-31-12-2025-stampato-il-17-03-2026.pdf\" target=\"_blank\" rel=\"noopener\">Bilancio 2025<\/a><\/p>\n<p>&nbsp;<\/p>\n<div class=\"gsp_post_data\" \r\n\t            data-post_type=\"page\" \r\n\t            data-cat=\"\" \r\n\t            data-modified=\"120\"\r\n\t            data-created=\"1690975625\"\r\n\t            data-title=\"Chi siamo e contatti\" \r\n\t            data-home=\"https:\/\/www.firstcisl.it\/pavialodi\"><\/div>","protected":false},"excerpt":{"rendered":"<p>First Cisl \u2013 Federazione Italiana Reti dei Servizi Terziario \u2013 \u00e8 il sindacato dei lavoratori della banche, delle assicurazioni, della finanza, della riscossione e delle authority, \u2013 nato nel 2015 dall\u2019unione di Fiba Cisl e DirCredito. Il tema del lavoro, delle sue trasformazioni e delle sue riforme, \u00e8 una questione di rilevanza sociale e politica. [&hellip;]<\/p>\n","protected":false},"author":87,"featured_media":2537,"parent":0,"menu_order":0,"comment_status":"closed","ping_status":"closed","template":"","meta":{"footnotes":""},"class_list":["post-509","page","type-page","status-publish","has-post-thumbnail","hentry"],"_links":{"self":[{"href":"https:\/\/www.firstcisl.it\/pavialodi\/wp-json\/wp\/v2\/pages\/509","targetHints":{"allow":["GET"]}}],"collection":[{"href":"https:\/\/www.firstcisl.it\/pavialodi\/wp-json\/wp\/v2\/pages"}],"about":[{"href":"https:\/\/www.firstcisl.it\/pavialodi\/wp-json\/wp\/v2\/types\/page"}],"author":[{"embeddable":true,"href":"https:\/\/www.firstcisl.it\/pavialodi\/wp-json\/wp\/v2\/users\/87"}],"replies":[{"embeddable":true,"href":"https:\/\/www.firstcisl.it\/pavialodi\/wp-json\/wp\/v2\/comments?post=509"}],"version-history":[{"count":102,"href":"https:\/\/www.firstcisl.it\/pavialodi\/wp-json\/wp\/v2\/pages\/509\/revisions"}],"predecessor-version":[{"id":3458,"href":"https:\/\/www.firstcisl.it\/pavialodi\/wp-json\/wp\/v2\/pages\/509\/revisions\/3458"}],"wp:featuredmedia":[{"embeddable":true,"href":"https:\/\/www.firstcisl.it\/pavialodi\/wp-json\/wp\/v2\/media\/2537"}],"wp:attachment":[{"href":"https:\/\/www.firstcisl.it\/pavialodi\/wp-json\/wp\/v2\/media?parent=509"}],"curies":[{"name":"wp","href":"https:\/\/api.w.org\/{rel}","templated":true}]}}