{"id":544,"date":"2018-03-21T11:05:26","date_gmt":"2018-03-21T10:05:26","guid":{"rendered":"http:\/\/www.firstcisl.it\/networkdirigenti\/?page_id=544"},"modified":"2025-03-18T18:01:29","modified_gmt":"2025-03-18T17:01:29","slug":"documenti","status":"publish","type":"page","link":"https:\/\/www.firstcisl.it\/networkdirigentibcc\/home\/documenti\/","title":{"rendered":"Documenti e video"},"content":{"rendered":"<h2><strong>Contratti collettivi nazionali di lavoro (Ccnl) Dirigenti vigenti<\/strong><\/h2>\n<p><strong><a href=\"http:\/\/intranet.firstcisl.it\/mediadms\/pdf\/web\/file_viewer.php?idfile=39\" target=\"_blank\" rel=\"noopener noreferrer\">Ccnl Dirigenti Abi<\/a><\/strong><br \/>\n<strong> <a href=\"http:\/\/intranet.firstcisl.it\/mediadms\/pdf\/web\/file_viewer.php?idfile=37\" target=\"_blank\" rel=\"noopener noreferrer\">Ccnl Dirigenti Federcasse<\/a><\/strong><br \/>\n<strong><a href=\"https:\/\/www.firstcisl.it\/networkdirigenti\/wp-content\/uploads\/sites\/52\/2022\/01\/CCNL_Dirigenti_Testo_Coordinato_12luglio2021.pdf\" target=\"_blank\" rel=\"noopener noreferrer\">Ccnl Dirigenti Agenzia delle entrate-Riscossione ed Equitalia Giustizia Spa<\/a><\/strong><\/p>\n<p><strong><a href=\"https:\/\/www.cnel.it\/Contratti-Collettivi\/Contrattazione-Nazionale\/Archivio-Storico\" target=\"_blank\" rel=\"noopener noreferrer\">Archivio storico Ccnl Dirigenti da Cnel<\/a><\/strong><\/p>\n<p>&nbsp;<\/p>\n<h2><strong>Servizi per gli iscritti<\/strong><\/h2>\n<p><strong><a href=\"https:\/\/www.firstcisl.it\/networkdirigentibcc\/wp-content\/uploads\/sites\/76\/2025\/03\/Network_Dirigenti_servizi_gennaio_2025.pdf\" target=\"_blank\" rel=\"noopener\">Opuscolo dei servizi First Cisl<\/a><\/strong><\/p>\n<p>L&#8217;<a href=\"https:\/\/www.firstcisl.it\/networkdirigentibcc\/wp-content\/uploads\/sites\/76\/2022\/02\/Sygmund_FirstCisl_opuscolo.pdf\" target=\"_blank\" rel=\"noopener noreferrer\"><strong>app Sygmund<\/strong><\/a> per il sostegno psicologico<\/p>\n<p>&nbsp;<\/p>\n<h2>Eventi:<\/h2>\n<h3><strong>\u201cCredito cooperativo, tra Europa e coesione territoriale\u201d le tavole rotonde di First Cisl<\/strong><\/h3>\n<h4><strong>Nazionale<\/strong>, 23 marzo 2021<\/h4>\n<ul>\n<li>i <strong><a href=\"https:\/\/www.firstcisl.it\/2021\/03\/bcc-colombani-il-sistema-resti-nel-solco-della-mutualita-prevalente-il-video\/\" target=\"_blank\" rel=\"noopener noreferrer\">video<\/a><\/strong> della tavola rotonda<\/li>\n<li>la <a href=\"https:\/\/www.firstcisl.it\/2021\/03\/bcc-aumentano-sportelli-e-occupati-mutualita-centrale-per-il-futuro\/\" target=\"_blank\" rel=\"noopener noreferrer\"><strong>nota<\/strong><\/a> First Cisl \u201cBcc, aumentano sportelli e occupati. Mutualit\u00e0 centrale per il futuro\u201d<\/li>\n<\/ul>\n<h4><strong>Emilia-Romagna<\/strong>, 22 aprile 2021<\/h4>\n<ul>\n<li>i <strong><a href=\"https:\/\/www.firstcisl.it\/networkdirigentibcc\/wp-content\/uploads\/sites\/76\/2021\/07\/20210422_Bcc_Emilia-Romagna_slide.pdf\" target=\"_blank\" rel=\"noopener noreferrer\">dati<\/a><\/strong> raccolti, analizzati e presentati<\/li>\n<li>i <a href=\"https:\/\/www.firstcisl.it\/2021\/04\/emilia-romagna-bcc-in-crescita-colombani-ora-regole-adeguate-non-confonderle-con-grandi-banche-video\/\" target=\"_blank\" rel=\"noopener noreferrer\"><strong>video e la nota<\/strong><\/a> First Cisl \u201cEmilia Romagna, Bcc in crescita. Colombani: ora regole adeguate, non confonderle con grandi banche\u201d<\/li>\n<\/ul>\n<h4><strong>Campania<\/strong>, 4 maggio 2021<\/h4>\n<ul>\n<li>i <strong><a href=\"https:\/\/www.firstcisl.it\/networkdirigentibcc\/wp-content\/uploads\/sites\/76\/2021\/07\/20210504_Bcc_Campania_slide.pdf\" target=\"_blank\" rel=\"noopener noreferrer\">dati<\/a><\/strong> raccolti, analizzati e presentati<\/li>\n<li>i <a href=\"https:\/\/www.firstcisl.it\/2021\/05\/bcc-in-crescita-anche-in-campania-colombani-ma-per-essere-al-servizio-del-territorio-vanno-ripensate-le-regole-video\/\" target=\"_blank\" rel=\"noopener noreferrer\"><strong>video e la nota<\/strong><\/a> First Cisl \u201cBcc, in crescita anche in Campania. Colombani: ma per essere al servizio del territorio vanno ripensate le regole\u201d<\/li>\n<\/ul>\n<h4><strong>Calabria<\/strong>, 6 maggio 2021<\/h4>\n<ul>\n<li>i <strong><a href=\"https:\/\/www.firstcisl.it\/networkdirigentibcc\/wp-content\/uploads\/sites\/76\/2021\/07\/20210506_Bcc_Calabria_slide.pdf\" target=\"_blank\" rel=\"noopener noreferrer\">dati<\/a><\/strong> raccolti, analizzati e presentati<\/li>\n<li>il\u00a0<a href=\"https:\/\/www.firstcisl.it\/2021\/05\/calabria-per-le-bcc-ruolo-fondamentale-sul-territorio-merlini-costruiamo-il-futuro-con-il-confronto\/\" target=\"_blank\" rel=\"noopener noreferrer\"><strong>video e la nota<\/strong><\/a> First Cisl \u201cCalabria, per le Bcc ruolo fondamentale sul territorio. Merlini: costruiamo il futuro con il confronto\u201d<\/li>\n<\/ul>\n<h4><strong>Lazio<\/strong>, 19 maggio 2021<\/h4>\n<ul>\n<li>i dati <strong><a href=\"https:\/\/www.firstcisl.it\/networkdirigentibcc\/wp-content\/uploads\/sites\/76\/2021\/07\/20210519_Credito_Lazio_slide.pdf\" target=\"_blank\" rel=\"noopener noreferrer\">1<\/a>\u00a0<\/strong>e <strong><a href=\"https:\/\/www.firstcisl.it\/networkdirigentibcc\/wp-content\/uploads\/sites\/76\/2021\/07\/20210519_Bcc_Lazio_slide.pdf\" target=\"_blank\" rel=\"noopener noreferrer\">2<\/a><\/strong> raccolti, analizzati e presentati<\/li>\n<li>i\u00a0<a href=\"https:\/\/www.firstcisl.it\/2021\/05\/lazio-credito-cooperativo-motore-della-ripresa-il-video\/\" target=\"_blank\" rel=\"noopener noreferrer\"><strong>video e la nota<\/strong><\/a> First Cisl \u201cLazio, credito cooperativo motore della ripresa\u201d<\/li>\n<\/ul>\n<h4><strong>Piemonte<\/strong>, 26 maggio 2021<\/h4>\n<ul>\n<li>i <strong><a href=\"https:\/\/www.firstcisl.it\/networkdirigentibcc\/wp-content\/uploads\/sites\/76\/2021\/07\/20210526_Bcc_Piemonte_slide.pdf\" target=\"_blank\" rel=\"noopener noreferrer\">dati<\/a><\/strong> raccolti, analizzati e presentati<\/li>\n<li>i\u00a0<a href=\"https:\/\/www.firstcisl.it\/2021\/05\/bcc-in-crescita-anche-in-piemonte-colombani-bene-la-stabilita-ma-la-riforma-va-rivista-video\/\" target=\"_blank\" rel=\"noopener noreferrer\"><strong>video e la nota<\/strong><\/a> First Cisl \u201cBcc in crescita anche in Piemonte. Colombani: bene la stabilit\u00e0, ma la riforma va rivista\u201d<\/li>\n<\/ul>\n<h4><strong>Toscana<\/strong>, 27 maggio 2021<\/h4>\n<ul>\n<li>i <strong><a href=\"https:\/\/www.firstcisl.it\/networkdirigentibcc\/wp-content\/uploads\/sites\/76\/2021\/07\/20210527_Bcc_Toscana_slide.pdf\" target=\"_blank\" rel=\"noopener noreferrer\">dati<\/a><\/strong> raccolti, analizzati e presentati<\/li>\n<li>i\u00a0<a href=\"https:\/\/www.firstcisl.it\/2021\/06\/bcc-in-toscana-andamento-in-linea-con-evoluzione-nazionale-la-mutualita-deve-fare-rima-con-prossimita-e-territorialita-video\/\" target=\"_blank\" rel=\"noopener noreferrer\"><strong>video e la nota<\/strong><\/a> First Cisl \u201cBcc in Toscana, andamento in linea con evoluzione nazionale. La mutualit\u00e0 deve fare rima con prossimit\u00e0 e territorialit\u00e0\u201d<\/li>\n<\/ul>\n<h4><strong>Puglia<\/strong>, 3 giugno 2021<\/h4>\n<ul>\n<li>i <strong><a href=\"https:\/\/www.firstcisl.it\/networkdirigentibcc\/wp-content\/uploads\/sites\/76\/2021\/07\/20210603_Bcc_Puglia_slide.pdf\" target=\"_blank\" rel=\"noopener noreferrer\">dati<\/a><\/strong> raccolti, analizzati e presentati<\/li>\n<li>il\u00a0<a href=\"https:\/\/www.firstcisl.it\/2021\/06\/puglia-bcc-centrali-per-i-territori-il-video\/\" target=\"_blank\" rel=\"noopener noreferrer\"><strong>video e la nota<\/strong><\/a> First Cisl \u201cPuglia, Bcc centrali per i territori\u201d<\/li>\n<\/ul>\n<h4><strong>Friuli Venezia Giulia<\/strong>, 8 giugno 2021<\/h4>\n<ul>\n<li>i <strong><a href=\"https:\/\/www.firstcisl.it\/networkdirigentibcc\/wp-content\/uploads\/sites\/76\/2021\/07\/20210608_Bcc_Friuli_Venezia_Giulia_slide.pdf\" target=\"_blank\" rel=\"noopener noreferrer\">dati<\/a><\/strong> raccolti, analizzati e presentati<\/li>\n<li>il\u00a0<a href=\"https:\/\/www.firstcisl.it\/2021\/06\/friuli-venezia-giulia-dalla-ripartenza-unoccasione-per-il-modello-bcc\/\" target=\"_blank\" rel=\"noopener noreferrer\"><strong>video e la nota<\/strong><\/a> First Cisl \u201cFriuli Venezia Giulia, dalla ripartenza un\u2019occasione per il modello Bcc\u201d<\/li>\n<\/ul>\n<h4><strong>Marche<\/strong>, 10 giugno 2021<\/h4>\n<ul>\n<li>i <strong><a href=\"https:\/\/www.firstcisl.it\/networkdirigentibcc\/wp-content\/uploads\/sites\/76\/2021\/07\/20210610_Bcc_Marche_slide.pdf\" target=\"_blank\" rel=\"noopener noreferrer\">dati<\/a><\/strong> raccolti, analizzati e presentati<\/li>\n<li>i\u00a0<a href=\"https:\/\/www.firstcisl.it\/2021\/06\/marche-dalle-bcc-una-spinta-alla-ripresa-colombani-ma-la-riforma-va-rivista\/\" target=\"_blank\" rel=\"noopener noreferrer\"><strong>video e la nota<\/strong><\/a> First Cisl \u201cMarche, dalle Bcc una spinta alla ripresa. Colombani: ma la riforma va rivista\u201d<\/li>\n<\/ul>\n<h4><strong>Veneto<\/strong>, 14 giugno 2021<\/h4>\n<ul>\n<li>i <strong><a href=\"https:\/\/www.firstcisl.it\/networkdirigentibcc\/wp-content\/uploads\/sites\/76\/2021\/07\/20210614_Bcc_Veneto_slide.pdf\" target=\"_blank\" rel=\"noopener noreferrer\">dati<\/a><\/strong> raccolti, analizzati e presentati<\/li>\n<li>il\u00a0<a href=\"https:\/\/www.firstcisl.it\/2021\/06\/veneto-con-le-bcc-persone-e-territori-al-centro\/\" target=\"_blank\" rel=\"noopener noreferrer\"><strong>video e la nota<\/strong><\/a> First Cisl \u201cVeneto, con le Bcc persone e territori al centro\u201d<\/li>\n<\/ul>\n<h4><strong>Abruzzo e Molise<\/strong>, 15 giugno 2021<\/h4>\n<ul>\n<li>i <strong><a href=\"https:\/\/www.firstcisl.it\/networkdirigentibcc\/wp-content\/uploads\/sites\/76\/2021\/07\/20210615_Bcc_Abruzzo_Molise_slide.pdf\" target=\"_blank\" rel=\"noopener noreferrer\">dati<\/a><\/strong> raccolti, analizzati e presentati<\/li>\n<li>il\u00a0<a href=\"https:\/\/www.firstcisl.it\/2021\/06\/abruzzo-e-molise-bcc-centrali-per-leconomia-del-territorio\/\" target=\"_blank\" rel=\"noopener noreferrer\"><strong>video e la nota<\/strong><\/a> First Cisl \u201cAbruzzo e Molise, Bcc centrali per l\u2019economia del territorio\u201d<\/li>\n<\/ul>\n<h4><strong>Basilicata<\/strong>, 17 giugno 2021<\/h4>\n<ul>\n<li>i <strong><a href=\"https:\/\/www.firstcisl.it\/networkdirigentibcc\/wp-content\/uploads\/sites\/76\/2021\/07\/20210617_Bcc_Basilicata_slide.pdf\" target=\"_blank\" rel=\"noopener noreferrer\">dati<\/a><\/strong> raccolti, analizzati e presentati<\/li>\n<li>il\u00a0<a href=\"https:\/\/www.firstcisl.it\/2021\/06\/basilicata-il-futuro-delle-bcc-passa-da-mutualita-e-partecipazione\/\" target=\"_blank\" rel=\"noopener noreferrer\"><strong>video e la nota<\/strong><\/a> First Cisl \u201cBasilicata, il futuro delle Bcc passa da mutualit\u00e0 e partecipazione\u201d<\/li>\n<\/ul>\n<h4><strong>Lombardia<\/strong>, 21 giugno 2021<\/h4>\n<ul>\n<li>i <strong><a href=\"https:\/\/www.firstcisl.it\/networkdirigentibcc\/wp-content\/uploads\/sites\/76\/2021\/07\/20210621_Bcc_Lombardia_slide.pdf\" target=\"_blank\" rel=\"noopener noreferrer\">dati<\/a><\/strong> raccolti, analizzati e presentati<\/li>\n<li>i\u00a0<a href=\"https:\/\/www.firstcisl.it\/2021\/06\/lombardia-colombani-per-tornare-a-crescere-va-tutelata-la-biodiversita-delle-bcc\/\" target=\"_blank\" rel=\"noopener noreferrer\"><strong>video e la nota<\/strong><\/a> First Cisl \u201cLombardia, Colombani: per tornare a crescere va tutelata la biodiversit\u00e0 delle Bcc\u201d<\/li>\n<\/ul>\n<p>&nbsp;<\/p>\n<div class=\"gsp_post_data\" \r\n\t            data-post_type=\"page\" \r\n\t            data-cat=\"\" \r\n\t            data-modified=\"120\"\r\n\t            data-created=\"1521630326\"\r\n\t            data-title=\"Documenti e video\" \r\n\t            data-home=\"https:\/\/www.firstcisl.it\/networkdirigentibcc\"><\/div>","protected":false},"excerpt":{"rendered":"<p>Contratti collettivi nazionali di lavoro (Ccnl) Dirigenti vigenti Ccnl Dirigenti Abi Ccnl Dirigenti Federcasse Ccnl Dirigenti Agenzia delle entrate-Riscossione ed Equitalia Giustizia Spa Archivio storico Ccnl Dirigenti da Cnel &nbsp; Servizi per gli iscritti Opuscolo dei servizi First Cisl L&#8217;app Sygmund per il sostegno psicologico &nbsp; Eventi: \u201cCredito cooperativo, tra Europa e coesione territoriale\u201d le [&hellip;]<\/p>\n","protected":false},"author":2,"featured_media":0,"parent":16,"menu_order":0,"comment_status":"closed","ping_status":"closed","template":"","meta":{"footnotes":""},"class_list":["post-544","page","type-page","status-publish","hentry"],"_links":{"self":[{"href":"https:\/\/www.firstcisl.it\/networkdirigentibcc\/wp-json\/wp\/v2\/pages\/544","targetHints":{"allow":["GET"]}}],"collection":[{"href":"https:\/\/www.firstcisl.it\/networkdirigentibcc\/wp-json\/wp\/v2\/pages"}],"about":[{"href":"https:\/\/www.firstcisl.it\/networkdirigentibcc\/wp-json\/wp\/v2\/types\/page"}],"author":[{"embeddable":true,"href":"https:\/\/www.firstcisl.it\/networkdirigentibcc\/wp-json\/wp\/v2\/users\/2"}],"replies":[{"embeddable":true,"href":"https:\/\/www.firstcisl.it\/networkdirigentibcc\/wp-json\/wp\/v2\/comments?post=544"}],"version-history":[{"count":94,"href":"https:\/\/www.firstcisl.it\/networkdirigentibcc\/wp-json\/wp\/v2\/pages\/544\/revisions"}],"predecessor-version":[{"id":2273,"href":"https:\/\/www.firstcisl.it\/networkdirigentibcc\/wp-json\/wp\/v2\/pages\/544\/revisions\/2273"}],"up":[{"embeddable":true,"href":"https:\/\/www.firstcisl.it\/networkdirigentibcc\/wp-json\/wp\/v2\/pages\/16"}],"wp:attachment":[{"href":"https:\/\/www.firstcisl.it\/networkdirigentibcc\/wp-json\/wp\/v2\/media?parent=544"}],"curies":[{"name":"wp","href":"https:\/\/api.w.org\/{rel}","templated":true}]}}