{"id":54,"date":"2025-06-04T11:54:28","date_gmt":"2025-06-04T09:54:28","guid":{"rendered":"https:\/\/www.firstcisl.it\/napoli\/?page_id=54"},"modified":"2025-09-16T11:10:13","modified_gmt":"2025-09-16T09:10:13","slug":"caf_patronato","status":"publish","type":"page","link":"https:\/\/www.firstcisl.it\/napoli\/home\/caf_patronato\/","title":{"rendered":"Caf &#8211; Patronato, servizi Cisl"},"content":{"rendered":"<h3>Cisl: brevi cenni storici<\/h3>\n<p>La Cisl nasce il 30 aprile 1950 dalla confluenza di Libera Cgil, di parte della Fil e di alcuni sindacati autonomi del settore dei servizi pubblici e privati.<\/p>\n<p>Fin dai primi anni di vita, \u00e8 intento Cisl costruire un&#8217;organizzazione realmente autonoma da interessi politici e confessionali, un sindacato che basa la sua forza e la sua ragione d&#8217;essere sull&#8217;adesione volontaria delle lavoratrici e dei lavoratori, i quali ne determinano scelte e orientamenti.<\/p>\n<p>La Cisl dunque, da sempre, si pone come un sindacato moderno e competente che raccoglie, in maniera universale e senza condizionamenti, le adesioni di lavoratori.<\/p>\n<h4><strong>I valori Cisl<\/strong><\/h4>\n<p><strong>Autonomia:<\/strong> intesa come capacit\u00e0 di scegliere in piena indipendenza i propri\u00a0 orientamenti e le regole di comportamento (autonomia dai partiti, dal Governo, dallo Stato).<\/p>\n<p><strong>Associazionismo:<\/strong> la Cisl \u00e8 un\u2019organizzazione composta dalle lavoratrici e dai lavoratori; \u00e8 attenta al rispetto del mandato da loro ricevuto; non \u00e8 istituzione statale o un semplice movimento; vive quotidianamente dentro i luoghi di lavoro.<\/p>\n<p><strong>Contrattazione:<\/strong> definizione delle regole del rapporto di lavoro fra le parti. Ad essa la Cisl affida il compito fondamentale e primario di migliorare le condizioni economiche e professionali delle lavoratrici e dei lavoratori.<\/p>\n<p><strong>Aconfessionalit\u00e0: <\/strong>indipendenza da qualsiasi confessione religiosa.<\/p>\n<h4><strong>La Cisl oggi<\/strong><\/h4>\n<p>La Cisl guarda al futuro con la certezza che, oggi pi\u00f9 che mai, vi sia bisogno di sindacato, non solo dentro i luoghi di lavoro, ma ovunque vi sia la necessit\u00e0 di intervenire a favore di cittadine\/i, lavoratrici e lavoratori, pensionate\/i e, in genere, le fasce pi\u00f9 deboli. A tal fine ci stiamo strutturando e rinnovando per essere ancora pi\u00f9 presenti sul territorio e per semplificare la fruizione, da parte degli utenti, dei servizi offerti.<\/p>\n<p>Nel mese di maggio 2025 la proposta Cisl di legge popolare sulla partecipazione dei lavoratori alla vita delle imprese \u00e8 diventata ufficialmente legge dello Stato. Per la prima volta in Italia, una legge di iniziativa popolare d\u00e0 attuazione a un principio costituzionale, riconoscendo e incentivando, attraverso la contrattazione, la partecipazione attiva dei lavoratori alla vita delle imprese, come previsto dall\u2019articolo 46 della nostra Carta fondamentale. \u00c8 l\u2019inizio di una nuova fase per le relazioni industriali del nostro Paese. Si tratta di un cambiamento profondo, che promuove quattro\u00a0 forme\u00a0 di\u00a0 partecipazione: organizzativa, gestionale, economico-finanziaria e consultiva. Una riforma che guarda al futuro e rilancia l\u2019idea di un sindacato vicino alle persone, contrattualista, propositivo, autonomo e capace di cambiare le cose davvero.<\/p>\n<h4><strong>Come vivere la Cisl<\/strong><\/h4>\n<p><strong><a href=\"http:\/\/www.cisl.it\/\" target=\"_blank\" rel=\"noopener\">www.cisl.i<\/a><a href=\"http:\/\/www.cisl.it\/\">t<\/a><\/strong> \u00e8 il sito internet nazionale<strong>, <a href=\"http:\/\/www.cislcampania.it\/\" target=\"_blank\" rel=\"noopener\">www.cislcampania.i<\/a><a href=\"http:\/\/www.cislcampania.it\/\">t<\/a><\/strong> \u00e8 il sito internet della nostra regione, <strong><a href=\"http:\/\/www.cislnapoli.it\/\" target=\"_blank\" rel=\"noopener\">www.cislnapoli.i<\/a><a href=\"http:\/\/www.cislnapoli.it\/\">t<\/a><\/strong> il sito provinciale.<\/p>\n<p><strong><a href=\"https:\/\/www.facebook.com\/CISL.Confederazione.Italiana.Sindacati.Lavoratori\" target=\"_blank\" rel=\"noopener\">Cisl Confederazione italiana sindacati lavoratori<\/a><\/strong> (pagina Facebook nazionale), <a href=\"https:\/\/www.facebook.com\/profile.php?id=100039073634310\" target=\"_blank\" rel=\"noopener\"><strong>Cisl Campania<\/strong><\/a> (pagina Facebook Cisl regionale) e <strong><a href=\"https:\/\/www.facebook.com\/CislNapoli\" target=\"_blank\" rel=\"noopener\">Cisl Napoli<\/a><\/strong> (pagina Facebook della struttura territoriale).<\/p>\n<h4><strong>I servizi offerti dalla Cisl<\/strong><\/h4>\n<p><strong>\u00a0ADICONSUM<\/strong><br \/>\nSede: via Medina, 5 &#8211; 2\u00b0 piano, Napoli<br \/>\ntelefono: 081\/55.15.120<br \/>\nsito web: <a href=\"http:\/\/www.adiconsum.it\/\" target=\"_blank\" rel=\"noopener\">www.adiconsum.it<\/a><br \/>\ne-mail: <a href=\"mailto:napoli@adiconsum.it\" target=\"_blank\" rel=\"noopener\"><u>napoli@adiconsum.it<\/u><\/a><br \/>\npagina Facebook: <a href=\"https:\/\/www.facebook.com\/adiconsum.na\" target=\"_blank\" rel=\"noopener\">Adiconsum Napoli e Campania<\/a><\/p>\n<p><strong>Sintesi del servizio offerto<\/strong>: Adiconsum negozia e concerta condizioni di difesa individuale e collettiva dei consumatori per l\u2019eliminazione delle vessazioni, delle pratiche commerciali scorrette, delle truffe che le persone e le famiglie quotidianamente subiscono da aziende senza scrupoli. Adiconsum lavora in stretta sinergia con le <em>Authority<\/em> e con le Istituzioni che hanno la tutela del consumatore come propria missione. Iscrivendoti ad Adiconsum avrai diritto ad assistenza su:<\/p>\n<ul>\n<li>Acquisti e garanzie post vendita e commercio elettronico<\/li>\n<li>Auto e motocicli, assicurazioni e sicurezza stradale<\/li>\n<li>Calcolo anatocismo, usura, Fondo sovra-indebitamento e prevenzione usura<\/li>\n<li>Casa<\/li>\n<li>Credito, servizi bancari e finanziari, servizi postali e telefonici<\/li>\n<li>Energia, ambiente ed agricoltura<\/li>\n<li>Libere professioni<\/li>\n<li>Privacy e furto d\u2019identit\u00e0<\/li>\n<li>Reclami e procedure conciliative in tutti i settori e reclami transfrontalieri<\/li>\n<li>Sanit\u00e0<\/li>\n<li>Tariffe servizi pubblici locali<\/li>\n<li>Viaggi e turismo<\/li>\n<\/ul>\n<p><strong>\u00a0ANOLF<\/strong><br \/>\nSede: via Medina, 5 \u2013 piano terra, Napoli<br \/>\ntelefono: 081\/42.03.213<br \/>\nsito web: <a href=\"http:\/\/www.anolf.it\/\" target=\"_blank\" rel=\"noopener\">www.anolf.it<\/a> (sito nazionale)<br \/>\ne-mail: <a href=\"mailto:anolf.ca@gmail.com\" target=\"_blank\" rel=\"noopener\"><u>anolf.ca@gmail.com<\/u><\/a><br \/>\npagina Facebook: <a href=\"https:\/\/www.facebook.com\/anolfsecondagenerazione.napoli\" target=\"_blank\" rel=\"noopener\">Anolf seconda generazione Napoli<\/a><\/p>\n<p><strong>Sintesi del servizio offerto<\/strong>: Anolf \u00e8 un\u2019associazione di immigrati di varie etnie a carattere volontario e democratico, che ha come scopo la crescita dell\u2019amicizia e della fratellanza tra i popoli, nello spirito della Costituzione italiana e nel rispetto e valorizzazione delle specificit\u00e0 etniche, culturali e religiose di ciascun individuo. Il centro servizi Anolf offre agli immigrati:<\/p>\n<ul>\n<li>Prima accoglienza, ascolto ed orientamento<\/li>\n<li>Documentazione e disbrigo pratiche<\/li>\n<li>Rinnovo e duplicato permesso di soggiorno<\/li>\n<li>Rilascio e duplicato carta di soggiorno<\/li>\n<li>Ricongiungimento familiare<\/li>\n<li>Richiesta svolgimento test in lingua italiana<\/li>\n<li>Corsi di lingua italiana<\/li>\n<li>Cittadinanza<\/li>\n<li>Regolarizzazione<\/li>\n<li>Decreto flussi<\/li>\n<li>Richiesta asilo politico e status apolide<\/li>\n<li>Richiesta visti turistici\/affari\/cure mediche\/studi\/sport<\/li>\n<li>Sollecito pratiche in questura e Prefettura<\/li>\n<li>Assistenza gratuita legale, fiscale e commerciale<\/li>\n<\/ul>\n<p>Inoltre, offre un utilissimo servizio per la regolarizzazione di Colf e badanti stranieri.<\/p>\n<p><strong>\u00a0PATRONATO INAS<\/strong><br \/>\nSede: via Medina, 5 &#8211; piano terra, Napoli<br \/>\ntelefono: 081\/55.13.247<br \/>\nsito web: <a href=\"http:\/\/www.inas.it\/\" target=\"_blank\" rel=\"noopener\">www.inas.it<\/a> (sito nazionale<u>)<\/u><br \/>\ne-mail: <a href=\"mailto:info@inas.it\" target=\"_blank\" rel=\"noopener\"><u>info@inas.it<\/u><\/a><br \/>\npagina Facebook: <a href=\"https:\/\/www.facebook.com\/inascisl\" target=\"_blank\" rel=\"noopener\">Inas Cisl<\/a><\/p>\n<p>L\u2019Inas si occupa della difesa e della promozione gratuita dei diritti sociali, in particolare del diritto alla salute, all\u2019assistenza, alla previdenza, aiutando il cittadino a districarsi tra norme e iter burocratici e facendo da tramite con la pubblica amministrazione. Esempi:<\/p>\n<ul>\n<li>Pratiche per pensione di invalidit\u00e0 ed invalidit\u00e0 legge 104\/92<\/li>\n<li>Richiesta Ecocert Inps<\/li>\n<li>Richiesta ricongiunzioni previdenziali<\/li>\n<li>Richiesta riscatti di laurea e servizio militare<\/li>\n<li>Indennit\u00e0 di disoccupazione, indennit\u00e0 di maternit\u00e0<\/li>\n<li>Cassa integrazione ordinaria e straordinaria<\/li>\n<li>Lavori socialmente utili<\/li>\n<li>Infortuni sul lavoro e in itinere, riconoscimento malattia professionale<\/li>\n<li>Tessere sanitarie<\/li>\n<li>Esenzioni sanitarie, ticket sanitari, ticket cure termali<\/li>\n<li>Congedi parentali<\/li>\n<li>Assegni familiari<\/li>\n<li>Tutela lavoro domestico<\/li>\n<li><em>Mobbing<\/em> e tutela giuridica del lavoratore<\/li>\n<li>Assistenza immigrati (vedi Anolf)<\/li>\n<\/ul>\n<p>Il Patronato Inas assicura assistenza legale, attraverso propri legali convenzionati che applicano tariffe professionali inferiori rispetto a quelle ordinarie. Sul sito sono presenti numerose altri servizi di fondamentale importanza quotidiana.<\/p>\n<p><strong>\u00a0CAF CISL<\/strong><br \/>\nSede: via Medina, n. 5 \u2013 Napoli<br \/>\ntelefono: 081\/55.29.250<br \/>\nsito web: <a href=\"http:\/\/www.cafcisl.it\/\" target=\"_blank\" rel=\"noopener\">www.cafcisl.it<\/a> (sito nazionale)<br \/>\npagina Facebook: <a href=\"https:\/\/www.facebook.com\/CislNapoli\" target=\"_blank\" rel=\"noopener\">Caf Cisl area Napoli e provincia<\/a><\/p>\n<p>Il <strong>Caf Cisl<\/strong> si pone l\u2019obiettivo di semplificare e migliorare il rapporto cittadino \u2013 Pubblica\u00a0 Amministrazione, al fine di consentire all\u2019utente il risparmio di costi e tempi. In tale, ottica il CAF Cisl fornisce ad iscritti, lavoratori e pensionati assistenza e consulenza personalizzata e qualificata nel campo fiscale e delle agevolazioni sociali.\u00a0 Esempi:<\/p>\n<ul>\n<li>Modello 730 (offerto in modo gratuito alle iscritte e iscritti First Cisl)<\/li>\n<li>Modello Isee<\/li>\n<li>Modello Unico persone fisiche<\/li>\n<li>Modelli bonus energia e gas<\/li>\n<li>Red, Certificazioni reddituali<\/li>\n<li>Assegni maternit\u00e0 e nucleo familiare<\/li>\n<li>Tasi, Imu, Tari<\/li>\n<li>Contenziosi fiscali<\/li>\n<li>Dichiarazione di successione<\/li>\n<li>Assistenza familiare \u2013 colf e badanti<\/li>\n<li>Contratti di locazione<\/li>\n<li>Visure catastali<\/li>\n<li>Saf \u2013 il Caf per le imprese<\/li>\n<\/ul>\n<p>Sul sito sono presenti numerose altri servizi di fondamentale importanza quotidiana.<\/p>\n<p><strong>SICET &#8211; SINDACATO INQULINI &#8211; CASA &#8211; TERRITORIO<\/strong><br \/>\nSede: via Medina, 5 &#8211; 2\u00b0 piano, Napoli<br \/>\ntelefono: 081\/55.10.019<br \/>\nsito web: <a href=\"http:\/\/www.sicet.it\/\" target=\"_blank\" rel=\"noopener\">www.sicet.it<\/a> (sito nazionale)<br \/>\ne-mail: <a href=\"mailto:sicetcam@libero.it\" target=\"_blank\" rel=\"noopener\"><u>sicetcam@libero.it<\/u><\/a><br \/>\npagina Facebook: <a href=\"https:\/\/www.facebook.com\/profile.php?id=100064291911060\" target=\"_blank\" rel=\"noopener\">Sicet Nazionale<\/a><\/p>\n<p>Il <strong>Sicet Cisl di Napoli e della Campania<\/strong> mette a disposizione degli iscritti\u00a0 una serie di servizi riguardati i temi della casa, rappresentando i bisogni e gli interessi abitativi degli inquilini e del territorio. Esempi:<\/p>\n<ul>\n<li>Predisposizioni contratti di locazione abitativa<\/li>\n<li>Pratiche per registrazione contratti di locazione abitativa<\/li>\n<li>Consulenza su applicazione sistema Equo canone<\/li>\n<li>Consulenza su applicazione sistema Cedolare secca<\/li>\n<li>Pratiche per locazione immobili del Comune<\/li>\n<li>Assistenza fiscale su locazione abitativa<\/li>\n<li>Regolarizzazioni contratti di locazione<\/li>\n<li>Consulenza sulla normativa inerente la locazione abitativa<\/li>\n<li>Assistenza legale e tecnica<\/li>\n<li>Vertenze contratti locazione, sia individuali, che collettive<\/li>\n<li>Consulenza su ripartizione oneri e spese condominiali<\/li>\n<li>Promozione della tutela di ambiente e territorio<\/li>\n<\/ul>\n<p>Sul sito sono presenti numerosi altri servizi di fondamentale importanza quotidiana.<\/p>\n<p><b>\u00a0ANTEAS<\/b><br \/>\nSede: via Firenze, n. 38 \u2013 Napoli<br \/>\ntelefono: 081\/55.44.499<br \/>\nsito web: <a href=\"http:\/\/www.anteas.org\" target=\"_blank\" rel=\"noopener\">www.anteas.org<\/a><br \/>\ne-mail: <u><a href=\"mailto:anteas.campania2019@gmail.com\" target=\"_blank\" rel=\"noopener\">anteas.campania2019@gmail.com<\/a><\/u><br \/>\npagina Facebook: <a href=\"https:\/\/www.facebook.com\/AnteasAssociazione\" target=\"_blank\" rel=\"noopener\">Anteas nazionale<\/a><\/p>\n<p><strong>Anteas<\/strong> \u00e8 un\u2019associazione di volontariato e di promozione sociale, presente su tutto il territorio nazionale con oltre 600 associazioni, che cura l\u2019attuazione dell\u2019assistenza, l\u2019integrazione sociale delle fasce deboli, ed in particolare di anziani, disabili, persone non autosufficienti, portatori di handicap, tossicodipendenti ed ex tossicodipendenti, minori appartenenti a famiglie in precarie condizioni sociali ed economiche, e immigrati. A sostegno dei suddetti obiettivi, cura la formazione attraverso apposite iniziative culturali quali corsi, convegni, cineforum, seminari, pubblicazioni ed organizza appositi corsi per l\u2019apprendimento, utilizzando artigiani esperti, anche se pensionati. Aree di intervento:<\/p>\n<ul>\n<li>Assistenza e supporto progettuale, tecnico, legale, amministrativo, formativo e fiscale alle associazioni aderenti<\/li>\n<li>Organizzazione momenti di studio e di ricerca per le associazioni aderenti<\/li>\n<li>Organizzazione incontri formativi, informativi, scolastici assistenziali<\/li>\n<li>Promozione per la costituzione di Universit\u00e0 della Terza Et\u00e0<\/li>\n<li>Emergenza estate<\/li>\n<li>Promozione di forme di auto-aiuto tra cui la banca del tempo<\/li>\n<\/ul>\n<p>Sul sito sono presenti numerosi servizi e progetti di fondamentale importanza quotidiana.<\/p>\n<p>&nbsp;<\/p>\n<div class=\"gsp_post_data\" \r\n\t            data-post_type=\"page\" \r\n\t            data-cat=\"\" \r\n\t            data-modified=\"120\"\r\n\t            data-created=\"1749038068\"\r\n\t            data-title=\"Caf &#8211; Patronato, servizi Cisl\" \r\n\t            data-home=\"https:\/\/www.firstcisl.it\/napoli\"><\/div>","protected":false},"excerpt":{"rendered":"<p>Cisl: brevi cenni storici La Cisl nasce il 30 aprile 1950 dalla confluenza di Libera Cgil, di parte della Fil e di alcuni sindacati autonomi del settore dei servizi pubblici e privati. Fin dai primi anni di vita, \u00e8 intento Cisl costruire un&#8217;organizzazione realmente autonoma da interessi politici e confessionali, un sindacato che basa la [&hellip;]<\/p>\n","protected":false},"author":55,"featured_media":0,"parent":20,"menu_order":0,"comment_status":"closed","ping_status":"closed","template":"","meta":{"footnotes":""},"class_list":["post-54","page","type-page","status-publish","hentry"],"_links":{"self":[{"href":"https:\/\/www.firstcisl.it\/napoli\/wp-json\/wp\/v2\/pages\/54","targetHints":{"allow":["GET"]}}],"collection":[{"href":"https:\/\/www.firstcisl.it\/napoli\/wp-json\/wp\/v2\/pages"}],"about":[{"href":"https:\/\/www.firstcisl.it\/napoli\/wp-json\/wp\/v2\/types\/page"}],"author":[{"embeddable":true,"href":"https:\/\/www.firstcisl.it\/napoli\/wp-json\/wp\/v2\/users\/55"}],"replies":[{"embeddable":true,"href":"https:\/\/www.firstcisl.it\/napoli\/wp-json\/wp\/v2\/comments?post=54"}],"version-history":[{"count":13,"href":"https:\/\/www.firstcisl.it\/napoli\/wp-json\/wp\/v2\/pages\/54\/revisions"}],"predecessor-version":[{"id":287,"href":"https:\/\/www.firstcisl.it\/napoli\/wp-json\/wp\/v2\/pages\/54\/revisions\/287"}],"up":[{"embeddable":true,"href":"https:\/\/www.firstcisl.it\/napoli\/wp-json\/wp\/v2\/pages\/20"}],"wp:attachment":[{"href":"https:\/\/www.firstcisl.it\/napoli\/wp-json\/wp\/v2\/media?parent=54"}],"curies":[{"name":"wp","href":"https:\/\/api.w.org\/{rel}","templated":true}]}}