{"id":330,"date":"2025-10-01T20:21:58","date_gmt":"2025-10-01T18:21:58","guid":{"rendered":"https:\/\/www.firstcisl.it\/napoli\/?page_id=330"},"modified":"2025-10-02T18:31:45","modified_gmt":"2025-10-02T16:31:45","slug":"certificazione-informatica-eipass","status":"publish","type":"page","link":"https:\/\/www.firstcisl.it\/napoli\/certificazione-informatica-eipass\/","title":{"rendered":"Universit\u00e0 e Formazione &#8211; Pegaso \/ Mercatorum \/ S. Raffaele"},"content":{"rendered":"<p>CONVENZIONE DEDICATA AGLI ISCRITTI ALLA\u00a0FIRST CISL NAPOLI<\/p>\n<p>VANTAGGI:<br \/>\n\u2022 <strong>ACCADEMICA SCONTATA<\/strong><br \/>\n<strong>\u2022 SEGRETERIA DEDICATA<\/strong><br \/>\n<strong>\u2022 Promo EIPASS gratuito per chi si iscrive Corso Triennale o Magistrale<\/strong><\/p>\n<p><em>OFFERTA FORMATIVA<\/em><\/p>\n<p>Triennali e Magistrali del gruppo Multiversity:<br \/>\nUniversit\u00e0 Telematica Pegaso<br \/>\nUniversitas Mercatorum<br \/>\nUniversit\u00e0 Telematica S.Raffaele Roma<br \/>\nInoltre si pu\u00f2 scegliere tra pi\u00f9 di 200 Master universitari di 1 e 2 livello nonch\u00e8 ulteriori attivit\u00e0<br \/>\nformative come Corsi di Alta formazione, e Corsi di Perfezionamento.<br \/>\nSegreteria esclusiva per iscrizioni<\/p>\n<p>Polo Accreditato Multiversity A.I.FO.P. ITALIA<\/p>\n<p><strong>Le Universit\u00e0 Telematiche Pegaso, Mercatorum e S.Raffaele ,<\/strong> sono Atenei costruiti sui pi\u00f9 moderni<br \/>\ned efficaci standard tecnologici in ambito e-learnig, e pongono massima attenzione su innovazione<br \/>\ne qualit\u00e0.<\/p>\n<p><strong>Le Universit\u00e0 Telematiche Pegaso, Mercatorum e S.Raffaele<\/strong> consentono di usufruire di diversi tipi<br \/>\ndi agevolazioni: la segreteria esclusiva AIFOP ITALIA SRLS P.IVA 04122170618 \u00e8 sempre a disposizione, come<br \/>\nriferimento concreto e funzionale nel micorosomo virtual dell\u2019universit\u00e0 online, che opera presso la<br \/>\nsede operativa di :<\/p>\n<p>Via 26 Ottobre 1860, 14 80049 SOMMA VESUVIANA- (NA)- cell. 3510105471 tell. 081\/19312120<br \/>\ne- mail: aifop_2017@libero.it , aifop.formazione@gmail.com<br \/>\nSito Internet www.centrostudiaifop.it<\/p>\n<p>Per l\u2019orientamento gratuito o per informazioni specifiche ed iscrizioni \u00e8 possibile organizzare<br \/>\npresso le vs sedi un incontro con i nostri Orientatori.<\/p>\n<p><strong>ANNO ACCADEMICO 2025\/2026<\/strong><\/p>\n<p><em>CORSI DI LAUREA TRIENNALI<\/em><br \/>\nRetta Base: STANDARD \u20ac 300 mensili &#8211; ALL INCLUSIVE \u20ac 330 MENSILI<br \/>\n<strong>PREZZO CONVENZIONE FIRST CISL NAPOLI\u00a0 \u20ac 184 mensili \u20ac 264<\/strong><\/p>\n<p>*Su tutte le rette, dall&#8217;anno successivo a quello di iscrizione, va aggiunto un costo di 5\u20ac al mese<br \/>\nCORSI DI LAUREA MAGISTRALI Retta BASE STANDARD \u20ac 325 &#8211; ALL INCLUSIVE \u20ac 350 mensili<\/p>\n<p><strong>PREZZO CONVENZIONE FIRST CISL NAPOLI\u00a0 \u00a0Retta Base: STANDARD \u20ac 199 mensili &#8211; ALL INCLUSIVE \u20ac 264 mensili<\/strong><\/p>\n<p>&nbsp;<\/p>\n<p>*Su tutte le rette, dall&#8217;anno successivo a quello di iscrizione, va aggiunto un costo di 5\u20ac al mese<br \/>\nAl costo della retta mensile (12 rate annue) si aggiungono per la retta BASE:<br \/>\n-TASSA SERVIZI \u20ac 240 annui<br \/>\n-TASSA REGIONALE ADISURC da pagare direttamente sulsito dell\u2019adisurc che va in base al reddito.<br \/>\nLa sede su cui poter fare gli esami \u00e8 S.Giorgio a Cremano, sia in modalit\u00e0 PRESENZA che modalit\u00e0<br \/>\nONLINE, se si vuol usufruire di altri calendari esami delle altre sedi occorre pagare la tassa di<br \/>\nSBLOCCO SEDE di \u20ac 175 annue<br \/>\nLa Retta ALL INCLUSIVE comprende l&#8217; importo per Servizi e Contributi allo Studente( \u20ac 240); 1 certificatoper<br \/>\nanno accademico ( \u20ac 65); Domanda di ammissione alla prova finale ( \u20ac 360) ; Accesso ai calendari di tutte le<br \/>\nsedi di esame. Non include il costo della Pergamena di Laurea.<br \/>\nAnche alla retta ALL INCLUSIVE si aggiunge il costo della TASSA REGIONALE ADISURC da pagare per ogni<br \/>\nanno accademico<br \/>\n<strong>Per i Tesserati FIRST CISL\u00a0 Napoli il polo AIFOP ITALIA propone un ulteriore ribasso della retta e possibilit\u00e0 di<\/strong><br \/>\n<strong>avere certificazione EIPASS gratuita.<\/strong><\/p>\n<div class=\"gsp_post_data\" \r\n\t            data-post_type=\"page\" \r\n\t            data-cat=\"\" \r\n\t            data-modified=\"120\"\r\n\t            data-created=\"1759350118\"\r\n\t            data-title=\"Universit\u00e0 e Formazione &#8211; Pegaso \/ Mercatorum \/ S. Raffaele\" \r\n\t            data-home=\"https:\/\/www.firstcisl.it\/napoli\"><\/div>","protected":false},"excerpt":{"rendered":"<p>CONVENZIONE DEDICATA AGLI ISCRITTI ALLA\u00a0FIRST CISL NAPOLI VANTAGGI: \u2022 ACCADEMICA SCONTATA \u2022 SEGRETERIA DEDICATA \u2022 Promo EIPASS gratuito per chi si iscrive Corso Triennale o Magistrale OFFERTA FORMATIVA Triennali e Magistrali del gruppo Multiversity: Universit\u00e0 Telematica Pegaso Universitas Mercatorum Universit\u00e0 Telematica S.Raffaele Roma Inoltre si pu\u00f2 scegliere tra pi\u00f9 di 200 Master universitari di 1 [&hellip;]<\/p>\n","protected":false},"author":52,"featured_media":0,"parent":0,"menu_order":0,"comment_status":"closed","ping_status":"closed","template":"","meta":{"footnotes":""},"class_list":["post-330","page","type-page","status-publish","hentry"],"_links":{"self":[{"href":"https:\/\/www.firstcisl.it\/napoli\/wp-json\/wp\/v2\/pages\/330","targetHints":{"allow":["GET"]}}],"collection":[{"href":"https:\/\/www.firstcisl.it\/napoli\/wp-json\/wp\/v2\/pages"}],"about":[{"href":"https:\/\/www.firstcisl.it\/napoli\/wp-json\/wp\/v2\/types\/page"}],"author":[{"embeddable":true,"href":"https:\/\/www.firstcisl.it\/napoli\/wp-json\/wp\/v2\/users\/52"}],"replies":[{"embeddable":true,"href":"https:\/\/www.firstcisl.it\/napoli\/wp-json\/wp\/v2\/comments?post=330"}],"version-history":[{"count":5,"href":"https:\/\/www.firstcisl.it\/napoli\/wp-json\/wp\/v2\/pages\/330\/revisions"}],"predecessor-version":[{"id":339,"href":"https:\/\/www.firstcisl.it\/napoli\/wp-json\/wp\/v2\/pages\/330\/revisions\/339"}],"wp:attachment":[{"href":"https:\/\/www.firstcisl.it\/napoli\/wp-json\/wp\/v2\/media?parent=330"}],"curies":[{"name":"wp","href":"https:\/\/api.w.org\/{rel}","templated":true}]}}