{"id":236,"date":"2025-09-13T17:25:36","date_gmt":"2025-09-13T15:25:36","guid":{"rendered":"https:\/\/www.firstcisl.it\/napoli\/?page_id=236"},"modified":"2025-11-01T08:02:11","modified_gmt":"2025-11-01T07:02:11","slug":"sport","status":"publish","type":"page","link":"https:\/\/www.firstcisl.it\/napoli\/sport\/","title":{"rendered":"SPORT"},"content":{"rendered":"<h1>Convenzione Piscina ACQUACHIARA<\/h1>\n<p>Di seguito la proposta esclusiva per gli iscritti FIRST CISL Napoli:<\/p>\n<p>\u2013\u00a0<strong>nessun costo di iscrizione per la stagione 2025<\/strong><br \/>\n\u2013\u00a0<strong>promozioni continue su tutte le nostre attivit\u00e0 durante il corso dell\u2019anno.<\/strong><\/p>\n<p>Sar\u00e0 previsto anche uno sconto del 5% sui nostri campi estivi per chi effettuer\u00e0 pi\u00f9 di 2<br \/>\nsettimane (convenzione a parte da sottoscrivere a marzo)<\/p>\n<h1>Convenzione Piscina PALATRINCONE<\/h1>\n<p><em>Via Cosimo Luigi Miccoli, 6 &#8211; Pozzuoli &#8211; NA<\/em><\/p>\n<p>Di seguito la proposta esclusiva per gli iscritti FIRST CISL Napoli:<\/p>\n<p><em><strong>PISCINA:*<\/strong><\/em><\/p>\n<p>Iscrizione corsi 90\u20ac -&gt; 60\u20ac oppure per la mattina 30\u20ac -&gt; 15\u20ac<\/p>\n<p>Abbonamento: 10% di sconto<\/p>\n<p>Agonisti: 70\u20ac isc + 10% di sconto da spalmare sulle 3 rate<\/p>\n<p>*non applicabile su promo, sconto famiglia e VOUCHER SPORTIVI.<\/p>\n<p><em><strong>PALAZZETTO:**<\/strong><\/em><\/p>\n<p>20\u20ac di sconto dal costo dell&#8217;iscrizione + 10% di sconto sull&#8217;abbonamento<\/p>\n<p>**non applicabile su promo, sconto famiglia e i seguenti sport:<br \/>\nGINNASTICA BABY E RITMICA;<br \/>\nTOTAL BODY;<br \/>\nPATTINAGGIO.<\/p>\n<h2>A.S.D. NAPOLI INDEPENDENT FC Calcio femminile dilettantistico<\/h2>\n<p>Sede Legale Via Bernardo Cavallino n.91a &#8211; 80128 &#8211; Napoli<br \/>\nTraining Center Complesso Sportivo Kennedy Via Camillo Guerra 60 &#8211; 80121 &#8211; Napoli<br \/>\nContatti email\u00a0<a href=\"napoliindependentfc@libero.it\">napoliindependentfc@libero.it<\/a> PEC\u00a0\u00a0<a href=\"napoliindependent@pec.it\">napoliindependent@pec.it<\/a> Tel. 0817425225 Cell 33306552409<\/p>\n<p><em><strong>Alle iscritte e agli iscritti First Cisl Napoli che presenteranno la tessera di appartenenza, verranno praticate le<\/strong><\/em><br \/>\n<em><strong>seguenti condizioni: <\/strong><\/em>Sconto del 50% sulla retta mensile.<br \/>\n33306552409<\/p>\n<p>&nbsp;<\/p>\n<h2>NESS SOCIETA&#8217; SPORTIVA DILETTANTISTICA srl\u00a0 &#8211; GIUGLIANO IN CAMPANIA<br \/>\nvia Masseria Vecchia, 82<\/h2>\n<p>_ Ale iscritte e agli iscritti First Cisi Napoli che presenteranno la tessera di appartenenza, verranno praticate i seguenti sconti:<\/p>\n<p><em><strong>10% FITTO CAMPO DI CALCIO A 11 RICONOSCIUTO DALLA L.N.D.<\/strong><\/em><br \/>\n<em><strong>10% FITTO CAMPI CALCIO A 5<\/strong><\/em><br \/>\n<em><strong>10% FITTO DEI CAMPI DA PADEL E CORSI CON MAESTRO RICONOSCIUTO DALLA F.I.T.P.<\/strong><\/em><br \/>\n<em><strong>10% CONSUMAZIONI PRESSO IL BAR E PUNTO RISTORO<\/strong><\/em><br \/>\n<em><strong>10% CORSI DI PATTINAGGIO ARTISTICO &#8211; DANZA MODERNA &#8211; PILATES &#8211; FITNESS &#8211; ZUMBA -AEROBICA<\/strong><\/em><br \/>\n<em><strong>10% CORSI DI BEACH VOLLEY<\/strong><\/em><br \/>\n<em><strong>10% CORSI ARTI MARZIALI &#8211; ISCRIZIONE E USO DELLA PALESTRA<\/strong><\/em><\/p>\n<p>Rif. tel. 081 \/ 922-13-34 &#8211;\u00a0 sito web\u00a0\u00a0<a href=\"http:\/\/www. Ness_concept.com\">http:\/\/www. Ness_concept.com<\/a><\/p>\n<p>&nbsp;<\/p>\n<div class=\"gsp_post_data\" \r\n\t            data-post_type=\"page\" \r\n\t            data-cat=\"\" \r\n\t            data-modified=\"120\"\r\n\t            data-created=\"1757784336\"\r\n\t            data-title=\"SPORT\" \r\n\t            data-home=\"https:\/\/www.firstcisl.it\/napoli\"><\/div>","protected":false},"excerpt":{"rendered":"<p>Convenzione Piscina ACQUACHIARA Di seguito la proposta esclusiva per gli iscritti FIRST CISL Napoli: \u2013\u00a0nessun costo di iscrizione per la stagione 2025 \u2013\u00a0promozioni continue su tutte le nostre attivit\u00e0 durante il corso dell\u2019anno. Sar\u00e0 previsto anche uno sconto del 5% sui nostri campi estivi per chi effettuer\u00e0 pi\u00f9 di 2 settimane (convenzione a parte da [&hellip;]<\/p>\n","protected":false},"author":52,"featured_media":0,"parent":0,"menu_order":0,"comment_status":"closed","ping_status":"closed","template":"","meta":{"footnotes":""},"class_list":["post-236","page","type-page","status-publish","hentry"],"_links":{"self":[{"href":"https:\/\/www.firstcisl.it\/napoli\/wp-json\/wp\/v2\/pages\/236","targetHints":{"allow":["GET"]}}],"collection":[{"href":"https:\/\/www.firstcisl.it\/napoli\/wp-json\/wp\/v2\/pages"}],"about":[{"href":"https:\/\/www.firstcisl.it\/napoli\/wp-json\/wp\/v2\/types\/page"}],"author":[{"embeddable":true,"href":"https:\/\/www.firstcisl.it\/napoli\/wp-json\/wp\/v2\/users\/52"}],"replies":[{"embeddable":true,"href":"https:\/\/www.firstcisl.it\/napoli\/wp-json\/wp\/v2\/comments?post=236"}],"version-history":[{"count":7,"href":"https:\/\/www.firstcisl.it\/napoli\/wp-json\/wp\/v2\/pages\/236\/revisions"}],"predecessor-version":[{"id":400,"href":"https:\/\/www.firstcisl.it\/napoli\/wp-json\/wp\/v2\/pages\/236\/revisions\/400"}],"wp:attachment":[{"href":"https:\/\/www.firstcisl.it\/napoli\/wp-json\/wp\/v2\/media?parent=236"}],"curies":[{"name":"wp","href":"https:\/\/api.w.org\/{rel}","templated":true}]}}