{"id":521,"date":"2017-06-13T11:38:35","date_gmt":"2017-06-13T09:38:35","guid":{"rendered":"http:\/\/www.firstcisl.it\/milanometropoli\/?page_id=521"},"modified":"2026-01-19T19:25:10","modified_gmt":"2026-01-19T18:25:10","slug":"chi-siamo","status":"publish","type":"page","link":"https:\/\/www.firstcisl.it\/milanometropoli\/chi-siamo\/","title":{"rendered":"Chi siamo"},"content":{"rendered":"<section class=\"wpb-content-wrapper\"><p>[vc_row][vc_column][vc_single_image image=&#8221;487&#8243; img_size=&#8221;large&#8221;][vc_column_text css_animation=&#8221;appear&#8221;]<\/p>\n<p dir=\"ltr\">First Milano Metropoli di Milano metropoli \u00e8 l&#8217;associazione di categoria \u00a0aderente alla CISL che rappresenta e tutela i lavoratori delle aziende bancarie, assicurative, esattoriali e finanziarie del territorio provinciale di Milano metropoli e che pone alla base del suo impegno la solidariet\u00e0, il pluralismo e la partecipazione dei suoi iscritti.<\/p>\n<p dir=\"ltr\"><span style=\"color: #0000ff\"><strong>SEGRETERIA<\/strong><\/span><\/p>\n<p><strong>Marco Berselli<\/strong> \u2013 Segretario Generale<\/p>\n<p><strong>Maddalena Acquaviti<\/strong> \u2013 Segretaria<\/p>\n<p><strong>Vittorio Penzo<\/strong><span style=\"float: none;background-color: #ffffff;color: #333333;cursor: text;font-family: Georgia,'Times New Roman','Bitstream Charter',Times,serif;font-size: 16px;font-style: normal;font-variant: normal;font-weight: 400;letter-spacing: normal;text-align: left;text-decoration: none;text-indent: 0px;text-transform: none\"> \u2013 Segretario generale aggiunto<\/span><\/p>\n<p>&nbsp;<\/p>\n<p><strong><span style=\"color: #ff00ff\">Qualche cenno<\/span><\/strong><\/p>\n<p style=\"font-weight: 400\"><strong>Marco Berselli<\/strong>:<em>\u00a0\u201cMilanese da generazioni, laureato in giurisprudenza, dipendente Unicredit, prima Credito Italiano. Esperto di prodotti derivati, da sempre convinto di dare un senso \u201csociale\u201d alla propria vita. Primo percorso sindacale in Unicredit come segretario di gruppo e componente (fondatore) del Comitato Aziendale Europeo di Unicredit (presidente dal 2011 al 2013). In seguito ad avvicendamenti nella First (allora Fiba) di Unicredit, assumo due deleghe nazionali su CartaSi e Mediobanca, che mi consentono di vivere una straordinaria esperienza umana. Poi l\u2019ingresso nella segreteria territoriale di Milano della First Cisl, della quale nel\u00a0settembre\u00a02018, prendo la responsabilit\u00e0 di segretario generale che ricopro tuttora.\u201d<\/em><\/p>\n<p style=\"font-weight: 400\"><strong>Maddalena Acquaviti<\/strong>: \u201c<em>N<\/em><em>ata in Puglia qualche anno fa vivo, ormai dal 1999, a Milano, citt\u00e0 che amo e che mi ha sempre fatta sentire accolta, a casa. Dopo una laurea in matematica ho iniziato a lavorare nel settore bancario nell\u2019area IT prima come consulente nel gruppo Intesa e, dal 2001, come dipendente in Fineco Bank. Sono sindacalista da circa 20 anni. Ho iniziato come RSA della mia azienda di cui sono poi diventata segretaria responsabile (e lo sono tuttora). Fino al 2019 ho ricoperto il ruolo di segretaria del Gruppo UniCredit. <\/em><em>Dal\u00a0settembre\u00a02019\u00a0sono segretaria territoriale di First Milano Metropoli. In Segreteria, tra le altre cose, mi occupo di comunicazione, di welfare, di politiche di parit\u00e0 e di innovazione tecnologica.<\/em>\u201d<\/p>\n<p style=\"font-weight: 400\"><strong>Vittorio Penzo<\/strong>: \u201c<em>Ho iniziato la mia esperienza nel mondo assicurativo come operatore call center in una societ\u00e0 di servizi della galassia di Generali. Con gli anni ho abbandonato le cuffie per intraprendere l&#8217;esperienza nella liquidazione sinistri per la compagnia Generali Italia. Dal 2006 ho iniziato la mia attivit\u00e0 sindacale in Fiba Cisl poi diventata First Cisl. Sono fermamente convinto che passione, coerenza e trasparenza, debbano essere alla base dell&#8217;attivit\u00e0 sindacale, poich\u00e9 senza di esse non pu\u00f2 esistere una squadra coesa ed efficiente.<\/em>\u201d<\/p>\n<p style=\"font-weight: 400\"><strong>Gaetano Soresini<\/strong> &#8211; responsabile organizzativo e amministrativo:\u00a0<em>\u201cAssunto in Banca Popolare Di Abbiategrasso nel\u00a0giugno\u00a01987, eletto Rsa\u00a0e componente della Segreteria di Coordinamento in BPA nel 1999 dopo le fusioni con Banca Agricola Mantovana e successivamente Monte dei Paschi di Siena. A seguito della cessione di ramo d&#8217;azienda da MPS, entro in Fruendo srl ( Gruppo Accenture ), azienda\u00a0 in cui sono stato eletto Segretario Responsabile per First Cisl ( e lo sono tuttora).\u00a0 Sul territorio ho ricoperto la carica di Segretario Generale del territoriale Legnano\/Magenta\u00a0sino alla fusione con il territorio di Milano e relativa costituzione del territoriale First Cisl Milano Metropoli, successivamente coordinatore della zona di Legnano ed\u00a0oggi\u00a0responsabile Organizzativo ed Amministrativo del territoriale.\u201d<\/em><\/p>\n<h3><\/h3>\n<p><strong><span style=\"color: #0000ff\"><a style=\"color: #0000ff\" href=\"https:\/\/gdpr.lombardia.cisl.it\/first-milano-metropoli\/\">Documentazione privacy<\/a><\/span><\/strong>[\/vc_column_text][\/vc_column][\/vc_row]<\/p>\n<div class=\"gsp_post_data\" \r\n\t            data-post_type=\"page\" \r\n\t            data-cat=\"\" \r\n\t            data-modified=\"120\"\r\n\t            data-created=\"1497353915\"\r\n\t            data-title=\"Chi siamo\" \r\n\t            data-home=\"https:\/\/www.firstcisl.it\/milanometropoli\"><\/div><\/section>","protected":false},"excerpt":{"rendered":"<p>[vc_row][vc_column][vc_single_image image=&#8221;487&#8243; img_size=&#8221;large&#8221;][vc_column_text css_animation=&#8221;appear&#8221;] First Milano Metropoli di Milano metropoli \u00e8 l&#8217;associazione di categoria \u00a0aderente alla CISL che rappresenta e tutela i lavoratori delle aziende bancarie, assicurative, esattoriali e finanziarie del territorio provinciale di Milano metropoli e che pone alla base del suo impegno la solidariet\u00e0, il pluralismo e la partecipazione dei suoi iscritti. SEGRETERIA [&hellip;]<\/p>\n","protected":false},"author":2,"featured_media":209,"parent":0,"menu_order":0,"comment_status":"closed","ping_status":"closed","template":"","meta":{"footnotes":""},"class_list":["post-521","page","type-page","status-publish","has-post-thumbnail","hentry"],"_links":{"self":[{"href":"https:\/\/www.firstcisl.it\/milanometropoli\/wp-json\/wp\/v2\/pages\/521","targetHints":{"allow":["GET"]}}],"collection":[{"href":"https:\/\/www.firstcisl.it\/milanometropoli\/wp-json\/wp\/v2\/pages"}],"about":[{"href":"https:\/\/www.firstcisl.it\/milanometropoli\/wp-json\/wp\/v2\/types\/page"}],"author":[{"embeddable":true,"href":"https:\/\/www.firstcisl.it\/milanometropoli\/wp-json\/wp\/v2\/users\/2"}],"replies":[{"embeddable":true,"href":"https:\/\/www.firstcisl.it\/milanometropoli\/wp-json\/wp\/v2\/comments?post=521"}],"version-history":[{"count":36,"href":"https:\/\/www.firstcisl.it\/milanometropoli\/wp-json\/wp\/v2\/pages\/521\/revisions"}],"predecessor-version":[{"id":3955,"href":"https:\/\/www.firstcisl.it\/milanometropoli\/wp-json\/wp\/v2\/pages\/521\/revisions\/3955"}],"wp:featuredmedia":[{"embeddable":true,"href":"https:\/\/www.firstcisl.it\/milanometropoli\/wp-json\/wp\/v2\/media\/209"}],"wp:attachment":[{"href":"https:\/\/www.firstcisl.it\/milanometropoli\/wp-json\/wp\/v2\/media?parent=521"}],"curies":[{"name":"wp","href":"https:\/\/api.w.org\/{rel}","templated":true}]}}