{"id":1214,"date":"2017-11-07T10:11:40","date_gmt":"2017-11-07T09:11:40","guid":{"rendered":"http:\/\/www.firstcisl.it\/marche\/?page_id=1214"},"modified":"2017-11-21T15:46:50","modified_gmt":"2017-11-21T14:46:50","slug":"il-patronato-inas","status":"publish","type":"page","link":"https:\/\/www.firstcisl.it\/marche\/home\/il-caf-e-patronato\/il-patronato-inas\/","title":{"rendered":"Il Patronato INAS"},"content":{"rendered":"<p><img loading=\"lazy\" decoding=\"async\" class=\"alignnone wp-image-1330\" src=\"https:\/\/www.firstcisl.it\/marche\/wp-content\/uploads\/sites\/38\/2017\/11\/INAS-300x138.png\" alt=\"\" width=\"209\" height=\"96\" srcset=\"https:\/\/www.firstcisl.it\/marche\/wp-content\/uploads\/sites\/38\/2017\/11\/INAS-300x138.png 300w, https:\/\/www.firstcisl.it\/marche\/wp-content\/uploads\/sites\/38\/2017\/11\/INAS-768x353.png 768w, https:\/\/www.firstcisl.it\/marche\/wp-content\/uploads\/sites\/38\/2017\/11\/INAS.png 1024w\" sizes=\"auto, (max-width: 209px) 100vw, 209px\" \/><\/p>\n<p>Agli inizi della nostra storia ci chiamavano gli &#8220;avvocati dei poveri&#8221;, per il nostro impegno nel garantire la tutela gratuita a chi non poteva permettersi di difendere i propri diritti a pagamento.<br \/>\n<strong>Assistere, tutelare, offrire consulenza a tutti i cittadini<\/strong>, dentro e fuori dal luogo di lavoro \u00e8 da sempre il nostro modo per declinare i valori di solidariet\u00e0 sociale su cui si fonda il sindacato di cui facciamo parte.<br \/>\nAbbiamo cominciato aiutando le\u00a0<strong>vittime di infortuni sul lavoro e malattie professionali<\/strong>, prendendo le loro difese per garantire un risarcimento equo al lavoratore e ai suoi familiari. Nel tempo, ci siamo dedicati ai diritti degli invalidi civili, delle donne lavoratrici e dei disoccupati, senza mai dimenticare i connazionali residenti all\u2019estero.<br \/>\nOggi anche la platea dei nostri utenti si \u00e8 ampliata, ma lo spirito che anima la nostra attivit\u00e0 non \u00e8 cambiato: la difesa e la promozione gratuita dei diritti sociali, in particolare del diritto alla salute, all\u2019assistenza, alla previdenza \u2013 dai quali dipende in larga misura la qualit\u00e0 del lavoro e della vita \u2013 rappresentano gli obiettivi primari del nostro operato.<br \/>\nPer questo, aiutiamo il cittadino a districarsi tra norme e iter burocratici\u00a0<strong>facendo da tramite con la pubblica amministrazione<\/strong>, attraverso il supporto professionale dei nostri operatori.<br \/>\nCon il mercato del lavoro che cambia, cambiano anche le tutele da garantire: la previdenza complementare ai giovani, i permessi di soggiorno agli immigrati o la prevenzione degli incidenti sul lavoro e delle malattie professionali, sono solo una parte di questi<strong>\u00a0<\/strong><strong>nuovi diritti<\/strong>. L\u2019Inas ha l\u2019obiettivo di difenderli, mettendo al centro la persona e i suoi bisogni, assistendola nell\u2019intero arco della vita: dalla ricerca di un impiego, passando per il lavoro, per arrivare alla pensione.<br \/>\nPer questo motivo, ogni anno milioni di persone frequentano la nostra rete di uffici ben radicata sul territorio in Italia e all&#8217;estero. Una rete composta da una &#8220;squadra&#8221; di tutto rispetto:\u00a0<strong>435<\/strong>\u00a0consulenti medico-legali, pi\u00f9 di\u00a0<strong>1.100<\/strong><strong>\u00a0<\/strong>operatori nel nostro Paese e\u00a0<strong>130<\/strong>\u00a0all\u2019estero, distribuiti su\u00a0<strong>21<\/strong><strong>\u00a0<\/strong>sedi regionali,\u00a0<strong>116<\/strong>\u00a0territoriali,\u00a0<strong>650<\/strong>\u00a0uffici zonali, migliaia di recapiti e\u00a0<strong>100<\/strong>\u00a0sedi nei Paesi europei ed extra Ue.<br \/>\n<strong>I nostri compiti<\/strong>\u00a0si collocano tra i diritti costituzionali dei lavoratori, delineati nell\u2019<strong>articolo 38 della Costituzione italiana<\/strong>. La nostra attivit\u00e0 \u00e8 regolata dalla<strong>\u00a0<\/strong><strong>legge di riforma degli istituti di patronato<\/strong><strong>\u00a0<\/strong>(legge n. 152 del 30 marzo 2001) ed \u00e8 sottoposta a verifica del ministero del Lavoro.<\/p>\n<h3>I servizi del Patronato:<\/h3>\n<ul>\n<li>Pensioni &#8211; <a href=\"http:\/\/www.inas.it\/categorie.php?categoria=1\">http:\/\/www.inas.it\/categorie.php?categoria=1<\/a><\/li>\n<li>Contributi &#8211; <a href=\"http:\/\/www.inas.it\/categorie.php?categoria=2\">http:\/\/www.inas.it\/categorie.php?categoria=2<\/a><\/li>\n<li>Ammortizzatori sociali &#8211; <a href=\"http:\/\/www.inas.it\/categorie.php?categoria=3\">http:\/\/www.inas.it\/categorie.php?categoria=3<\/a><\/li>\n<li>Famiglia &#8211; <a href=\"http:\/\/www.inas.it\/categorie.php?categoria=4\">http:\/\/www.inas.it\/categorie.php?categoria=4<\/a><\/li>\n<li>Infortuni e malattie professionali &#8211; <a href=\"http:\/\/www.inas.it\/categorie.php?categoria=5\">http:\/\/www.inas.it\/categorie.php?categoria=5<\/a><\/li>\n<li>Mobbing &#8211; <a href=\"http:\/\/www.inas.it\/categorie.php?categoria=6\">http:\/\/www.inas.it\/categorie.php?categoria=6<\/a><\/li>\n<li>Disabilit\u00e0 &#8211; <a href=\"http:\/\/www.inas.it\/categorie.php?categoria=7\">http:\/\/www.inas.it\/categorie.php?categoria=7<\/a><\/li>\n<li>Salute &#8211; <a href=\"http:\/\/www.inas.it\/categorie.php?categoria=8\">http:\/\/www.inas.it\/categorie.php?categoria=8<\/a><\/li>\n<li>Pubblico impiego &#8211; <a href=\"http:\/\/www.inas.it\/categorie.php?categoria=9\">http:\/\/www.inas.it\/categorie.php?categoria=9<\/a><\/li>\n<li>Previdenza complementare &#8211; <a href=\"http:\/\/www.inas.it\/categorie.php?categoria=10\">http:\/\/www.inas.it\/categorie.php?categoria=10<\/a><\/li>\n<li>Previdenza internazionale &#8211; <a href=\"http:\/\/www.inas.it\/categorie.php?categoria=11\">http:\/\/www.inas.it\/categorie.php?categoria=11<\/a><\/li>\n<li>Immigrati &#8211; <a href=\"http:\/\/www.inas.it\/categorie.php?categoria=14\">http:\/\/www.inas.it\/categorie.php?categoria=14<\/a><\/li>\n<li>Maternit\u00e0\/paternit\u00e0 &#8211; <a href=\"http:\/\/www.inas.it\/categorie.php?categoria=32\">http:\/\/www.inas.it\/categorie.php?categoria=32<\/a><\/li>\n<\/ul>\n<h3><\/h3>\n<h3>Le sedi INAS nelle Marche:<\/h3>\n<p><strong>Ancona:<\/strong><br \/>\nPiazza Medaglie d&#8217;Oro n. 12\u00a0\u00a0\u00a0\u00a0\u00a0\u00a0\u00a0\u00a0\u00a0\u00a0\u00a0\u00a0\u00a0\u00a0\u00a0\u00a0\u00a0 tel.\u00a0\u00a0\u00a0\u00a0\u00a0 071 2802322<\/p>\n<p><strong>Ascoli Piceno:<\/strong><br \/>\nC.so Vittorio Emanuele, 37\u00a0 \u00a0 \u00a0 \u00a0 \u00a0 \u00a0 \u00a0 \u00a0 \u00a0 \u00a0 tel.\u00a0\u00a0\u00a0\u00a0\u00a0 0736 252551<\/p>\n<p><strong>Macerata:<\/strong><br \/>\nVia Valenti, 27\/35\u00a0 \u00a0 \u00a0 \u00a0 \u00a0 \u00a0 \u00a0 \u00a0 \u00a0 \u00a0 \u00a0 \u00a0 \u00a0 \u00a0 \u00a0 \u00a0 \u00a0 \u00a0 tel. \u00a0\u00a0\u00a0\u00a0 0733 4075263<\/p>\n<p><strong>Pesaro:<\/strong><br \/>\nVia porta Rimini, 11\u00a0\u00a0\u00a0\u00a0\u00a0\u00a0\u00a0\u00a0\u00a0\u00a0\u00a0\u00a0\u00a0\u00a0\u00a0\u00a0\u00a0\u00a0\u00a0\u00a0\u00a0\u00a0\u00a0\u00a0\u00a0\u00a0\u00a0\u00a0\u00a0\u00a0\u00a0\u00a0 tel.\u00a0 \u00a0 \u00a00721 32794\/35523<\/p>\n<div class=\"gsp_post_data\" \r\n\t            data-post_type=\"page\" \r\n\t            data-cat=\"\" \r\n\t            data-modified=\"120\"\r\n\t            data-created=\"1510049500\"\r\n\t            data-title=\"Il Patronato INAS\" \r\n\t            data-home=\"https:\/\/www.firstcisl.it\/marche\"><\/div>","protected":false},"excerpt":{"rendered":"<p>Agli inizi della nostra storia ci chiamavano gli &#8220;avvocati dei poveri&#8221;, per il nostro impegno nel garantire la tutela gratuita a chi non poteva permettersi di difendere i propri diritti a pagamento. Assistere, tutelare, offrire consulenza a tutti i cittadini, dentro e fuori dal luogo di lavoro \u00e8 da sempre il nostro modo per declinare [&hellip;]<\/p>\n","protected":false},"author":2,"featured_media":0,"parent":1212,"menu_order":0,"comment_status":"closed","ping_status":"closed","template":"","meta":{"footnotes":""},"class_list":["post-1214","page","type-page","status-publish","hentry"],"_links":{"self":[{"href":"https:\/\/www.firstcisl.it\/marche\/wp-json\/wp\/v2\/pages\/1214","targetHints":{"allow":["GET"]}}],"collection":[{"href":"https:\/\/www.firstcisl.it\/marche\/wp-json\/wp\/v2\/pages"}],"about":[{"href":"https:\/\/www.firstcisl.it\/marche\/wp-json\/wp\/v2\/types\/page"}],"author":[{"embeddable":true,"href":"https:\/\/www.firstcisl.it\/marche\/wp-json\/wp\/v2\/users\/2"}],"replies":[{"embeddable":true,"href":"https:\/\/www.firstcisl.it\/marche\/wp-json\/wp\/v2\/comments?post=1214"}],"version-history":[{"count":12,"href":"https:\/\/www.firstcisl.it\/marche\/wp-json\/wp\/v2\/pages\/1214\/revisions"}],"predecessor-version":[{"id":1340,"href":"https:\/\/www.firstcisl.it\/marche\/wp-json\/wp\/v2\/pages\/1214\/revisions\/1340"}],"up":[{"embeddable":true,"href":"https:\/\/www.firstcisl.it\/marche\/wp-json\/wp\/v2\/pages\/1212"}],"wp:attachment":[{"href":"https:\/\/www.firstcisl.it\/marche\/wp-json\/wp\/v2\/media?parent=1214"}],"curies":[{"name":"wp","href":"https:\/\/api.w.org\/{rel}","templated":true}]}}