{"id":1208,"date":"2017-11-07T10:07:00","date_gmt":"2017-11-07T09:07:00","guid":{"rendered":"http:\/\/www.firstcisl.it\/marche\/?page_id=1208"},"modified":"2017-11-21T15:26:11","modified_gmt":"2017-11-21T14:26:11","slug":"caf","status":"publish","type":"page","link":"https:\/\/www.firstcisl.it\/marche\/home\/il-caf-e-patronato\/caf\/","title":{"rendered":"CAF"},"content":{"rendered":"<h2>Cosa \u00e8 il CAF CISL<\/h2>\n<p><img loading=\"lazy\" decoding=\"async\" class=\"alignnone wp-image-1320\" src=\"https:\/\/www.firstcisl.it\/marche\/wp-content\/uploads\/sites\/38\/2017\/11\/CAF.jpg\" alt=\"\" width=\"176\" height=\"153\" \/><br \/>\nLa Cisl ritiene da sempre che una maggiore equit\u00e0 e giustizia fiscale e sociale passi attraverso un effettivo superamento dell&#8217;estraneit\u00e0 dei cittadini verso le istituzioni.<br \/>\nIn quest&#8217;ottica, il Caf Cisl \u00e8 costantemente impegnato nel favorire la semplificazione e il miglioramento del rapporto tra cittadino e Pubblica Amministrazione.<br \/>\nPonendosi come <em>ponte<\/em> tra le due realt\u00e0, il Caf Cisl fornisce a iscritti, lavoratori e pensionati assistenza e consulenza personalizzata e qualificata nel campo fiscale e delle agevolazioni sociali.<br \/>\nNato nel 1993, il Caf Cisl ha aumentato costantemente il numero di pratiche trattate, fino ad arrivare ai 5 milioni di pratiche gestite nell&#8217;ultimo anno.<\/p>\n<h3><strong>Le sedi Cisl in provincia di Ancona<\/strong><\/h3>\n<p><strong>Ancona\u00a0<\/strong>\u00a0 \u00a0 \u00a0 \u00a0 \u00a0 \u00a0 \u00a0 \u00a0 \u00a0 \u00a0 \u00a0 \u00a0 \u00a0 \u00a0 \u00a0 \u00a0 \u00a0 \u00a0 \u00a0 \u00a0 \u00a0 \u00a0 \u00a0 Via Saracini, 42\u00a0\u00a0\u00a0\u00a0\u00a0\u00a0\u00a0\u00a0\u00a0\u00a0\u00a0\u00a0\u00a0\u00a0\u00a0\u00a0\u00a0\u00a0\u00a0\u00a0\u00a0\u00a0\u00a0\u00a0\u00a0\u00a0\u00a0\u00a0\u00a0 tel. \u00a0\u00a0\u00a0\u00a0 071 43934<br \/>\n<strong>Chiaravalle<\/strong>\u00a0 \u00a0 \u00a0 \u00a0 \u00a0 \u00a0 \u00a0 \u00a0 \u00a0 \u00a0 \u00a0 \u00a0 \u00a0 \u00a0 \u00a0 \u00a0 \u00a0 \u00a0 \u00a0 \u00a0 \u00a0Via Abbazia, 9\u00a0\u00a0\u00a0\u00a0\u00a0\u00a0\u00a0\u00a0\u00a0\u00a0\u00a0\u00a0\u00a0\u00a0\u00a0\u00a0\u00a0\u00a0\u00a0\u00a0\u00a0\u00a0\u00a0\u00a0\u00a0\u00a0\u00a0\u00a0\u00a0\u00a0\u00a0 tel.\u00a0\u00a0\u00a0\u00a0\u00a0 071 744992<br \/>\n<strong>Fabriano\u00a0<\/strong>\u00a0 \u00a0 \u00a0 \u00a0 \u00a0 \u00a0 \u00a0 \u00a0 \u00a0 \u00a0 \u00a0 \u00a0 \u00a0 \u00a0 \u00a0 \u00a0 \u00a0 \u00a0 \u00a0 \u00a0 \u00a0 \u00a0 Via De Gasperi, 50\u00a0 \u00a0 \u00a0 \u00a0 \u00a0 \u00a0 \u00a0 \u00a0 \u00a0 \u00a0 \u00a0 \u00a0 \u00a0tel.\u00a0\u00a0\u00a0\u00a0\u00a0 0732 22564<br \/>\n<strong>Falconara M.ma<\/strong>\u00a0 \u00a0 \u00a0 \u00a0 \u00a0 \u00a0 \u00a0 \u00a0 \u00a0 \u00a0 \u00a0 \u00a0 \u00a0 \u00a0 \u00a0 \u00a0 Via Baldelli, 23\u00a0 \u00a0 \u00a0 \u00a0 \u00a0 \u00a0 \u00a0 \u00a0 \u00a0 \u00a0 \u00a0 \u00a0 \u00a0 \u00a0 \u00a0 \u00a0tel. \u00a0\u00a0\u00a0\u00a0 071 9170536<br \/>\n<strong>Filottrano<\/strong>\u00a0 \u00a0 \u00a0 \u00a0 \u00a0 \u00a0 \u00a0 \u00a0 \u00a0 \u00a0 \u00a0 \u00a0 \u00a0 \u00a0 \u00a0 \u00a0 \u00a0 \u00a0 \u00a0 \u00a0 \u00a0 \u00a0 Via Roma, 12\u00a0 \u00a0 \u00a0 \u00a0 \u00a0 \u00a0 \u00a0 \u00a0 \u00a0 \u00a0 \u00a0 \u00a0 \u00a0 \u00a0 \u00a0 \u00a0 \u00a0tel. \u00a0\u00a0\u00a0\u00a0 071 7223296<br \/>\n<strong>Jesi\u00a0<\/strong>\u00a0 \u00a0 \u00a0 \u00a0 \u00a0 \u00a0 \u00a0 \u00a0 \u00a0 \u00a0 \u00a0 \u00a0 \u00a0 \u00a0 \u00a0 \u00a0 \u00a0 \u00a0 \u00a0 \u00a0 \u00a0 \u00a0 \u00a0 \u00a0 \u00a0 \u00a0 \u00a0Via Gallodoro, 66ter\/c\u00a0\u00a0\u00a0\u00a0\u00a0\u00a0\u00a0\u00a0\u00a0\u00a0\u00a0\u00a0\u00a0\u00a0\u00a0\u00a0 tel.\u00a0\u00a0\u00a0\u00a0\u00a0 0731 209321<br \/>\n<strong>Osimo\u00a0\u00a0<\/strong>\u00a0 \u00a0 \u00a0 \u00a0 \u00a0 \u00a0 \u00a0 \u00a0 \u00a0 \u00a0 \u00a0 \u00a0 \u00a0 \u00a0 \u00a0 \u00a0 \u00a0 \u00a0 \u00a0 \u00a0 \u00a0 \u00a0 \u00a0 \u00a0 Piazza Dante, 6 \u2013 Pal. Gallo\u00a0 \u00a0 \u00a0 \u00a0tel.\u00a0\u00a0\u00a0\u00a0\u00a0 071 7131397<br \/>\n<strong>Senigallia\u00a0<\/strong>\u00a0 \u00a0 \u00a0 \u00a0 \u00a0 \u00a0 \u00a0 \u00a0 \u00a0 \u00a0 \u00a0 \u00a0 \u00a0 \u00a0 \u00a0 \u00a0 \u00a0 \u00a0 \u00a0 \u00a0 \u00a0 \u00a0Via Montenero, 6\u00a0 \u00a0 \u00a0 \u00a0 \u00a0 \u00a0 \u00a0 \u00a0 \u00a0 \u00a0 \u00a0 \u00a0 \u00a0 tel.\u00a0\u00a0\u00a0\u00a0\u00a0 071 64470<\/p>\n<h3><strong>Le sedi Cisl in provincia di Ascoli Piceno<\/strong><\/h3>\n<p><strong>Ascoli Piceno\u00a0\u00a0\u00a0<\/strong>\u00a0 \u00a0 \u00a0 \u00a0 \u00a0 \u00a0 \u00a0 \u00a0 \u00a0 \u00a0 \u00a0 \u00a0 \u00a0 \u00a0 \u00a0 \u00a0 \u00a0 \u00a0C.so Vittorio Emanuele, 37\u00a0\u00a0\u00a0\u00a0\u00a0\u00a0\u00a0\u00a0 tel.\u00a0\u00a0\u00a0\u00a0\u00a0 0736 24951<br \/>\n<strong>Fermo<\/strong>\u00a0 \u00a0 \u00a0 \u00a0 \u00a0 \u00a0 \u00a0 \u00a0 \u00a0 \u00a0 \u00a0 \u00a0 \u00a0 \u00a0 \u00a0 \u00a0 \u00a0 \u00a0 \u00a0 \u00a0 \u00a0 \u00a0 \u00a0 \u00a0 \u00a0 \u00a0Via S. Alessandro, 3\u00a0 \u00a0 \u00a0 \u00a0 \u00a0 \u00a0 \u00a0 \u00a0 \u00a0 \u00a0 \u00a0tel. \u00a0\u00a0\u00a0\u00a0 0734 60961<br \/>\n<strong>Monte Urano\u00a0<\/strong>\u00a0 \u00a0 \u00a0 \u00a0 \u00a0 \u00a0 \u00a0 \u00a0 \u00a0 \u00a0 \u00a0 \u00a0 \u00a0 \u00a0 \u00a0 \u00a0 \u00a0 \u00a0 \u00a0 Via Colombo, 34\u00a0 \u00a0 \u00a0 \u00a0 \u00a0 \u00a0 \u00a0 \u00a0 \u00a0 \u00a0 \u00a0 \u00a0 \u00a0 \u00a0tel.\u00a0\u00a0\u00a0\u00a0\u00a0 0734 840568<br \/>\n<strong>Montegiorgio\u00a0<\/strong>\u00a0 \u00a0 \u00a0 \u00a0 \u00a0 \u00a0 \u00a0 \u00a0 \u00a0 \u00a0 \u00a0 \u00a0 \u00a0 \u00a0 \u00a0 \u00a0 \u00a0 \u00a0 \u00a0Via Faleriense est, 12\u00a0 \u00a0 \u00a0 \u00a0 \u00a0 \u00a0 \u00a0 \u00a0 \u00a0 tel. \u00a0\u00a0\u00a0\u00a0 0734 967391<br \/>\n<strong>Montegranaro<\/strong>\u00a0 \u00a0 \u00a0 \u00a0 \u00a0 \u00a0 \u00a0 \u00a0 \u00a0 \u00a0 \u00a0 \u00a0 \u00a0 \u00a0 \u00a0 \u00a0 \u00a0 \u00a0 \u00a0Via Zaccagnini, 128\u00a0 \u00a0 \u00a0 \u00a0 \u00a0 \u00a0 \u00a0 \u00a0 \u00a0 \u00a0 \u00a0tel.\u00a0\u00a0\u00a0\u00a0\u00a0 0734 890975<br \/>\n<strong>Monteprandone <\/strong>(loc.Centobuchi)\u00a0<strong> \u00a0<\/strong>Via Dei Tigli, 2\u00a0 \u00a0 \u00a0 \u00a0 \u00a0 \u00a0 \u00a0 \u00a0 \u00a0 \u00a0 \u00a0 \u00a0 \u00a0 \u00a0 \u00a0 \u00a0tel.\u00a0\u00a0\u00a0\u00a0\u00a0 0735 705473<br \/>\n<strong>Porto San Giorgio<\/strong>\u00a0 \u00a0 \u00a0 \u00a0 \u00a0 \u00a0 \u00a0 \u00a0 \u00a0 \u00a0 \u00a0 \u00a0 \u00a0 \u00a0 \u00a0 Viale dei Pini, 168\u00a0 \u00a0 \u00a0 \u00a0 \u00a0 \u00a0 \u00a0 \u00a0 \u00a0 \u00a0 \u00a0 \u00a0 \u00a0tel.\u00a0\u00a0\u00a0\u00a0\u00a0 0734 672603<br \/>\n<strong>Porto Sant&#8217;Elpidio\u00a0<\/strong>\u00a0 \u00a0 \u00a0 \u00a0 \u00a0 \u00a0 \u00a0 \u00a0 \u00a0 \u00a0 \u00a0 \u00a0 \u00a0 \u00a0 \u00a0Via San Francesco, 116\u00a0 \u00a0 \u00a0 \u00a0 \u00a0 \u00a0 \u00a0 tel.\u00a0\u00a0\u00a0\u00a0\u00a0 0734 909019<br \/>\n<strong>San Benedetto del T.<\/strong>\u00a0 \u00a0 \u00a0 \u00a0 \u00a0 \u00a0 \u00a0 \u00a0 \u00a0 \u00a0 \u00a0 \u00a0 \u00a0 Piazza Nardone, 23\u00a0 \u00a0 \u00a0 \u00a0 \u00a0 \u00a0 \u00a0 \u00a0 \u00a0 \u00a0 \u00a0tel. \u00a0\u00a0\u00a0\u00a0 0735 581934<\/p>\n<h3><strong>Le sedi Cisl in provincia di Macerata<\/strong><\/h3>\n<p><strong>Macerata<\/strong>\u00a0 \u00a0 \u00a0 \u00a0 \u00a0 \u00a0 \u00a0 \u00a0 \u00a0 \u00a0 \u00a0 \u00a0 \u00a0 \u00a0 \u00a0 \u00a0 \u00a0 \u00a0 \u00a0 \u00a0 \u00a0 \u00a0 \u00a0 Via Ghino Valenti, 27\/35\u00a0 \u00a0 \u00a0 \u00a0 \u00a0 \u00a0 \u00a0tel.\u00a0\u00a0\u00a0\u00a0\u00a0 0733 4075256<br \/>\n<strong>Matelica\u00a0<\/strong>\u00a0 \u00a0 \u00a0 \u00a0 \u00a0 \u00a0 \u00a0 \u00a0 \u00a0 \u00a0 \u00a0 \u00a0 \u00a0 \u00a0 \u00a0 \u00a0 \u00a0 \u00a0 \u00a0 \u00a0 \u00a0 \u00a0 \u00a0 Via Alcide De Gasperi, 141\u00a0\u00a0\u00a0\u00a0\u00a0\u00a0\u00a0\u00a0\u00a0 tel.\u00a0\u00a0\u00a0\u00a0\u00a0 0737 84943<br \/>\n<strong>Recanati\u00a0<\/strong>\u00a0 \u00a0 \u00a0 \u00a0 \u00a0 \u00a0 \u00a0 \u00a0 \u00a0 \u00a0 \u00a0 \u00a0 \u00a0 \u00a0 \u00a0 \u00a0 \u00a0 \u00a0 \u00a0 \u00a0 \u00a0 \u00a0 \u00a0 Via Mattei sn\u00a0 \u00a0 \u00a0 \u00a0 \u00a0 \u00a0 \u00a0 \u00a0 \u00a0 \u00a0 \u00a0 \u00a0 \u00a0 \u00a0 \u00a0 \u00a0 \u00a0tel.\u00a0\u00a0\u00a0\u00a0\u00a0 071 982631<br \/>\n<strong>Tolentino\u00a0\u00a0<\/strong>\u00a0 \u00a0 \u00a0 \u00a0 \u00a0 \u00a0 \u00a0 \u00a0 \u00a0 \u00a0 \u00a0 \u00a0 \u00a0 \u00a0 \u00a0 \u00a0 \u00a0 \u00a0 \u00a0 \u00a0 \u00a0 \u00a0 Via Benaducci, 14\u00a0 \u00a0 \u00a0 \u00a0 \u00a0 \u00a0 \u00a0 \u00a0 \u00a0 \u00a0 \u00a0 \u00a0 \u00a0tel.\u00a0\u00a0\u00a0\u00a0\u00a0 0733 973351<\/p>\n<h3><strong>Le sedi Cisl in provincia di Pesaro e Urbino<\/strong><\/h3>\n<p><strong>Pesaro\u00a0\u00a0\u00a0<\/strong>\u00a0 \u00a0 \u00a0 \u00a0 \u00a0 \u00a0 \u00a0 \u00a0 \u00a0 \u00a0 \u00a0 \u00a0 \u00a0 \u00a0 \u00a0 \u00a0 \u00a0 \u00a0 \u00a0 \u00a0 \u00a0 \u00a0 \u00a0 \u00a0Via Porta Rimini, 4\u00a0 \u00a0 \u00a0 \u00a0 \u00a0 \u00a0 \u00a0 \u00a0 \u00a0 \u00a0 \u00a0 \u00a0 tel.\u00a0\u00a0\u00a0\u00a0\u00a0 0721 638101<br \/>\n<strong>Cagli<\/strong>\u00a0 \u00a0 \u00a0 \u00a0 \u00a0 \u00a0 \u00a0 \u00a0 \u00a0 \u00a0 \u00a0 \u00a0 \u00a0 \u00a0 \u00a0 \u00a0 \u00a0 \u00a0 \u00a0 \u00a0 \u00a0 \u00a0 \u00a0 \u00a0 \u00a0 \u00a0 \u00a0Via del Torrione, 8\u00a0\u00a0\u00a0\u00a0\u00a0\u00a0\u00a0\u00a0\u00a0\u00a0\u00a0\u00a0\u00a0\u00a0\u00a0\u00a0\u00a0\u00a0\u00a0\u00a0\u00a0\u00a0\u00a0\u00a0 tel. \u00a0\u00a0\u00a0\u00a0 0721 781158<br \/>\n<strong>Fano\u00a0\u00a0\u00a0<\/strong>\u00a0 \u00a0 \u00a0 \u00a0 \u00a0 \u00a0 \u00a0 \u00a0 \u00a0 \u00a0 \u00a0 \u00a0 \u00a0 \u00a0 \u00a0 \u00a0 \u00a0 \u00a0 \u00a0 \u00a0 \u00a0 \u00a0 \u00a0 \u00a0 \u00a0 \u00a0Via Garibaldi, 69\u00a0 \u00a0 \u00a0 \u00a0 \u00a0 \u00a0 \u00a0 \u00a0 \u00a0 \u00a0 \u00a0 \u00a0 \u00a0 \u00a0 tel. \u00a0\u00a0\u00a0\u00a0 0721 805151<br \/>\n<strong>Fermignano<\/strong>\u00a0 \u00a0 \u00a0 \u00a0 \u00a0 \u00a0 \u00a0 \u00a0 \u00a0 \u00a0 \u00a0 \u00a0 \u00a0 \u00a0 \u00a0 \u00a0 \u00a0 \u00a0 \u00a0 \u00a0 \u00a0Piazza Giovanni XXIII, 2\u00a0 \u00a0 \u00a0 \u00a0 \u00a0 \u00a0 \u00a0 \u00a0tel.\u00a0\u00a0\u00a0\u00a0\u00a0 0722 332505<br \/>\n<strong>Fossombrone\u00a0\u00a0\u00a0\u00a0<\/strong>\u00a0 \u00a0 \u00a0 \u00a0 \u00a0 \u00a0 \u00a0 \u00a0 \u00a0 \u00a0 \u00a0 \u00a0 \u00a0 \u00a0 \u00a0 \u00a0 \u00a0 Piazza Mercato, 16\u00a0 \u00a0 \u00a0 \u00a0 \u00a0 \u00a0 \u00a0 \u00a0 \u00a0 \u00a0 \u00a0 \u00a0tel.\u00a0\u00a0\u00a0\u00a0\u00a0 0721 714845<br \/>\n<strong>Macerata Feltria\u00a0\u00a0<\/strong>\u00a0 \u00a0 \u00a0 \u00a0 \u00a0 \u00a0 \u00a0 \u00a0 \u00a0 \u00a0 \u00a0 \u00a0 \u00a0 \u00a0 \u00a0 \u00a0Via Antimi, 13\u00a0 \u00a0 \u00a0 \u00a0 \u00a0 \u00a0 \u00a0 \u00a0 \u00a0 \u00a0 \u00a0 \u00a0 \u00a0 \u00a0 \u00a0 \u00a0 tel.\u00a0\u00a0\u00a0\u00a0\u00a0 0722 74391<br \/>\n<strong>Mondolfo\u00a0\u00a0<\/strong>\u00a0 \u00a0 \u00a0 \u00a0 \u00a0 \u00a0 \u00a0 \u00a0 \u00a0 \u00a0 \u00a0 \u00a0 \u00a0 \u00a0 \u00a0 \u00a0 \u00a0 \u00a0 \u00a0 \u00a0 \u00a0 \u00a0Via Cavour, 7\u00a0\u00a0\u00a0\u00a0\u00a0\u00a0\u00a0\u00a0\u00a0\u00a0\u00a0\u00a0\u00a0\u00a0\u00a0\u00a0\u00a0\u00a0\u00a0\u00a0\u00a0\u00a0\u00a0\u00a0\u00a0\u00a0\u00a0\u00a0\u00a0\u00a0\u00a0\u00a0\u00a0 tel. \u00a0\u00a0\u00a0\u00a0 0721 957502<br \/>\n<strong>Mondolfo <\/strong>(zonaMarotta)\u00a0 \u00a0 \u00a0 \u00a0 \u00a0 \u00a0 \u00a0 \u00a0 \u00a0 \u00a0Via Litoranea, 154\/9\u00a0 \u00a0 \u00a0 \u00a0 \u00a0 \u00a0 \u00a0 \u00a0 \u00a0 \u00a0 tel.\u00a0\u00a0\u00a0\u00a0\u00a0 0721 961079<br \/>\n<strong>Novafeltria\u00a0\u00a0\u00a0<\/strong>\u00a0 \u00a0 \u00a0 \u00a0 \u00a0 \u00a0 \u00a0 \u00a0 \u00a0 \u00a0 \u00a0 \u00a0 \u00a0 \u00a0 \u00a0 \u00a0 \u00a0 \u00a0 \u00a0 \u00a0 Piazza Roma, 22\u00a0 \u00a0 \u00a0 \u00a0 \u00a0 \u00a0 \u00a0 \u00a0 \u00a0 \u00a0 \u00a0 \u00a0 \u00a0 tel. \u00a0\u00a0\u00a0\u00a0 0541 920869<br \/>\n<strong>Pergola\u00a0<\/strong>\u00a0 \u00a0 \u00a0 \u00a0 \u00a0 \u00a0 \u00a0 \u00a0 \u00a0 \u00a0 \u00a0 \u00a0 \u00a0 \u00a0 \u00a0 \u00a0 \u00a0 \u00a0 \u00a0 \u00a0 \u00a0 \u00a0 \u00a0 \u00a0 Via Martiri della Libert\u00e0, 17\u00a0 \u00a0 \u00a0 \u00a0 tel. \u00a0\u00a0\u00a0\u00a0 0721 735915<br \/>\n<strong>Saltara\u00a0<\/strong>\u00a0 \u00a0 \u00a0 \u00a0 \u00a0 \u00a0 \u00a0 \u00a0 \u00a0 \u00a0 \u00a0 \u00a0 \u00a0 \u00a0 \u00a0 \u00a0 \u00a0 \u00a0 \u00a0 \u00a0 \u00a0 \u00a0 \u00a0 \u00a0 \u00a0Via De Amicis, 2\u00a0 \u00a0 \u00a0 \u00a0 \u00a0 \u00a0 \u00a0 \u00a0 \u00a0 \u00a0 \u00a0 \u00a0 \u00a0 \u00a0 tel.\u00a0\u00a0\u00a0\u00a0\u00a0 0721 894274<br \/>\n<strong>Sant&#8217;Angelo in Lizzola\u00a0<\/strong>\u00a0 \u00a0 \u00a0 \u00a0 \u00a0 \u00a0 \u00a0 \u00a0 \u00a0 \u00a0 \u00a0 Via della libert\u00e0, 12A\u00a0\u00a0\u00a0\u00a0\u00a0\u00a0\u00a0\u00a0\u00a0\u00a0\u00a0\u00a0\u00a0\u00a0\u00a0\u00a0\u00a0\u00a0\u00a0 tel.\u00a0\u00a0\u00a0\u00a0\u00a0 0721 498446<br \/>\n<strong>Urbania<\/strong>\u00a0 \u00a0 \u00a0 \u00a0 \u00a0 \u00a0 \u00a0 \u00a0 \u00a0 \u00a0 \u00a0 \u00a0 \u00a0 \u00a0 \u00a0 \u00a0 \u00a0 \u00a0 \u00a0 \u00a0 \u00a0 \u00a0 \u00a0 \u00a0 \u00a0Via Castel Durante, 6\u00a0\u00a0\u00a0\u00a0\u00a0\u00a0\u00a0\u00a0\u00a0\u00a0\u00a0\u00a0\u00a0\u00a0\u00a0\u00a0\u00a0\u00a0 tel.\u00a0\u00a0\u00a0\u00a0\u00a0 0722 319607<br \/>\n<strong>Urbino\u00a0\u00a0<\/strong>\u00a0 \u00a0 \u00a0 \u00a0 \u00a0 \u00a0 \u00a0 \u00a0 \u00a0 \u00a0 \u00a0 \u00a0 \u00a0 \u00a0 \u00a0 \u00a0 \u00a0 \u00a0 \u00a0 \u00a0 \u00a0 \u00a0 \u00a0 \u00a0 \u00a0Via Battista Sforza, 50\u00a0\u00a0\u00a0\u00a0\u00a0\u00a0\u00a0\u00a0\u00a0\u00a0\u00a0\u00a0\u00a0\u00a0\u00a0\u00a0 tel.\u00a0\u00a0\u00a0\u00a0\u00a0 0722 4866\u00a0\u00a0\u00a0\u00a0<strong>\u00a0 <\/strong><\/p>\n<div class=\"gsp_post_data\" \r\n\t            data-post_type=\"page\" \r\n\t            data-cat=\"\" \r\n\t            data-modified=\"120\"\r\n\t            data-created=\"1510049220\"\r\n\t            data-title=\"CAF\" \r\n\t            data-home=\"https:\/\/www.firstcisl.it\/marche\"><\/div>","protected":false},"excerpt":{"rendered":"<p>Cosa \u00e8 il CAF CISL La Cisl ritiene da sempre che una maggiore equit\u00e0 e giustizia fiscale e sociale passi attraverso un effettivo superamento dell&#8217;estraneit\u00e0 dei cittadini verso le istituzioni. In quest&#8217;ottica, il Caf Cisl \u00e8 costantemente impegnato nel favorire la semplificazione e il miglioramento del rapporto tra cittadino e Pubblica Amministrazione. Ponendosi come ponte [&hellip;]<\/p>\n","protected":false},"author":2,"featured_media":0,"parent":1212,"menu_order":0,"comment_status":"closed","ping_status":"closed","template":"","meta":{"footnotes":""},"class_list":["post-1208","page","type-page","status-publish","hentry"],"_links":{"self":[{"href":"https:\/\/www.firstcisl.it\/marche\/wp-json\/wp\/v2\/pages\/1208","targetHints":{"allow":["GET"]}}],"collection":[{"href":"https:\/\/www.firstcisl.it\/marche\/wp-json\/wp\/v2\/pages"}],"about":[{"href":"https:\/\/www.firstcisl.it\/marche\/wp-json\/wp\/v2\/types\/page"}],"author":[{"embeddable":true,"href":"https:\/\/www.firstcisl.it\/marche\/wp-json\/wp\/v2\/users\/2"}],"replies":[{"embeddable":true,"href":"https:\/\/www.firstcisl.it\/marche\/wp-json\/wp\/v2\/comments?post=1208"}],"version-history":[{"count":49,"href":"https:\/\/www.firstcisl.it\/marche\/wp-json\/wp\/v2\/pages\/1208\/revisions"}],"predecessor-version":[{"id":1323,"href":"https:\/\/www.firstcisl.it\/marche\/wp-json\/wp\/v2\/pages\/1208\/revisions\/1323"}],"up":[{"embeddable":true,"href":"https:\/\/www.firstcisl.it\/marche\/wp-json\/wp\/v2\/pages\/1212"}],"wp:attachment":[{"href":"https:\/\/www.firstcisl.it\/marche\/wp-json\/wp\/v2\/media?parent=1208"}],"curies":[{"name":"wp","href":"https:\/\/api.w.org\/{rel}","templated":true}]}}