{"id":640,"date":"2017-07-18T11:25:21","date_gmt":"2017-07-18T09:25:21","guid":{"rendered":"http:\/\/www.firstcisl.it\/liguria\/?page_id=640"},"modified":"2020-02-25T11:08:20","modified_gmt":"2020-02-25T10:08:20","slug":"e-n-b-ass","status":"publish","type":"page","link":"https:\/\/www.firstcisl.it\/liguria\/home\/e-n-b-ass\/","title":{"rendered":"E.N.B.Ass."},"content":{"rendered":"<h3><a href=\"https:\/\/www.enbass.it\/\" target=\"_blank\" rel=\"noopener noreferrer\">Accedi a E.N.B.Ass.<\/a><\/h3>\n<p>&nbsp;<\/p>\n<h3 id=\"parent-fieldname-description\" class=\"documentDescription\">Ente Nazionale Bilaterale del Settore delle Agenzie di Assicurazione<\/h3>\n<h3><\/h3>\n<p class=\"documentDescription\">Questa pagina \u00e8 per rendere pi\u00f9 visibile ed anche di pi\u00f9 facile consultazione quanto realizzato dall&#8217;E.N.B.Ass. a favore dei Dipendenti dell&#8217;Appalto.<\/p>\n<div id=\"content-core\">\n<div id=\"parent-fieldname-text-79595b79ac324b34ac9bfb1fee6da90b\" class=\"\">\n<p>Ecco il primo risultato:<\/p>\n<h3>La cassa sanitaria per i dipendenti di agenzia il cui costo, per i lavoratovi, \u00e8 di 1 Euro per 12 mensilit\u00e0.<\/h3>\n<h3>La convenzione \u00e8 stata stipulata dall&#8217;E.N.B.Ass. con RBM Salute<\/h3>\n<p>Qui di seguito le condizioni di polizza ed i massimali della Copertura Sanitaria Cassa RBM Salute per E.N.B.Ass. per il rimborso delle spese mediche da malattia e da infortunio per i Dipendenti delle Agenzie di Assicurazione.Le coperture sono molteplici e vanno dalle prestazioni ospedaliere a quelle extraospedaliere comprendenti anche il &#8220;pacchetto Maternit\u00e0&#8221;, la diagnostica, le prestazioni Odontoiatriche,\u00a0 fisioterapiche, le visite specialistiche ed altro.<\/p>\n<p>All&#8217;interno della polizza troverete tutte le casistiche, i massimali, gli scoperti e le franchigie.<\/p>\n<p><strong><a href=\"http:\/\/www.enbass.it\/images\/ENBASSpolizza-dipendenti-agenzie.pdf\" target=\"_blank\" rel=\"noopener noreferrer\">ENBASS &#8211; Polizza Dipendenti Agenzie di Assicurazione<\/a><\/strong><\/p>\n<p>Il lavoratore, per fruire delle prestazioni di polizza in caso di infortunio o malattia, dovr\u00e0 accedere al sito\u00a0<a href=\"http:\/\/www.cassarbmsalute.it\/\" target=\"_blank\" rel=\"noopener noreferrer\">http:\/\/www.cassarbmsalute.it\/<\/a> registrarsi ed accedere all\u2019AREA ISCRITTO dove potr\u00e0 trovare tutte le informazioni utili.<\/p>\n<p>In caso di difficolt\u00e0 in fase di registrazione, il lavoratore potr\u00e0 scrivere all\u2019indirizzo e-mail <a href=\"mailto:assistenza@rbmsalute.it\">assistenza@rbmsalute.it<\/a>.<b><\/b><\/p>\n<\/div>\n<\/div>\n<div class=\"gsp_post_data\" \r\n\t            data-post_type=\"page\" \r\n\t            data-cat=\"\" \r\n\t            data-modified=\"120\"\r\n\t            data-created=\"1500377121\"\r\n\t            data-title=\"E.N.B.Ass.\" \r\n\t            data-home=\"https:\/\/www.firstcisl.it\/liguria\"><\/div>","protected":false},"excerpt":{"rendered":"<p>Accedi a E.N.B.Ass. &nbsp; Ente Nazionale Bilaterale del Settore delle Agenzie di Assicurazione Questa pagina \u00e8 per rendere pi\u00f9 visibile ed anche di pi\u00f9 facile consultazione quanto realizzato dall&#8217;E.N.B.Ass. a favore dei Dipendenti dell&#8217;Appalto. Ecco il primo risultato: La cassa sanitaria per i dipendenti di agenzia il cui costo, per i lavoratovi, \u00e8 di 1 [&hellip;]<\/p>\n","protected":false},"author":58,"featured_media":0,"parent":16,"menu_order":0,"comment_status":"closed","ping_status":"closed","template":"","meta":{"footnotes":""},"class_list":["post-640","page","type-page","status-publish","hentry"],"_links":{"self":[{"href":"https:\/\/www.firstcisl.it\/liguria\/wp-json\/wp\/v2\/pages\/640","targetHints":{"allow":["GET"]}}],"collection":[{"href":"https:\/\/www.firstcisl.it\/liguria\/wp-json\/wp\/v2\/pages"}],"about":[{"href":"https:\/\/www.firstcisl.it\/liguria\/wp-json\/wp\/v2\/types\/page"}],"author":[{"embeddable":true,"href":"https:\/\/www.firstcisl.it\/liguria\/wp-json\/wp\/v2\/users\/58"}],"replies":[{"embeddable":true,"href":"https:\/\/www.firstcisl.it\/liguria\/wp-json\/wp\/v2\/comments?post=640"}],"version-history":[{"count":12,"href":"https:\/\/www.firstcisl.it\/liguria\/wp-json\/wp\/v2\/pages\/640\/revisions"}],"predecessor-version":[{"id":1015,"href":"https:\/\/www.firstcisl.it\/liguria\/wp-json\/wp\/v2\/pages\/640\/revisions\/1015"}],"up":[{"embeddable":true,"href":"https:\/\/www.firstcisl.it\/liguria\/wp-json\/wp\/v2\/pages\/16"}],"wp:attachment":[{"href":"https:\/\/www.firstcisl.it\/liguria\/wp-json\/wp\/v2\/media?parent=640"}],"curies":[{"name":"wp","href":"https:\/\/api.w.org\/{rel}","templated":true}]}}