{"id":4,"date":"2017-02-02T17:02:09","date_gmt":"2017-02-02T16:02:09","guid":{"rendered":"http:\/\/www.firstcisl.it\/liguria\/?page_id=4"},"modified":"2025-05-05T17:56:55","modified_gmt":"2025-05-05T15:56:55","slug":"chi-siamo","status":"publish","type":"page","link":"https:\/\/www.firstcisl.it\/liguria\/home\/chi-siamo\/","title":{"rendered":"Chi siamo"},"content":{"rendered":"<h2><img loading=\"lazy\" decoding=\"async\" class=\"alignnone wp-image-1618\" src=\"https:\/\/www.firstcisl.it\/liguria\/wp-content\/uploads\/sites\/33\/2025\/03\/tempImageaRWLjv-300x225.jpg\" alt=\"\" width=\"476\" height=\"357\" srcset=\"https:\/\/www.firstcisl.it\/liguria\/wp-content\/uploads\/sites\/33\/2025\/03\/tempImageaRWLjv-300x225.jpg 300w, https:\/\/www.firstcisl.it\/liguria\/wp-content\/uploads\/sites\/33\/2025\/03\/tempImageaRWLjv-1024x768.jpg 1024w, https:\/\/www.firstcisl.it\/liguria\/wp-content\/uploads\/sites\/33\/2025\/03\/tempImageaRWLjv-768x576.jpg 768w, https:\/\/www.firstcisl.it\/liguria\/wp-content\/uploads\/sites\/33\/2025\/03\/tempImageaRWLjv-1536x1152.jpg 1536w, https:\/\/www.firstcisl.it\/liguria\/wp-content\/uploads\/sites\/33\/2025\/03\/tempImageaRWLjv-120x90.jpg 120w, https:\/\/www.firstcisl.it\/liguria\/wp-content\/uploads\/sites\/33\/2025\/03\/tempImageaRWLjv.jpg 2048w\" sizes=\"auto, (max-width: 476px) 100vw, 476px\" \/><\/h2>\n<h2>Segreteria Regionale First Cisl Liguria<\/h2>\n<p>Piazza Campetto, 7\/8 \u2013 16123 Genova<br \/>\n<a href=\"mailto:liguria@firstcisl.it\" target=\"_blank\" rel=\"noopener noreferrer\">liguria@firstcisl.it<\/a><br \/>\nTel. 010 247 6117<br \/>\nFax: 010 246 9304<\/p>\n<p><strong>Fabrizio Mattioli<\/strong> \u2013 Segretario Generale<br \/>\nCell. 339 787 1408<\/p>\n<p><strong>Paola Garbarino<\/strong> &#8211; Segretaria<br \/>\nCell. 380 7841513<\/p>\n<p><strong>Lucia Migliavacca<\/strong>\u00a0\u2013 Segretaria<br \/>\nCell. 349 8341315<\/p>\n<p><strong>La Segreteria \u00e8 aperta dal marted\u00ec al gioved\u00ec dalle 9 alle 13<\/strong><\/p>\n<h3><a href=\"https:\/\/www.firstcisl.it\/liguria\/home\/chi-siamo\/comitato-esecutivo-regionale\/\" target=\"_blank\" rel=\"noopener noreferrer\">Comitato Esecutivo Regionale<\/a><\/h3>\n<h3><a href=\"https:\/\/www.firstcisl.it\/liguria\/home\/chi-siamo\/consiglio-generale-regionale\/\" target=\"_blank\" rel=\"noopener noreferrer\">Consiglio Generale Regionale<\/a><\/h3>\n<h3><a href=\"https:\/\/www.firstcisl.it\/liguria\/home\/chi-siamo\/coordinamenti-di-zona\/\" target=\"_blank\" rel=\"noopener noreferrer\">Coordinamenti di Zona<\/a><\/h3>\n<h3><a href=\"https:\/\/www.firstcisl.it\/liguria\/home\/chi-siamo\/collegio-dei-sindaci\/\">Comitato dei Sindaci<\/a><\/h3>\n<h3><a href=\"https:\/\/www.firstcisl.it\/liguria\/home\/chi-siamo\/home-chi-siamo-amministrazione-trasparente\/\" target=\"_blank\" rel=\"noopener noreferrer\">Amministrazione trasparente<\/a><\/h3>\n<p>&nbsp;<\/p>\n<div class=\"gsp_post_data\" \r\n\t            data-post_type=\"page\" \r\n\t            data-cat=\"\" \r\n\t            data-modified=\"120\"\r\n\t            data-created=\"1486054929\"\r\n\t            data-title=\"Chi siamo\" \r\n\t            data-home=\"https:\/\/www.firstcisl.it\/liguria\"><\/div>","protected":false},"excerpt":{"rendered":"<p>Segreteria Regionale First Cisl Liguria Piazza Campetto, 7\/8 \u2013 16123 Genova liguria@firstcisl.it Tel. 010 247 6117 Fax: 010 246 9304 Fabrizio Mattioli \u2013 Segretario Generale Cell. 339 787 1408 Paola Garbarino &#8211; Segretaria Cell. 380 7841513 Lucia Migliavacca\u00a0\u2013 Segretaria Cell. 349 8341315 La Segreteria \u00e8 aperta dal marted\u00ec al gioved\u00ec dalle 9 alle 13 Comitato [&hellip;]<\/p>\n","protected":false},"author":1,"featured_media":1618,"parent":16,"menu_order":0,"comment_status":"closed","ping_status":"closed","template":"","meta":{"footnotes":""},"class_list":["post-4","page","type-page","status-publish","has-post-thumbnail","hentry"],"_links":{"self":[{"href":"https:\/\/www.firstcisl.it\/liguria\/wp-json\/wp\/v2\/pages\/4","targetHints":{"allow":["GET"]}}],"collection":[{"href":"https:\/\/www.firstcisl.it\/liguria\/wp-json\/wp\/v2\/pages"}],"about":[{"href":"https:\/\/www.firstcisl.it\/liguria\/wp-json\/wp\/v2\/types\/page"}],"author":[{"embeddable":true,"href":"https:\/\/www.firstcisl.it\/liguria\/wp-json\/wp\/v2\/users\/1"}],"replies":[{"embeddable":true,"href":"https:\/\/www.firstcisl.it\/liguria\/wp-json\/wp\/v2\/comments?post=4"}],"version-history":[{"count":42,"href":"https:\/\/www.firstcisl.it\/liguria\/wp-json\/wp\/v2\/pages\/4\/revisions"}],"predecessor-version":[{"id":1642,"href":"https:\/\/www.firstcisl.it\/liguria\/wp-json\/wp\/v2\/pages\/4\/revisions\/1642"}],"up":[{"embeddable":true,"href":"https:\/\/www.firstcisl.it\/liguria\/wp-json\/wp\/v2\/pages\/16"}],"wp:featuredmedia":[{"embeddable":true,"href":"https:\/\/www.firstcisl.it\/liguria\/wp-json\/wp\/v2\/media\/1618"}],"wp:attachment":[{"href":"https:\/\/www.firstcisl.it\/liguria\/wp-json\/wp\/v2\/media?parent=4"}],"curies":[{"name":"wp","href":"https:\/\/api.w.org\/{rel}","templated":true}]}}