{"id":1051,"date":"2020-02-25T15:03:18","date_gmt":"2020-02-25T14:03:18","guid":{"rendered":"https:\/\/www.firstcisl.it\/liguria\/?page_id=1051"},"modified":"2020-02-25T15:25:44","modified_gmt":"2020-02-25T14:25:44","slug":"aletheia","status":"publish","type":"page","link":"https:\/\/www.firstcisl.it\/liguria\/home\/convenzioni-2\/aletheia\/","title":{"rendered":"Aletheia"},"content":{"rendered":"<p><strong>Aletheia holding srl<\/strong> \u00e8 una Societ\u00e0 di servizi nata nel 2013, di propriet\u00e0 100% della <strong>Fondazione First Cisl<\/strong> e che ha come missione l\u2019erogazione di servizi e prodotti.<br \/>\nOpera direttamente per la collocazione di prodotti assicurativi attraverso le due societ\u00e0 controllate: <strong>Aletheia Assicurazioni S.r.l.<\/strong> e <strong>Alth Insurance S.r.l.<\/strong>, entrambe con sede in con sede in Via Tevere 20 a Roma.<br \/>\n<strong>Aletheia holding<\/strong> \u00e8 la societ\u00e0 di servizi che gestisce questo sito web, con il quale ci proponiamo verso il mondo dell\u2019associazionismo e delle professioni per offrire prodotti e servizi di alta qualit\u00e0 e fortemente competitivi, con la massima attenzione alle esigenze delle varie realt\u00e0 associative.<br \/>\nIn materia di Privacy, <strong>Aletheia Assicurazioni S.r.l.<\/strong> e <strong>Alth Insurance S.r.l.<\/strong> hanno designato un Responsabile della protezione dei dati personali, in attuazione del Regolamento UE 679\/2016, con il compito di monitorare e assistere i Titolari ed i Responsabili del trattamento nel garantire l\u2019osservanza delle norme ed il rispetto dei diritti degli interessati.<\/p>\n<p>Il Responsabile della protezione dati (RPD, o DPO) \u00e8 contattabile all\u2019indirizzo <strong><a href=\"mailto:dpo.aletheia@aletheiaservizi.it\" target=\"_blank\" rel=\"noopener noreferrer\">dpo.aletheia@aletheiaservizi.it<\/a><\/strong><\/p>\n<h3><strong>Polizze e servizi gratuiti per gli iscritti First Cisl:<\/strong><\/h3>\n<p><strong><a href=\"https:\/\/aletheiastore.it\/polizza-r-c-t-capofamiglia\/\" target=\"_blank\" rel=\"noopener noreferrer\">polizza R.C.T. capofamiglia<\/a><\/strong><br \/>\n<strong><a href=\"https:\/\/aletheiastore.it\/polizza-tutela-legale\/\" target=\"_blank\" rel=\"noopener noreferrer\">polizza tutela legale vita privata<\/a><\/strong><br \/>\n<strong><a href=\"https:\/\/aletheiastore.it\/polizza-infortuni-gratuita\/\" target=\"_blank\" rel=\"noopener noreferrer\">polizza infortuni gratuita<\/a><\/strong><br \/>\n<strong><a href=\"https:\/\/aletheiastore.it\/copertura-gratuita-rc-professionale\/\" target=\"_blank\" rel=\"noopener noreferrer\">convenzione legale gratuita polizze professionali<\/a><\/strong><\/p>\n<h3><\/h3>\n<h3><strong>Polizze professionali:<\/strong><\/h3>\n<p><strong><a href=\"https:\/\/aletheiastore.it\/polizza-integrata\/\" target=\"_blank\" rel=\"noopener noreferrer\">polizza integrata professionale e cassieri<\/a><\/strong><br \/>\n<strong><a href=\"https:\/\/aletheiastore.it\/polizza-r-c-professionale\/\" target=\"_blank\" rel=\"noopener noreferrer\">polizza R.C. professionale<\/a><\/strong><br \/>\n<strong><a href=\"https:\/\/aletheiastore.it\/polizza-r-c-cassieri\/\" target=\"_blank\" rel=\"noopener noreferrer\">polizza R.C. cassieri<\/a><\/strong><\/p>\n<p>&nbsp;<\/p>\n<h3>\u2026\u2026. Ed inoltre in <a href=\"https:\/\/aletheiastore.it\/\" target=\"_blank\" rel=\"noopener noreferrer\"><strong>Aletheia Store<\/strong><\/a><\/h3>\n<p>Troverete molte proposte per il vostro tempo libero a prezzi scontati:<br \/>\nParchi<br \/>\nAcquario di Genova<br \/>\nCinecitt\u00e0 World<br \/>\nGardaland Park<br \/>\nRainbow Magicland<br \/>\nSigurt\u00e0<\/p>\n<p>Cinema: THE SPACE CINEMA (il grande cinema ad un prezzo mini)<br \/>\nViaggi: EASYNITE (Mare e Tour)<\/p>\n<div class=\"gsp_post_data\" \r\n\t            data-post_type=\"page\" \r\n\t            data-cat=\"\" \r\n\t            data-modified=\"120\"\r\n\t            data-created=\"1582642998\"\r\n\t            data-title=\"Aletheia\" \r\n\t            data-home=\"https:\/\/www.firstcisl.it\/liguria\"><\/div>","protected":false},"excerpt":{"rendered":"<p>Aletheia holding srl \u00e8 una Societ\u00e0 di servizi nata nel 2013, di propriet\u00e0 100% della Fondazione First Cisl e che ha come missione l\u2019erogazione di servizi e prodotti. Opera direttamente per la collocazione di prodotti assicurativi attraverso le due societ\u00e0 controllate: Aletheia Assicurazioni S.r.l. e Alth Insurance S.r.l., entrambe con sede in con sede in [&hellip;]<\/p>\n","protected":false},"author":58,"featured_media":0,"parent":1045,"menu_order":0,"comment_status":"closed","ping_status":"closed","template":"","meta":{"footnotes":""},"class_list":["post-1051","page","type-page","status-publish","hentry"],"_links":{"self":[{"href":"https:\/\/www.firstcisl.it\/liguria\/wp-json\/wp\/v2\/pages\/1051","targetHints":{"allow":["GET"]}}],"collection":[{"href":"https:\/\/www.firstcisl.it\/liguria\/wp-json\/wp\/v2\/pages"}],"about":[{"href":"https:\/\/www.firstcisl.it\/liguria\/wp-json\/wp\/v2\/types\/page"}],"author":[{"embeddable":true,"href":"https:\/\/www.firstcisl.it\/liguria\/wp-json\/wp\/v2\/users\/58"}],"replies":[{"embeddable":true,"href":"https:\/\/www.firstcisl.it\/liguria\/wp-json\/wp\/v2\/comments?post=1051"}],"version-history":[{"count":7,"href":"https:\/\/www.firstcisl.it\/liguria\/wp-json\/wp\/v2\/pages\/1051\/revisions"}],"predecessor-version":[{"id":1066,"href":"https:\/\/www.firstcisl.it\/liguria\/wp-json\/wp\/v2\/pages\/1051\/revisions\/1066"}],"up":[{"embeddable":true,"href":"https:\/\/www.firstcisl.it\/liguria\/wp-json\/wp\/v2\/pages\/1045"}],"wp:attachment":[{"href":"https:\/\/www.firstcisl.it\/liguria\/wp-json\/wp\/v2\/media?parent=1051"}],"curies":[{"name":"wp","href":"https:\/\/api.w.org\/{rel}","templated":true}]}}