{"id":816,"date":"2017-05-18T13:01:55","date_gmt":"2017-05-18T11:01:55","guid":{"rendered":"http:\/\/www.firstcisl.it\/romaelazio\/?page_id=816"},"modified":"2021-07-08T15:39:08","modified_gmt":"2021-07-08T13:39:08","slug":"il-patronato-inas","status":"publish","type":"page","link":"https:\/\/www.firstcisl.it\/lazio\/home\/caf-e-patronato-2\/il-patronato-inas\/","title":{"rendered":"IL Patronato INAS"},"content":{"rendered":"<h2>IL PATRONATO INAS<\/h2>\n<p>Agli inizi della nostra storia ci chiamavano gli &#8220;avvocati dei poveri&#8221;, per il nostro impegno nel garantire la tutela gratuita a chi non poteva permettersi di difendere i propri diritti a pagamento.<br \/>\n<strong>Assistere, tutelare, offrire consulenza a tutti i cittadini<\/strong>, dentro e fuori dal luogo di lavoro \u00e8 da sempre il nostro modo per declinare i valori di solidariet\u00e0 sociale su cui si fonda il sindacato di cui facciamo parte.<br \/>\nAbbiamo cominciato aiutando le\u00a0<strong>vittime di infortuni sul lavoro e malattie professionali<\/strong>, prendendo le loro difese per garantire un risarcimento equo al lavoratore e ai suoi familiari. Nel tempo, ci siamo dedicati ai diritti degli invalidi civili, delle donne lavoratrici e dei disoccupati, senza mai dimenticare i connazionali residenti all\u2019estero.<br \/>\nOggi anche la platea dei nostri utenti si \u00e8 ampliata, ma lo spirito che anima la nostra attivit\u00e0 non \u00e8 cambiato: la difesa e la promozione gratuita dei diritti sociali, in particolare del diritto alla salute, all\u2019assistenza, alla previdenza \u2013 dai quali dipende in larga misura la qualit\u00e0 del lavoro e della vita \u2013 rappresentano gli obiettivi primari del nostro operato.<br \/>\nPer questo, aiutiamo il cittadino a districarsi tra norme e iter burocratici\u00a0<strong>facendo da tramite con la pubblica amministrazione<\/strong>, attraverso il supporto professionale dei nostri operatori.<br \/>\nCon il mercato del lavoro che cambia, cambiano anche le tutele da garantire: la previdenza complementare ai giovani, i permessi di soggiorno agli immigrati o la prevenzione degli incidenti sul lavoro e delle malattie professionali, sono solo una parte di questi<strong>\u00a0<\/strong><strong>nuovi diritti<\/strong>. L\u2019Inas ha l\u2019obiettivo di difenderli, mettendo al centro la persona e i suoi bisogni, assistendola nell\u2019intero arco della vita: dalla ricerca di un impiego, passando per il lavoro, per arrivare alla pensione.<br \/>\nPer questo motivo, ogni anno milioni di persone frequentano la nostra rete di uffici ben radicata sul territorio in Italia e all&#8217;estero. Una rete composta da una &#8220;squadra&#8221; di tutto rispetto:\u00a0<strong>435<\/strong>\u00a0consulenti medico-legali, pi\u00f9 di\u00a0<strong>1.100<\/strong><strong>\u00a0<\/strong>operatori nel nostro Paese e\u00a0<strong>130<\/strong>\u00a0all\u2019estero, distribuiti su\u00a0<strong>21<\/strong><strong>\u00a0<\/strong>sedi regionali,\u00a0<strong>116<\/strong>\u00a0territoriali,\u00a0<strong>650<\/strong>\u00a0uffici zonali, migliaia di recapiti e\u00a0<strong>100<\/strong>\u00a0sedi nei Paesi europei ed extra Ue.<br \/>\n<strong>I nostri compiti<\/strong>\u00a0si collocano tra i diritti costituzionali dei lavoratori, delineati nell\u2019<strong>articolo 38 della Costituzione italiana<\/strong>. La nostra attivit\u00e0 \u00e8 regolata dalla<strong>\u00a0<\/strong><strong>legge di riforma degli istituti di patronato<\/strong><strong>\u00a0<\/strong>(legge n. 152 del 30 marzo 2001) ed \u00e8 sottoposta a verifica del ministero del Lavoro.<\/p>\n<h2>I SERVIZI DEL PATRONATO<\/h2>\n<ul>\n<li>Pensioni e contributi &#8211;\u00a0<a href=\"https:\/\/www.inas.it\/servizi-per-te\/pensioni-e-contributi\/\">https:\/\/www.inas.it\/servizi-per-te\/pensioni-e-contributi\/<\/a><\/li>\n<li>Sostegno al reddito &#8211;\u00a0<a href=\"https:\/\/www.inas.it\/servizi-per-te\/sostegno-al-reddito\/\">https:\/\/www.inas.it\/servizi-per-te\/sostegno-al-reddito\/<\/a><\/li>\n<li>Famiglia &#8211;\u00a0<a href=\"https:\/\/www.inas.it\/servizi-per-te\/famiglia\/\">https:\/\/www.inas.it\/servizi-per-te\/famiglia\/<\/a><\/li>\n<li>Infortuni, malattie e mobbing &#8211;\u00a0<a href=\"https:\/\/www.inas.it\/servizi-per-te\/infortuni-e-malattie-professionali-mobbing\">https:\/\/www.inas.it\/servizi-per-te\/infortuni-e-malattie-professionali-mobbing<\/a><\/li>\n<li>Invalidit\u00e0 e disabilit\u00e0 &#8211;\u00a0<a href=\"https:\/\/www.inas.it\/servizi-per-te\/invalidita-e-disabilita\/\">https:\/\/www.inas.it\/servizi-per-te\/invalidita-e-disabilita\/<\/a><\/li>\n<li>Previdenza complementare &#8211;\u00a0\u00a0<a href=\"https:\/\/www.inas.it\/servizi-per-te\/previdenza-complementare\/\">https:\/\/www.inas.it\/servizi-per-te\/previdenza-complementare\/<\/a><\/li>\n<li>Stranieri in Italia &#8211;\u00a0<a href=\"https:\/\/www.inas.it\/servizi-per-te\/stranieri-in-italia\/\">https:\/\/www.inas.it\/servizi-per-te\/stranieri-in-italia\/<\/a><\/li>\n<li>Vivere e lavorare all&#8217;estero &#8211;\u00a0<a href=\"https:\/\/www.inas.it\/servizi-per-te\/lavoro-estero\/\">https:\/\/www.inas.it\/servizi-per-te\/lavoro-estero\/<\/a><\/li>\n<\/ul>\n<div class=\"gsp_post_data\" \r\n\t            data-post_type=\"page\" \r\n\t            data-cat=\"\" \r\n\t            data-modified=\"120\"\r\n\t            data-created=\"1495112515\"\r\n\t            data-title=\"IL Patronato INAS\" \r\n\t            data-home=\"https:\/\/www.firstcisl.it\/lazio\"><\/div>","protected":false},"excerpt":{"rendered":"<p>IL PATRONATO INAS Agli inizi della nostra storia ci chiamavano gli &#8220;avvocati dei poveri&#8221;, per il nostro impegno nel garantire la tutela gratuita a chi non poteva permettersi di difendere i propri diritti a pagamento. Assistere, tutelare, offrire consulenza a tutti i cittadini, dentro e fuori dal luogo di lavoro \u00e8 da sempre il nostro [&hellip;]<\/p>\n","protected":false},"author":27,"featured_media":0,"parent":553,"menu_order":0,"comment_status":"closed","ping_status":"closed","template":"","meta":{"footnotes":""},"class_list":["post-816","page","type-page","status-publish","hentry"],"_links":{"self":[{"href":"https:\/\/www.firstcisl.it\/lazio\/wp-json\/wp\/v2\/pages\/816","targetHints":{"allow":["GET"]}}],"collection":[{"href":"https:\/\/www.firstcisl.it\/lazio\/wp-json\/wp\/v2\/pages"}],"about":[{"href":"https:\/\/www.firstcisl.it\/lazio\/wp-json\/wp\/v2\/types\/page"}],"author":[{"embeddable":true,"href":"https:\/\/www.firstcisl.it\/lazio\/wp-json\/wp\/v2\/users\/27"}],"replies":[{"embeddable":true,"href":"https:\/\/www.firstcisl.it\/lazio\/wp-json\/wp\/v2\/comments?post=816"}],"version-history":[{"count":10,"href":"https:\/\/www.firstcisl.it\/lazio\/wp-json\/wp\/v2\/pages\/816\/revisions"}],"predecessor-version":[{"id":2363,"href":"https:\/\/www.firstcisl.it\/lazio\/wp-json\/wp\/v2\/pages\/816\/revisions\/2363"}],"up":[{"embeddable":true,"href":"https:\/\/www.firstcisl.it\/lazio\/wp-json\/wp\/v2\/pages\/553"}],"wp:attachment":[{"href":"https:\/\/www.firstcisl.it\/lazio\/wp-json\/wp\/v2\/media?parent=816"}],"curies":[{"name":"wp","href":"https:\/\/api.w.org\/{rel}","templated":true}]}}