{"id":549,"date":"2017-05-10T11:31:08","date_gmt":"2017-05-10T09:31:08","guid":{"rendered":"http:\/\/www.firstcisl.it\/romaelazio\/?page_id=549"},"modified":"2017-05-18T13:54:38","modified_gmt":"2017-05-18T11:54:38","slug":"adiconsum-2","status":"publish","type":"page","link":"https:\/\/www.firstcisl.it\/lazio\/home\/adiconsum-2\/","title":{"rendered":"ADICONSUM"},"content":{"rendered":"<p><img loading=\"lazy\" decoding=\"async\" class=\"size-medium wp-image-826 alignleft\" src=\"https:\/\/www.firstcisl.it\/romaelazio\/wp-content\/uploads\/sites\/16\/2017\/05\/Fascia-alta_pagina-ISCRIVITI_17-300x98.png\" alt=\"\" width=\"300\" height=\"98\" srcset=\"https:\/\/www.firstcisl.it\/lazio\/wp-content\/uploads\/sites\/89\/2017\/05\/Fascia-alta_pagina-ISCRIVITI_17-300x98.png 300w, https:\/\/www.firstcisl.it\/lazio\/wp-content\/uploads\/sites\/89\/2017\/05\/Fascia-alta_pagina-ISCRIVITI_17.png 690w\" sizes=\"auto, (max-width: 300px) 100vw, 300px\" \/>Ti d\u00e0 diritto a :<\/p>\n<ul>\n<li>PRIMA Assistenza Telefonica da numero fisso al numero verde gratuito 800 89 41 91 e da cellulare chiamando il numero 0644170244 \u00a0* dal luned\u00ec al venerd\u00ec dalle ore 9 alle ore 18<\/li>\n<li>Newsletter Adiconsum<\/li>\n<li>Newsletter Centro europeo Consumatori<\/li>\n<li>Bimestrale &#8220;Usi e Consumi&#8221;<\/li>\n<\/ul>\n<p><i><span style=\"color: blue\">*In caso di assistenza pi\u00f9 approfondita o per avviare un reclamo verrai indirizzato alla sede territoriale Adiconsum pi\u00f9 vicina a te. Otterrai ci\u00f2 di cui hai bisogno versando un\u2019integrazione alla quota di iscrizione!<\/span><\/i><\/p>\n<p>Aderire ad ADICONSUM significa battersi insieme per un&#8217;Italia con meno disuguaglianze sociali e una maggiore difesa dei diritti dei consumatori, troppo spesso lesi da pubblicit\u00e0 ingannevoli, pratiche scorrette, raggiri e truffe.<\/p>\n<p><strong>Diventa Socio-amico di Adiconsum:<\/strong><\/p>\n<ul>\n<li>quota di iscrizione: \u20ac 5,00<\/li>\n<li>scadenza: 31 dicembre 2017<\/li>\n<\/ul>\n<p>Seleziona dalla cartina<a href=\"http:\/\/adiconsum.it\/chi_siamo\/dove.php\" target=\"_blank\" rel=\"noopener noreferrer\"><img loading=\"lazy\" decoding=\"async\" class=\"italia alignnone\" src=\"http:\/\/adiconsum.it\/img\/cartina_DOVE%20copia.png\" alt=\"\" width=\"68\" height=\"64\" \/><\/a> la sede Adiconsum pi\u00f9 vicina te!<\/p>\n<div class=\"gsp_post_data\" \r\n\t            data-post_type=\"page\" \r\n\t            data-cat=\"\" \r\n\t            data-modified=\"120\"\r\n\t            data-created=\"1494415868\"\r\n\t            data-title=\"ADICONSUM\" \r\n\t            data-home=\"https:\/\/www.firstcisl.it\/lazio\"><\/div>","protected":false},"excerpt":{"rendered":"<p>Ti d\u00e0 diritto a : PRIMA Assistenza Telefonica da numero fisso al numero verde gratuito 800 89 41 91 e da cellulare chiamando il numero 0644170244 \u00a0* dal luned\u00ec al venerd\u00ec dalle ore 9 alle ore 18 Newsletter Adiconsum Newsletter Centro europeo Consumatori Bimestrale &#8220;Usi e Consumi&#8221; *In caso di assistenza pi\u00f9 approfondita o per [&hellip;]<\/p>\n","protected":false},"author":8,"featured_media":0,"parent":16,"menu_order":0,"comment_status":"closed","ping_status":"closed","template":"","meta":{"footnotes":""},"class_list":["post-549","page","type-page","status-publish","hentry"],"_links":{"self":[{"href":"https:\/\/www.firstcisl.it\/lazio\/wp-json\/wp\/v2\/pages\/549","targetHints":{"allow":["GET"]}}],"collection":[{"href":"https:\/\/www.firstcisl.it\/lazio\/wp-json\/wp\/v2\/pages"}],"about":[{"href":"https:\/\/www.firstcisl.it\/lazio\/wp-json\/wp\/v2\/types\/page"}],"author":[{"embeddable":true,"href":"https:\/\/www.firstcisl.it\/lazio\/wp-json\/wp\/v2\/users\/8"}],"replies":[{"embeddable":true,"href":"https:\/\/www.firstcisl.it\/lazio\/wp-json\/wp\/v2\/comments?post=549"}],"version-history":[{"count":3,"href":"https:\/\/www.firstcisl.it\/lazio\/wp-json\/wp\/v2\/pages\/549\/revisions"}],"predecessor-version":[{"id":829,"href":"https:\/\/www.firstcisl.it\/lazio\/wp-json\/wp\/v2\/pages\/549\/revisions\/829"}],"up":[{"embeddable":true,"href":"https:\/\/www.firstcisl.it\/lazio\/wp-json\/wp\/v2\/pages\/16"}],"wp:attachment":[{"href":"https:\/\/www.firstcisl.it\/lazio\/wp-json\/wp\/v2\/media?parent=549"}],"curies":[{"name":"wp","href":"https:\/\/api.w.org\/{rel}","templated":true}]}}