{"id":229,"date":"2017-06-26T09:32:35","date_gmt":"2017-06-26T07:32:35","guid":{"rendered":"http:\/\/www.firstcisl.it\/gruppointesa\/?page_id=229"},"modified":"2026-04-07T12:29:19","modified_gmt":"2026-04-07T10:29:19","slug":"le_nostre_guide","status":"publish","type":"page","link":"https:\/\/www.firstcisl.it\/gruppointesa\/le_nostre_guide\/","title":{"rendered":"Le nostre guide pratiche"},"content":{"rendered":"<p><a href=\"https:\/\/intranet.firstcisl.it\/mediadms\/pdf\/web\/file_viewer.php?idfile=8589\">aprile 2026 &#8211; PVR 2025<\/a><\/p>\n<p><a href=\"https:\/\/intranet.firstcisl.it\/mediadms\/pdf\/web\/file_viewer.php?idfile=8580\">marzo 2026 &#8211; Check list: Uscite in esodo<\/a><\/p>\n<p><a href=\"https:\/\/intranet.firstcisl.it\/mediadms\/pdf\/web\/file_viewer.php?idfile=8578\">marzo 2026 &#8211; Check list: Genitorialit\u00e0<\/a><\/p>\n<p><a href=\"https:\/\/intranet.firstcisl.it\/mediadms\/pdf\/web\/file_viewer.php?idfile=8548\">febbraio 2026 &#8211; Maternit\u00e0 e paternit\u00e0<\/a><\/p>\n<p><a href=\"https:\/\/intranet.firstcisl.it\/mediadms\/pdf\/web\/file_viewer.php?idfile=8546\">febbraio 2026 &#8211; Fondo sanitario integrativo<\/a><\/p>\n<p><a href=\"https:\/\/intranet.firstcisl.it\/mediadms\/pdf\/web\/file_viewer.php?idfile=8502\">gennaio 2026 &#8211; Check list: Stage e Global Advisor<\/a><\/p>\n<p><a href=\"https:\/\/intranet.firstcisl.it\/mediadms\/pdf\/web\/file_viewer.php?idfile=8482\">gennaio 2026 &#8211; Personale in missione<\/a><\/p>\n<p><a href=\"https:\/\/intranet.firstcisl.it\/mediadms\/pdf\/web\/file_viewer.php?idfile=8421\">gennaio 2026 &#8211; Malattia e infortunio<\/a><\/p>\n<p><a href=\"https:\/\/intranet.firstcisl.it\/mediadms\/pdf\/web\/file_viewer.php?idfile=8420\">gennaio 2026 &#8211; Le polizze assicurative<\/a><\/p>\n<p><a href=\"https:\/\/intranet.firstcisl.it\/mediadms\/pdf\/web\/file_viewer.php?idfile=8494\">gennaio 2026 &#8211; Pillole di benvenuto<\/a><\/p>\n<p><a href=\"https:\/\/intranet.firstcisl.it\/mediadms\/pdf\/web\/file_viewer.php?idfile=8414\">gennaio 2026 &#8211; Buono pasto<\/a><\/p>\n<p><a href=\"https:\/\/intranet.firstcisl.it\/mediadms\/pdf\/web\/file_viewer.php?idfile=8491\">gennaio 2026 &#8211; Orario di lavoro e assenze<\/a><\/p>\n<p><a href=\"https:\/\/intranet.firstcisl.it\/mediadms\/pdf\/web\/file_viewer.php?idfile=8509\">gennaio 2026 &#8211; La formazione flessibile<\/a><\/p>\n<p><a href=\"https:\/\/intranet.firstcisl.it\/mediadms\/pdf\/web\/file_viewer.php?idfile=8409\">gennaio 2026 &#8211; Comprendere la busta paga<\/a><\/p>\n<p><a href=\"https:\/\/intranet.firstcisl.it\/mediadms\/pdf\/web\/file_viewer.php?idfile=8285\">ottobre 2025 &#8211; Check list caregiver<\/a><\/p>\n<p><a href=\"https:\/\/intranet.firstcisl.it\/mediadms\/pdf\/web\/file_viewer.php?idfile=8284\">ottobre 2025 &#8211; Check list: malattia invalidante<\/a><\/p>\n<p><a href=\"https:\/\/intranet.firstcisl.it\/mediadms\/pdf\/web\/file_viewer.php?idfile=7577\">aprile 2025 &#8211; PVR 2024<\/a><\/p>\n<p>gennaio 2025 &#8211; <a href=\"https:\/\/intranet.firstcisl.it\/mediadms\/pdf\/web\/file_viewer.php?idfile=7404\">Filiale digitale<\/a><\/p>\n<p>novembre 2024 &#8211; <a href=\"https:\/\/intranet.firstcisl.it\/mediadms\/pdf\/web\/file_viewer.php?idfile=7247\">Pensione ed esodo<\/a><\/p>\n<p>ottobre 2024 &#8211; <a href=\"https:\/\/intranet.firstcisl.it\/mediadms\/pdf\/web\/file_viewer.php?idfile=7174\"><strong>Qr code neoassunti<\/strong><\/a><\/p>\n<p>ottobre 2024 &#8211; <a href=\"https:\/\/intranet.firstcisl.it\/mediadms\/pdf\/web\/file_viewer.php?idfile=8268\">Global advisor<\/a><\/p>\n<p>aprile 2024 &#8211; <a href=\"https:\/\/intranet.firstcisl.it\/mediadms\/pdf\/web\/file_viewer.php?idfile=7151\"><strong>Il trasferimento del personale<\/strong><\/a><\/p>\n<p><a href=\"https:\/\/intranet.firstcisl.it\/mediadms\/pdf\/web\/file_viewer.php?idfile=6490\">14 settembre 2023 &#8211; I doveri del personale<\/a><\/p>\n<p>18 luglio 2023 &#8211; <a href=\"https:\/\/intranet.firstcisl.it\/mediadms\/pdf\/web\/file_viewer.php?idfile=6434\"><strong>Permessi congedi e aspettative<\/strong><\/a><\/p>\n<p>luglio 2023 &#8211; <a href=\"https:\/\/intranet.firstcisl.it\/mediadms\/pdf\/web\/file_viewer.php?idfile=6491\"><strong>Il lavoro flessibile<\/strong><\/a><\/p>\n<p>agosto 2022 &#8211;<a href=\"https:\/\/intranet.firstcisl.it\/mediadms\/pdf\/web\/file_viewer.php?idfile=5784\"><strong> Portatori di handicap<\/strong><\/a><\/p>\n<p>maggio 2022 &#8211; <strong><a href=\"https:\/\/intranet.firstcisl.it\/mediadms\/pdf\/web\/file_viewer.php?idfile=5526\" target=\"_blank\" rel=\"noopener noreferrer\">Permessi elettorali e cariche pubbliche<\/a><\/strong><\/p>\n<p>18 maggio 2022 &#8211; <strong><a href=\"https:\/\/intranet.firstcisl.it\/mediadms\/pdf\/web\/file_viewer.php?idfile=5460\" target=\"_blank\" rel=\"noopener noreferrer\">Lecoip 3.0<\/a><\/strong><\/p>\n<p>15 marzo 2022 &#8211; <strong><a href=\"https:\/\/intranet.firstcisl.it\/mediadms\/pdf\/web\/file_viewer.php?idfile=5272\" target=\"_blank\" rel=\"noopener noreferrer\">Ruoli e figure professionali<\/a><\/strong><\/p>\n<p>11 settembre 2021 &#8211; <strong><a href=\"https:\/\/intranet.firstcisl.it\/mediadms\/pdf\/web\/file_viewer.php?idfile=4740\" target=\"_blank\" rel=\"noopener noreferrer\">Vorrei sapere &#8211; Fondo ISP<\/a><\/strong><\/p>\n<p>novembre 2019 &#8211; <strong><a href=\"https:\/\/intranet.firstcisl.it\/mediadms\/pdf\/web\/file_viewer.php?idfile=2694\" target=\"_blank\" rel=\"noopener noreferrer\">SET = Sistema eccellenza tutela<\/a><\/strong><\/p>\n<p>ottobre 2019 &#8211; <a href=\"https:\/\/intranet.firstcisl.it\/mediadms\/pdf\/web\/file_viewer.php?idfile=2660\" target=\"_blank\" rel=\"noopener noreferrer\"><strong>La propria posizione previdenziale<\/strong><\/a><\/p>\n<p>luglio 2018 &#8211; <strong><a href=\"https:\/\/intranet.firstcisl.it\/mediadms\/pdf\/web\/file_viewer.php?idfile=1092\" target=\"_blank\" rel=\"noopener noreferrer\">Cassa di Previdenza Sanpaolo<\/a><\/strong><\/p>\n<p>luglio 2018 &#8211; <strong><a href=\"https:\/\/intranet.firstcisl.it\/mediadms\/pdf\/web\/file_viewer.php?idfile=1141\" target=\"_blank\" rel=\"noopener noreferrer\">Circolo Ricreativo &#8211; ALI<\/a><\/strong><\/p>\n<p>aprile 2018 &#8211; <strong><a href=\"https:\/\/intranet.firstcisl.it\/mediadms\/pdf\/web\/file_viewer.php?idfile=1082\" target=\"_blank\" rel=\"noopener noreferrer\">Premio variabile di risultato<\/a><\/strong><\/p>\n<p>aprile 2018 &#8211; <strong><a href=\"https:\/\/intranet.firstcisl.it\/mediadms\/pdf\/web\/file_viewer.php?idfile=1079\" target=\"_blank\" rel=\"noopener noreferrer\">Apparecchiature informatiche<\/a><\/strong><\/p>\n<p>novembre 2017 &#8211; <strong><a href=\"https:\/\/intranet.firstcisl.it\/mediadms\/pdf\/web\/file_viewer.php?idfile=1099\" target=\"_blank\" rel=\"noopener noreferrer\">Missioni e lavoro extra<\/a><\/strong><\/p>\n<p>ottobre 2017 &#8211; <strong><a href=\"https:\/\/intranet.firstcisl.it\/mediadms\/pdf\/web\/file_viewer.php?idfile=1084\" target=\"_blank\" rel=\"noopener noreferrer\">Inquadramenti per le filiali<\/a><\/strong><\/p>\n<p>giugno 2016 &#8211; <strong><a href=\"https:\/\/intranet.firstcisl.it\/mediadms\/pdf\/web\/file_viewer.php?idfile=1093\" target=\"_blank\" rel=\"noopener noreferrer\">Fondi aperti<\/a><\/strong><\/p>\n<p>marzo 2016 &#8211; <a href=\"https:\/\/intranet.firstcisl.it\/mediadms\/pdf\/web\/file_viewer.php?idfile=1094\" target=\"_blank\" rel=\"noopener noreferrer\"><strong>Ferie e dintorni<\/strong><\/a><\/p>\n<p>febbraio 2016 &#8211; <strong><a href=\"https:\/\/intranet.firstcisl.it\/mediadms\/pdf\/web\/file_viewer.php?idfile=1088\" target=\"_blank\" rel=\"noopener noreferrer\">Il proprio cassetto fiscale<\/a><\/strong><\/p>\n<p>ottobre 2015 &#8211; <strong><a href=\"https:\/\/intranet.firstcisl.it\/mediadms\/pdf\/web\/file_viewer.php?idfile=1087\" target=\"_blank\" rel=\"noopener noreferrer\">Pressioni commerciali come difendersi<\/a><\/strong><\/p>\n<p>luglio 2015\u00a0&#8211; <strong><a href=\"https:\/\/intranet.firstcisl.it\/mediadms\/pdf\/web\/file_viewer.php?idfile=1077\" target=\"_blank\" rel=\"noopener noreferrer\">Banca estesa<\/a><\/strong><\/p>\n<p>febbraio 2015 &#8211; <strong><a href=\"https:\/\/intranet.firstcisl.it\/mediadms\/pdf\/web\/file_viewer.php?idfile=1100\" target=\"_blank\" rel=\"noopener noreferrer\">Premio e azionariato 2013<\/a><\/strong><\/p>\n<p>gennaio 2014 &#8211; <strong><a href=\"https:\/\/intranet.firstcisl.it\/mediadms\/pdf\/web\/file_viewer.php?idfile=1089\" target=\"_blank\" rel=\"noopener noreferrer\">Fondo Comit<\/a><\/strong><\/p>\n<p>settembre 2013 &#8211; <strong><a href=\"https:\/\/intranet.firstcisl.it\/mediadms\/pdf\/web\/file_viewer.php?idfile=1090\" target=\"_blank\" rel=\"noopener noreferrer\">Solidariet\u00e0<\/a><\/strong><\/p>\n<p>ottobre 2012 &#8211; <strong><a href=\"https:\/\/intranet.firstcisl.it\/mediadms\/pdf\/web\/file_viewer.php?idfile=1096\" target=\"_blank\" rel=\"noopener noreferrer\">Protocollo occupazione e produttivit\u00e0<\/a><\/strong><\/p>\n<p>luglio 2012 &#8211; <strong><a href=\"https:\/\/intranet.firstcisl.it\/mediadms\/pdf\/web\/file_viewer.php?idfile=1091\" target=\"_blank\" rel=\"noopener noreferrer\">Premio aziendale e sociale<\/a><\/strong><\/p>\n<p>luglio 2011 &#8211; <strong><a href=\"https:\/\/intranet.firstcisl.it\/mediadms\/pdf\/web\/file_viewer.php?idfile=1201\" target=\"_blank\" rel=\"noopener noreferrer\">Verbale di ricognizione accordo quadro<\/a><\/strong><\/p>\n<h2><\/h2>\n<h2>Vorrei sapere<\/h2>\n<p><strong><a href=\"https:\/\/intranet.firstcisl.it\/mediadms\/pdf\/web\/file_viewer.php?idfile=1083\">Vorrei sapere &#8211; edizione 2014<\/a><\/strong><\/p>\n<p>&nbsp;<\/p>\n<div class=\"gsp_post_data\" \r\n\t            data-post_type=\"page\" \r\n\t            data-cat=\"\" \r\n\t            data-modified=\"120\"\r\n\t            data-created=\"1498469555\"\r\n\t            data-title=\"Le nostre guide pratiche\" \r\n\t            data-home=\"https:\/\/www.firstcisl.it\/gruppointesa\"><\/div>","protected":false},"excerpt":{"rendered":"<p>aprile 2026 &#8211; PVR 2025 marzo 2026 &#8211; Check list: Uscite in esodo marzo 2026 &#8211; Check list: Genitorialit\u00e0 febbraio 2026 &#8211; Maternit\u00e0 e paternit\u00e0 febbraio 2026 &#8211; Fondo sanitario integrativo gennaio 2026 &#8211; Check list: Stage e Global Advisor gennaio 2026 &#8211; Personale in missione gennaio 2026 &#8211; Malattia e infortunio gennaio 2026 &#8211; [&hellip;]<\/p>\n","protected":false},"author":2,"featured_media":0,"parent":0,"menu_order":0,"comment_status":"closed","ping_status":"closed","template":"","meta":{"footnotes":""},"class_list":["post-229","page","type-page","status-publish","hentry"],"_links":{"self":[{"href":"https:\/\/www.firstcisl.it\/gruppointesa\/wp-json\/wp\/v2\/pages\/229","targetHints":{"allow":["GET"]}}],"collection":[{"href":"https:\/\/www.firstcisl.it\/gruppointesa\/wp-json\/wp\/v2\/pages"}],"about":[{"href":"https:\/\/www.firstcisl.it\/gruppointesa\/wp-json\/wp\/v2\/types\/page"}],"author":[{"embeddable":true,"href":"https:\/\/www.firstcisl.it\/gruppointesa\/wp-json\/wp\/v2\/users\/2"}],"replies":[{"embeddable":true,"href":"https:\/\/www.firstcisl.it\/gruppointesa\/wp-json\/wp\/v2\/comments?post=229"}],"version-history":[{"count":282,"href":"https:\/\/www.firstcisl.it\/gruppointesa\/wp-json\/wp\/v2\/pages\/229\/revisions"}],"predecessor-version":[{"id":4666,"href":"https:\/\/www.firstcisl.it\/gruppointesa\/wp-json\/wp\/v2\/pages\/229\/revisions\/4666"}],"wp:attachment":[{"href":"https:\/\/www.firstcisl.it\/gruppointesa\/wp-json\/wp\/v2\/media?parent=229"}],"curies":[{"name":"wp","href":"https:\/\/api.w.org\/{rel}","templated":true}]}}