{"id":719,"date":"2017-07-03T09:51:03","date_gmt":"2017-07-03T07:51:03","guid":{"rendered":"http:\/\/www.firstcisl.it\/deutschebank\/?page_id=719"},"modified":"2026-01-21T15:30:08","modified_gmt":"2026-01-21T14:30:08","slug":"pillole-first","status":"publish","type":"page","link":"https:\/\/www.firstcisl.it\/deutschebank\/pubblicazioni\/pillole-first\/","title":{"rendered":"Approfondimenti First"},"content":{"rendered":"<h3>Brevi\u00a0 approfondimenti su temi lavorativi o di interesse generale<\/h3>\n<h3>2025<\/h3>\n<ul>\n<li><b>Novembre<\/b><br \/>\n<a href=\"https:\/\/intranet.firstcisl.it\/mediadms\/pdf\/web\/file_viewer.php?idfile=8471\">Guida operativa all&#8217;uso di Salutile e Fascicolo Sanitario<\/a><\/li>\n<\/ul>\n<h3>2024<\/h3>\n<ul>\n<li><strong><strong>Giug<\/strong>no<\/strong><br \/>\n<a href=\"https:\/\/intranet.firstcisl.it\/mediadms\/pdf\/web\/file_viewer.php?idfile=6953\" target=\"_blank\" rel=\"noopener\">Pillole First 2024- Finanziamento garantito da Fondo Pensione<\/a><\/li>\n<li><strong>Gennaio<br \/>\n<\/strong><a href=\"https:\/\/intranet.firstcisl.it\/mediadms\/pdf\/web\/file_viewer.php?idfile=6740\" target=\"_blank\" rel=\"noopener\">Guida all\u2019uso della <strong>APP<\/strong>licazione di INTESA RBM: Citrus.<\/a><\/li>\n<\/ul>\n<h3>2023<\/h3>\n<ul>\n<li><strong>Novembre<br \/>\n<\/strong><a href=\"https:\/\/intranet.firstcisl.it\/mediadms\/pdf\/web\/file_viewer.php?idfile=6596\" target=\"_blank\" rel=\"noopener noreferrer\">Fondo Pensione &#8211; Profilo di investimento Guida operativa per lo switch<\/a> \u2013<br \/>\n<em>Pubblicazione accessibile agli iscritti tramite \u201cnavigazione personalizzata\u201d (utente\/password)<\/em><\/li>\n<li><strong>Giugno<\/strong><br \/>\n<a href=\"https:\/\/intranet.firstcisl.it\/mediadms\/pdf\/web\/file_viewer.php?idfile=6512\">Guida DB Welfare<\/a><br \/>\nGuida per meglio sfruttare e conoscere il nostro portale Welfare fornito da AON.<br \/>\n<a href=\"https:\/\/intranet.firstcisl.it\/mediadms\/pdf\/web\/file_viewer.php?idfile=6416\" target=\"_blank\" rel=\"noopener\">INAD- Domicilio Digitale<\/a><strong><br \/>\n<\/strong><em>Il 6 Luglio nasce l\u2019INAD, ma cos\u2019\u00e8? Scopriamolo assieme grazie alla nostra guida. <\/em><\/li>\n<\/ul>\n<h3>2022<\/h3>\n<ul>\n<li><strong>Novembre<br \/>\n<\/strong><a href=\"https:\/\/intranet.firstcisl.it\/mediadms\/pdf\/web\/file_viewer.php?idfile=5861\" target=\"_blank\" rel=\"noopener noreferrer\">Fondo Pensione &#8211; Profilo di investimento Guida operativa per lo switch<\/a> \u2013<br \/>\n<em>Pubblicazione accessibile agli iscritti tramite \u201cnavigazione personalizzata\u201d (utente\/password)<\/em><\/li>\n<li><strong>Settembre<br \/>\n<\/strong><a href=\"https:\/\/intranet.firstcisl.it\/mediadms\/pdf\/web\/file_viewer.php?idfile=5734\" target=\"_blank\" rel=\"noopener noreferrer\">Guida operativa relativa al bonus trasporti<\/a> stanziato dal governo per chi utilizza i mezzi pubblici per i propri spostamenti.<br \/>\n<em>Pubblicazione accessibile agli iscritti tramite \u201cnavigazione personalizzata\u201d (utente\/password)<\/em><\/li>\n<li><strong>Luglio<br \/>\n<\/strong>Anche quest\u2019anno alleghiamo la nostra\u00a0<strong>Guida<\/strong> per sfruttare al meglio il piano Welfare aziendale in modo da potersi ben districare all\u2019interno del portale AON.<br \/>\n<a href=\"https:\/\/intranet.firstcisl.it\/mediadms\/pdf\/web\/file_viewer.php?idfile=5649\" target=\"_blank\" rel=\"noopener noreferrer\">Guida Welfare<\/a><br \/>\n<em>La guida \u00e8 accessibile agli iscritti tramite \u201cnavigazione personalizzata\u201d (utente\/password).<\/em><\/li>\n<li><strong>Gennaio<br \/>\n<\/strong>ASSEGNO UNICO UNIVERSALE<br \/>\n<a href=\"https:\/\/intranet.firstcisl.it\/mediadms\/pdf\/web\/file_viewer.php?idfile=5114\" target=\"_blank\" rel=\"noopener noreferrer\">L\u2019InformAzione-Assegno unico e universale<\/a><br \/>\n<a href=\"https:\/\/intranet.firstcisl.it\/mediadms\/pdf\/web\/file_viewer.php?idfile=5119\" target=\"_blank\" rel=\"noopener noreferrer\">Guida operativa Assegno unico<\/a>\u00a0\u2013\u00a0<em>Pubblicazione accessibile agli iscritti tramite \u201cnavigazione personalizzata\u201d (utente\/password)<\/em><\/li>\n<\/ul>\n<h3><strong>2021<\/strong><\/h3>\n<ul>\n<li><strong>Novembre<br \/>\n<\/strong>RC per danni o infortuni causati a terzi nelle attivit\u00e0 sportive invernali<strong><br \/>\n<\/strong><a href=\"https:\/\/intranet.firstcisl.it\/mediadms\/pdf\/web\/file_viewer.php?idfile=4965\">Comunicazione Aletheia Broker<\/a><a href=\"https:\/\/intranet.firstcisl.it\/mediadms\/pdf\/web\/file_viewer.php?idfile=4932\" target=\"_blank\" rel=\"noopener noreferrer\">Fondo Pensione &#8211; Profilo di investimento Guida operativa per lo switch \u2013<\/a><br \/>\n<em>Pubblicazione accessibile agli iscritti tramite \u201cnavigazione personalizzata\u201d (utente\/password)<\/em><\/li>\n<\/ul>\n<ul>\n<li><strong>Ottobre<\/strong><br \/>\nBonus terme 2021<br \/>\n<a href=\"https:\/\/intranet.firstcisl.it\/mediadms\/pdf\/web\/file_viewer.php?idfile=4802\" target=\"_blank\" rel=\"noopener noreferrer\">Incentivo per la fruizione dei servizi termali<\/a><\/li>\n<li><strong>Luglio<br \/>\n<\/strong>Riconoscimento<strong> economico a favore dei lavoratori DB Spa \u2013 DB Welfare<br \/>\n<\/strong><a href=\"https:\/\/intranet.firstcisl.it\/mediadms\/pdf\/web\/file_viewer.php?idfile=4653\" target=\"_blank\" rel=\"noopener noreferrer\">GUIDA DB WELFARE 2021<\/a>\u00a0 \u00a0<em><br \/>\n<\/em><em>\u00a0<\/em><\/li>\n<li><strong>Giugno<\/strong><br \/>\nASSEGNO PER IL NUCLEO FAMILIARE &#8211; periodo luglio 2021-giugno 2022 + NUOVO SERVIZIO per gli iscritti FIRST!<br \/>\n<a href=\"https:\/\/intranet.firstcisl.it\/mediadms\/pdf\/web\/file_viewer.php?idfile=4597\" target=\"_blank\" rel=\"noopener noreferrer\">Tabelle INPS ANF 7\/2021<\/a><br \/>\n<a href=\"https:\/\/intranet.firstcisl.it\/mediadms\/pdf\/web\/file_viewer.php?idfile=4598\" target=\"_blank\" rel=\"noopener noreferrer\">Guida operativa INPS<\/a><br \/>\n<a href=\"https:\/\/intranet.firstcisl.it\/mediadms\/pdf\/web\/file_viewer.php?idfile=4599\" target=\"_blank\" rel=\"noopener noreferrer\">Mandato patrocinio INAS-CISL<\/a><br \/>\n<a href=\"https:\/\/intranet.firstcisl.it\/mediadms\/pdf\/web\/file_viewer.php?idfile=4600\" target=\"_blank\" rel=\"noopener noreferrer\">Guida operativa AssNucleoFamiliare (ANF)<\/a><em><em><br \/>\nPubblicazione accessibile agli iscritti tramite \u201cnavigazione personalizzata\u201d (utente\/password)<\/em><\/em><strong>Marzo<br \/>\n<\/strong><a href=\"https:\/\/intranet.firstcisl.it\/mediadms\/pdf\/web\/file_viewer.php?idfile=4340\" target=\"_blank\" rel=\"noopener noreferrer\">Ferie: come regolarsi<\/a><strong><br \/>\n<\/strong><a href=\"https:\/\/intranet.firstcisl.it\/mediadms\/pdf\/web\/file_viewer.php?idfile=4303\" target=\"_blank\" rel=\"noopener noreferrer\">Misure urgenti disposte a seguito emergenza Covid: proroga validit\u00e0 dei documenti personali<\/a><\/li>\n<li><strong>Febbraio<\/strong><br \/>\n<a href=\"https:\/\/intranet.firstcisl.it\/mediadms\/pdf\/web\/file_viewer.php?idfile=4273\" target=\"_blank\" rel=\"noopener noreferrer\">Work-life balance e pari opportunit\u00e0: pacchetto famiglia 2021<\/a><br \/>\n<a href=\"https:\/\/intranet.firstcisl.it\/mediadms\/pdf\/web\/file_viewer.php?idfile=4272\" target=\"_blank\" rel=\"noopener noreferrer\">Work-life balance e pari opportunit\u00e0: volantino<\/a><br \/>\n<a href=\"https:\/\/intranet.firstcisl.it\/mediadms\/pdf\/web\/file_viewer.php?idfile=4244\" target=\"_blank\" rel=\"noopener noreferrer\">Legge di bilancio: taglio al cuneo fiscale<\/a><br \/>\n<a href=\"https:\/\/intranet.firstcisl.it\/mediadms\/pdf\/web\/file_viewer.php?idfile=4217\" target=\"_blank\" rel=\"noopener noreferrer\">Legge di Bilancio 2021-Le novit\u00e0 sui figli<\/a><\/li>\n<li><strong><strong>Gennaio<br \/>\n<\/strong><\/strong><a href=\"https:\/\/www.cafcisl.it\/documenti\/box_documenti\/caf_cisl_elenco_documenti_isee_2021.pdf\" target=\"_blank\" rel=\"noopener noreferrer\">ISEE 2021 &#8211; I documenti per la dichiarazione sostitutiva unica<\/a><br \/>\n<a href=\"https:\/\/www.cislbari.it\/administrator\/public\/951news_1.pdf\" target=\"_blank\" rel=\"noopener noreferrer\">Guida alle misure di sostegno alla natalit\u00e0 e alle famiglie<\/a><strong><strong><br \/>\n<\/strong><\/strong><a href=\"https:\/\/intranet.firstcisl.it\/mediadms\/pdf\/web\/file_viewer.php?idfile=4201\" target=\"_blank\" rel=\"noopener noreferrer\">Conciliazione vita-lavoro: misure emergenziali attualmente in essere<\/a><\/li>\n<\/ul>\n<h3>2020<\/h3>\n<p><a href=\"https:\/\/www.firstcisl.it\/aree-tematiche\/donne-e-politiche-di-parita-e-di-genere\/approfondimenti\/\" target=\"_blank\" rel=\"noopener noreferrer\"><em><strong>Approfondimenti vari &#8211; FIRST Struttura Nazionale Donne<\/strong><\/em><\/a><\/p>\n<ul>\n<li><strong><strong><strong>Novembre<\/strong><\/strong><\/strong><br \/>\n<a href=\"https:\/\/intranet.firstcisl.it\/mediadms\/pdf\/web\/file_viewer.php?idfile=3925\" target=\"_blank\" rel=\"noopener noreferrer\">Fondo Pensione &#8211; Profilo di investimento Guida operativa per lo switch<\/a> \u2013<br \/>\n<em>Pubblicazione accessibile agli iscritti tramite \u201cnavigazione personalizzata\u201d (utente\/password)<\/em><strong><strong><br \/>\n<\/strong><\/strong><a href=\"https:\/\/intranet.firstcisl.it\/mediadms\/pdf\/web\/file_viewer.php?idfile=3921\" target=\"_blank\" rel=\"noopener noreferrer\">SPID: come ottenerlo on line<\/a><\/li>\n<li><strong><strong>Ottobre<br \/>\n<\/strong><\/strong><a href=\"https:\/\/intranet.firstcisl.it\/mediadms\/pdf\/web\/file_viewer.php?idfile=3899\" target=\"_blank\" rel=\"noopener noreferrer\">Detrazioni spese mediche 2021<\/a><br \/>\n<a href=\"https:\/\/www.firstcisl.it\/wp-content\/uploads\/2020\/10\/Volantone_Cisl_Dpcm24ottobre.pdf\" target=\"_blank\" rel=\"noopener noreferrer\">Emergenza Covid &#8211; DPCM 26 ottobre &#8211; CISL Volantino sintesi<\/a><br \/>\nLa conciliazione dei tempi vita-lavoro: CISL <a href=\"https:\/\/www.firstcisl.it\/wp-content\/uploads\/2020\/10\/20201023_Conciliazione_emergenza_approfondimento_FirstCisl.pdf\" target=\"_blank\" rel=\"noopener noreferrer\">Approfondimento<\/a>; <a href=\"https:\/\/www.firstcisl.it\/wp-content\/uploads\/2020\/10\/20201023_Conciliazione_emergenza_volantino_FirstCisl.pdf\" target=\"_blank\" rel=\"noopener noreferrer\">Volantino<\/a><br \/>\n<a href=\"https:\/\/www.firstcisl.it\/deutschebank\/wp-content\/uploads\/sites\/20\/2020\/10\/2020-Adiconsum-SPID-Manuale.pdf\" target=\"_blank\" rel=\"noopener noreferrer\">SPID, Sistema Pubblico di Identit\u00e0 Digitale &#8211; Manuale Adiconsum<\/a><br \/>\n<a href=\"https:\/\/intranet.firstcisl.it\/mediadms\/pdf\/web\/file_viewer.php?idfile=3863\" target=\"_blank\" rel=\"noopener noreferrer\">Congedo COVID19 per<\/a><a href=\"https:\/\/intranet.firstcisl.it\/mediadms\/pdf\/web\/file_viewer.php?idfile=3863\" target=\"_blank\" rel=\"noopener noreferrer\"> quara<\/a><a href=\"https:\/\/intranet.firstcisl.it\/mediadms\/pdf\/web\/file_viewer.php?idfile=3863\" target=\"_blank\" rel=\"noopener noreferrer\">ntena<\/a><a href=\"https:\/\/intranet.firstcisl.it\/mediadms\/pdf\/web\/file_viewer.php?idfile=3863\" target=\"_blank\" rel=\"noopener noreferrer\"> scolastica<\/a><br \/>\n<a href=\"https:\/\/www.firstcisl.it\/milanometropoli\/wp-content\/uploads\/sites\/19\/2020\/01\/NOVITA-FISCALI-2020.pdf\" target=\"_blank\" rel=\"noopener noreferrer\">Detrazioni Redditi 2021, solo pagamenti tracciabili per le spese mediche<\/a><br \/>\nRiconoscimento economico a favore dei lavoratori DB Spa \u2013 DB Welfare: <a href=\"https:\/\/intranet.firstcisl.it\/mediadms\/pdf\/web\/file_viewer.php?idfile=3834\" target=\"_blank\" rel=\"noopener noreferrer\">GUIDA DB WELFARE 2020\u00a0<\/a><\/li>\n<li><strong>Settembre<\/strong><br \/>\n<a href=\"https:\/\/intranet.firstcisl.it\/mediadms\/pdf\/web\/file_viewer.php?idfile=3821\" target=\"_blank\" rel=\"noopener noreferrer\">Il foglio di Esofirst &#8211; Fondi di solidariet\u00e0 e R.I.T.A.<\/a><\/li>\n<li><strong>Agosto<\/strong><br \/>\n<a href=\"https:\/\/www.firstcisl.it\/wp-content\/uploads\/2020\/08\/FirstCisl_Permessi_ex_lege_104_agosto2020.pdf\" target=\"_blank\" rel=\"noopener noreferrer\">Permessi ex lege 104\/92, validit\u00e0 dei verbali relativi all\u2019accertamento della disabilit\u00e0 in situazione di gravit\u00e0 soggetti a rivedibilit\u00e0<\/a><\/li>\n<li><strong><strong>Giugno<br \/>\n<\/strong><\/strong><a href=\"https:\/\/www.inps.it\/docallegatiNP\/Mig\/Allegati\/2020_6_5-v2RevDCInclusione_Tutorial_Servizio.pdf\" target=\"_blank\" rel=\"noopener noreferrer\">INPS: guida all&#8217;uso del Bonus Baby sitting<\/a><\/li>\n<li><strong><strong>Maggio<br \/>\n<\/strong><\/strong><a href=\"https:\/\/intranet.firstcisl.it\/mediadms\/pdf\/web\/file_viewer.php?idfile=3576\" target=\"_blank\" rel=\"noopener noreferrer\">Fisco: Caf Cisl Lo_sai_che_lo_detrai<\/a><br \/>\n<a href=\"https:\/\/intranet.firstcisl.it\/mediadms\/pdf\/web\/file_viewer.php?idfile=3551\" target=\"_blank\" rel=\"noopener noreferrer\">Coronavirus &#8211; Decreto Legge Rilancio: misure di conciliazione tempi vita\/lavoro<\/a><\/li>\n<li><strong>Aprile<br \/>\n<\/strong><a href=\"https:\/\/intranet.firstcisl.it\/mediadms\/pdf\/web\/file_viewer.php?idfile=3324\" target=\"_blank\" rel=\"noopener noreferrer\">Nuovi chiarimenti INPS su congedo parentale Coronavirus<\/a><br \/>\n<a href=\"https:\/\/intranet.firstcisl.it\/mediadms\/pdf\/web\/file_viewer.php?idfile=3255\" target=\"_blank\" rel=\"noopener noreferrer\">Consulenza da remoto<\/a><br \/>\n<a href=\"https:\/\/intranet.firstcisl.it\/mediadms\/pdf\/web\/file_viewer.php?idfile=3254\" target=\"_blank\" rel=\"noopener noreferrer\">BONUS Beb\u00e8, Asilo nido, Cultura &#8211; Guida operativa per accedere ai servizi<\/a><br \/>\n<a href=\"https:\/\/intranet.firstcisl.it\/mediadms\/pdf\/web\/file_viewer.php?idfile=3223\" target=\"_blank\" rel=\"noopener noreferrer\">Emergenza Covid19: Congedi straordinari Estensione permessi L. 104<\/a><\/li>\n<li><strong><strong>Marzo<\/strong><\/strong><br \/>\n<a href=\"https:\/\/intranet.firstcisl.it\/mediadms\/pdf\/web\/file_viewer.php?idfile=3204\" target=\"_blank\" rel=\"noopener noreferrer\">Coronavirus: Nuovo modulo di autocertificazione &#8211; 26\/03\/2020<\/a><br \/>\n<a href=\"https:\/\/intranet.firstcisl.it\/mediadms\/pdf\/web\/file_viewer.php?idfile=3216\" target=\"_blank\" rel=\"noopener noreferrer\">Coronavirus Misure di conciliazione e sostegno famiglie<\/a><br \/>\n<a href=\"https:\/\/intranet.firstcisl.it\/mediadms\/pdf\/web\/file_viewer.php?idfile=3179\" target=\"_blank\" rel=\"noopener noreferrer\">CISL: principali misure per le famiglie<\/a><br \/>\n<a href=\"https:\/\/intranet.firstcisl.it\/mediadms\/pdf\/web\/file_viewer.php?idfile=3178\" target=\"_blank\" rel=\"noopener noreferrer\">Coronavirus-Misure DL Cura Italia<\/a><br \/>\n<a href=\"https:\/\/intranet.firstcisl.it\/mediadms\/pdf\/web\/file_viewer.php?idfile=3076\" target=\"_blank\" rel=\"noopener noreferrer\">Coronavirus: cosa si pu\u00f2 fare<\/a><br \/>\n<a href=\"https:\/\/intranet.firstcisl.it\/mediadms\/pdf\/web\/file_viewer.php?idfile=3073\" target=\"_blank\" rel=\"noopener noreferrer\">Coronavirus: Numeri verdi regionali per l&#8217;emergenza coronavirus<\/a><\/li>\n<li><strong>Gennaio<br \/>\n<\/strong><a href=\"https:\/\/intranet.firstcisl.it\/mediadms\/pdf\/web\/file_viewer.php?idfile=3001\" target=\"_blank\" rel=\"noopener noreferrer\">Legge bilancio 2020 &#8211; Famiglia e pari opportunit\u00e0<\/a><br \/>\n<a href=\"https:\/\/intranet.firstcisl.it\/mediadms\/pdf\/web\/file_viewer.php?idfile=2961\" target=\"_blank\" rel=\"noopener noreferrer\">Tracciabilit\u00e0 spese detraibili anno 2020<\/a><br \/>\n<a href=\"https:\/\/intranet.firstcisl.it\/mediadms\/pdf\/web\/file_viewer.php?idfile=2962\" target=\"_blank\" rel=\"noopener noreferrer\">Laurea, Il riscatto agevolato<\/a><br \/>\n<a href=\"https:\/\/www.noicisl.it\/\" target=\"_blank\" rel=\"noopener noreferrer\">NOICISL<\/a><br \/>\n<a href=\"https:\/\/www.cafcisl.it\/documenti\/schede\/caf_cisl_elenco_documenti_isee_2020.pdf\" target=\"_blank\" rel=\"noopener noreferrer\">ISEE 2020 &#8211; I documenti per la dichiarazione sostitutiva unica<\/a><br \/>\n<a href=\"https:\/\/www.firstcisl.it\/2020\/01\/caf-cisl-detraibilita-spese-mediche-2020-solo-con-pagamenti-tracciabili\/\" target=\"_blank\" rel=\"noopener noreferrer\">Detraibilit\u00e0 spese mediche 2020<\/a><\/li>\n<\/ul>\n<h3>2019<\/h3>\n<ul>\n<li><strong>Novembre<\/strong><br \/>\n<a href=\"https:\/\/intranet.firstcisl.it\/mediadms\/pdf\/web\/file_viewer.php?idfile=2697\" target=\"_blank\" rel=\"noopener noreferrer\">Fondo Pensione Variazione profilo di investimento Guida operativa per lo switch<\/a><em><br \/>\nPubblicazione accessibile agli iscritti tramite \u201cnavigazione personalizzata\u201d (utente\/password).<br \/>\n<\/em><\/li>\n<li><strong>Ottobre<br \/>\n<\/strong><a href=\"https:\/\/intranet.firstcisl.it\/mediadms\/pdf\/web\/file_viewer.php?idfile=2628\" target=\"_blank\" rel=\"noopener noreferrer\">SOS Segnalazione operazioni sospette<\/a><br \/>\n<a href=\"https:\/\/intranet.firstcisl.it\/mediadms\/pdf\/web\/file_viewer.php?idfile=2567\" target=\"_blank\" rel=\"noopener noreferrer\">Orario di lavoro e autogestione dei Quadri Direttivi<\/a><\/li>\n<li><strong>Luglio<\/strong><br \/>\n<a href=\"https:\/\/intranet.firstcisl.it\/mediadms\/pdf\/web\/file_viewer.php?idfile=2088\" target=\"_blank\" rel=\"noopener noreferrer\">Vademecum gestione moneta<\/a><br \/>\n<a href=\"https:\/\/intranet.firstcisl.it\/mediadms\/pdf\/web\/file_viewer.php?idfile=2024\" target=\"_blank\" rel=\"noopener noreferrer\">Congedo di maternit\u00e0 &#8211; Esclusivamente dopo il parto<\/a><br \/>\n<a href=\"https:\/\/intranet.firstcisl.it\/mediadms\/pdf\/web\/file_viewer.php?idfile=1423\" target=\"_blank\" rel=\"noopener noreferrer\">Bonus asili nido<\/a><\/li>\n<li><strong>Giugno<\/strong><br \/>\n<strong>Riconoscimento economico a favore dei lavoratori DB Spa \u2013 DB Welfare<\/strong><br \/>\n<a href=\"https:\/\/intranet.firstcisl.it\/mediadms\/pdf\/web\/file_viewer.php?idfile=1999\" target=\"_blank\" rel=\"noopener noreferrer\">GUIDA DB WELFARE 2019<\/a>\u00a0 \u00a0<em> \u00a0<\/em><em><br \/>\n<a href=\"https:\/\/intranet.firstcisl.it\/mediadms\/pdf\/web\/file_viewer.php?idfile=2000\" target=\"_blank\" rel=\"noopener noreferrer\">DB Welfare-Comunicazione aziendale 38 del 13.06.2019<\/a><br \/>\n<\/em><\/li>\n<li><strong>Maggio<br \/>\n<\/strong><a href=\"https:\/\/intranet.firstcisl.it\/mediadms\/pdf\/web\/file_viewer.php?idfile=1563\" target=\"_blank\" rel=\"noopener noreferrer\">PERMESSI ELETTORALI per le prossime Elezioni Europee ed Amministrative<\/a><\/li>\n<li><strong>Aprile<br \/>\n<\/strong><a href=\"https:\/\/intranet.firstcisl.it\/mediadms\/pdf\/web\/file_viewer.php?idfile=1447\" target=\"_blank\" rel=\"noopener noreferrer\">Nuove modalit\u00e0 di presentazione della domanda per gli assegni del nucleo familiare<\/a><br \/>\n&#8211; <a href=\"https:\/\/intranet.firstcisl.it\/mediadms\/pdf\/web\/file_viewer.php?idfile=1445\" target=\"_blank\" rel=\"noopener noreferrer\">Circolare INPS numero 45 del 22-03-2019<\/a><br \/>\n&#8211;\u00a0<a href=\"https:\/\/intranet.firstcisl.it\/mediadms\/pdf\/web\/file_viewer.php?idfile=1493\" target=\"_blank\" rel=\"noopener noreferrer\">Guida operativa AssNucleoFamiliare (ANF)<\/a><\/li>\n<\/ul>\n<h3>2018<\/h3>\n<ul>\n<li><strong>Dicembre<br \/>\n<\/strong><a href=\"https:\/\/intranet.firstcisl.it\/mediadms\/pdf\/web\/file_viewer.php?idfile=746\" target=\"_blank\" rel=\"noopener noreferrer\">Breve approfondimento sulle ferie e sul loro godimento (FIRST Liguria)<\/a><\/li>\n<\/ul>\n<h3>2017<\/h3>\n<ul>\n<li><strong>Aprile<\/strong><br \/>\n<a href=\"https:\/\/www.firstcisl.it\/deutschebank\/wp-content\/uploads\/sites\/20\/2017\/08\/Provvedimenti-disciplinari-come-comportarsi-1-parte.pdf\" target=\"_blank\" rel=\"noopener noreferrer\">Provvedimenti disciplinari &#8211; 1^ parte<\/a><br \/>\n<a href=\"https:\/\/www.firstcisl.it\/deutschebank\/wp-content\/uploads\/sites\/20\/2017\/08\/Provvedimenti-disciplinari-come-comportarsi-2-parte.pdf\" target=\"_blank\" rel=\"noopener noreferrer\">Provvedimenti disciplinari &#8211; 2^ parte<\/a><\/li>\n<\/ul>\n<h3>2016<\/h3>\n<ul>\n<li><strong>Marzo<\/strong><br \/>\n<a href=\"https:\/\/www.firstcisl.it\/deutschebank\/wp-content\/uploads\/sites\/20\/2017\/08\/Congedi-parentali-su-base-oraria.pdf\" target=\"_blank\" rel=\"noopener noreferrer\">Congedi parentali su base oraria: si pu\u00f2!<\/a><\/li>\n<\/ul>\n<h3>2015<\/h3>\n<ul>\n<li><strong>Ottobre<\/strong><br \/>\n<a href=\"https:\/\/www.firstcisl.it\/deutschebank\/wp-content\/uploads\/sites\/20\/2017\/08\/6-10-15-Tutela-delle-lavoratrici-madri.pdf\" target=\"_blank\" rel=\"noopener noreferrer\">Tutela delle lavoratrici madri &#8211; onere di comunicazione e approntamento delle misure di sicurezza<\/a><\/li>\n<li><strong>Settembre<\/strong><br \/>\n<a href=\"https:\/\/www.firstcisl.it\/deutschebank\/wp-content\/uploads\/sites\/20\/2017\/08\/Policy-sulle-cariche-ed-attivit\u00e0-esterne-del-personale-del-Gruppo-DB.pdf\" target=\"_blank\" rel=\"noopener noreferrer\">Policy sulle cariche ed attivit\u00e0 esterne del personale della D.B.<\/a><br \/>\n<a href=\"https:\/\/www.firstcisl.it\/deutschebank\/wp-content\/uploads\/sites\/20\/2017\/08\/18-9-15-Missioni-Utilizzo-auto-propria.pdf\" target=\"_blank\" rel=\"noopener noreferrer\">Missioni: utilizzo auto propria<\/a><\/li>\n<li><strong>Luglio<\/strong><br \/>\n<a href=\"https:\/\/www.firstcisl.it\/deutschebank\/wp-content\/uploads\/sites\/20\/2017\/08\/Lavoro-Straordinario.-se.-come.-quanto.-quando.pdf\" target=\"_blank\" rel=\"noopener noreferrer\">lavoro straordinario. Se, come, quando, quanto&#8230;<\/a><br \/>\n<a href=\"https:\/\/intranet.firstcisl.it\/mediadms\/pdf\/web\/file_viewer.php?idfile=2625\" target=\"_blank\" rel=\"noopener noreferrer\">Pressioni commerciali &#8211; manuale di autodifesa<\/a><\/li>\n<\/ul>\n<h3>2014<\/h3>\n<ul>\n<li><strong>Dicembre<\/strong><br \/>\n<a href=\"https:\/\/intranet.firstcisl.it\/mediadms\/pdf\/web\/file_viewer.php?idfile=2624\" target=\"_blank\" rel=\"noopener noreferrer\">Operativit\u00e0 C\/Terzi e per contanti<\/a><\/li>\n<li><strong>Luglio<\/strong><br \/>\n<a href=\"https:\/\/intranet.firstcisl.it\/mediadms\/pdf\/web\/file_viewer.php?idfile=2623\" target=\"_blank\" rel=\"noopener noreferrer\">Facebook Twitter e provvedimenti \u00a0disciplinari<\/a><\/li>\n<\/ul>\n<h3>2013<\/h3>\n<ul>\n<li><strong>Gennaio<\/strong><br \/>\n<a href=\"https:\/\/intranet.firstcisl.it\/mediadms\/pdf\/web\/file_viewer.php?idfile=2622\" target=\"_blank\" rel=\"noopener noreferrer\">Operativit\u00e0 di cassa: gestione della ricezione contante<\/a><\/li>\n<\/ul>\n<h3>2012<\/h3>\n<ul>\n<li><strong>Dicembre<\/strong><br \/>\n<a href=\"https:\/\/intranet.firstcisl.it\/mediadms\/pdf\/web\/file_viewer.php?idfile=2621\" target=\"_blank\" rel=\"noopener noreferrer\">Operativit\u00e0 di cassa:\u00a0attenzione allo scarico valigia<\/a><\/li>\n<\/ul>\n<h3>2011<\/h3>\n<ul>\n<li><strong>Settembre<\/strong><br \/>\n<a href=\"https:\/\/www.firstcisl.it\/deutschebank\/wp-content\/uploads\/sites\/20\/2017\/08\/Cert.malattia-on-line-fibalinkflash.pdf\" target=\"_blank\" rel=\"noopener noreferrer\">Certificato di malattia on line: specchietto riepilogativo<\/a><br \/>\n<a href=\"https:\/\/www.firstcisl.it\/deutschebank\/wp-content\/uploads\/sites\/20\/2017\/08\/Cert.-malattia-Nota-legale-Fiba.pdf\" target=\"_blank\" rel=\"noopener noreferrer\">Certificato di malattia on line: note legali<\/a><\/li>\n<\/ul>\n<div class=\"gsp_post_data\" \r\n\t            data-post_type=\"page\" \r\n\t            data-cat=\"\" \r\n\t            data-modified=\"120\"\r\n\t            data-created=\"1499075463\"\r\n\t            data-title=\"Approfondimenti First\" \r\n\t            data-home=\"https:\/\/www.firstcisl.it\/deutschebank\"><\/div>","protected":false},"excerpt":{"rendered":"<p>Brevi\u00a0 approfondimenti su temi lavorativi o di interesse generale 2025 Novembre Guida operativa all&#8217;uso di Salutile e Fascicolo Sanitario 2024 Giugno Pillole First 2024- Finanziamento garantito da Fondo Pensione Gennaio Guida all\u2019uso della APPlicazione di INTESA RBM: Citrus. 2023 Novembre Fondo Pensione &#8211; Profilo di investimento Guida operativa per lo switch \u2013 Pubblicazione accessibile agli [&hellip;]<\/p>\n","protected":false},"author":1,"featured_media":0,"parent":715,"menu_order":0,"comment_status":"closed","ping_status":"closed","template":"","meta":{"footnotes":""},"class_list":["post-719","page","type-page","status-publish","hentry"],"_links":{"self":[{"href":"https:\/\/www.firstcisl.it\/deutschebank\/wp-json\/wp\/v2\/pages\/719","targetHints":{"allow":["GET"]}}],"collection":[{"href":"https:\/\/www.firstcisl.it\/deutschebank\/wp-json\/wp\/v2\/pages"}],"about":[{"href":"https:\/\/www.firstcisl.it\/deutschebank\/wp-json\/wp\/v2\/types\/page"}],"author":[{"embeddable":true,"href":"https:\/\/www.firstcisl.it\/deutschebank\/wp-json\/wp\/v2\/users\/1"}],"replies":[{"embeddable":true,"href":"https:\/\/www.firstcisl.it\/deutschebank\/wp-json\/wp\/v2\/comments?post=719"}],"version-history":[{"count":131,"href":"https:\/\/www.firstcisl.it\/deutschebank\/wp-json\/wp\/v2\/pages\/719\/revisions"}],"predecessor-version":[{"id":5485,"href":"https:\/\/www.firstcisl.it\/deutschebank\/wp-json\/wp\/v2\/pages\/719\/revisions\/5485"}],"up":[{"embeddable":true,"href":"https:\/\/www.firstcisl.it\/deutschebank\/wp-json\/wp\/v2\/pages\/715"}],"wp:attachment":[{"href":"https:\/\/www.firstcisl.it\/deutschebank\/wp-json\/wp\/v2\/media?parent=719"}],"curies":[{"name":"wp","href":"https:\/\/api.w.org\/{rel}","templated":true}]}}