{"id":5398,"date":"2025-11-13T15:53:18","date_gmt":"2025-11-13T14:53:18","guid":{"rendered":"https:\/\/www.firstcisl.it\/deutschebank\/?page_id=5398"},"modified":"2026-01-14T14:33:14","modified_gmt":"2026-01-14T13:33:14","slug":"un-caffe-al-volo","status":"publish","type":"page","link":"https:\/\/www.firstcisl.it\/deutschebank\/un-caffe-al-volo\/","title":{"rendered":"Riviste First DB"},"content":{"rendered":"<p><a href=\"https:\/\/intranet.firstcisl.it\/mediadms\/pdf\/web\/file_viewer.php?idfile=4948\" target=\"_blank\" rel=\"noopener noreferrer\">UnCaff\u00e8alVolo-Numero 0<\/a><\/p>\n<p><a href=\"https:\/\/intranet.firstcisl.it\/mediadms\/pdf\/web\/file_viewer.php?idfile=5006\" target=\"_blank\" rel=\"noopener noreferrer\">UnCaff\u00e8alVolo-Numero 1<\/a><\/p>\n<p><a href=\"https:\/\/intranet.firstcisl.it\/mediadms\/pdf\/web\/file_viewer.php?idfile=5050\" target=\"_blank\" rel=\"noopener noreferrer\">UnCaff\u00e8alVolo-Numero 2<\/a><\/p>\n<p><a href=\"https:\/\/intranet.firstcisl.it\/mediadms\/pdf\/web\/file_viewer.php?idfile=5156\" target=\"_blank\" rel=\"noopener noreferrer\">UnCaff\u00e8alVolo-Numero 3<\/a><\/p>\n<p><a href=\"https:\/\/intranet.firstcisl.it\/mediadms\/pdf\/web\/file_viewer.php?idfile=6067\" target=\"_blank\" rel=\"noopener noreferrer\">UnCaff\u00e8alVolo-Numero 4<\/a><\/p>\n<p><a href=\"https:\/\/intranet.firstcisl.it\/mediadms\/pdf\/web\/file_viewer.php?idfile=5312\" target=\"_blank\" rel=\"noopener noreferrer\">UnCaff\u00e8alVolo-Numero 5<\/a><\/p>\n<p><a href=\"https:\/\/intranet.firstcisl.it\/mediadms\/pdf\/web\/file_viewer.php?idfile=5493\" target=\"_blank\" rel=\"noopener noreferrer\">UnCaff\u00e8alVolo-Numero 6<\/a><\/p>\n<p><a href=\"https:\/\/intranet.firstcisl.it\/mediadms\/pdf\/web\/file_viewer.php?idfile=5656\" target=\"_blank\" rel=\"noopener noreferrer\">Un caff\u00e8 al volo Numero 7<\/a><\/p>\n<p><a href=\"https:\/\/intranet.firstcisl.it\/mediadms\/pdf\/web\/file_viewer.php?idfile=6066\" target=\"_blank\" rel=\"noopener\">UnCaff\u00e8alVolo Numero 8<\/a><\/p>\n<p><a href=\"https:\/\/intranet.firstcisl.it\/mediadms\/pdf\/web\/file_viewer.php?idfile=6065\" target=\"_blank\" rel=\"noopener\">Un Caff\u00e8\u2026con calma \u2013 Numero Natalizio<\/a><\/p>\n<p><a href=\"https:\/\/www.firstcisl.it\/deutschebank\/wp-content\/uploads\/sites\/20\/2023\/07\/UnCaffealVolo-Numero-11.pdf\" target=\"_blank\" rel=\"noopener\">UnCaff\u00e8alVolo \u2013 Numero 11<\/a><\/p>\n<p><a href=\"https:\/\/intranet.firstcisl.it\/mediadms\/pdf\/web\/file_viewer.php?idfile=8423\">WebZine &#8211; Numero 0<\/a><\/p>\n<div class=\"gsp_post_data\" \r\n\t            data-post_type=\"page\" \r\n\t            data-cat=\"\" \r\n\t            data-modified=\"120\"\r\n\t            data-created=\"1763049198\"\r\n\t            data-title=\"Riviste First DB\" \r\n\t            data-home=\"https:\/\/www.firstcisl.it\/deutschebank\"><\/div>","protected":false},"excerpt":{"rendered":"<p>UnCaff\u00e8alVolo-Numero 0 UnCaff\u00e8alVolo-Numero 1 UnCaff\u00e8alVolo-Numero 2 UnCaff\u00e8alVolo-Numero 3 UnCaff\u00e8alVolo-Numero 4 UnCaff\u00e8alVolo-Numero 5 UnCaff\u00e8alVolo-Numero 6 Un caff\u00e8 al volo Numero 7 UnCaff\u00e8alVolo Numero 8 Un Caff\u00e8\u2026con calma \u2013 Numero Natalizio UnCaff\u00e8alVolo \u2013 Numero 11 WebZine &#8211; Numero 0<\/p>\n","protected":false},"author":155,"featured_media":0,"parent":0,"menu_order":0,"comment_status":"closed","ping_status":"closed","template":"","meta":{"footnotes":""},"class_list":["post-5398","page","type-page","status-publish","hentry"],"_links":{"self":[{"href":"https:\/\/www.firstcisl.it\/deutschebank\/wp-json\/wp\/v2\/pages\/5398","targetHints":{"allow":["GET"]}}],"collection":[{"href":"https:\/\/www.firstcisl.it\/deutschebank\/wp-json\/wp\/v2\/pages"}],"about":[{"href":"https:\/\/www.firstcisl.it\/deutschebank\/wp-json\/wp\/v2\/types\/page"}],"author":[{"embeddable":true,"href":"https:\/\/www.firstcisl.it\/deutschebank\/wp-json\/wp\/v2\/users\/155"}],"replies":[{"embeddable":true,"href":"https:\/\/www.firstcisl.it\/deutschebank\/wp-json\/wp\/v2\/comments?post=5398"}],"version-history":[{"count":5,"href":"https:\/\/www.firstcisl.it\/deutschebank\/wp-json\/wp\/v2\/pages\/5398\/revisions"}],"predecessor-version":[{"id":5464,"href":"https:\/\/www.firstcisl.it\/deutschebank\/wp-json\/wp\/v2\/pages\/5398\/revisions\/5464"}],"wp:attachment":[{"href":"https:\/\/www.firstcisl.it\/deutschebank\/wp-json\/wp\/v2\/media?parent=5398"}],"curies":[{"name":"wp","href":"https:\/\/api.w.org\/{rel}","templated":true}]}}