{"id":7114,"date":"2025-10-06T13:50:48","date_gmt":"2025-10-06T11:50:48","guid":{"rendered":"https:\/\/www.firstcisl.it\/creditocooperativo\/?page_id=7114"},"modified":"2025-10-06T15:36:39","modified_gmt":"2025-10-06T13:36:39","slug":"valore-di-produttivita-aziendale-gruppo-cassa-centrale-banca","status":"publish","type":"page","link":"https:\/\/www.firstcisl.it\/creditocooperativo\/valore-di-produttivita-aziendale-gruppo-cassa-centrale-banca\/","title":{"rendered":"Valore di Produttivit\u00e0 Aziendale Gruppo Cassa Centrale Banca"},"content":{"rendered":"<h3 style=\"color: #006038\"><strong>Vpa<\/strong><\/h3>\n<p><strong><a href=\"https:\/\/www.firstcisl.it\/creditocooperativo\/wp-content\/uploads\/sites\/18\/2025\/10\/20250505-FirstCislBCC-CCB-Accordo-attuativo-Vpa-CCB-bilancio-2024.pdf\" target=\"_blank\" rel=\"noopener\">5 maggio 2025<\/a> <\/strong>&#8211; Accordo <em>attuativo<\/em> in materia di Valore di produttivit\u00e0 aziendale<\/p>\n<p><strong><a href=\"https:\/\/www.firstcisl.it\/creditocooperativo\/wp-content\/uploads\/sites\/18\/2025\/10\/20250505-FirsstCislBCC-CCB-Accordo-definizione-disciplina-Vpa.pdf\" target=\"_blank\" rel=\"noopener\">5 maggio 2025<\/a> <\/strong>&#8211; Accordo per la <em>definizione<\/em> della disciplina del Valore di produttivit\u00e0 aziendale<\/p>\n<p style=\"margin-top: 15px\"><b><a href=\"https:\/\/www.firstcisl.it\/creditocooperativo\/wp-content\/uploads\/sites\/18\/2025\/10\/20240620-FirstCislBCC-BBC-Accordo-disciplina-Vpa-CCB-Bilancio-2024.pdf\" target=\"_blank\" rel=\"noopener\">20 giugno 2024<\/a><\/b> &#8211; Accordo per la <em>definizione<\/em> della disciplina del Valore di produttivit\u00e0 aziendale<\/p>\n<p style=\"margin-top: 15px\"><b><a href=\"https:\/\/www.firstcisl.it\/creditocooperativo\/wp-content\/uploads\/sites\/18\/2025\/10\/20230601-FirstCislBCC-CCB-Accordo-Vpa-Gruppo-Definitivo-BP.pdf\" target=\"_blank\" rel=\"noopener\">1\u00b0 giugno 2023<\/a><\/b> &#8211; Accordo per la <em>definizione<\/em> della disciplina del Valore di produttivit\u00e0 aziendale<\/p>\n<p class=\"p1\">\n<p style=\"margin-top: 15px\">\n<div class=\"gsp_post_data\" \r\n\t            data-post_type=\"page\" \r\n\t            data-cat=\"\" \r\n\t            data-modified=\"120\"\r\n\t            data-created=\"1759758648\"\r\n\t            data-title=\"Valore di Produttivit\u00e0 Aziendale Gruppo Cassa Centrale Banca\" \r\n\t            data-home=\"https:\/\/www.firstcisl.it\/creditocooperativo\"><\/div>","protected":false},"excerpt":{"rendered":"<p>Vpa 5 maggio 2025 &#8211; Accordo attuativo in materia di Valore di produttivit\u00e0 aziendale 5 maggio 2025 &#8211; Accordo per la definizione della disciplina del Valore di produttivit\u00e0 aziendale 20 giugno 2024 &#8211; Accordo per la definizione della disciplina del Valore di produttivit\u00e0 aziendale 1\u00b0 giugno 2023 &#8211; Accordo per la definizione della disciplina del [&hellip;]<\/p>\n","protected":false},"author":130,"featured_media":0,"parent":0,"menu_order":0,"comment_status":"closed","ping_status":"closed","template":"","meta":{"footnotes":""},"class_list":["post-7114","page","type-page","status-publish","hentry"],"_links":{"self":[{"href":"https:\/\/www.firstcisl.it\/creditocooperativo\/wp-json\/wp\/v2\/pages\/7114","targetHints":{"allow":["GET"]}}],"collection":[{"href":"https:\/\/www.firstcisl.it\/creditocooperativo\/wp-json\/wp\/v2\/pages"}],"about":[{"href":"https:\/\/www.firstcisl.it\/creditocooperativo\/wp-json\/wp\/v2\/types\/page"}],"author":[{"embeddable":true,"href":"https:\/\/www.firstcisl.it\/creditocooperativo\/wp-json\/wp\/v2\/users\/130"}],"replies":[{"embeddable":true,"href":"https:\/\/www.firstcisl.it\/creditocooperativo\/wp-json\/wp\/v2\/comments?post=7114"}],"version-history":[{"count":3,"href":"https:\/\/www.firstcisl.it\/creditocooperativo\/wp-json\/wp\/v2\/pages\/7114\/revisions"}],"predecessor-version":[{"id":7125,"href":"https:\/\/www.firstcisl.it\/creditocooperativo\/wp-json\/wp\/v2\/pages\/7114\/revisions\/7125"}],"wp:attachment":[{"href":"https:\/\/www.firstcisl.it\/creditocooperativo\/wp-json\/wp\/v2\/media?parent=7114"}],"curies":[{"name":"wp","href":"https:\/\/api.w.org\/{rel}","templated":true}]}}