{"id":6288,"date":"2025-03-31T14:09:21","date_gmt":"2025-03-31T12:09:21","guid":{"rendered":"https:\/\/www.firstcisl.it\/creditocooperativo\/?page_id=6288"},"modified":"2026-03-31T17:57:57","modified_gmt":"2026-03-31T15:57:57","slug":"fondo-pensione-nazionale","status":"publish","type":"page","link":"https:\/\/www.firstcisl.it\/creditocooperativo\/fondo-pensione-nazionale\/","title":{"rendered":"Fondo Pensione Nazionale"},"content":{"rendered":"<h3><span style=\"color: #006038\">Accedi al Fondo<\/span><\/h3>\n<p><a href=\"https:\/\/www.fondopensionebcc.it\/\" target=\"_blank\" rel=\"noopener noreferrer\"><strong>Clicca qui<\/strong><\/a> per accedere al sito ufficiale del <a href=\"https:\/\/www.fondopensionebcc.it\/\" target=\"_blank\" rel=\"noopener\"><strong>Fondo pensione nazionale Bcc &#8211; Credito cooperativo<\/strong><\/a><\/p>\n<h3 style=\"margin-top: 60px\"><span style=\"color: #006038\">Elezioni dei rappresentanti all\u2019Assemblea dei Delegati del Fondo Pensione Nazionale<\/span><\/h3>\n<p>Nelle giornate di marted\u00ec 25, mercoled\u00ec 26 e gioved\u00ec 27 marzo si sono tenute le elezioni dei rappresentanti, di parte sindacale, all\u2019assemblea dei delegati del Fondo Pensione Nazionale, cos\u00ec come stabilito dall\u2019articolo 16 dello statuto. Ogni tre anni, infatti, si rinnovano i componenti dell\u2019assemblea, costituita da 60 delegati e, poich\u00e9 il Fondo \u00e8 un ente bilaterale, sono equamente ripartiti tra parte sindacale e parte datoriale, contandone quindi 30 ciascuno. A seguire l&#8217;elenco delle rappresentanti e dei rappresentanti First Cisl eletti:<\/p>\n<p style=\"text-align: left\">Effettivi:\u00a0<em><strong>Andrea\u00a0<\/strong><b>Di Noia <\/b>e\u00a0<strong>Luisa<\/strong>\u00a0<b>Coltro<\/b>\u00a0(Lombardia), <strong>Antonio<\/strong>\u00a0<b>De Martin<\/b>\u00a0(Veneto),\u00a0<strong>Natascia<\/strong>\u00a0<b>Guarnieri\u00a0<\/b>(Friuli Venezia Giulia), <strong>Stefano<\/strong>\u00a0<b>Nannetti <\/b>e<span class=\"Apple-converted-space\">\u00a0<strong>Attilio<\/strong>\u00a0<\/span><b>Benatti\u00a0<\/b>(Emilia Romagna),\u00a0<strong>Luca<\/strong>\u00a0<b>Vanni<\/b>\u00a0(Toscana), <strong>Alessandro<\/strong>\u00a0<b>Scorsini\u00a0<\/b>e <strong>Francesca<\/strong>\u00a0<b>Bielli<\/b>\u00a0(Lazio Umbria Sardegna).<\/em><i><\/i><\/p>\n<div>\n<p class=\"p3\" style=\"text-align: left\" align=\"center\">Supplenti: <em><strong>Marco<\/strong> <b>Zuccolo<\/b>\u00a0e <strong>Elena <\/strong><b>Beltrami<\/b>\u00a0(Lombardia), <strong>Riccardo<\/strong> <b>Castellani<\/b>\u00a0(Veneto), <strong>Andrea<\/strong> <b>Marmotti<\/b>\u00a0(Friuli Venezia Giulia), <strong>Francesca<\/strong> <b>Godi<\/b>\u00a0e <strong>Andrea<\/strong> <b>Cardinale<\/b>\u00a0(Emilia Romagna), <strong>Alessandro<\/strong> <b>Colli<\/b>\u00a0(Toscana), <strong>Leopoldo<\/strong> <b>Manni<\/b>\u00a0e <strong>Alfio<\/strong> <b>Brancato<\/b>\u00a0(Lazio Umbria Sardegna).<\/em><\/p>\n<\/div>\n<h3 style=\"margin-top: 60px\"><span style=\"color: #006038\">info&#8230; FONDO<\/span><\/h3>\n<p><a href=\"https:\/\/www.firstcisl.it\/creditocooperativo\/wp-content\/uploads\/sites\/18\/2026\/03\/202603-FirstCislBcc-FPN-Deducibilita-fiscale.pdf\" target=\"_blank\" rel=\"noopener\">Numero 9, marzo 2026<\/a> &#8211; Deducibilit\u00e0 fiscale<\/p>\n<p><a href=\"https:\/\/www.firstcisl.it\/creditocooperativo\/wp-content\/uploads\/sites\/18\/2026\/02\/202602-FirstCislBcc-FPN-Fiscalmente-a-carico.pdf\" target=\"_blank\" rel=\"noopener\">Numero 8, febbraio 2026<\/a> &#8211; Familiari fiscalmente a carico: Guida pratica per un futuro insieme<\/p>\n<p><a href=\"https:\/\/www.firstcisl.it\/creditocooperativo\/wp-content\/uploads\/sites\/18\/2026\/02\/202602-FirstCislBcc-FPN-Valori-quota-2025.pdf\" target=\"_blank\" rel=\"noopener\">Numero 7, febbraio 2026<\/a> &#8211; Aggiornamento Valori Quota 2025<\/p>\n<p><a href=\"https:\/\/www.firstcisl.it\/creditocooperativo\/wp-content\/uploads\/sites\/18\/2026\/01\/202601-FirstCislBcc-FPN-Novita-Legge-Bilancio-schema.pdf\" target=\"_blank\" rel=\"noopener\">Numero 6, gennaio 2026<\/a> &#8211; Legge 30 dicembre 2025, n. 199: novit\u00e0 finanziaria 2026<\/p>\n<p><a href=\"https:\/\/www.firstcisl.it\/creditocooperativo\/wp-content\/uploads\/sites\/18\/2025\/12\/202512-FirstCislBcc-Fondo-pensione-nazionale-Recap.pdf\" target=\"_blank\" rel=\"noopener\">Numero 5, dicembre 2025<\/a> &#8211; Recap: il Fondo pensione nazionale, a chi si rivolge e come funziona<\/p>\n<p><a href=\"https:\/\/www.firstcisl.it\/creditocooperativo\/wp-content\/uploads\/sites\/18\/2025\/11\/202511-FirstCislBcc-FPN-Valori-quota-novembre.pdf\" target=\"_blank\" rel=\"noopener\">Numero 4, novembre 2025<\/a> &#8211; Aggiornamento Valori Quota<\/p>\n<p><a href=\"https:\/\/www.firstcisl.it\/creditocooperativo\/wp-content\/uploads\/sites\/18\/2024\/05\/2024_03_InfoFondo_Cooperfirst_FPN_Investimenti_e_Prestazioni_Fondo.pdf\" target=\"_blank\" rel=\"noopener\">Numero 3, maggio 2024<\/a> &#8211; Il Fondo pensione nazionale: i comparti di investimento e le prestazioni erogate<\/p>\n<p><a href=\"https:\/\/www.firstcisl.it\/creditocooperativo\/wp-content\/uploads\/sites\/18\/2024\/05\/2024_02_InfoFondo_Cooperfirst_FPN_Focus_Fiscalmente_carico.pdf\" target=\"_blank\" rel=\"noopener\">Approfondimento, aprile 2024<\/a> &#8211; Il Fondo pensione nazionale: iscrizione dei familiari \u201cfiscalmente a carico\u201d dell&#8217;aderente<\/p>\n<p><a href=\"https:\/\/www.firstcisl.it\/creditocooperativo\/wp-content\/uploads\/sites\/18\/2024\/05\/2024_02_InfoFondo_Cooperfirst_FPN_Amministrazione_e_Gestione_Fondo.pdf\" target=\"_blank\" rel=\"noopener\">Numero 2, aprile 2024<\/a> &#8211; Il Fondo pensione nazionale: amministrazione del Fondo e gestione delle risorse<\/p>\n<p><a href=\"https:\/\/www.firstcisl.it\/creditocooperativo\/wp-content\/uploads\/sites\/18\/2024\/03\/2024_03_Update_InfoFondo_Cooperfirst_FPN_Aggiorn_Quota_01_24.pdf\" target=\"_blank\" rel=\"noopener\">Approfondimento, marzo 2024<\/a> &#8211; Il Fondo pensione nazionale: aggiornamento del mio salvadanaio<\/p>\n<p><a href=\"https:\/\/www.firstcisl.it\/creditocooperativo\/wp-content\/uploads\/sites\/18\/2024\/03\/2024_03_InfoFondo_Cooperfirst_FPN_Chi_e_cosa_fa_il_Fondo.pdf\" target=\"_blank\" rel=\"noopener\">Numero 1, marzo 2024<\/a> &#8211; Il Fondo pensione nazionale: a chi si rivolge e come funziona<\/p>\n<div class=\"gsp_post_data\" \r\n\t            data-post_type=\"page\" \r\n\t            data-cat=\"\" \r\n\t            data-modified=\"120\"\r\n\t            data-created=\"1743430161\"\r\n\t            data-title=\"Fondo Pensione Nazionale\" \r\n\t            data-home=\"https:\/\/www.firstcisl.it\/creditocooperativo\"><\/div>","protected":false},"excerpt":{"rendered":"<p>Accedi al Fondo Clicca qui per accedere al sito ufficiale del Fondo pensione nazionale Bcc &#8211; Credito cooperativo Elezioni dei rappresentanti all\u2019Assemblea dei Delegati del Fondo Pensione Nazionale Nelle giornate di marted\u00ec 25, mercoled\u00ec 26 e gioved\u00ec 27 marzo si sono tenute le elezioni dei rappresentanti, di parte sindacale, all\u2019assemblea dei delegati del Fondo Pensione [&hellip;]<\/p>\n","protected":false},"author":55,"featured_media":0,"parent":0,"menu_order":0,"comment_status":"closed","ping_status":"closed","template":"","meta":{"footnotes":""},"class_list":["post-6288","page","type-page","status-publish","hentry"],"_links":{"self":[{"href":"https:\/\/www.firstcisl.it\/creditocooperativo\/wp-json\/wp\/v2\/pages\/6288","targetHints":{"allow":["GET"]}}],"collection":[{"href":"https:\/\/www.firstcisl.it\/creditocooperativo\/wp-json\/wp\/v2\/pages"}],"about":[{"href":"https:\/\/www.firstcisl.it\/creditocooperativo\/wp-json\/wp\/v2\/types\/page"}],"author":[{"embeddable":true,"href":"https:\/\/www.firstcisl.it\/creditocooperativo\/wp-json\/wp\/v2\/users\/55"}],"replies":[{"embeddable":true,"href":"https:\/\/www.firstcisl.it\/creditocooperativo\/wp-json\/wp\/v2\/comments?post=6288"}],"version-history":[{"count":13,"href":"https:\/\/www.firstcisl.it\/creditocooperativo\/wp-json\/wp\/v2\/pages\/6288\/revisions"}],"predecessor-version":[{"id":7472,"href":"https:\/\/www.firstcisl.it\/creditocooperativo\/wp-json\/wp\/v2\/pages\/6288\/revisions\/7472"}],"wp:attachment":[{"href":"https:\/\/www.firstcisl.it\/creditocooperativo\/wp-json\/wp\/v2\/media?parent=6288"}],"curies":[{"name":"wp","href":"https:\/\/api.w.org\/{rel}","templated":true}]}}