{"id":795,"date":"2018-02-07T16:33:30","date_gmt":"2018-02-07T15:33:30","guid":{"rendered":"http:\/\/www.firstcisl.it\/gruppobper\/?page_id=795"},"modified":"2026-04-13T16:11:57","modified_gmt":"2026-04-13T14:11:57","slug":"informazione","status":"publish","type":"page","link":"https:\/\/www.firstcisl.it\/compass\/informazione\/","title":{"rendered":"L&#8217;informazione First Cisl nel Gruppo Mediobanca"},"content":{"rendered":"<h3><a href=\"https:\/\/www.firstcisl.it\/compass\/wp-content\/uploads\/sites\/71\/2026\/04\/Chiaro-e-tondo-TFR.pdf\" target=\"_blank\" rel=\"noopener\">Il TFR (Trattamento Fine Rapporto)<\/a><\/h3>\n<h3><a href=\"https:\/\/www.firstcisl.it\/compass\/wp-content\/uploads\/sites\/71\/2026\/04\/Chiato-e-tondo-cose-il-buono-pasto.pdf\" target=\"_blank\" rel=\"noopener\"><strong>Il Buono Pasto<\/strong><\/a><\/h3>\n<h3><a href=\"https:\/\/www.firstcisl.it\/compass\/wp-content\/uploads\/sites\/71\/2026\/04\/GENNAIO-2026-PAGA-ORARIA-RETRIBUZIONE-LAVORATRICI-E-LAVORATORI-A-TEMPO-PARZIALE-COMPARTO-ABI.pdf\" target=\"_blank\" rel=\"noopener\">GENNAIO-2026-PAGA-ORARIA-RETRIBUZIONE-LAVORATRICI-E-LAVORATORI-A-TEMPO-PARZIALE-COMPARTO-ABI<\/a><\/h3>\n<h3><a href=\"https:\/\/www.firstcisl.it\/compass\/wp-content\/uploads\/sites\/71\/2026\/04\/Brochure-Aletheia-Holding-2026-First-Cisl-Milano-Metropoli.pdf\" target=\"_blank\" rel=\"noopener\"><strong>Brochure Aletheia Holding &#8211; 2026<\/strong><\/a><\/h3>\n<h3><span style=\"color: #ff0000\">NEW<\/span>: <a href=\"https:\/\/www.firstcisl.it\/ccnl-abi\/\" target=\"_blank\" rel=\"noopener\">Articolato CCNL 2023<\/a><\/h3>\n<h3><a href=\"https:\/\/www.firstcisl.it\/compass\/wp-content\/uploads\/sites\/71\/2024\/07\/Testo_coordinato_Ccnl_Abi_2019.pdf\" target=\"_blank\" rel=\"noopener\">Articolato CCNL 2019<\/a><\/h3>\n<h3><a href=\"https:\/\/www.firstcisl.it\/compass\/wp-content\/uploads\/sites\/71\/2022\/09\/Benvenuto-BIGINO-DEL-NEO-ASSUNTO.pdf\" target=\"_blank\" rel=\"noopener\"><span style=\"color: #ff0000\">New<\/span>: Benvenuto! il bigino del neo assunto &#8211; Da aggiornare<\/a><\/h3>\n<h3><a href=\"https:\/\/www.firstcisl.it\/compass\/wp-content\/uploads\/sites\/71\/2022\/09\/pillole-STUDENTI-LAVORATORI.pdf\" target=\"_blank\" rel=\"noopener\"><span style=\"color: #ff0000\">New<\/span>: lavoratori studenti &#8211; pillole<\/a><\/h3>\n<h3><a href=\"https:\/\/www.firstcisl.it\/compass\/wp-content\/uploads\/sites\/71\/2022\/09\/Contributo-figli-studenti-1.pdf\" target=\"_blank\" rel=\"noopener\"><span style=\"color: #ff0000\">New:<\/span> contributo figli studenti\u00a0<\/a><\/h3>\n<h3><a href=\"https:\/\/www.firstcisl.it\/compass\/wp-content\/uploads\/sites\/71\/2022\/05\/AU-Nuove-funzionalit\u00e0-online.pdf\" target=\"_blank\" rel=\"noopener noreferrer\">Assegno Unico &#8211; nuove funzionalit\u00e0 on line<\/a><\/h3>\n<h3><a href=\"https:\/\/www.firstcisl.it\/compass\/wp-content\/uploads\/sites\/71\/2022\/05\/STUDENTI-LAVORATORI.pdf\" target=\"_blank\" rel=\"noopener noreferrer\">Informativa Studenti Lavoratori<\/a><\/h3>\n<h3><a href=\"https:\/\/www.firstcisl.it\/compass\/wp-content\/uploads\/sites\/71\/2022\/02\/Assegno-Unico-2022-FIRST-CISL-Milano.pdf\" target=\"_blank\" rel=\"noopener noreferrer\">Assegno Unico 2022\u00a0<\/a><\/h3>\n<h3><a href=\"https:\/\/www.firstcisl.it\/compass\/wp-content\/uploads\/sites\/71\/2022\/02\/FAQ-Assegno-Unico.pdf\" target=\"_blank\" rel=\"noopener noreferrer\">Faq Assegno Unico<\/a><\/h3>\n<h3><a href=\"https:\/\/www.firstcisl.it\/compass\/wp-content\/uploads\/sites\/71\/2022\/02\/FERIE-2022.pdf\" target=\"_blank\" rel=\"noopener noreferrer\">Informativa ferie 2022<\/a><\/h3>\n<h3><a href=\"https:\/\/www.firstcisl.it\/compass\/wp-content\/uploads\/sites\/71\/2022\/02\/FESTIVITA-SEMIFESTIVI-EX-FESTIVITA-2022.pdf\" target=\"_blank\" rel=\"noopener noreferrer\">I<\/a><a href=\"https:\/\/www.firstcisl.it\/compass\/wp-content\/uploads\/sites\/71\/2022\/02\/FESTIVITA-SEMIFESTIVI-EX-FESTIVITA-2022.pdf\" target=\"_blank\" rel=\"noopener noreferrer\">nformativa festivit\u00e0 &#8211; semifestivit\u00e0 &#8211; ex festivit\u00e0 2022 ABI<\/a><\/h3>\n<h3><a href=\"https:\/\/www.firstcisl.it\/compass\/wp-content\/uploads\/sites\/71\/2021\/01\/FESTIVITA-e-SEMIFESTIVITA-2021-2.pdf\" target=\"_blank\" rel=\"noopener noreferrer\">Informativa festivit\u00e0 e semifestivit\u00e0 2021<\/a><\/h3>\n<h3><a href=\"https:\/\/www.firstcisl.it\/compass\/wp-content\/uploads\/sites\/71\/2021\/01\/FERIE-2021.pdf\" target=\"_blank\" rel=\"noopener noreferrer\">Informativa Ferie 2021<\/a><\/h3>\n<h3><a href=\"https:\/\/www.firstcisl.it\/compass\/wp-content\/uploads\/sites\/71\/2021\/01\/BANCA-ORE-2021-2.pdf\" target=\"_blank\" rel=\"noopener noreferrer\">Banca Ore 2021<\/a><\/h3>\n<h3><a href=\"https:\/\/www.firstcisl.it\/compass\/wp-content\/uploads\/sites\/71\/2021\/01\/Nota-FIRST_Aumenti-CCNL_filigrana.pdf\" target=\"_blank\" rel=\"noopener noreferrer\">Tabella informativa aumenti CCNL 2019<\/a><\/h3>\n<h3><a href=\"https:\/\/www.firstcisl.it\/compass\/wp-content\/uploads\/sites\/71\/2019\/09\/Caregiver.pdf\" target=\"_blank\" rel=\"noopener noreferrer\">Caregiver<\/a><br \/>\n<a href=\"https:\/\/www.firstcisl.it\/compass\/wp-content\/uploads\/sites\/71\/2019\/09\/Congedi-parentali.pdf\" target=\"_blank\" rel=\"noopener noreferrer\">Congedi parentali<\/a><br \/>\n<a href=\"https:\/\/www.firstcisl.it\/compass\/wp-content\/uploads\/sites\/71\/2019\/09\/Disabilit\u00e0-e-lavoro-dipendente.pdf\" target=\"_blank\" rel=\"noopener noreferrer\">Disabilit\u00e0 e lavoro dipendente<\/a><br \/>\n<a href=\"https:\/\/www.firstcisl.it\/compass\/wp-content\/uploads\/sites\/71\/2019\/09\/Pillole-Congedi-maternit\u00e0-paternit\u00e0.pdf\" target=\"_blank\" rel=\"noopener noreferrer\">Pillole Congedi maternit\u00e0 paternit\u00e0<\/a><br \/>\n<a href=\"https:\/\/www.firstcisl.it\/compass\/wp-content\/uploads\/sites\/71\/2019\/09\/Pillole-festivit\u00e0.pdf\" target=\"_blank\" rel=\"noopener noreferrer\">Pillole festivit\u00e0<\/a><br \/>\n<a href=\"https:\/\/www.firstcisl.it\/compass\/wp-content\/uploads\/sites\/71\/2019\/09\/Pillole-malattia.pdf\" target=\"_blank\" rel=\"noopener noreferrer\">Pillole malattia<\/a><br \/>\n<a href=\"https:\/\/www.firstcisl.it\/compass\/wp-content\/uploads\/sites\/71\/2019\/09\/Pillole-part-time.pdf\" target=\"_blank\" rel=\"noopener noreferrer\">Pillole part time<\/a><br \/>\n<a href=\"https:\/\/www.firstcisl.it\/compass\/wp-content\/uploads\/sites\/71\/2020\/01\/Pillole-01_-2020.pdf\" target=\"_blank\" rel=\"noopener noreferrer\"><strong>Pillole Festivit\u00e0 2020<\/strong><\/a><\/h3>\n<div class=\"gsp_post_data\" \r\n\t            data-post_type=\"page\" \r\n\t            data-cat=\"\" \r\n\t            data-modified=\"120\"\r\n\t            data-created=\"1518021210\"\r\n\t            data-title=\"L&#8217;informazione First Cisl nel Gruppo Mediobanca\" \r\n\t            data-home=\"https:\/\/www.firstcisl.it\/compass\"><\/div>","protected":false},"excerpt":{"rendered":"<p>Il TFR (Trattamento Fine Rapporto) Il Buono Pasto GENNAIO-2026-PAGA-ORARIA-RETRIBUZIONE-LAVORATRICI-E-LAVORATORI-A-TEMPO-PARZIALE-COMPARTO-ABI Brochure Aletheia Holding &#8211; 2026 NEW: Articolato CCNL 2023 Articolato CCNL 2019 New: Benvenuto! il bigino del neo assunto &#8211; Da aggiornare New: lavoratori studenti &#8211; pillole New: contributo figli studenti\u00a0 Assegno Unico &#8211; nuove funzionalit\u00e0 on line Informativa Studenti Lavoratori Assegno Unico 2022\u00a0 Faq Assegno [&hellip;]<\/p>\n","protected":false},"author":58,"featured_media":0,"parent":0,"menu_order":0,"comment_status":"closed","ping_status":"closed","template":"","meta":{"footnotes":""},"class_list":["post-795","page","type-page","status-publish","hentry"],"_links":{"self":[{"href":"https:\/\/www.firstcisl.it\/compass\/wp-json\/wp\/v2\/pages\/795","targetHints":{"allow":["GET"]}}],"collection":[{"href":"https:\/\/www.firstcisl.it\/compass\/wp-json\/wp\/v2\/pages"}],"about":[{"href":"https:\/\/www.firstcisl.it\/compass\/wp-json\/wp\/v2\/types\/page"}],"author":[{"embeddable":true,"href":"https:\/\/www.firstcisl.it\/compass\/wp-json\/wp\/v2\/users\/58"}],"replies":[{"embeddable":true,"href":"https:\/\/www.firstcisl.it\/compass\/wp-json\/wp\/v2\/comments?post=795"}],"version-history":[{"count":21,"href":"https:\/\/www.firstcisl.it\/compass\/wp-json\/wp\/v2\/pages\/795\/revisions"}],"predecessor-version":[{"id":2584,"href":"https:\/\/www.firstcisl.it\/compass\/wp-json\/wp\/v2\/pages\/795\/revisions\/2584"}],"wp:attachment":[{"href":"https:\/\/www.firstcisl.it\/compass\/wp-json\/wp\/v2\/media?parent=795"}],"curies":[{"name":"wp","href":"https:\/\/api.w.org\/{rel}","templated":true}]}}