{"id":9,"date":"2023-11-23T06:00:51","date_gmt":"2023-11-23T05:00:51","guid":{"rendered":"https:\/\/www.firstcisl.it\/ccnl-abi\/?page_id=9"},"modified":"2026-01-21T10:08:58","modified_gmt":"2026-01-21T09:08:58","slug":"codice-etico","status":"publish","type":"page","link":"https:\/\/www.firstcisl.it\/ccnl-abi\/codice-etico\/","title":{"rendered":"Codice etico"},"content":{"rendered":"<p>Con il Codice etico e comportamentale, tutti i dirigenti, i delegati, i militanti della Cisl si impegnano nella propria attivit\u00e0 ad operare sulla base dei principi di integrit\u00e0, correttezza, onest\u00e0 e legalit\u00e0.<\/p>\n<p>I valori di riferimento della Cisl nello svolgimento della sua azione sindacale sono:<\/p>\n<ul>\n<li>la solidariet\u00e0 tra persone, gruppi o posizioni sociali diverse;<\/li>\n<li>il rispetto e la valorizzazione delle diversit\u00e0 culturali, etniche, religiose, in una prospettiva di societ\u00e0 multiculturale e multietnica;<\/li>\n<li>la mutualit\u00e0, modalit\u00e0 che attraverso l&#8217;unione delle forze e lo scambio solidaristico consente di raggiungere obiettivi comuni;<\/li>\n<li>la legalit\u00e0, che garantisce parit\u00e0 di condizione per l&#8217;insieme dei soggetti impegnati nei settori di riferimento e pi\u00f9 in generale nella societ\u00e0.<\/li>\n<\/ul>\n<p>Il <a href=\"https:\/\/www.firstcisl.it\/wp-content\/uploads\/2019\/12\/Codice_Etico_CISL_2019.pdf\" target=\"_blank\" rel=\"noopener noreferrer\">Codice etico e comportamentale della Cisl<\/a>, approvato dal Consiglio generale confederale l&#8217;11 luglio 2019<\/p>\n<p>&nbsp;<\/p>\n<div class=\"gsp_post_data\" \r\n\t            data-post_type=\"page\" \r\n\t            data-cat=\"\" \r\n\t            data-modified=\"120\"\r\n\t            data-created=\"1700719251\"\r\n\t            data-title=\"Codice etico\" \r\n\t            data-home=\"https:\/\/www.firstcisl.it\/ccnl-abi\"><\/div>","protected":false},"excerpt":{"rendered":"<p>Con il Codice etico e comportamentale, tutti i dirigenti, i delegati, i militanti della Cisl si impegnano nella propria attivit\u00e0 ad operare sulla base dei principi di integrit\u00e0, correttezza, onest\u00e0 e legalit\u00e0. I valori di riferimento della Cisl nello svolgimento della sua azione sindacale sono: la solidariet\u00e0 tra persone, gruppi o posizioni sociali diverse; il [&hellip;]<\/p>\n","protected":false},"author":55,"featured_media":0,"parent":0,"menu_order":0,"comment_status":"closed","ping_status":"closed","template":"","meta":{"footnotes":""},"class_list":["post-9","page","type-page","status-publish","hentry"],"_links":{"self":[{"href":"https:\/\/www.firstcisl.it\/ccnl-abi\/wp-json\/wp\/v2\/pages\/9","targetHints":{"allow":["GET"]}}],"collection":[{"href":"https:\/\/www.firstcisl.it\/ccnl-abi\/wp-json\/wp\/v2\/pages"}],"about":[{"href":"https:\/\/www.firstcisl.it\/ccnl-abi\/wp-json\/wp\/v2\/types\/page"}],"author":[{"embeddable":true,"href":"https:\/\/www.firstcisl.it\/ccnl-abi\/wp-json\/wp\/v2\/users\/55"}],"replies":[{"embeddable":true,"href":"https:\/\/www.firstcisl.it\/ccnl-abi\/wp-json\/wp\/v2\/comments?post=9"}],"version-history":[{"count":1,"href":"https:\/\/www.firstcisl.it\/ccnl-abi\/wp-json\/wp\/v2\/pages\/9\/revisions"}],"predecessor-version":[{"id":10,"href":"https:\/\/www.firstcisl.it\/ccnl-abi\/wp-json\/wp\/v2\/pages\/9\/revisions\/10"}],"wp:attachment":[{"href":"https:\/\/www.firstcisl.it\/ccnl-abi\/wp-json\/wp\/v2\/media?parent=9"}],"curies":[{"name":"wp","href":"https:\/\/api.w.org\/{rel}","templated":true}]}}