{"id":746,"date":"2023-11-23T09:30:39","date_gmt":"2023-11-23T08:30:39","guid":{"rendered":"https:\/\/www.firstcisl.it\/ccnl-abi\/?page_id=746"},"modified":"2026-01-21T10:10:07","modified_gmt":"2026-01-21T09:10:07","slug":"decreto-26-luglio-2017-modifiche-al-decreto-n-83486-del-28-luglio-2014-relativo-al-fondo-di-solidarieta-per-la-riconversione-e-riqualificazione-professionale-per-il-sostegno-dell","status":"publish","type":"page","link":"https:\/\/www.firstcisl.it\/ccnl-abi\/decreto-26-luglio-2017-modifiche-al-decreto-n-83486-del-28-luglio-2014-relativo-al-fondo-di-solidarieta-per-la-riconversione-e-riqualificazione-professionale-per-il-sostegno-dell\/","title":{"rendered":"Decreto 26 luglio 2017 \u2013 Modifiche al Decreto n. 83486 del 28 luglio 2014, relativo al Fondo di solidariet\u00e0 per la riconversione e riqualificazione professionale, per il sostegno dell\u2019occupazione e del reddito del personale del credito (Decreto n. 99789)"},"content":{"rendered":"<div class=\"contenuto-first8\">\n<div style=\"width: 100%; text-align: center;\">Il Ministro del Lavoro e delle Politiche Sociali<\/div>\n<div style=\"width: 100%; text-align: center;\">di concerto con<\/div>\n<div style=\"width: 100%; text-align: center;\">il Ministro dell\u2019Economia e delle Finanze<\/div>\n<p><span class=\"prima-parola\">Visti<\/span> gli articoli da 26 a 40 del decreto legislativo 14 settembre 2015, n. 148, volti ad assicurare, ai lavoratori dei settori non coperti dalla normativa in materia d\u2019integrazione salariale, una tutela in costanza di rapporto di lavoro nei casi di riduzione o sospensione dell\u2019attivit\u00e0 lavorativa per le cause previste dalla normativa in materia di integrazione salariale ordinaria o straordinaria;<br \/>\n<span class=\"prima-parola\">Visto<\/span> l\u2019art. 26, comma 1, del decreto legislativo n. 148 del 2015 che prevede, per i settori non coperti dalla normativa in materia di integrazione salariale, che si costituiscano, previa stipula di accordi e contratti collettivi, anche intersettoriali, da parte delle organizzazioni sindacali e imprenditoriali comparativamente pi\u00f9 rappresentative a livello nazionale, fondi di solidariet\u00e0 bilaterali con la finalit\u00e0 di assicurare ai lavoratori una tutela in costanza di rapporto di lavoro nei casi di riduzione o sospensione dell\u2019attivit\u00e0 lavorativa per le cause previste dalla normativa in materia di integrazione sociale ordinaria o straordinaria;<br \/>\n<span class=\"prima-parola\">Visto<\/span> l\u2019art. 26, comma 2, del decreto legislativo n. 148 del 2015, che stabilisce che i fondi siano istituiti presso l\u2019INPS con decreto del Ministro del lavoro e delle politiche sociali, di concerto con il Ministro dell\u2019economia e delle finanze;<br \/>\n<span class=\"prima-parola\">Visto<\/span> l\u2019art. 26, comma 3, del decreto legislativo n. 148 del 2015, che prevede la possibilit\u00e0 di apportare modiche agli atti istitutivi di ciascun fondo con le medesime modalit\u00e0 di cui ai commi 1 e 2 dell\u2019art. 26;<br \/>\n<span class=\"prima-parola\">Visto<\/span> l\u2019art. 3, della legge 14 gennaio 1994, n. 20;<br \/>\n<span class=\"prima-parola\">Visto<\/span> il decreto del Ministro del lavoro e delle politiche sociali, di concerto con il Ministro dell\u2019economia e delle finanze n. 83486 del 28 luglio 2014, relativo al Fondo di solidariet\u00e0 per la riconversione e riqualificazione professionale, per il sostegno dell\u2019occupazione e del reddito del personale del credito;<br \/>\n<span class=\"prima-parola\">Visto<\/span> l\u2019art. 5, comma 1, lettera a), punto 1), del decreto citato, che prevede che il Fondo di solidariet\u00e0 per la riconversione e riqualificazione professionale, per il sostegno dell\u2019occupazione e del reddito del personale del credito provveda, in via ordinaria, a contribuire al finanziamento di programmi formativi di riconversione o riqualificazione professionale anche in concorso con gli appositi fondi nazionali o dell\u2019Unione europea;<br \/>\n<span class=\"prima-parola\">Visto<\/span> l\u2019art. 5, comma 1, lettera a), punto 2), del medesimo decreto, che prevede che il Fondo provveda, in via ordinaria, al finanziamento di specifici trattamenti a favore dei lavoratori interessati da riduzione o sospensione dell\u2019attivit\u00e0 lavorativa, ivi comprese le prestazioni di solidariet\u00e0 intergenerazionali;<br \/>\n<span class=\"prima-parola\">Visto<\/span> l\u2019art. 9, comma 3, del decreto del Ministro del lavoro e delle politiche sociali, di concerto con il Ministro dell\u2019economia e delle finanze n. 83486, del 28 luglio 2014 che prevede che nei casi di ricorso alle prestazioni di cui all\u2019art. 5, comma 1, lettera a), punto 1, l\u2019intervento \u00e8 determinato, per ciascun trimestre di riferimento, in misura non superiore all\u2019ammontare dei contributi ordinari dovuti dalla singola azienda nello stesso periodo di riferimento, tenuto conto degli oneri di gestione e amministrazione e al netto delle prestazioni di cui all\u2019art. 5, comma 1, lettera a), gi\u00e0 deliberate;<br \/>\n<span class=\"prima-parola\">Visto<\/span> l\u2019art. 9, comma 4, del medesimo decreto che stabilisce che nei casi di ricorso alle prestazioni di cui all\u2019art. 5, comma 1, lettera a), punto 2, ovvero nei casi di ricorso congiunto alle prestazioni di cui all\u2019art. 5, comma 1, lettera a), punti 1 e 2, l\u2019 intervento \u00e8 determinato, per ciascun trimestre di riferimento, in misura non superiore a due volte l\u2019ammontare dei contributi ordinari dovuti dalla singola azienda nello stesso periodo di riferimento, tenuto conto degli oneri di gestione e amministrazione e delle prestazioni di cui all\u2019art. 5, comma 1, lettera a), punti 1 e 2, gi\u00e0 deliberate;<br \/>\n<span class=\"prima-parola\">Visto<\/span> l\u2019accordo sindacale stipulato in data 20 marzo 2017 tra ABI e FABI, FIRST-CISL, FISAC-CGIL, SINFUB, UGL Credito, UILCA, e UNISIN, con cui, ai sensi dell\u2019art. 26, comma 3, del decreto legislativo n. 148 del 2015, \u00e8 stato convenuto di apportare modificazioni ed integrazioni alla disciplina delle prestazioni ordinarie di cui al decreto del Ministro del lavoro e delle politiche sociali, di concerto con il Ministro dell\u2019economia e delle finanze n. 83486, del 28 luglio 2014;<br \/>\n<span class=\"prima-parola\">Considerata<\/span> l\u2019avvertita esigenza delle parti sociali espressa nell\u2019accordo sindacale del 20 marzo 2017 di apportare modifiche e integrazioni all\u2019atto istitutivo del Fondo di solidariet\u00e0 per la riconversione e riqualificazione professionale, per il sostegno dell\u2019occupazione e del reddito del personale del credito, con la finalit\u00e0 di garantire un efficiente utilizzo delle risorse e delle prestazioni del fondo, anche con particolare riferimento all\u2019organizzazione del settore che si caratterizza per una preponderante presenza di gruppi bancari;<br \/>\n<span class=\"prima-parola\">Ritenuto,<\/span> pertanto, di modificare l\u2019art. 9, commi 3 e 4, del decreto n. 83486, del 28 luglio 2014, dando seguito a quanto stabilito nell\u2019accordo sindacale del 20 marzo 2017;<\/p>\n<div style=\"width: 100%; text-align: center; margin-top: 20px;\">Decreta:<\/div>\n<div style=\"width: 100%; text-align: center; margin-top: 20px; margin-bottom: 20px;\"><strong>Art. 1<\/strong><\/div>\n<p><span class=\"prima-parola\">All\u2019art.<\/span> 9, del decreto del Ministro del lavoro e delle politiche sociali, di concerto con il Ministro dell\u2019economia e delle finanze del 28 luglio 2014, n. 83486, il comma 3 \u00e8 sostituito dal seguente: \u00ab3. Nei casi di ricorso alle prestazioni di cui all\u2019art. 5, comma 1, lettera a), punto 1, l\u2019intervento \u00e8 determinato, per ciascun trimestre di riferimento, in misura non superiore all\u2019ammontare dei contributi ordinari dovuti dalla singola azienda, ovvero dal complesso delle societ\u00e0 del gruppo cui l\u2019azienda appartiene, nello stesso periodo di riferimento, tenuto conto degli oneri di gestione e amministrazione e al netto delle prestazioni di cui all\u2019art. 5, comma 1, lettera a), gi\u00e0 deliberate\u00bb.<br \/>\n<span class=\"prima-parola\">All\u2019art.<\/span> 9, del decreto del Ministro del lavoro e delle politiche sociali, di concerto con il Ministro dell\u2019economia e delle finanze del 28 luglio 2014, n. 83486, il comma 4 \u00e8 sostituito dal seguente: \u00ab4. Nei casi di ricorso alle prestazioni di cui all\u2019art. 5, comma 1, lettera a), punto 2, ovvero nei casi di ricorso congiunto alle prestazioni di cui all\u2019art. 5, comma 1, lettera a), punti 1 e 2, l\u2019 intervento \u00e8 determinato, per ciascun trimestre di riferimento, in misura non superiore a due volte l\u2019ammontare dei contributi ordinari dovuti dalla singola azienda, ovvero dal complesso delle societ\u00e0 del gruppo cui l\u2019azienda appartiene, nello stesso periodo di riferimento, tenuto conto degli oneri di gestione e amministrazione e delle prestazioni di cui all\u2019art. 5, comma 1, lettera a), punti 1 e 2, gi\u00e0 deliberate\u00bb.<br \/>\n<span class=\"prima-parola\">Il<\/span> presente decreto \u00e8 trasmesso agli organi di controllo e pubblicato nella Gazzetta Ufficiale della Repubblica italiana.<\/p>\n<div style=\"width: 100%; text-align: left; margin-top: 20px;\">Roma, 26 luglio 2017<\/div>\n<div style=\"width: 100%; text-align: left; margin-top: 20px;\">Il Ministro del lavoro e delle politiche sociali Poletti<\/div>\n<div style=\"width: 100%; text-align: left; margin-top: 20px;\">Il Ministro dell\u2019economia e delle finanze Padoan<\/div>\n<div style=\"text-align: center; margin-top: 50px; margin-bottom: 50px;\"><b><a class=\"sottolink5\" href=\"https:\/\/www.firstcisl.it\/ccnl-abi\/indice-ccnl-abi-2023\/\">Torna all&#8217;indice<\/a><\/b><\/div>\n<\/div>\n<nav class=\"ccnl-nav\" aria-label=\"Navigazione capitoli\"><a class=\"ccnl-nav__item ccnl-nav__prev\" href=\"https:\/\/www.firstcisl.it\/ccnl-abi\/verbale-di-accordo-del-20-marzo-2017-modifiche-integrazioni-al-regolamento-del-fondo-di-solidarieta-del-personale-del-credito-prestazioni-ordinarie\/\"><br \/>\n<span class=\"ccnl-nav__arrow\" aria-hidden=\"true\">\u25c0<\/span><br \/>\n<span class=\"ccnl-nav__title\">Verbale di accordo del 20 marzo 2017 \u2013 Modifiche\/integrazioni al Regolamento del Fondo di solidariet\u00e0 del personale del credito \u2013 Prestazioni ordinarie<\/span><br \/>\n<span class=\"ccnl-nav__short\">Precedente<\/span><br \/>\n<\/a><a class=\"ccnl-nav__item ccnl-nav__next\" href=\"https:\/\/www.firstcisl.it\/ccnl-abi\/convenzione-per-la-fornitura-di-servizi-di-supporto-alla-ricollocazione-professionale-outplacement\/\"><br \/>\n<span class=\"ccnl-nav__arrow\" aria-hidden=\"true\">\u25b6<\/span><br \/>\n<span class=\"ccnl-nav__title\">Convenzione per la fornitura di servizi di supporto alla ricollocazione professionale (Outplacement)<\/span><br \/>\n<span class=\"ccnl-nav__short\">Successivo<\/span><br \/>\n<\/a><\/nav>\n<div class=\"gsp_post_data\" \r\n\t            data-post_type=\"page\" \r\n\t            data-cat=\"\" \r\n\t            data-modified=\"120\"\r\n\t            data-created=\"1700731839\"\r\n\t            data-title=\"Decreto 26 luglio 2017 \u2013 Modifiche al Decreto n. 83486 del 28 luglio 2014, relativo al Fondo di solidariet\u00e0 per la riconversione e riqualificazione professionale, per il sostegno dell\u2019occupazione e del reddito del personale del credito (Decreto n. 99789)\" \r\n\t            data-home=\"https:\/\/www.firstcisl.it\/ccnl-abi\"><\/div>","protected":false},"excerpt":{"rendered":"<p>Il Ministro del Lavoro e delle Politiche Sociali di concerto con il Ministro dell\u2019Economia e delle Finanze Visti gli articoli da 26 a 40 del decreto legislativo 14 settembre 2015, n. 148, volti ad assicurare, ai lavoratori dei settori non coperti dalla normativa in materia d\u2019integrazione salariale, una tutela in costanza di rapporto di lavoro [&hellip;]<\/p>\n","protected":false},"author":55,"featured_media":0,"parent":0,"menu_order":0,"comment_status":"closed","ping_status":"closed","template":"","meta":{"footnotes":""},"class_list":["post-746","page","type-page","status-publish","hentry"],"_links":{"self":[{"href":"https:\/\/www.firstcisl.it\/ccnl-abi\/wp-json\/wp\/v2\/pages\/746","targetHints":{"allow":["GET"]}}],"collection":[{"href":"https:\/\/www.firstcisl.it\/ccnl-abi\/wp-json\/wp\/v2\/pages"}],"about":[{"href":"https:\/\/www.firstcisl.it\/ccnl-abi\/wp-json\/wp\/v2\/types\/page"}],"author":[{"embeddable":true,"href":"https:\/\/www.firstcisl.it\/ccnl-abi\/wp-json\/wp\/v2\/users\/55"}],"replies":[{"embeddable":true,"href":"https:\/\/www.firstcisl.it\/ccnl-abi\/wp-json\/wp\/v2\/comments?post=746"}],"version-history":[{"count":5,"href":"https:\/\/www.firstcisl.it\/ccnl-abi\/wp-json\/wp\/v2\/pages\/746\/revisions"}],"predecessor-version":[{"id":922,"href":"https:\/\/www.firstcisl.it\/ccnl-abi\/wp-json\/wp\/v2\/pages\/746\/revisions\/922"}],"wp:attachment":[{"href":"https:\/\/www.firstcisl.it\/ccnl-abi\/wp-json\/wp\/v2\/media?parent=746"}],"curies":[{"name":"wp","href":"https:\/\/api.w.org\/{rel}","templated":true}]}}