{"id":736,"date":"2023-11-23T09:45:21","date_gmt":"2023-11-23T08:45:21","guid":{"rendered":"https:\/\/www.firstcisl.it\/ccnl-abi\/?page_id=736"},"modified":"2026-01-21T10:01:43","modified_gmt":"2026-01-21T09:01:43","slug":"adeguamento-del-fondo-di-solidarieta-per-la-riconversione-e-riqualificazione-professionale-per-il-sostegno-delloccupazione-e-del-reddito-del-personale-del-credito-alla-legge-28-giugno-2012","status":"publish","type":"page","link":"https:\/\/www.firstcisl.it\/ccnl-abi\/adeguamento-del-fondo-di-solidarieta-per-la-riconversione-e-riqualificazione-professionale-per-il-sostegno-delloccupazione-e-del-reddito-del-personale-del-credito-alla-legge-28-giugno-2012\/","title":{"rendered":"Adeguamento del Fondo di solidariet\u00e0 per la riconversione e riqualificazione professionale, per il sostegno dell\u2019occupazione e del reddito del personale del credito alla legge 28 giugno 2012, n. 92 Verbale di accordo"},"content":{"rendered":"<div class=\"contenuto-first8\">\n<div style=\"width: 100%; text-align: center;\">Il 20 dicembre 2013, in Roma<\/div>\n<div style=\"width: 100%; text-align: center;\"><em>(Omissis)<\/em><\/div>\n<p>convengono di adeguare la disciplina del Fondo di solidariet\u00e0 per la riconversione e riqualificazione professionale, per il sostegno dell\u2019occupazione e del reddito del personale del credito, di cui al D.M. 28 aprile 2000, n. 158 e successive modiche e integrazioni, a quanto previsto dall\u2019art. 3 della legge 28 giugno 2012, n. 92, secondo le previsioni di cui all\u2019allegato al presente Verbale di accordo che ne costituisce parte integrante, unitaria ed inscindibile, fermo quanto previsto dal punto 2 dell\u2019Accordo quadro 8 luglio 2011.<br \/>\n<span class=\"prima-parola\">Conseguentementee<\/span> le Parti stipulanti si attiveranno per richiedere ai competenti Ministeri di emanare, con la massima tempestivit\u00e0, il previsto decreto.<\/p>\n<p>DICHIARAZIONE DELLE PARTI<br \/>\n<span class=\"prima-parola\">Le<\/span> Parti convengono sulla opportunit\u00e0 di attivarsi presso le Autorit\u00e0 competenti affinch\u00e9 l\u2019Assicurazione sociale per l\u2019Impiego (ASpI) di cui all\u2019art. 2, comma 1, della legge n. 92 del 2012, venga corrisposta nel caso di risoluzione consensuale del rapporto di lavoro, concordata nel rispetto di accordi collettivi stipulati nell\u2019ambito di procedure finalizzate alla riduzione dei livelli occupazionali, nei casi in cui sia prevista in favore dei lavoratori l\u2019erogazione della prestazione straordinaria di cui all\u2019art. 5, comma 1, lett. b), del Regolamento del Fondo di solidariet\u00e0 del settore del credito.<\/p>\n<p>ALLEGATO (<em>Omissis<\/em>)<\/p>\n<div style=\"text-align: center; margin-top: 50px; margin-bottom: 50px;\"><b><a class=\"sottolink5\" href=\"https:\/\/www.firstcisl.it\/ccnl-abi\/indice-ccnl-abi-2023\/\">Torna all&#8217;indice<\/a><\/b><\/div>\n<\/div>\n<nav class=\"ccnl-nav\" aria-label=\"Navigazione capitoli\"><a class=\"ccnl-nav__item ccnl-nav__prev\" href=\"https:\/\/www.firstcisl.it\/ccnl-abi\/verbale-di-accordo-interpretativo\/\"><br \/>\n<span class=\"ccnl-nav__arrow\" aria-hidden=\"true\">\u25c0<\/span><br \/>\n<span class=\"ccnl-nav__title\">Verbale di accordo interpretativo<\/span><br \/>\n<span class=\"ccnl-nav__short\">Precedente<\/span><br \/>\n<\/a><a class=\"ccnl-nav__item ccnl-nav__next\" href=\"https:\/\/www.firstcisl.it\/ccnl-abi\/decreto-28-luglio-2014-fondo-di-solidarieta-per-la-riconversione-e-riqualificazione-professionale-per-il-sostegno-delloccupazione-e-del-reddito-del-personale-del-credito-ai-sensi\/\"><br \/>\n<span class=\"ccnl-nav__arrow\" aria-hidden=\"true\">\u25b6<\/span><br \/>\n<span class=\"ccnl-nav__title\">Decreto 28 luglio 2014 \u2013 Fondo di solidariet\u00e0 per la riconversione e riqualificazione professionale, per il sostegno dell\u2019occupazione e del reddito del personale del credito, ai sensi dell\u2019articolo 3 della legge 28 giugno 2012, n. 92 (Decreto n. 83486)<\/span><br \/>\n<span class=\"ccnl-nav__short\">Successivo<\/span><br \/>\n<\/a><\/nav>\n<div class=\"gsp_post_data\" \r\n\t            data-post_type=\"page\" \r\n\t            data-cat=\"\" \r\n\t            data-modified=\"120\"\r\n\t            data-created=\"1700732721\"\r\n\t            data-title=\"Adeguamento del Fondo di solidariet\u00e0 per la riconversione e riqualificazione professionale, per il sostegno dell\u2019occupazione e del reddito del personale del credito alla legge 28 giugno 2012, n. 92 Verbale di accordo\" \r\n\t            data-home=\"https:\/\/www.firstcisl.it\/ccnl-abi\"><\/div>","protected":false},"excerpt":{"rendered":"<p>Il 20 dicembre 2013, in Roma (Omissis) convengono di adeguare la disciplina del Fondo di solidariet\u00e0 per la riconversione e riqualificazione professionale, per il sostegno dell\u2019occupazione e del reddito del personale del credito, di cui al D.M. 28 aprile 2000, n. 158 e successive modiche e integrazioni, a quanto previsto dall\u2019art. 3 della legge 28 [&hellip;]<\/p>\n","protected":false},"author":55,"featured_media":0,"parent":0,"menu_order":0,"comment_status":"closed","ping_status":"closed","template":"","meta":{"footnotes":""},"class_list":["post-736","page","type-page","status-publish","hentry"],"_links":{"self":[{"href":"https:\/\/www.firstcisl.it\/ccnl-abi\/wp-json\/wp\/v2\/pages\/736","targetHints":{"allow":["GET"]}}],"collection":[{"href":"https:\/\/www.firstcisl.it\/ccnl-abi\/wp-json\/wp\/v2\/pages"}],"about":[{"href":"https:\/\/www.firstcisl.it\/ccnl-abi\/wp-json\/wp\/v2\/types\/page"}],"author":[{"embeddable":true,"href":"https:\/\/www.firstcisl.it\/ccnl-abi\/wp-json\/wp\/v2\/users\/55"}],"replies":[{"embeddable":true,"href":"https:\/\/www.firstcisl.it\/ccnl-abi\/wp-json\/wp\/v2\/comments?post=736"}],"version-history":[{"count":6,"href":"https:\/\/www.firstcisl.it\/ccnl-abi\/wp-json\/wp\/v2\/pages\/736\/revisions"}],"predecessor-version":[{"id":1423,"href":"https:\/\/www.firstcisl.it\/ccnl-abi\/wp-json\/wp\/v2\/pages\/736\/revisions\/1423"}],"wp:attachment":[{"href":"https:\/\/www.firstcisl.it\/ccnl-abi\/wp-json\/wp\/v2\/media?parent=736"}],"curies":[{"name":"wp","href":"https:\/\/api.w.org\/{rel}","templated":true}]}}