{"id":724,"date":"2023-11-23T10:00:21","date_gmt":"2023-11-23T09:00:21","guid":{"rendered":"https:\/\/www.firstcisl.it\/ccnl-abi\/?page_id=724"},"modified":"2026-01-21T10:10:49","modified_gmt":"2026-01-21T09:10:49","slug":"fondo-di-solidarieta-per-la-riconversione-e-riqualificazione-professionale-per-il-sostegno-delloccupazione-e-del-reddito-del-personale-del-credito-accordo-quadro","status":"publish","type":"page","link":"https:\/\/www.firstcisl.it\/ccnl-abi\/fondo-di-solidarieta-per-la-riconversione-e-riqualificazione-professionale-per-il-sostegno-delloccupazione-e-del-reddito-del-personale-del-credito-accordo-quadro\/","title":{"rendered":"Fondo di solidariet\u00e0 per la riconversione e riqualificazione professionale, per il sostegno dell\u2019occupazione e del reddito del personale del credito Accordo quadro"},"content":{"rendered":"<div class=\"contenuto-first8\">\n<div style=\"width: 100%; text-align: center;\">Il giorno 8 luglio 2011, in Roma<\/div>\n<div style=\"width: 100%; text-align: center;\"><em>(Omissis)<\/em><\/div>\n<div style=\"width: 100%; text-align: center;\">Premesso che:<\/div>\n<p><span class=\"prima-parola\">in<\/span> ragione dei processi di riorganizzazione, di riconversione e di riposizionamento strategico che hanno fin ad oggi interessato il sistema bancario, le Parti hanno definito nelle more di una pi\u00f9 complessiva riforma del sistema di ammortizzatori sociali, sulla base del Protocollo del 4 giugno 1997, il Fondo di solidariet\u00e0 per il sostegno del reddito, dell\u2019occupazione e della riconversione e riqualificazione professionale;<br \/>\n<span class=\"prima-parola\">detto<\/span> Fondo di solidariet\u00e0, istituito con il DM 28 aprile 2000, n. 158, e successive modificazioni e integrazioni, al fine di individuare politiche attive di sostegno al reddito, ha consentito in questi anni di fronteggiare tensioni occupazionali nell\u2019ambito del sistema mitigando le ricadute sociali e senza oneri per la collettivit\u00e0;<br \/>\n<span class=\"prima-parola\">peraltro,<\/span> successivamente, con verbale del 24 gennaio 2001, le Parti hanno convenuto sulla facolt\u00e0 di utilizzare, con accordo aziendale e in presenza di specifiche circostanze, le prestazioni straordinarie del Fondo anche nel caso di richiesta di accesso volontario, evitando il ricorso a licenziamenti collettivi;<br \/>\n<span class=\"prima-parola\">gli<\/span> sviluppi normativi e regolamentari tempo per tempo intervenuti hanno tuttavia progressivamente comportato significative variazioni sia in ordine ai criteri di utilizzo del Fondo, sia riguardo agli oneri in capo alle Aziende interessate;<br \/>\n<span class=\"prima-parola\">le<\/span> Parti hanno condiviso, anche realizzando iniziative congiunte nei confronti dei Ministeri competenti, l\u2019intervenuta onerosit\u00e0 delle misure previste dal regolamento del Fondo e la esigenza di rilanciare e accrescere l\u2019efficacia del Fondo stesso valorizzandone gli aspetti pi\u00f9 qualificanti, al fine di promuovere la stabilit\u00e0 sociale del settore;<br \/>\n<span class=\"prima-parola\">a<\/span> tal fine hanno avviato un confronto sulla riforma del Fondo di solidariet\u00e0 nella prospettiva di riordinare la relativa disciplina e di ricondurre la stessa ad un assetto pi\u00f9 adeguato alle attuali necessit\u00e0 del settore anche condividendo l\u2019esigenza di un miglior ricorso alle misure preventive di riduzione delle tensioni occupazionali definite dalla c.d. parte ordinaria del Fondo e dal contratto collettivo nazionale (in particolare art. 18 del ccnl 8 dicembre 2007) nonch\u00e9 l\u2019obiettivo di ricercare soluzioni idonee a ridurre gli oneri connessi alle relative prestazioni del Fondo;<br \/>\n<span class=\"prima-parola\">in<\/span> questo scenario le Parti, nel valorizzare l\u2019architettura storica del Fondo e nel riconfermare la disciplina di cui al D.M. n. 158 del 2000, intendono adeguare i contenuti di cui al richiamato D.M. alle mutate condizioni tecniche, organizzative e produttive che caratterizzano l\u2019intero sistema nell\u2019attuale contesto, superando cos\u00ec le rispettive posizioni di cui alle lettere del 7 aprile e del 18 e 22 aprile 2011;<br \/>\n<span class=\"prima-parola\">la<\/span> premessa \u00e8 parte integrante del presente accordo.<\/p>\n<div style=\"width: 100%; text-align: center;\">Tutto ci\u00f2 premesso, si conviene, in particolare, quanto segue:<\/div>\n<ol type=\"1\">\n<li style=\"margin-bottom: 20px;\">Il Fondo assume la seguente denominazione: \u201cFondo di solidariet\u00e0 per la riconversione e riqualificazione professionale, per il sostegno dell\u2019occupazione e del reddito del personale del credito\u201d;<\/li>\n<li style=\"margin-bottom: 20px;\">le Parti nel confermare e ribadire, in particolare, le previsioni di cui agli artt. 7 e 8 del D.M. n. 158 del 2000, si impegnano a valorizzare la possibilit\u00e0 che il ricorso alle prestazioni straordinarie del Fondo di solidariet\u00e0, avvenga, ove ne sussistano i presupposti, sulla base di un accordo tra le parti aziendali o di gruppo stipulato nell\u2019ambito delle procedure contrattuali che riguardano i processi che determinano tensioni occupazionali.<br \/>\nA tal fine le parti aziendali o di gruppo, ferme le previsioni di cui al D.M. n. 158 del 2000, possono pervenire ad un accordo, come fattispecie distinta del medesimo senza ricorrere alle procedure di cui alla legge 223\/91, che definisca, anche nell\u2019ambito di piani di incentivazioni all\u2019esodo, le modalit\u00e0 di esodo volontario rivolto a tutto il personale dipendente in possesso dei requisiti per l\u2019accesso alle prestazioni straordinarie del Fondo;<\/li>\n<li style=\"margin-bottom: 20px;\">nei confronti dei lavoratori il cui trattamento pensionistico \u00e8 integralmente calcolato con il sistema retributivo, l\u2019assegno straordinario netto \u00e8 ridotto del:\n<ul class=\"lista-trattinoaa\">\n<li style=\"margin-bottom: 20px;\">8% qualora l\u2019ultima retribuzione annua lorda sia inferiore o pari a 38.000,00 euro;<\/li>\n<li style=\"margin-bottom: 20px;\">11% qualora l\u2019ultima retribuzione annua lorda sia superiore a 38.000,00 euro;<\/li>\n<\/ul>\n<\/li>\n<li style=\"margin-bottom: 20px;\">gli assegni straordinari saranno erogati dal Fondo per il periodo massimo di 60 mesi antecedente la effettiva decorrenza dei trattamenti pensionistici (ivi comprese le c.d. finestre);<\/li>\n<li>di disciplinare nell\u2019ambito della normativa del Fondo di solidariet\u00e0 il ricorso ai contratti di solidariet\u00e0 cc.dd. \u201cdifensivi\u201d ed \u201cespansivi\u201d.<\/li>\n<\/ol>\n<p><span class=\"prima-parola\">Nell\u2019intento<\/span> comune di favorire l\u2019adozione di strumenti atti a prevenire \u2013 anche nell\u2019ambito di processi di riqualificazione, riconversione e riposizionamento professionale \u2013 le tensioni occupazionali, le Parti potranno ricorrere a contratti di solidariet\u00e0 difensivi, fino al 50% dell\u2019orario contrattuale, di durata fino a 24 mesi, elevabili a 36 con ulteriore accordo tra le Parti.<br \/>\n<span class=\"prima-parola\">A<\/span> tal fine, verranno apportate le conseguenti modifiche al D.M. n. 158 del 2000, con l\u2019intento di assicurare ai lavoratori una copertura economica complessiva sino all\u201980% della retribuzione lorda non percepita a seguito della minor prestazione, secondo i criteri stabiliti dal citato D.M., mirando ad una opportuna combinazione tra i trattamenti di integrazione salariale spettanti a norma di legge e quelli erogati dal Fondo di solidariet\u00e0.<br \/>\n<span class=\"prima-parola\">In<\/span> considerazione di quanto sopra ABI inviter\u00e0 le Associate a rinunciare, nell\u2019ambito degli accordi di cui all\u2019art. 7 del D.M. n. 158 del 2000, alla quota di contributo pubblico spettante per legge all\u2019azienda devolvendola a favore dei lavoratori interessati.<br \/>\n<span class=\"prima-parola\">Peraltro,<\/span> anche al fine di favorire l\u2019occupazione stabile di giovani, le Parti potranno ricorrere ai contratti di solidariet\u00e0 c.d. espansivi della durata massima di 48 mesi, facendo, in tal caso, riferimento alla volontariet\u00e0 dei lavoratori.<br \/>\n<span class=\"prima-parola\">Le<\/span> Parti si danno altres\u00ec atto che l\u2019accesso alle prestazioni straordinarie che segua un periodo di riduzione di orario o di sospensione dell\u2019attivit\u00e0 di lavoro dovr\u00e0 avvenire con modalit\u00e0 tali da evitare al lavoratore penalizzazioni per quanto attiene alla contribuzione correlata;<\/p>\n<ol start=\"6\">\n<li style=\"margin-bottom: 20px;\">di istituire entro il 1\u00b0 settembre 2011, con termine dei lavori entro il 31 gennaio 2012, un\u2019apposita Commissione paritetica di studio composta, per parte Sindacale, da due componenti per ciascuna Organizzazione sindacale firmataria del presente accordo:\n<ol type=\"a\">\n<li style=\"margin-bottom: 20px;\">per approfondire i profili tra le prestazioni straordinarie del Fondo e altri strumenti di sostegno previsti dalla legislazione tempo per tempo vigente e\/o dalla contrattazione collettiva;<\/li>\n<li style=\"margin-bottom: 20px;\">verificare gli effetti derivanti dall\u2019applicazione del sistema di calcolo dei trattamenti pensionistici c.d. \u201cmisto\u201d sulla determinazione dell\u2019assegno straordinario erogato dal Fondo di solidariet\u00e0 per i lavoratori la cui ultima retribuzione annua lorda sia inferiore o pari a 38.000 euro;<\/li>\n<li>verificare la possibilit\u00e0 di individuare una clausola perequativa, ai fini della determinazione dell\u2019assegno straordinario, per i lavoratori con retribuzione annua lorda immediatamente superiore a euro 38.000 ed il cui trattamento pensionistico sia integralmente calcolato con il sistema retributivo;<\/li>\n<\/ol>\n<\/li>\n<\/ol>\n<p><span class=\"prima-parola\">nell\u2019occasione<\/span> verr\u00e0 valutata la possibilit\u00e0 di introdurre sistemi di incontro tra domanda e offerta di lavoro riferite al personale collocato nella c.d. sezione emergenziale del Fondo;<\/p>\n<ol start=\"7\">\n<li>di apportare al citato D.M. n. 158 del 2000 le modifiche e\/o integrazioni di cui al testo allegato. Conseguentemente le Parti si attiveranno per richiedere ai competenti Dicasteri di emanare, con la massima tempestivit\u00e0, le conseguenti modifiche regolamentari.<\/li>\n<\/ol>\n<p><span class=\"prima-parola\">Il<\/span> presente accordo, ivi compresa la premessa, \u00e8 unitario e inscindibile in ogni sua parte e decorre dalla data odierna.<\/p>\n<p>ALLEGATO (<em>Omissis<\/em>)<\/p>\n<div style=\"text-align: center; margin-top: 50px; margin-bottom: 50px;\"><b><a class=\"sottolink5\" href=\"https:\/\/www.firstcisl.it\/ccnl-abi\/indice-ccnl-abi-2023\/\">Torna all&#8217;indice<\/a><\/b><\/div>\n<\/div>\n<nav class=\"ccnl-nav\" aria-label=\"Navigazione capitoli\"><a class=\"ccnl-nav__item ccnl-nav__prev\" href=\"https:\/\/www.firstcisl.it\/ccnl-abi\/avviso-comune-per-favorire-lutilizzo-di-risorse-del-fondo-di-solidarieta-per-finalita-formative\/\"><br \/>\n<span class=\"ccnl-nav__arrow\" aria-hidden=\"true\">\u25c0<\/span><br \/>\n<span class=\"ccnl-nav__title\">Avviso comune per favorire l\u2019utilizzo di risorse del Fondo di solidariet\u00e0 per finalit\u00e0 formative<\/span><br \/>\n<span class=\"ccnl-nav__short\">Precedente<\/span><br \/>\n<\/a><a class=\"ccnl-nav__item ccnl-nav__next\" href=\"https:\/\/www.firstcisl.it\/ccnl-abi\/verbale-di-accordo\/\"><br \/>\n<span class=\"ccnl-nav__arrow\" aria-hidden=\"true\">\u25b6<\/span><br \/>\n<span class=\"ccnl-nav__title\">Verbale di accordo<\/span><br \/>\n<span class=\"ccnl-nav__short\">Successivo<\/span><br \/>\n<\/a><\/nav>\n<div class=\"gsp_post_data\" \r\n\t            data-post_type=\"page\" \r\n\t            data-cat=\"\" \r\n\t            data-modified=\"120\"\r\n\t            data-created=\"1700733621\"\r\n\t            data-title=\"Fondo di solidariet\u00e0 per la riconversione e riqualificazione professionale, per il sostegno dell\u2019occupazione e del reddito del personale del credito Accordo quadro\" \r\n\t            data-home=\"https:\/\/www.firstcisl.it\/ccnl-abi\"><\/div>","protected":false},"excerpt":{"rendered":"<p>Il giorno 8 luglio 2011, in Roma (Omissis) Premesso che: in ragione dei processi di riorganizzazione, di riconversione e di riposizionamento strategico che hanno fin ad oggi interessato il sistema bancario, le Parti hanno definito nelle more di una pi\u00f9 complessiva riforma del sistema di ammortizzatori sociali, sulla base del Protocollo del 4 giugno 1997, [&hellip;]<\/p>\n","protected":false},"author":55,"featured_media":0,"parent":0,"menu_order":0,"comment_status":"closed","ping_status":"closed","template":"","meta":{"footnotes":""},"class_list":["post-724","page","type-page","status-publish","hentry"],"_links":{"self":[{"href":"https:\/\/www.firstcisl.it\/ccnl-abi\/wp-json\/wp\/v2\/pages\/724","targetHints":{"allow":["GET"]}}],"collection":[{"href":"https:\/\/www.firstcisl.it\/ccnl-abi\/wp-json\/wp\/v2\/pages"}],"about":[{"href":"https:\/\/www.firstcisl.it\/ccnl-abi\/wp-json\/wp\/v2\/types\/page"}],"author":[{"embeddable":true,"href":"https:\/\/www.firstcisl.it\/ccnl-abi\/wp-json\/wp\/v2\/users\/55"}],"replies":[{"embeddable":true,"href":"https:\/\/www.firstcisl.it\/ccnl-abi\/wp-json\/wp\/v2\/comments?post=724"}],"version-history":[{"count":9,"href":"https:\/\/www.firstcisl.it\/ccnl-abi\/wp-json\/wp\/v2\/pages\/724\/revisions"}],"predecessor-version":[{"id":1417,"href":"https:\/\/www.firstcisl.it\/ccnl-abi\/wp-json\/wp\/v2\/pages\/724\/revisions\/1417"}],"wp:attachment":[{"href":"https:\/\/www.firstcisl.it\/ccnl-abi\/wp-json\/wp\/v2\/media?parent=724"}],"curies":[{"name":"wp","href":"https:\/\/api.w.org\/{rel}","templated":true}]}}