{"id":712,"date":"2023-11-23T10:15:34","date_gmt":"2023-11-23T09:15:34","guid":{"rendered":"https:\/\/www.firstcisl.it\/ccnl-abi\/?page_id=712"},"modified":"2026-01-21T10:13:27","modified_gmt":"2026-01-21T09:13:27","slug":"verbale-di-riunione-sul-tema-delloccupazione-e-per-il-rilancio-del-fondo-di-solidarieta-del-settore","status":"publish","type":"page","link":"https:\/\/www.firstcisl.it\/ccnl-abi\/verbale-di-riunione-sul-tema-delloccupazione-e-per-il-rilancio-del-fondo-di-solidarieta-del-settore\/","title":{"rendered":"Verbale di riunione sul tema dell\u2019occupazione e per il rilancio del Fondo di solidariet\u00e0 del settore"},"content":{"rendered":"<div class=\"contenuto-first8\">\n<div style=\"width: 100%; text-align: center;\">Il 20 giugno 2007, in Roma<\/div>\n<div style=\"width: 100%; text-align: center;\">si \u00e8 tenuto un incontro tra<\/div>\n<div style=\"width: 100%; text-align: center;\"><em>(Omissis)<\/em><\/div>\n<p>nel corso del quale sono state trattate le problematiche concernenti il tema dell\u2019occupazione, con particolare riferimento all\u2019individuazione di iniziative congiunte volte al rafforzamento del Fondo di solidariet\u00e0 di settore.<br \/>\n<span class=\"prima-parola\">L\u2019ABI<\/span> e i Sindacati si danno atto di quanto segue.<\/p>\n<ul class=\"lista-trattinoaa\">\n<li style=\"margin-bottom: 20px;\">Il tema dell\u2019occupazione nelle imprese bancarie, concomitante con la fase di rinnovo del ccnl 12 febbraio 2005, \u00e8 urgente in considerazione della forte accelerazione del fenomeno delle riorganizzazioni e delle concentrazioni bancarie che prefigura un sistema creditizio profondamente diverso da quello in essere solo pochi mesi fa, determinando una netta riduzione del numero dei grandi gruppi bancari, passati in breve tempo da 11 a 6. Le prevedibili, conseguenti ricadute sul piano occupazionale andranno opportunamente gestite, anche con l\u2019obiettivo di favorire nuova occupazione verso attivit\u00e0 che potranno essere utilmente sviluppate.<\/li>\n<li style=\"margin-bottom: 20px;\">Sino ad oggi le conseguenze occupazionali rivenienti da questi riassetti proprietari e organizzativi sono state governate garantendo equilibrio sociale grazie all\u2019intervento del Fondo di solidariet\u00e0 del settore che ha consentito soluzioni non traumatiche rispetto alle eccedenze di personale denunciate dalle aziende e che si sono concretizzate in uscite, per lo pi\u00f9 volontarie, del personale prossimo al pensionamento.<\/li>\n<li style=\"margin-bottom: 20px;\">Il Fondo ha, dunque, consentito in questi anni di risolvere adeguatamente, senza tensioni sociali n\u00e9 oneri per la collettivit\u00e0, il problema degli esuberi: dal 2000 ad oggi sono stati sottoscritti accordi per circa 24.000 lavoratori e gli attuali percettori dell\u2019assegno straordinario sono circa 10.000.<\/li>\n<li style=\"margin-bottom: 20px;\">Il Fondo, prorogato al 2020 con il D.M. 28 aprile 2006, n. 226, \u00e8 stato, tuttavia, proprio in questa fase, caricato di ulteriori oneri per le imprese, in assenza di misure e\/o interventi di sostegno da parte pubblica.<\/li>\n<li>In particolare, tale ulteriore onerosit\u00e0 si \u00e8 concretizzata con la legge 4 agosto 2006, n. 248 che ha abrogato il sistema di tassazione meno oneroso applicato in precedenza alle somme corrisposte al personale con una determinata anzianit\u00e0 per agevolarne l\u2019esodo: sistema sul quale le Parti contrattuali avevano concepito il Fondo stesso nel 1998.<\/li>\n<\/ul>\n<p>Tanto premesso, le Parti convengono quanto segue<\/p>\n<ul class=\"lista-trattinoaa1\">\n<li style=\"margin-bottom: 20px;\">\u00c8 necessario che l\u2019ammortizzatore sociale applicato nel settore continui ad essere strumento efficace e specifico del sistema bancario per governare i processi di riorganizzazione e concentrazione, ridurne le potenziali tensioni, gestire le eccedenze di personale, mitigare gli impatti sociali e favorire l\u2019occupazione dei pi\u00f9 giovani.<\/li>\n<li style=\"margin-bottom: 20px;\">In questo ambito la paventata estensione al settore del credito, da parte del Governo, degli ammortizzatori sociali applicati ad altri comparti (cassa integrazione guadagni, ordinaria o straordinaria, mobilit\u00e0), non \u00e8 considerata idonea ad affrontare e gestire le ricadute dei processi di concentrazione in atto, oltre a rappresentare un serio ostacolo alla continuit\u00e0 e funzionalit\u00e0 del Fondo di solidariet\u00e0.<\/li>\n<li style=\"margin-bottom: 20px;\">Si tratta, infatti, di una misura dagli effetti troppo onerosi per gli stessi lavoratori e per le banche sia sotto il profilo economico che sotto quello gestionale, il cui utilizzo peraltro non \u00e8 rispondente alle esigenze del settore creditizio.<\/li>\n<li style=\"margin-bottom: 20px;\">Il tema dell\u2019occupazione si collega anche alla pi\u00f9 generale questione dei c.d. \u201coneri senza prestazioni corrispettive\u201d gravanti sulle imprese del settore.<\/li>\n<li style=\"margin-bottom: 20px;\">Queste problematiche formeranno oggetto di un\u2019iniziativa congiunta di ABI e delle Segreterie Nazionali dei Sindacati nei confronti del Governo finalizzata:\n<ul>\n<li style=\"margin-bottom: 20px; list-style-type: disc;\">a rilanciare ed accrescere, anche ripristinando l\u2019originario regime fiscale, l\u2019efficacia del Fondo di solidariet\u00e0 quale strumento prioritario di equilibrio sociale, valorizzandone la funzione di ammortizzatore del settore;<\/li>\n<li style=\"list-style-type: disc;\">a evitare interventi legislativi che pregiudichino l\u2019utilizzo dello strumento \u201cFondo esuberi di settore\u201d.<\/li>\n<\/ul>\n<\/li>\n<\/ul>\n<div style=\"text-align: center; margin-top: 50px; margin-bottom: 50px;\"><b><a class=\"sottolink5\" href=\"https:\/\/www.firstcisl.it\/ccnl-abi\/indice-ccnl-abi-2023\/\">Torna all&#8217;indice<\/a><\/b><\/div>\n<\/div>\n<nav class=\"ccnl-nav\" aria-label=\"Navigazione capitoli\"><a class=\"ccnl-nav__item ccnl-nav__prev\" href=\"https:\/\/www.firstcisl.it\/ccnl-abi\/fondo-di-solidarieta-del-personale-del-credito-verbale-di-accordo-12-febbraio-2005-2\/\"><br \/>\n<span class=\"ccnl-nav__arrow\" aria-hidden=\"true\">\u25c0<\/span><br \/>\n<span class=\"ccnl-nav__title\">Fondo di solidariet\u00e0 del personale del credito Verbale di accordo 12 febbraio 2005<\/span><br \/>\n<span class=\"ccnl-nav__short\">Precedente<\/span><br \/>\n<\/a><a class=\"ccnl-nav__item ccnl-nav__next\" href=\"https:\/\/www.firstcisl.it\/ccnl-abi\/protocollo-in-tema-di-mercato-del-lavoro-e-occupazione\/\"><br \/>\n<span class=\"ccnl-nav__arrow\" aria-hidden=\"true\">\u25b6<\/span><br \/>\n<span class=\"ccnl-nav__title\">Protocollo in tema di mercato del lavoro e occupazione<\/span><br \/>\n<span class=\"ccnl-nav__short\">Successivo<\/span><br \/>\n<\/a><\/nav>\n<div class=\"gsp_post_data\" \r\n\t            data-post_type=\"page\" \r\n\t            data-cat=\"\" \r\n\t            data-modified=\"120\"\r\n\t            data-created=\"1700734534\"\r\n\t            data-title=\"Verbale di riunione sul tema dell\u2019occupazione e per il rilancio del Fondo di solidariet\u00e0 del settore\" \r\n\t            data-home=\"https:\/\/www.firstcisl.it\/ccnl-abi\"><\/div>","protected":false},"excerpt":{"rendered":"<p>Il 20 giugno 2007, in Roma si \u00e8 tenuto un incontro tra (Omissis) nel corso del quale sono state trattate le problematiche concernenti il tema dell\u2019occupazione, con particolare riferimento all\u2019individuazione di iniziative congiunte volte al rafforzamento del Fondo di solidariet\u00e0 di settore. L\u2019ABI e i Sindacati si danno atto di quanto segue. Il tema dell\u2019occupazione [&hellip;]<\/p>\n","protected":false},"author":55,"featured_media":0,"parent":0,"menu_order":0,"comment_status":"closed","ping_status":"closed","template":"","meta":{"footnotes":""},"class_list":["post-712","page","type-page","status-publish","hentry"],"_links":{"self":[{"href":"https:\/\/www.firstcisl.it\/ccnl-abi\/wp-json\/wp\/v2\/pages\/712","targetHints":{"allow":["GET"]}}],"collection":[{"href":"https:\/\/www.firstcisl.it\/ccnl-abi\/wp-json\/wp\/v2\/pages"}],"about":[{"href":"https:\/\/www.firstcisl.it\/ccnl-abi\/wp-json\/wp\/v2\/types\/page"}],"author":[{"embeddable":true,"href":"https:\/\/www.firstcisl.it\/ccnl-abi\/wp-json\/wp\/v2\/users\/55"}],"replies":[{"embeddable":true,"href":"https:\/\/www.firstcisl.it\/ccnl-abi\/wp-json\/wp\/v2\/comments?post=712"}],"version-history":[{"count":7,"href":"https:\/\/www.firstcisl.it\/ccnl-abi\/wp-json\/wp\/v2\/pages\/712\/revisions"}],"predecessor-version":[{"id":1406,"href":"https:\/\/www.firstcisl.it\/ccnl-abi\/wp-json\/wp\/v2\/pages\/712\/revisions\/1406"}],"wp:attachment":[{"href":"https:\/\/www.firstcisl.it\/ccnl-abi\/wp-json\/wp\/v2\/media?parent=712"}],"curies":[{"name":"wp","href":"https:\/\/api.w.org\/{rel}","templated":true}]}}