{"id":576,"date":"2023-11-23T12:20:56","date_gmt":"2023-11-23T11:20:56","guid":{"rendered":"https:\/\/www.firstcisl.it\/ccnl-abi\/?page_id=576"},"modified":"2026-01-21T10:02:44","modified_gmt":"2026-01-21T09:02:44","slug":"allegato-3-indennita-e-compensi-vari","status":"publish","type":"page","link":"https:\/\/www.firstcisl.it\/ccnl-abi\/allegato-3-indennita-e-compensi-vari\/","title":{"rendered":"Allegato 3 \u2013 Indennit\u00e0 e compensi vari"},"content":{"rendered":"<div class=\"contenuto-first8\">\n<div class=\"first-table-wrapper4\" style=\"overflow-x:auto; -webkit-overflow-scrolling:touch; width:100%; line-height:1.8\">\n<table class=\"first-table\" style=\"text-align: center;\">\n<thead>\n<tr>\n<th style=\"text-align: center;\" colspan=\"2\">Aree professionali e quadri direttivi<\/th>\n<\/tr>\n<\/thead>\n<tbody>\n<tr>\n<td style=\"text-align: left; width: 80%;\">&#8211; lavori in locali sotterranei<\/td>\n<td style=\"text-align: center;\">45,99<\/td>\n<\/tr>\n<tr>\n<td style=\"text-align: left; width: 80%;\">&#8211; turno notturno<\/td>\n<td style=\"text-align: center;\">30,68<\/td>\n<\/tr>\n<tr>\n<td style=\"text-align: left; width: 80%;\">&#8211; indennit\u00e0 agli addetti al sabato alla consulenza e nelle succursali presso localit\u00e0 turistiche o centri commerciali, ipermercati e grandi magazzini<\/td>\n<td style=\"text-align: center;\">18,42<\/td>\n<\/tr>\n<tr>\n<td style=\"text-align: left; width: 80%;\">&#8211; giornata di reperibilit\u00e0*<\/td>\n<td style=\"text-align: center;\">30,68<\/td>\n<\/tr>\n<tr>\n<td style=\"text-align: left; width: 80%; background:white\"><\/td>\n<td style=\"text-align: center; background:white\"><\/td>\n<\/tr>\n<tr>\n<th style=\"text-align: center; color: white; background: #006038;\" colspan=\"2\">Aree professionali<\/th>\n<\/tr>\n<tr>\n<td style=\"text-align: left; width: 80%;\">&#8211; turno diurno<\/td>\n<td style=\"text-align: center;\">4,30<\/td>\n<\/tr>\n<tr>\n<td style=\"text-align: left; width: 80%;\">&#8211; indennit\u00e0 per orari giornalieri che terminano dopo le 18,15 e fino alle 19,15<\/td>\n<td style=\"text-align: center;\">3,68<\/td>\n<\/tr>\n<tr>\n<td style=\"text-align: left; width: 80%;\">&#8211; per intervento<\/td>\n<td style=\"text-align: center;\">18,42<\/td>\n<\/tr>\n<tr>\n<tr>\n<td style=\"text-align: left; width: 80%; background:white\"><\/td>\n<td style=\"text-align: center; background:white\"><\/td>\n<\/tr>\n<th style=\"text-align: center; color: white; background: #006038;\" colspan=\"2\">Area unificata (ex 1\u00aa e 2\u00aa area professionale)<\/th>\n<\/tr>\n<tr>\n<td style=\"text-align: left; width: 80%;\">&#8211; pernottamento<\/td>\n<td style=\"text-align: center;\">18,42<\/td>\n<\/tr>\n<tr>\n<td style=\"text-align: left; width: 80%;\">&#8211; vigilanza notturna superiore all\u2019orario normale diurno<\/td>\n<td style=\"text-align: center;\">24,52<\/td>\n<\/tr>\n<tr>\n<td style=\"text-align: left; width: 80%;\">&#8211; vigilanza notturna non superiore all\u2019orario normale diurno<\/td>\n<td style=\"text-align: center;\">14,71<\/td>\n<\/tr>\n<tr>\n<td style=\"text-align: left; width: 80%;\">&#8211; custodia diurna nella giornata di sabato<\/td>\n<td style=\"text-align: center;\">49,04<\/td>\n<\/tr>\n<tr>\n<td style=\"text-align: left; color:black; font-weight: normal;\" colspan=\"2\">* Con un minimo di: 13,95.<\/td>\n<\/tr>\n<\/tbody>\n<\/table>\n<\/div>\n<div style=\"text-align: center; margin-top: 50px; margin-bottom: 50px;\"><b><a class=\"sottolink5\" href=\"https:\/\/www.firstcisl.it\/ccnl-abi\/indice-ccnl-abi-2023\/\">Torna all&#8217;indice<\/a><\/b><\/div>\n<\/div>\n<nav class=\"ccnl-nav\" aria-label=\"Navigazione capitoli\"><a class=\"ccnl-nav__item ccnl-nav__prev\" href=\"https:\/\/www.firstcisl.it\/ccnl-abi\/allegato-2-tabelle-economiche\/\"><br \/>\n<span class=\"ccnl-nav__arrow\" aria-hidden=\"true\">\u25c0<\/span><br \/>\n<span class=\"ccnl-nav__title\">Allegato 2 \u2013 Tabelle economiche<\/span><br \/>\n<span class=\"ccnl-nav__short\">Precedente<\/span><br \/>\n<\/a><a class=\"ccnl-nav__item ccnl-nav__next\" href=\"https:\/\/www.firstcisl.it\/ccnl-abi\/allegato-4-concorso-spese-tranviarie-12-mensilita\/\"><br \/>\n<span class=\"ccnl-nav__arrow\" aria-hidden=\"true\">\u25b6<\/span><br \/>\n<span class=\"ccnl-nav__title\">Allegato 4 \u2013 Concorso spese tranviarie (12 mensilit\u00e0)<\/span><br \/>\n<span class=\"ccnl-nav__short\">Successivo<\/span><br \/>\n<\/a><\/nav>\n<div class=\"gsp_post_data\" \r\n\t            data-post_type=\"page\" \r\n\t            data-cat=\"\" \r\n\t            data-modified=\"120\"\r\n\t            data-created=\"1700742056\"\r\n\t            data-title=\"Allegato 3 \u2013 Indennit\u00e0 e compensi vari\" \r\n\t            data-home=\"https:\/\/www.firstcisl.it\/ccnl-abi\"><\/div>","protected":false},"excerpt":{"rendered":"<p>Aree professionali e quadri direttivi &#8211; lavori in locali sotterranei 45,99 &#8211; turno notturno 30,68 &#8211; indennit\u00e0 agli addetti al sabato alla consulenza e nelle succursali presso localit\u00e0 turistiche o centri commerciali, ipermercati e grandi magazzini 18,42 &#8211; giornata di reperibilit\u00e0* 30,68 Aree professionali &#8211; turno diurno 4,30 &#8211; indennit\u00e0 per orari giornalieri che terminano [&hellip;]<\/p>\n","protected":false},"author":55,"featured_media":0,"parent":0,"menu_order":0,"comment_status":"closed","ping_status":"closed","template":"","meta":{"footnotes":""},"class_list":["post-576","page","type-page","status-publish","hentry"],"_links":{"self":[{"href":"https:\/\/www.firstcisl.it\/ccnl-abi\/wp-json\/wp\/v2\/pages\/576","targetHints":{"allow":["GET"]}}],"collection":[{"href":"https:\/\/www.firstcisl.it\/ccnl-abi\/wp-json\/wp\/v2\/pages"}],"about":[{"href":"https:\/\/www.firstcisl.it\/ccnl-abi\/wp-json\/wp\/v2\/types\/page"}],"author":[{"embeddable":true,"href":"https:\/\/www.firstcisl.it\/ccnl-abi\/wp-json\/wp\/v2\/users\/55"}],"replies":[{"embeddable":true,"href":"https:\/\/www.firstcisl.it\/ccnl-abi\/wp-json\/wp\/v2\/comments?post=576"}],"version-history":[{"count":10,"href":"https:\/\/www.firstcisl.it\/ccnl-abi\/wp-json\/wp\/v2\/pages\/576\/revisions"}],"predecessor-version":[{"id":1569,"href":"https:\/\/www.firstcisl.it\/ccnl-abi\/wp-json\/wp\/v2\/pages\/576\/revisions\/1569"}],"wp:attachment":[{"href":"https:\/\/www.firstcisl.it\/ccnl-abi\/wp-json\/wp\/v2\/media?parent=576"}],"curies":[{"name":"wp","href":"https:\/\/api.w.org\/{rel}","templated":true}]}}