{"id":13,"date":"2023-11-23T06:00:43","date_gmt":"2023-11-23T05:00:43","guid":{"rendered":"https:\/\/www.firstcisl.it\/ccnl-abi\/?page_id=13"},"modified":"2026-01-21T10:11:50","modified_gmt":"2026-01-21T09:11:50","slug":"note-legali","status":"publish","type":"page","link":"https:\/\/www.firstcisl.it\/ccnl-abi\/note-legali\/","title":{"rendered":"Note legali"},"content":{"rendered":"<h2 class=\"documentFirstHeading\">Dichiarazione di responsabilit\u00e0<\/h2>\n<div id=\"content-core\">\n<h3><b>DIRITTO D\u2019AUTORE<\/b><\/h3>\n<p>Ai sensi e per gli effetti di cui alla legge 22 aprile 1941 numero 633 (e successiva modifiche ed integrazioni) nonch\u00e9 degli articoli 2575 e seguenti codice civile, i contenuti inseriti all\u2019interno del presente \u201csito\u201d possono essere copiati esclusivamente in forma integrale, provvedendo ad indicare il nominativo completo dell\u2019autore e i riferimenti specifici del sito dal quale sono stati prelevati. Si precisa che i contenuti del presente sito sono stati elaborati dagli autori e responsabili del medesimo. I materiali residui, sono liberamente pubblicati in \u201crete\u201d e, pertanto, scaricabili senza impedimento nonch\u00e9 utilizzabili nelle pagine web personali. Qualora, peraltro, qualsivoglia soggetto si avvedesse che, inavvertitamente, materiale inserito all\u2019interno del sito fosse coperto dalle guarentigie del \u201cdiritto d\u2019autore\u201d, \u00e8 invitato a segnalarlo affinch\u00e8 i contenuti vengano tempestivamente rimossi.<\/p>\n<h3><b>DECLINO DI RESPONSABILIT\u00c0<\/b><\/h3>\n<p>L\u2019utente il quale intende accedere al sito, contrassegnando l\u2019accettazione posta in calce alla condizione (che conferma la attestazione, verifica e comprensione delle clausole ivi indicate), dichiara che: I contenuti del presente sito web hanno carattere esclusivamente informativo non possedendo, neanche indirettamente, scopo di lucro. Pertanto, i responsabili del sito, pur garantendo di avere curato la verifica della autenticit\u00e0 delle notizie e informazioni (anche a carattere visivo) ivi riportate, non assumono alcuna responsabilit\u00e0 di ipotetiche ed eventuali omissioni e\/o imprecisioni, comunque indipendenti da qualsivoglia volont\u00e0. Sar\u00f2 quindi esclusa la responsabilit\u00e0 (anche a titolo di mera colpa) di terzi (siano essi persone fisiche e\/o giuridiche) per i contenuti del sito. L\u2019utente, ad ogni buon conto ed accettando tale esclusione di responsabilit\u00e0, valuter\u00e0 la rilevanza delle informazioni \u2013 sotto qualsivoglia forma &#8211; ivi contenute. Il sito, inoltre, potr\u00e0 riportare opinioni personali di soggetti che non siano in rapporto \u2013 diretto e\/o indiretto \u2013 con i responsabili del medesimo e\/o con l\u2019autore. Questi ultimi, poi, non devono seguire alcuna linea comportamentale se non quella strettamente legata al ruolo di ordinaria comunicazione. I link ad altri siti web vengono offerti solo per completezza informativa, non implicando approvazione dei contenuti da parte del \u201csegnalante\u201d. L&#8217;utente, infine, assume in proprio ogni rischio comunque connesso e\/o dipendente all\u2019utilizzazione del sito, compreso il danneggiamento eventualmente derivante da virus informatici accidentalmente trasmessi o attivati.<\/p>\n<\/div>\n<div class=\"gsp_post_data\" \r\n\t            data-post_type=\"page\" \r\n\t            data-cat=\"\" \r\n\t            data-modified=\"120\"\r\n\t            data-created=\"1700719243\"\r\n\t            data-title=\"Note legali\" \r\n\t            data-home=\"https:\/\/www.firstcisl.it\/ccnl-abi\"><\/div>","protected":false},"excerpt":{"rendered":"<p>Dichiarazione di responsabilit\u00e0 DIRITTO D\u2019AUTORE Ai sensi e per gli effetti di cui alla legge 22 aprile 1941 numero 633 (e successiva modifiche ed integrazioni) nonch\u00e9 degli articoli 2575 e seguenti codice civile, i contenuti inseriti all\u2019interno del presente \u201csito\u201d possono essere copiati esclusivamente in forma integrale, provvedendo ad indicare il nominativo completo dell\u2019autore e [&hellip;]<\/p>\n","protected":false},"author":55,"featured_media":0,"parent":0,"menu_order":0,"comment_status":"closed","ping_status":"closed","template":"","meta":{"footnotes":""},"class_list":["post-13","page","type-page","status-publish","hentry"],"_links":{"self":[{"href":"https:\/\/www.firstcisl.it\/ccnl-abi\/wp-json\/wp\/v2\/pages\/13","targetHints":{"allow":["GET"]}}],"collection":[{"href":"https:\/\/www.firstcisl.it\/ccnl-abi\/wp-json\/wp\/v2\/pages"}],"about":[{"href":"https:\/\/www.firstcisl.it\/ccnl-abi\/wp-json\/wp\/v2\/types\/page"}],"author":[{"embeddable":true,"href":"https:\/\/www.firstcisl.it\/ccnl-abi\/wp-json\/wp\/v2\/users\/55"}],"replies":[{"embeddable":true,"href":"https:\/\/www.firstcisl.it\/ccnl-abi\/wp-json\/wp\/v2\/comments?post=13"}],"version-history":[{"count":1,"href":"https:\/\/www.firstcisl.it\/ccnl-abi\/wp-json\/wp\/v2\/pages\/13\/revisions"}],"predecessor-version":[{"id":14,"href":"https:\/\/www.firstcisl.it\/ccnl-abi\/wp-json\/wp\/v2\/pages\/13\/revisions\/14"}],"wp:attachment":[{"href":"https:\/\/www.firstcisl.it\/ccnl-abi\/wp-json\/wp\/v2\/media?parent=13"}],"curies":[{"name":"wp","href":"https:\/\/api.w.org\/{rel}","templated":true}]}}