{"id":936,"date":"2018-08-02T10:41:56","date_gmt":"2018-08-02T08:41:56","guid":{"rendered":"http:\/\/www.firstcisl.it\/bperbanca\/?page_id=936"},"modified":"2025-04-28T15:57:04","modified_gmt":"2025-04-28T13:57:04","slug":"referenti","status":"publish","type":"page","link":"https:\/\/www.firstcisl.it\/bperbanca\/chi-siamo\/referenti\/","title":{"rendered":"Referenti"},"content":{"rendered":"<p><strong>ALTE PROFESSIONALIT\u00c0<\/strong><br \/>\nRoberto Simonazzi<\/p>\n<p><strong>COMUNICAZIONE<\/strong><br \/>\nMarco Piccolo<\/p>\n<p><strong>DONNE E POLITICHE DI PARIT\u00c0 E DI GENERE<\/strong><br \/>\nAntonella Tidona<\/p>\n<p><strong>ESODATI<\/strong><br \/>\nSabrina Schieri<\/p>\n<p><strong>FORMAZIONE<\/strong><br \/>\nAntonella Tidona<br \/>\nMichele Fiscarelli<\/p>\n<p><strong>PARI OPPORTUNIT\u00c0<\/strong><br \/>\nAntonella Tidona<br \/>\nBruna Massa<\/p>\n<p>&nbsp;<\/p>\n<div class=\"gsp_post_data\" \r\n\t            data-post_type=\"page\" \r\n\t            data-cat=\"\" \r\n\t            data-modified=\"120\"\r\n\t            data-created=\"1533206516\"\r\n\t            data-title=\"Referenti\" \r\n\t            data-home=\"https:\/\/www.firstcisl.it\/bperbanca\"><\/div>","protected":false},"excerpt":{"rendered":"<p>ALTE PROFESSIONALIT\u00c0 Roberto Simonazzi COMUNICAZIONE Marco Piccolo DONNE E POLITICHE DI PARIT\u00c0 E DI GENERE Antonella Tidona ESODATI Sabrina Schieri FORMAZIONE Antonella Tidona Michele Fiscarelli PARI OPPORTUNIT\u00c0 Antonella Tidona Bruna Massa &nbsp;<\/p>\n","protected":false},"author":2,"featured_media":0,"parent":4,"menu_order":0,"comment_status":"closed","ping_status":"closed","template":"","meta":{"footnotes":""},"class_list":["post-936","page","type-page","status-publish","hentry"],"_links":{"self":[{"href":"https:\/\/www.firstcisl.it\/bperbanca\/wp-json\/wp\/v2\/pages\/936","targetHints":{"allow":["GET"]}}],"collection":[{"href":"https:\/\/www.firstcisl.it\/bperbanca\/wp-json\/wp\/v2\/pages"}],"about":[{"href":"https:\/\/www.firstcisl.it\/bperbanca\/wp-json\/wp\/v2\/types\/page"}],"author":[{"embeddable":true,"href":"https:\/\/www.firstcisl.it\/bperbanca\/wp-json\/wp\/v2\/users\/2"}],"replies":[{"embeddable":true,"href":"https:\/\/www.firstcisl.it\/bperbanca\/wp-json\/wp\/v2\/comments?post=936"}],"version-history":[{"count":19,"href":"https:\/\/www.firstcisl.it\/bperbanca\/wp-json\/wp\/v2\/pages\/936\/revisions"}],"predecessor-version":[{"id":1994,"href":"https:\/\/www.firstcisl.it\/bperbanca\/wp-json\/wp\/v2\/pages\/936\/revisions\/1994"}],"up":[{"embeddable":true,"href":"https:\/\/www.firstcisl.it\/bperbanca\/wp-json\/wp\/v2\/pages\/4"}],"wp:attachment":[{"href":"https:\/\/www.firstcisl.it\/bperbanca\/wp-json\/wp\/v2\/media?parent=936"}],"curies":[{"name":"wp","href":"https:\/\/api.w.org\/{rel}","templated":true}]}}