{"id":481,"date":"2017-05-09T12:03:52","date_gmt":"2017-05-09T10:03:52","guid":{"rendered":"http:\/\/www.firstcisl.it\/bancobpm\/?page_id=481"},"modified":"2023-05-22T08:26:59","modified_gmt":"2023-05-22T06:26:59","slug":"welfare-2","status":"publish","type":"page","link":"https:\/\/www.firstcisl.it\/bancobpm\/welfare-2\/","title":{"rendered":"Welfare"},"content":{"rendered":"<h2>2023<\/h2>\n<p><a href=\"https:\/\/www.firstcisl.it\/bancobpm\/wp-content\/uploads\/sites\/13\/2023\/05\/Premio-Welfare-2023_19-04.pdf\" target=\"_blank\" rel=\"noopener\">19 aprile &#8211; Premio Welfare 2023<\/a><br \/>\n<a href=\"https:\/\/www.firstcisl.it\/bancobpm\/wp-content\/uploads\/sites\/13\/2023\/05\/Premio-aziendale-e-erogazioni-welfare-2023_27-02.pdf\" target=\"_blank\" rel=\"noopener\">27 febbraio &#8211; Premio aziendale e erogazioni welfare 2023<\/a><br \/>\n<a href=\"https:\/\/www.firstcisl.it\/bancobpm\/wp-content\/uploads\/sites\/13\/2023\/01\/Comunicato-Assegno-unico-novita-2023.pdf\" target=\"_blank\" rel=\"noopener\">3 gennaio &#8211; Assegno unico e universale: novit\u00e0 2023<\/a><br \/>\n<a href=\"https:\/\/www.firstcisl.it\/bancobpm\/wp-content\/uploads\/sites\/13\/2023\/01\/Caspop-rinnovo-polizza.pdf\" target=\"_blank\" rel=\"noopener\">2 gennaio &#8211; Caspop, si cambia<\/a><\/p>\n<h2>2022<\/h2>\n<p><a href=\"https:\/\/www.firstcisl.it\/bancobpm\/wp-content\/uploads\/sites\/13\/2022\/11\/Approfondimento-congedi-novita-di-calcolo-delle-indennita.pdf\" target=\"_blank\" rel=\"noopener\">17 novembre &#8211; Novit\u00e0 congedi parentali e calcolo indennit\u00e0<\/a><br \/>\n<a href=\"https:\/\/www.firstcisl.it\/bancobpm\/wp-content\/uploads\/sites\/13\/2022\/11\/2022.11.16-Decreto-aiuti-quater.pdf\" target=\"_blank\" rel=\"noopener\">16 novembre &#8211; Decreto Aiuti quater<\/a><br \/>\n<a href=\"https:\/\/www.firstcisl.it\/bancobpm\/wp-content\/uploads\/sites\/13\/2022\/11\/Natale-Bimbi-Fringe-Benefits.pdf\" target=\"_blank\" rel=\"noopener\">10 novembre &#8211; Natale bimbi e fringe benefits<\/a><br \/>\n<a href=\"https:\/\/www.firstcisl.it\/bancobpm\/wp-content\/uploads\/sites\/13\/2022\/10\/Approfondimento-novita-maternita.pdf\" target=\"_blank\" rel=\"noopener\">7 ottobre &#8211; Agevolazione contributiva per lavoratrici madri e novit\u00e0 per la domanda di astensione obbligatoria di maternit\u00e0<\/a><br \/>\n<a href=\"https:\/\/www.firstcisl.it\/bancobpm\/wp-content\/uploads\/sites\/13\/2022\/10\/17-2022.10.06-LInformAzione-occhio-ai-fringe-benefits-.pdf\" target=\"_blank\" rel=\"noopener\">6 ottobre &#8211; Fringe benefits: occhio ai mutui<\/a><br \/>\n<a href=\"https:\/\/www.firstcisl.it\/bancobpm\/wp-content\/uploads\/sites\/13\/2022\/10\/2022.09.29-LInformAzione-Fringe-Benefits-bonus-trasporti.pdf\" target=\"_blank\" rel=\"noopener\">29 settembre &#8211; Fringe benefits e bonus trasporti<\/a><br \/>\n<a href=\"https:\/\/www.firstcisl.it\/bancobpm\/wp-content\/uploads\/sites\/13\/2022\/09\/2022.09.01-Novit\u00e0-DL-105-2022.pdf\" target=\"_blank\" rel=\"noopener noreferrer\">1\u00b0 settembre &#8211; Conciliazione tempi di vita\/lavoro: le novit\u00e0 introdotte dal DL 105\/2022<\/a><br \/>\n<a href=\"https:\/\/www.firstcisl.it\/bancobpm\/wp-content\/uploads\/sites\/13\/2022\/10\/2022.08.12-Piano-Welfare-2022-aggiornamento.pdf\" target=\"_blank\" rel=\"noopener\">12 agosto &#8211; Piano Welfare Banco BPM: aggiornamento<\/a><br \/>\n<a href=\"https:\/\/www.firstcisl.it\/bancobpm\/wp-content\/uploads\/sites\/13\/2022\/06\/2022.06.21-Provvidenze-figli-studenti-modalit\u00e0.pdf\" target=\"_blank\" rel=\"noopener\">21 giugno &#8211; Provvidenze figli studenti: modalit\u00e0<\/a><br \/>\n<a href=\"https:\/\/www.firstcisl.it\/bancobpm\/wp-content\/uploads\/sites\/13\/2022\/06\/2022.06.21-Provvidenze-figli-studenti-importi.pdf\" target=\"_blank\" rel=\"noopener\">21 giugno &#8211; Provvidenze figli studenti: importi<\/a><br \/>\n<a href=\"https:\/\/www.firstcisl.it\/bancobpm\/wp-content\/uploads\/sites\/13\/2022\/06\/2022.06.01-Conversione-in-legge-decreto-riaperture.pdf\" target=\"_blank\" rel=\"noopener noreferrer\">1\u00b0 giugno &#8211; Conversione in legge Decreto Riaperture<\/a><br \/>\n<a href=\"https:\/\/www.firstcisl.it\/bancobpm\/wp-content\/uploads\/sites\/13\/2022\/05\/Piano-Welfare-2022.pdf\">16 maggio \u2013 Piano Welfare Banco BPM 2022<\/a><br \/>\n<a href=\"https:\/\/www.firstcisl.it\/bancobpm\/wp-content\/uploads\/sites\/13\/2022\/05\/7-2022.05.12-Attivazione-opzione-cash.pdf\">12 maggio \u2013 Premio aziendale 2022: attivazione opzione \u201ccash\u201d<\/a><br \/>\n<a href=\"https:\/\/www.firstcisl.it\/bancobpm\/wp-content\/uploads\/sites\/13\/2022\/04\/comunicato-decreto-riaperture.pdf\" target=\"_blank\" rel=\"noopener noreferrer\">3 aprile \u2013 Decreto riaperture: fine dello stato di emergenza sanitaria legata al Covid 19<\/a><br \/>\n<a href=\"https:\/\/www.firstcisl.it\/bancobpm\/wp-content\/uploads\/sites\/13\/2022\/03\/Premio-aziendale-e-erogazioni-welfare-2022.pdf\" target=\"_blank\" rel=\"noopener noreferrer\">16 marzo &#8211; Premio aziendale &amp; erogazioni welfare 2022<\/a><br \/>\n<a href=\"https:\/\/www.firstcisl.it\/bancobpm\/wp-content\/uploads\/sites\/13\/2022\/02\/Comunicato-commissione-welfare-21022022.pdf\" target=\"_blank\" rel=\"noopener noreferrer\">25 febbraio \u2013 Commissione welfare del 21 febbraio 2022<\/a><br \/>\n<a href=\"https:\/\/www.firstcisl.it\/bancobpm\/wp-content\/uploads\/sites\/13\/2022\/01\/2022.01.17-Congedi-parentali-Covid.pdf\" target=\"_blank\" rel=\"noopener noreferrer\">17 gennaio &#8211; Congedo parentale Covid per i genitori<\/a><br \/>\n<a href=\"https:\/\/www.firstcisl.it\/bancobpm\/wp-content\/uploads\/sites\/13\/2022\/01\/1-2022.01.5-Assegno-unico-universale.pdf\" target=\"_blank\" rel=\"noopener noreferrer\">5 gennaio &#8211; L&#8217;Assegno Unico e Universale<\/a><\/p>\n<h2>2021<\/h2>\n<p><a href=\"https:\/\/www.firstcisl.it\/bancobpm\/wp-content\/uploads\/sites\/13\/2021\/12\/2021-12-09-Contributi-ai-Fondi-Pensione.pdf\" target=\"_blank\" rel=\"noopener noreferrer\">9 dicembre &#8211; Contributi ai Fondi Pensione<\/a><br \/>\n<a href=\"https:\/\/www.firstcisl.it\/bancobpm\/wp-content\/uploads\/sites\/13\/2021\/11\/20211104-operazione-FP-BP.pdf\" target=\"_blank\" rel=\"noopener noreferrer\">4 novembre &#8211; Fondo Pensioni del Gruppo Banco Popolare: operazione di adeguamento alle direttive Covip<\/a><br \/>\n<a href=\"https:\/\/www.firstcisl.it\/bancobpm\/wp-content\/uploads\/sites\/13\/2021\/10\/2021.10.26-Emergenza-coronavirus-proroghe-governo.pdf\" target=\"_blank\" rel=\"noopener noreferrer\">26 ottobre &#8211; Emergenza coronavirus : proroghe disposizioni del governo<\/a><br \/>\n<a href=\"https:\/\/www.firstcisl.it\/bancobpm\/wp-content\/uploads\/sites\/13\/2021\/09\/Novit\u00e0-sul-Fondo-Pensioni-Gruppo-Banco-Popolare.pdf\" target=\"_blank\" rel=\"noopener noreferrer\">21 settembre &#8211; Novit\u00e0 sul Fondo Pensioni Gruppo Banco Popolare<\/a><br \/>\n<a href=\"https:\/\/www.firstcisl.it\/bancobpm\/wp-content\/uploads\/sites\/13\/2021\/07\/Assegno-unico-temporaneo-anf.pdf\" target=\"_blank\" rel=\"noopener noreferrer\">5 luglio &#8211; Assegno Unico Universale, Assegno Temporaneo e Assegno Nucleo Familiare<\/a><br \/>\n<a href=\"https:\/\/www.firstcisl.it\/bancobpm\/wp-content\/uploads\/sites\/13\/2021\/07\/2021.07.01-Borse-di-studio-dipendenti-studenti.pdf\" target=\"_blank\" rel=\"noopener noreferrer\">1\u00b0 luglio &#8211; Borse di studio a dipendenti studenti<\/a><br \/>\n<a href=\"https:\/\/www.firstcisl.it\/bancobpm\/wp-content\/uploads\/sites\/13\/2021\/07\/2021.06.30-Provvidenze-figli-studenti-modalita.pdf\" target=\"_blank\" rel=\"noopener noreferrer\">30 giugno &#8211; Provvidenze figli studenti: modalit\u00e0<\/a><br \/>\n<a href=\"https:\/\/www.firstcisl.it\/bancobpm\/wp-content\/uploads\/sites\/13\/2021\/07\/2021.06.30-Provvidenze-figli-studenti-importi.pdf\" target=\"_blank\" rel=\"noopener noreferrer\">30 giugno &#8211; Provvidenze figli studenti: importi<\/a><br \/>\n<a href=\"https:\/\/www.firstcisl.it\/bancobpm\/wp-content\/uploads\/sites\/13\/2021\/07\/2021.05.26-Piano-Welfare-2021.pdf\" target=\"_blank\" rel=\"noopener noreferrer\">26 maggio &#8211; Piano Welfare Banco BPM 2021<\/a><br \/>\n<a href=\"https:\/\/www.firstcisl.it\/bancobpm\/wp-content\/uploads\/sites\/13\/2021\/07\/2021.05.10-Premio-aziendale-e-erogazioni-welfare-2021.pdf\" target=\"_blank\" rel=\"noopener noreferrer\">10 maggio &#8211; Premio aziendale e erogazioni welfare 2021<\/a><br \/>\n<a href=\"https:\/\/www.firstcisl.it\/bancobpm\/wp-content\/uploads\/sites\/13\/2021\/03\/2021.03.25-Decreto-sostegni.pdf\" target=\"_blank\" rel=\"noopener noreferrer\">25 marzo \u2013 Decreto Sostegni: misure di protezione per lavoratori in condizione di fragilit\u00e0<\/a><br \/>\n<a href=\"https:\/\/www.firstcisl.it\/bancobpm\/wp-content\/uploads\/sites\/13\/2021\/03\/LInformAzione-Fondo-pensioni-BP-x-familiari-a-carico.pdf\" target=\"_blank\" rel=\"noopener noreferrer\">22 marzo \u2013 Fondi Pensione: iscrizione familiari fiscalmente a carico<\/a><br \/>\n<a href=\"https:\/\/www.firstcisl.it\/bancobpm\/wp-content\/uploads\/sites\/13\/2021\/03\/2021.03.21-Conciliazione-vita-lavoro-aggiornamento.pdf\" target=\"_blank\" rel=\"noopener noreferrer\">21 marzo \u2013 Conciliazione vita-lavoro: aggiornamenti<\/a><br \/>\n<a href=\"https:\/\/www.firstcisl.it\/bancobpm\/wp-content\/uploads\/sites\/13\/2021\/03\/2021.02.25-Work-life-balance.pdf\" target=\"_blank\" rel=\"noopener noreferrer\">25 febbraio \u2013 Work life balance e pari opportunit\u00e0: pacchetto famiglia 2021<\/a><br \/>\n<a href=\"https:\/\/www.firstcisl.it\/bancobpm\/wp-content\/uploads\/sites\/13\/2021\/02\/2021.02.06-Conferimento-TFR-pregresso-e-RITA.pdf\" target=\"_blank\" rel=\"noopener noreferrer\">6 febbraio \u2013 Conferimento TFR pregresso e R.I.T.A.<\/a><br \/>\n<a href=\"https:\/\/www.firstcisl.it\/bancobpm\/wp-content\/uploads\/sites\/13\/2021\/03\/2021.01.25-Conciliazione-vita-lavoro-misure-emergenziali.pdf\" target=\"_blank\" rel=\"noopener noreferrer\">25 gennaio \u2013 Conciliazione vita-lavoro: il punto sulle misure emergenziali attualmente in essere<\/a><\/p>\n<p>&nbsp;<\/p>\n<h2>2020<\/h2>\n<p><a href=\"https:\/\/www.firstcisl.it\/bancobpm\/wp-content\/uploads\/sites\/13\/2020\/12\/2020.12.22-Approfondimenti-permessi-legge-104.pdf\" target=\"_blank\" rel=\"noopener noreferrer\">22 dicembre \u2013 Approfondimenti fruizione permessi legge 104<\/a><br \/>\n<a href=\"https:\/\/www.firstcisl.it\/bancobpm\/wp-content\/uploads\/sites\/13\/2020\/11\/2020.11.24-Natale-Bimbi-Istruzioni-per-luso.pdf\" target=\"_blank\" rel=\"noopener noreferrer\">24 novembre \u2013 \u201cNatale Bimbi\u201d: istruzioni per l\u2019uso<\/a><br \/>\n<a href=\"https:\/\/www.firstcisl.it\/bancobpm\/wp-content\/uploads\/sites\/13\/2020\/11\/Contributi-ai-Fondi-Pensioni.pdf\" target=\"_blank\" rel=\"noopener noreferrer\">3 novembre \u2013 Contributi ai Fondi Pensioni<\/a><br \/>\n<a href=\"https:\/\/www.firstcisl.it\/bancobpm\/wp-content\/uploads\/sites\/13\/2020\/10\/2020.10.19-Assegni-nucleo-familiare-precisazioni.pdf\" target=\"_blank\" rel=\"noopener noreferrer\">19 ottobre &#8211; Assegni al nucleo familiare: precisazione<\/a><br \/>\n<a href=\"https:\/\/www.firstcisl.it\/bancobpm\/wp-content\/uploads\/sites\/13\/2020\/09\/2020.09.20-Figli-in-quarantena.pdf\" target=\"_blank\" rel=\"noopener noreferrer\">20 settembre &#8211; Smart working e congedi per genitori di figli in quarantena<\/a><br \/>\n<a href=\"https:\/\/www.firstcisl.it\/bancobpm\/wp-content\/uploads\/sites\/13\/2020\/09\/2020.09.03-Assegni-nucleo-familiare-2020.pdf\" target=\"_blank\" rel=\"noopener noreferrer\">3 settembre &#8211; Aggiornamento assegni al nucleo familiare 2020-21<\/a><br \/>\n<a href=\"https:\/\/www.firstcisl.it\/bancobpm\/wp-content\/uploads\/sites\/13\/2020\/08\/2020.08.20-DL-agosto-aumento-soglia-fringe-benefits.pdf\" target=\"_blank\" rel=\"noopener noreferrer\">20 agosto &#8211; DL agosto: aumento soglia &#8220;fringe benefits&#8221;<\/a><br \/>\n<a href=\"https:\/\/www.firstcisl.it\/bancobpm\/wp-content\/uploads\/sites\/13\/2020\/08\/2020.08.18-Fruizione-a-ore-congedo-Covid.pdf\" target=\"_blank\" rel=\"noopener noreferrer\">18 agosto &#8211; Fruizione a ore dei congedi Covid 19<\/a><br \/>\n<a href=\"https:\/\/www.firstcisl.it\/bancobpm\/wp-content\/uploads\/sites\/13\/2020\/08\/2020.08.04-Provvidenze-studio-2019-2020.pdf\" target=\"_blank\" rel=\"noopener noreferrer\">4 agosto &#8211; Provvidenze figli studenti 2019-2020: modalit\u00e0 di richiesta<\/a><br \/>\n<a href=\"https:\/\/www.firstcisl.it\/bancobpm\/wp-content\/uploads\/sites\/13\/2020\/06\/LinformAzione-Tfr-a-Fondo-Pensioni.pdf\" target=\"_blank\" rel=\"noopener noreferrer\">23 giugno &#8211; Conferimento TFR pregresso a Fondo Pensioni<\/a><br \/>\n<a href=\"https:\/\/www.firstcisl.it\/bancobpm\/wp-content\/uploads\/sites\/13\/2020\/06\/2020.06.22-Assegni-nucleo-familiare-2020.pdf\" target=\"_blank\" rel=\"noopener noreferrer\">22 giugno &#8211; Assegni al nucleo familiare 2020-21<\/a><br \/>\n<a href=\"https:\/\/www.firstcisl.it\/bancobpm\/wp-content\/uploads\/sites\/13\/2020\/05\/2020.05.14-Piano-welfare-Banco-BPM-2020.pdf\" target=\"_blank\" rel=\"noopener noreferrer\">14 maggio &#8211; Piano Welfare Banco BPM 2020<\/a><br \/>\n<a href=\"https:\/\/www.firstcisl.it\/bancobpm\/wp-content\/uploads\/sites\/13\/2020\/05\/2020.05.11-Premio-aziendale-e-erogazioni-welfare.pdf\" target=\"_blank\" rel=\"noopener noreferrer\">11 maggio &#8211; Premio aziendale e erogazioni welfare 2020<\/a><br \/>\n<a href=\"https:\/\/www.firstcisl.it\/bancobpm\/wp-content\/uploads\/sites\/13\/2020\/04\/2020.04.07-Bonus-Bebe-nido-cultura.pdf\" target=\"_blank\" rel=\"noopener noreferrer\">7 aprile &#8211; Bonus Beb\u00e8, Bonus Asilo Nido, Bonus Cultura: approfondimenti<\/a><br \/>\n<a href=\"https:\/\/www.firstcisl.it\/bancobpm\/wp-content\/uploads\/sites\/13\/2020\/03\/2020.03.30-Sostegno-famiglie.pdf\">30 marzo &#8211; Emergenza coronavirus: misure a sostegno famiglie e lavoratori<\/a><br \/>\n<a href=\"https:\/\/www.firstcisl.it\/bancobpm\/wp-content\/uploads\/sites\/13\/2020\/03\/2020.03.23-Permessi-straordinari-L-104.pdf\" target=\"_blank\" rel=\"noopener noreferrer\">23 marzo \u2013 Permessi straordinari Legge 104\/92<\/a><br \/>\n<a href=\"https:\/\/www.firstcisl.it\/bancobpm\/wp-content\/uploads\/sites\/13\/2020\/03\/2020.02.18-Legge-stabilit\u00e0-2020.pdf\" target=\"_blank\" rel=\"noopener noreferrer\">18 febbraio &#8211; Legge di stabilit\u00e0 2020: Pacchetto Famiglia<\/a><br \/>\n<a href=\"https:\/\/www.firstcisl.it\/bancobpm\/wp-content\/uploads\/sites\/13\/2020\/03\/2020.01.09-Assistenza-sanitaria-rimborsi-ASA.pdf\" target=\"_blank\" rel=\"noopener noreferrer\">9 gennaio &#8211; Assistenza sanitaria: rimborsi ASA<\/a><br \/>\n<a href=\"https:\/\/www.firstcisl.it\/bancobpm\/wp-content\/uploads\/sites\/13\/2020\/03\/2020.01.07-Polizza-assicurativa-infortuni.pdf\" target=\"_blank\" rel=\"noopener noreferrer\">7 gennaio &#8211; Polizza assicurativa infortuni professionali ed extra-professionali<\/a><\/p>\n<p>&nbsp;<\/p>\n<h2>2019<\/h2>\n<p><a href=\"https:\/\/www.firstcisl.it\/bancobpm\/wp-content\/uploads\/sites\/13\/2020\/03\/2019.12.26-Carta-Famiglia-approfondimenti.pdf\" target=\"_blank\" rel=\"noopener noreferrer\">26 dicembre &#8211; Carta Famiglia: approfondimenti<\/a><br \/>\n<a href=\"https:\/\/www.firstcisl.it\/bancobpm\/wp-content\/uploads\/sites\/13\/2019\/11\/Natale-Bimbi-istruzioni-per-luso.pdf\" target=\"_blank\" rel=\"noopener noreferrer\">12 novembre &#8211; Natale Bimbi: istruzioni per l&#8217;uso<\/a><br \/>\n<a href=\"https:\/\/www.firstcisl.it\/bancobpm\/wp-content\/uploads\/sites\/13\/2019\/09\/2019.09.27-LInformAzione-Borse-di-studio-Modalit\u00e0.pdf\" target=\"_blank\" rel=\"noopener noreferrer\">27 settembre &#8211; Provvidenze figli studenti: modalit\u00e0 di richiesta<\/a><br \/>\n<a href=\"https:\/\/www.firstcisl.it\/bancobpm\/wp-content\/uploads\/sites\/13\/2019\/05\/2019.05.22-Busta-paga-di-giugno-e-welfare.pdf\" target=\"_blank\" rel=\"noopener noreferrer\">22 maggio &#8211; Busta paga di giugno: premio aziendale e welfare<\/a><br \/>\n<a href=\"https:\/\/www.firstcisl.it\/bancobpm\/wp-content\/uploads\/sites\/13\/2019\/05\/2019.05.17-Contributi-ai-Fondi-Pensione.pdf\" target=\"_blank\" rel=\"noopener noreferrer\">17 maggio &#8211; Contributi ai Fondi Pensioni<\/a><br \/>\n<a href=\"https:\/\/www.firstcisl.it\/bancobpm\/wp-content\/uploads\/sites\/13\/2019\/05\/2019.04.29-Bobus-beb\u00e8-2019.pdf\" target=\"_blank\" rel=\"noopener noreferrer\">29 aprile &#8211; Bonus beb\u00e8 2019<\/a><br \/>\n<a href=\"https:\/\/www.firstcisl.it\/bancobpm\/wp-content\/uploads\/sites\/13\/2019\/05\/2019.04.29-Bonus-mamma-domani-2019.pdf\" target=\"_blank\" rel=\"noopener noreferrer\">29 aprile &#8211; Bonus mamma domani 2019<\/a><br \/>\n<a href=\"https:\/\/www.firstcisl.it\/bancobpm\/wp-content\/uploads\/sites\/13\/2019\/05\/2019.04.29-Bonus-Asilo-Nido-2019.pdf\" target=\"_blank\" rel=\"noopener noreferrer\">29 aprile &#8211; Bonus asilo nido 2019<\/a><br \/>\n<a href=\"https:\/\/www.firstcisl.it\/bancobpm\/wp-content\/uploads\/sites\/13\/2019\/05\/2019.04.24-Assegni-familiari-2019.pdf\" target=\"_blank\" rel=\"noopener noreferrer\">24 aprile &#8211; Assegni familiari 2019<\/a><br \/>\n<a href=\"https:\/\/www.firstcisl.it\/bancobpm\/wp-content\/uploads\/sites\/13\/2019\/03\/2019.03.15-LInformAzione-Provvidenze-per-figli-studenti.pdf\" target=\"_blank\" rel=\"noopener noreferrer\">15 marzo &#8211; Provvidenze figli studenti<\/a><br \/>\n<a href=\"https:\/\/www.firstcisl.it\/bancobpm\/wp-content\/uploads\/sites\/13\/2019\/02\/2019.02.17-LinformAzione-Vap-erogazione-welfare.pdf\" target=\"_blank\" rel=\"noopener noreferrer\">17 febbraio &#8211; Premio aziendale e erogazioni<\/a><a href=\"https:\/\/www.firstcisl.it\/bancobpm\/wp-content\/uploads\/sites\/13\/2019\/02\/2019.02.17-LinformAzione-Vap-erogazione-welfare.pdf\" target=\"_blank\" rel=\"noopener noreferrer\">\u00a0welfare<\/a><br \/>\n<a href=\"https:\/\/www.firstcisl.it\/bancobpm\/wp-content\/uploads\/sites\/13\/2019\/02\/2019.02.16-Comunicazione-iscritti-Fondo-Pensioni-Banco.pdf\" target=\"_blank\" rel=\"noopener noreferrer\">16 febbraio &#8211; Comunicazione iscritti Fondo Pensioni Banco Popolare<\/a><\/p>\n<h2><\/h2>\n<h2>2018<\/h2>\n<p><a href=\"https:\/\/www.firstcisl.it\/bancobpm\/wp-content\/uploads\/sites\/13\/2019\/05\/2018.10.31-Versamenti-Vap-a-Fondo-Pensione.pdf\" target=\"_blank\" rel=\"noopener noreferrer\">31 ottobre &#8211; Versamenti Vap a Fondo Pensioni<\/a><br \/>\n<a href=\"https:\/\/www.firstcisl.it\/bancobpm\/wp-content\/uploads\/sites\/13\/2020\/03\/2018.10.01-LInformAzione-Provvidenze-figli-studenti.pdf\" target=\"_blank\" rel=\"noopener noreferrer\">1\u00b0 ottobre &#8211; Provvidenze figli studenti<\/a><br \/>\n<a href=\"https:\/\/www.firstcisl.it\/bancobpm\/wp-content\/uploads\/sites\/13\/2020\/03\/2018.06.30-Richiesta-assegni-familiari.pdf\" target=\"_blank\" rel=\"noopener noreferrer\">30 giugno &#8211; Richiesta assegni familiari<\/a><br \/>\n<a href=\"https:\/\/www.firstcisl.it\/bancobpm\/wp-content\/uploads\/sites\/13\/2018\/05\/2018.05.18-Busta-paga-giugno.pdf\" target=\"_blank\" rel=\"noopener noreferrer\">18 maggio &#8211; Busta paga giugno: premio aziendale e welfare<\/a><br \/>\n<a href=\"https:\/\/www.firstcisl.it\/bancobpm\/wp-content\/uploads\/sites\/13\/2020\/03\/2018.05.15-Contributi-non-dedotti-Fondo-Pensioni.pdf\" target=\"_blank\" rel=\"noopener noreferrer\">15 maggio &#8211; Contributi non dedotti Fondo Pensioni<\/a><br \/>\n<a href=\"https:\/\/www.firstcisl.it\/bancobpm\/wp-content\/uploads\/sites\/13\/2018\/04\/2018.04.20-Piano-Welfare-2018-Precisazioni.pdf\" target=\"_blank\" rel=\"noopener noreferrer\">20 aprile &#8211; Piano Welfare: precisazioni<\/a><br \/>\n<a href=\"https:\/\/www.firstcisl.it\/bancobpm\/wp-content\/uploads\/sites\/13\/2018\/04\/2018.04.16-Piano-Welfare-2018-2a-parte.pdf\" target=\"_blank\" rel=\"noopener noreferrer\">16 aprile &#8211; Piano Welfare (2a parte)<\/a><br \/>\n<a href=\"https:\/\/www.firstcisl.it\/bancobpm\/wp-content\/uploads\/sites\/13\/2018\/04\/2018.04.14-Piano-Welfare-2018.pdf\" target=\"_blank\" rel=\"noopener noreferrer\">14 aprile &#8211; Piano Welfare<\/a><br \/>\n<a href=\"https:\/\/www.firstcisl.it\/bancobpm\/wp-content\/uploads\/sites\/13\/2018\/04\/2018.03.12-Carta-Famiglia.pdf\" target=\"_blank\" rel=\"noopener noreferrer\">12 marzo &#8211; Carta Famiglia<\/a><br \/>\n<a href=\"https:\/\/www.firstcisl.it\/bancobpm\/wp-content\/uploads\/sites\/13\/2020\/03\/2018.03.10-LinformAzione-Busta-paga-marzo-.pdf\" target=\"_blank\" rel=\"noopener noreferrer\">10 marzo &#8211; Busta paga marzo: provvidenze figli studenti<\/a><br \/>\n<a href=\"https:\/\/www.firstcisl.it\/bancobpm\/wp-content\/uploads\/sites\/13\/2020\/03\/2018.02.18-Assistenza-welfare-Banco.pdf\" target=\"_blank\" rel=\"noopener noreferrer\">18 febbraio &#8211; Assistenza, Welfare Banco<\/a><\/p>\n<h2><\/h2>\n<h2><strong>2017<\/strong><\/h2>\n<p><a href=\"https:\/\/www.firstcisl.it\/bancobpm\/wp-content\/uploads\/sites\/13\/2017\/10\/2017.10.02-Busta-paga-Ottobre.pdf\" target=\"_blank\" rel=\"noopener noreferrer\">2 ottobre &#8211; Busta paga ottobre: provvidenze figli studenti<\/a><br \/>\n<a href=\"https:\/\/www.firstcisl.it\/bancobpm\/wp-content\/uploads\/sites\/13\/2017\/08\/2017.07.02-Richiesta-assegni-familiari.pdf\" target=\"_blank\" rel=\"noopener noreferrer\">2 luglio &#8211; Richiesta assegni familiari<\/a><br \/>\n<a href=\"https:\/\/www.firstcisl.it\/bancobpm\/wp-content\/uploads\/sites\/13\/2017\/08\/2017.06.29-Bonus-Asili-Nido.pdf\" target=\"_blank\" rel=\"noopener noreferrer\">29 giugno &#8211; Bonus Asili Nido<\/a><br \/>\n<a href=\"https:\/\/www.firstcisl.it\/bancobpm\/wp-content\/uploads\/sites\/13\/2017\/08\/2017.06.19-Busta-Paga-Giugno.pdf\" target=\"_blank\" rel=\"noopener noreferrer\">19 giugno &#8211; Busta paga giugno: premio aziendale, erogazione welfare, provvidenze portatori handicap<\/a><br \/>\n<a href=\"https:\/\/www.firstcisl.it\/bancobpm\/wp-content\/uploads\/sites\/13\/2019\/05\/2017.06.07-Destinazione-Welfare.pdf\" target=\"_blank\" rel=\"noopener noreferrer\">7 giugno &#8211; Destinazione welfare<\/a><br \/>\n<a href=\"https:\/\/www.firstcisl.it\/bancobpm\/wp-content\/uploads\/sites\/13\/2017\/08\/2017.05.21-Busta-paga-maggio.pdf\" target=\"_blank\" rel=\"noopener noreferrer\">21 maggio &#8211; Busta paga maggio: premio sociale<\/a><br \/>\n<a href=\"https:\/\/www.firstcisl.it\/bancobpm\/wp-content\/uploads\/sites\/13\/2017\/08\/2017.05.07-Bonus-mamma-domani-asilo-nido-.pdf\" target=\"_blank\" rel=\"noopener noreferrer\">7 maggio &#8211; Bonus Mamma Domani e Asili Nido<\/a><br \/>\n<a href=\"https:\/\/www.firstcisl.it\/bancobpm\/wp-content\/uploads\/sites\/13\/2017\/05\/2017.04.11-Youwelfare-Non-abbiate-fretta.pdf\" target=\"_blank\" rel=\"noopener noreferrer\">11 aprile &#8211; Youwelfare: non abbiate fretta<\/a><br \/>\n<a href=\"https:\/\/www.firstcisl.it\/bancobpm\/wp-content\/uploads\/sites\/13\/2019\/05\/2017.03.21-Polizze-Assicurative-2017.pdf\" target=\"_blank\" rel=\"noopener noreferrer\">21 marzo &#8211; Polizze assicurative 2017<\/a><br \/>\n<a href=\"https:\/\/www.firstcisl.it\/bancobpm\/wp-content\/uploads\/sites\/13\/2019\/05\/2017.03.09-Bonus-Mamma-Domani.pdf\" target=\"_blank\" rel=\"noopener noreferrer\">8 marzo &#8211; Bonus Mamma Domani<\/a><a class=\"state-published\" href=\"http:\/\/archivio.firstcisl.it\/sas\/38401\/documenti\/comunicati-unitari\/comunicati-unitari-anno-2017\/fondo-pensioni-gruppo-bp-si-vota\" target=\"_blank\" rel=\"noopener noreferrer\"><br \/>\n<\/a><a href=\"https:\/\/www.firstcisl.it\/bancobpm\/wp-content\/uploads\/sites\/13\/2019\/05\/2017.03.06-Busta-paga-Marzo.pdf\" target=\"_blank\" rel=\"noopener noreferrer\">6 marzo &#8211; Busta paga marzo: provvidenze figli studenti<\/a><br \/>\n<a href=\"https:\/\/www.firstcisl.it\/bancobpm\/wp-content\/uploads\/sites\/13\/2017\/05\/2017.02.08-Legge-di-stabilit\u00e0-2017.pdf\" target=\"_blank\" rel=\"noopener noreferrer\">8 febbraio &#8211; Legge di stabilit\u00e0 2017<\/a><\/p>\n<p>&nbsp;<\/p>\n<div class=\"gsp_post_data\" \r\n\t            data-post_type=\"page\" \r\n\t            data-cat=\"\" \r\n\t            data-modified=\"120\"\r\n\t            data-created=\"1494331432\"\r\n\t            data-title=\"Welfare\" \r\n\t            data-home=\"https:\/\/www.firstcisl.it\/bancobpm\"><\/div>","protected":false},"excerpt":{"rendered":"<p>2023 19 aprile &#8211; Premio Welfare 2023 27 febbraio &#8211; Premio aziendale e erogazioni welfare 2023 3 gennaio &#8211; Assegno unico e universale: novit\u00e0 2023 2 gennaio &#8211; Caspop, si cambia 2022 17 novembre &#8211; Novit\u00e0 congedi parentali e calcolo indennit\u00e0 16 novembre &#8211; Decreto Aiuti quater 10 novembre &#8211; Natale bimbi e fringe benefits [&hellip;]<\/p>\n","protected":false},"author":2,"featured_media":0,"parent":0,"menu_order":0,"comment_status":"closed","ping_status":"closed","template":"","meta":{"footnotes":""},"class_list":["post-481","page","type-page","status-publish","hentry"],"_links":{"self":[{"href":"https:\/\/www.firstcisl.it\/bancobpm\/wp-json\/wp\/v2\/pages\/481","targetHints":{"allow":["GET"]}}],"collection":[{"href":"https:\/\/www.firstcisl.it\/bancobpm\/wp-json\/wp\/v2\/pages"}],"about":[{"href":"https:\/\/www.firstcisl.it\/bancobpm\/wp-json\/wp\/v2\/types\/page"}],"author":[{"embeddable":true,"href":"https:\/\/www.firstcisl.it\/bancobpm\/wp-json\/wp\/v2\/users\/2"}],"replies":[{"embeddable":true,"href":"https:\/\/www.firstcisl.it\/bancobpm\/wp-json\/wp\/v2\/comments?post=481"}],"version-history":[{"count":91,"href":"https:\/\/www.firstcisl.it\/bancobpm\/wp-json\/wp\/v2\/pages\/481\/revisions"}],"predecessor-version":[{"id":3561,"href":"https:\/\/www.firstcisl.it\/bancobpm\/wp-json\/wp\/v2\/pages\/481\/revisions\/3561"}],"wp:attachment":[{"href":"https:\/\/www.firstcisl.it\/bancobpm\/wp-json\/wp\/v2\/media?parent=481"}],"curies":[{"name":"wp","href":"https:\/\/api.w.org\/{rel}","templated":true}]}}