{"id":49,"date":"2017-03-15T11:46:01","date_gmt":"2017-03-15T10:46:01","guid":{"rendered":"http:\/\/www.firstcisl.it\/bancacarige\/?page_id=49"},"modified":"2023-05-22T09:27:19","modified_gmt":"2023-05-22T07:27:19","slug":"accordi","status":"publish","type":"page","link":"https:\/\/www.firstcisl.it\/bancacarige\/accordi\/","title":{"rendered":"Accordi"},"content":{"rendered":"<h3><strong>2021<\/strong><\/h3>\n<p><a href=\"https:\/\/www.firstcisl.it\/bancacarige\/wp-content\/uploads\/sites\/28\/2021\/04\/recupero-ore.pdf\" target=\"_blank\" rel=\"noopener noreferrer\">03\/2021 Verbale Accordo nuove modalit\u00e0 recupero ore<\/a><a href=\"https:\/\/www.firstcisl.it\/bancacarige\/wp-content\/uploads\/sites\/28\/2021\/04\/recupero-ore.pdf\"> formazione<\/a><\/p>\n<h3><strong>2020<\/strong><\/h3>\n<p><a href=\"https:\/\/www.firstcisl.it\/bancacarige\/wp-content\/uploads\/sites\/28\/2021\/02\/20201203-Verbale-Accordo-buoni-pasto.pdf\" target=\"_blank\" rel=\"noopener noreferrer\">12\/2020 Verbale Accordo buoni pasto<\/a><\/p>\n<p><a href=\"https:\/\/www.firstcisl.it\/bancacarige\/wp-content\/uploads\/sites\/28\/2021\/02\/20201223-Verbale-di-Accordo-modello-organizzativo.pdf\" target=\"_blank\" rel=\"noopener noreferrer\">12\/2020\u00a0 Verbale di Accordo modello organizzativo<\/a><\/p>\n<p><a href=\"https:\/\/www.firstcisl.it\/bancacarige\/wp-content\/uploads\/sites\/28\/2021\/02\/122020-Verbale-di-Riunione-genitorialit\u00e0.pdf\" target=\"_blank\" rel=\"noopener noreferrer\">12\/2020\u00a0 Verbale di Riunione genitorialit\u00e0<\/a><\/p>\n<p><a href=\"https:\/\/www.firstcisl.it\/bancacarige\/wp-content\/uploads\/sites\/28\/2021\/02\/20200716-POLITICHE-COMMERCIALI.pdf\" target=\"_blank\" rel=\"noopener noreferrer\">07\/2020\u00a0 Politiche Commerciali<\/a><\/p>\n<p><a href=\"https:\/\/www.firstcisl.it\/bancacarige\/wp-content\/uploads\/sites\/28\/2021\/02\/20200716-Fondo-di-Solidariet\u00e0.pdf\" target=\"_blank\" rel=\"noopener noreferrer\">07\/2020\u00a0 Fondo di Solidariet\u00e0<\/a><\/p>\n<p><a href=\"https:\/\/www.firstcisl.it\/bancacarige\/wp-content\/uploads\/sites\/28\/2021\/02\/20200716-Emergenza-COVID-finanziamenti.pdf\" target=\"_blank\" rel=\"noopener noreferrer\">07\/2020 Emergenza COVID finanziamenti<\/a><\/p>\n<h3><strong>2019<\/strong><\/h3>\n<p><a href=\"https:\/\/www.firstcisl.it\/bancacarige\/wp-content\/uploads\/sites\/28\/2021\/02\/20191120-Verbale-di-Accordo-Generale-Procedura-piano-industriale-2019-2023.pdf\" target=\"_blank\" rel=\"noopener noreferrer\">11\/2019 Verbale di Accordo &#8211; Generale &#8211; Procedura piano industriale 2019-2023<\/a><\/p>\n<h3><strong>2017<\/strong><\/h3>\n<p><a href=\"https:\/\/www.firstcisl.it\/bancacarige\/wp-content\/uploads\/sites\/28\/2021\/02\/20171216-Verbale-di-accordo-Fondo-di-solidariet\u00e0-Piano-industriale-2017-2020-Giornate-di-solidariet\u00e0-Contribuzione-al-FPA-Mobilit\u00e0-Commisione-pressioni-comme.pdf\" target=\"_blank\" rel=\"noopener noreferrer\">\u00a012\/2017\u00a0 Verbale Accordo Fondo di solidariet\u00e0 &#8211; Piano industriale 2017-2020 &#8211; Giornate solidariet\u00e0 &#8211; Contribuzione al FPA &#8211; Mobilit\u00e0 &#8211; Commisione pressioni comm<\/a><\/p>\n<p><a href=\"https:\/\/www.firstcisl.it\/bancacarige\/wp-content\/uploads\/sites\/28\/2017\/09\/20170426-Verbale-di-Riunione-Nuove-aree-territoriali.pdf\" target=\"_blank\" rel=\"noopener noreferrer\">04\/2017\u00a0 Verbale di Riunione &#8211; Nuove aree territoriali<\/a><\/p>\n<p><a href=\"https:\/\/www.firstcisl.it\/bancacarige\/wp-content\/uploads\/sites\/28\/2017\/09\/20170426-Verbale-di-Riunione-Premio-Anzianit\u00e0-per-chi-matura-anzianit\u00e0-dopo-il-31-03-2017.pdf\" target=\"_blank\" rel=\"noopener noreferrer\">04\/2017\u00a0 Verbale di Riunione &#8211; Premio Anzianit\u00e0 per chi matura anzianit\u00e0 dopo il 31 03 2017<\/a><\/p>\n<p><a href=\"https:\/\/www.firstcisl.it\/bancacarige\/wp-content\/uploads\/sites\/28\/2017\/09\/20170613-Verbale-di-Riunione-Chiusura-filiali-Prima-tranche-58-sportelli.pdf\" target=\"_blank\" rel=\"noopener noreferrer\">06\/2017\u00a0 Verbale di chiusura filiali Prima Trance<\/a><\/p>\n<h3><strong>2016<\/strong><\/h3>\n<p><a href=\"https:\/\/www.firstcisl.it\/bancacarige\/wp-content\/uploads\/sites\/28\/2017\/09\/20160108-Verbale-di-riunione-Modello-Hub-Spoke-Lavoratori-operanti-su-pi\u00f9-sportelli.pdf\" target=\"_blank\" rel=\"noopener noreferrer\">01\/2016 Verbale di riunione &#8211; Modello Hub &amp; Spoke &#8211; Lavoratori operanti su pi\u00f9 sportelli<\/a><\/p>\n<p><a href=\"https:\/\/www.firstcisl.it\/bancacarige\/wp-content\/uploads\/sites\/28\/2017\/09\/20160308-Vebrale-di-Riunione-Sistema-di-Valutazione-2016-Clima-aziendale.pdf\" target=\"_blank\" rel=\"noopener noreferrer\">03\/2016 Vebrale di Riunione &#8211; Sistema di Valutazione 2016 &#8211; Clima aziendale<\/a><\/p>\n<p><a href=\"https:\/\/www.firstcisl.it\/bancacarige\/wp-content\/uploads\/sites\/28\/2017\/09\/20160420-FBA-Piani-Individuali-Avviso-02-2016-Verbale-di-Accordo-20-04-2016.pdf\" target=\"_blank\" rel=\"noopener noreferrer\">04\/2016 Verbale di Accordo &#8211; FBA Piani Aziendali &#8211; Avviso 02 2016<\/a><\/p>\n<p><a href=\"https:\/\/www.firstcisl.it\/bancacarige\/wp-content\/uploads\/sites\/28\/2017\/09\/20160420-FBA-Piani-Aziendali-Avviso-01-2016-Verbale-di-Accordo-20-04-2016.pdf\" target=\"_blank\" rel=\"noopener noreferrer\">04\/2016 Verbale di Accordo &#8211; FBA Piani Aziendali &#8211; Avviso 01 2016<\/a><\/p>\n<p><a href=\"https:\/\/www.firstcisl.it\/bancacarige\/wp-content\/uploads\/sites\/28\/2017\/09\/20160712-Accordo-CARISA-FIP-DIfferiti.pdf\" target=\"_blank\" rel=\"noopener noreferrer\">06\/2016 Verbale di Accordo &#8211; CARISA FIP DIfferiti<\/a><\/p>\n<p><a href=\"https:\/\/www.firstcisl.it\/bancacarige\/wp-content\/uploads\/sites\/28\/2017\/09\/20161028-Verbale-di-Accordo-e-Allegati-1-e-2-Esodo-Premio-aziendale-Indennit\u00e0-Missioni-Trasferte-Premio-anzianit\u00e0-automatismi-Reperibilit\u00e0-Formazione-Orario-lavoro-Occupazione-CIA.pdf\" target=\"_blank\" rel=\"noopener noreferrer\">10\/2016 Verbale di Accordo e Allegati 1 e 2 &#8211;\u00a0 Esodo, Premio aziendale, Indennit\u00e0, Missioni, Trasferte, Premio anzianit\u00e0, automatismi, Reperibilit\u00e0, Formazione, Orario lavoro, Occupazione, CIA<\/a><\/p>\n<p><a href=\"https:\/\/www.firstcisl.it\/bancacarige\/wp-content\/uploads\/sites\/28\/2017\/09\/20161028-Verbale-di-Intesa-Private-Banker.pdf\" target=\"_blank\" rel=\"noopener noreferrer\">10\/2016 Verbale di Intesa &#8211; Private Banker<\/a><\/p>\n<p><a href=\"https:\/\/www.firstcisl.it\/bancacarige\/wp-content\/uploads\/sites\/28\/2017\/09\/20161028-Verbale-di-Riunione-Modalit\u00e0-applicazione-giornate-di-solidariet\u00e0.pdf\" target=\"_blank\" rel=\"noopener noreferrer\">10\/2016 Verbale di Riunione &#8211; Modalit\u00e0 applicazione giornate di solidariet\u00e0<\/a><\/p>\n<p><a href=\"https:\/\/www.firstcisl.it\/bancacarige\/wp-content\/uploads\/sites\/28\/2017\/09\/20161028-Verbale-di-Riunione-assistenza-sanitaria-integrativa.pdf\" target=\"_blank\" rel=\"noopener noreferrer\">10\/2016 Verbale di Riunione &#8211; Assistenza sanitaria integrativa<\/a><\/p>\n<p><a href=\"https:\/\/www.firstcisl.it\/bancacarige\/wp-content\/uploads\/sites\/28\/2017\/09\/20161214-Verbale-di-Riunione-Fusione-Carige-Carige-Italia.pdf\" target=\"_blank\" rel=\"noopener noreferrer\">12\/2016 Verbale di Riunione &#8211; Fusione Carige-Carige Italia<\/a><\/p>\n<p><a href=\"https:\/\/www.firstcisl.it\/bancacarige\/wp-content\/uploads\/sites\/28\/2017\/07\/20161028-Verbale-di-Accordo-Formazione.pdf\" target=\"_blank\" rel=\"noopener noreferrer\">10\/2016 Verbale di Accordo &#8211; Formazione<\/a><\/p>\n<p><a href=\"https:\/\/www.firstcisl.it\/bancacarige\/wp-content\/uploads\/sites\/28\/2017\/07\/20160429-Verbale-di-Intesa-29-04-2016-Nuovo-Sistema-di-Valutazione-professionale.pdf\" target=\"_blank\" rel=\"noopener noreferrer\">04\/2016 Verbale di Intesa &#8211; Nuovo Sistema di Valutazione professionale<\/a><\/p>\n<p><a href=\"https:\/\/www.firstcisl.it\/bancacarige\/wp-content\/uploads\/sites\/28\/2017\/07\/20160429-Verbale-di-Accordo-29-04-2016-1-maggio-2016-coincidente-con-la-domenica.pdf\" target=\"_blank\" rel=\"noopener noreferrer\">04\/2016 Verbale di Accordo &#8211; 1 maggio 2016 coincidente con la domenica<\/a><\/p>\n<h3><strong>2015<\/strong><\/h3>\n<p><a href=\"https:\/\/www.firstcisl.it\/bancacarige\/wp-content\/uploads\/sites\/28\/2021\/02\/20151013-Verbale-di-Intesa-su-Modello-Hub-Spoke.pdf\" target=\"_blank\" rel=\"noopener noreferrer\">10\/2015 Verbale di Intesa su Modello Hub &amp; Spoke<\/a><\/p>\n<h3><strong>2014<\/strong><\/h3>\n<p><a href=\"https:\/\/www.firstcisl.it\/bancacarige\/wp-content\/uploads\/sites\/28\/2021\/02\/20140930-Accordo-Quadro-Piano-Industriale.pdf\" target=\"_blank\" rel=\"noopener noreferrer\">09\/2014 Accordo Quadro Piano Industriale<\/a><\/p>\n<p><a href=\"https:\/\/www.firstcisl.it\/bancacarige\/wp-content\/uploads\/sites\/28\/2021\/02\/20140717-Verbale-di-Accordo-Accordo-chiusura-32-filiali-Liguria-Ristrutturazione-Sede-Demansionamento-Pendolarismo.pdf\" target=\"_blank\" rel=\"noopener noreferrer\">07\/2014 Verbale di Accordo &#8211; Accordo chiusura 32 filiali Liguria &#8211; Ristrutturazione Sede &#8211; Demansionamento &#8211; Pendolarismo<\/a><\/p>\n<div class=\"gsp_post_data\" \r\n\t            data-post_type=\"page\" \r\n\t            data-cat=\"\" \r\n\t            data-modified=\"120\"\r\n\t            data-created=\"1489578361\"\r\n\t            data-title=\"Accordi\" \r\n\t            data-home=\"https:\/\/www.firstcisl.it\/bancacarige\"><\/div>","protected":false},"excerpt":{"rendered":"<p>2021 03\/2021 Verbale Accordo nuove modalit\u00e0 recupero ore formazione 2020 12\/2020 Verbale Accordo buoni pasto 12\/2020\u00a0 Verbale di Accordo modello organizzativo 12\/2020\u00a0 Verbale di Riunione genitorialit\u00e0 07\/2020\u00a0 Politiche Commerciali 07\/2020\u00a0 Fondo di Solidariet\u00e0 07\/2020 Emergenza COVID finanziamenti 2019 11\/2019 Verbale di Accordo &#8211; Generale &#8211; Procedura piano industriale 2019-2023 2017 \u00a012\/2017\u00a0 Verbale Accordo Fondo di [&hellip;]<\/p>\n","protected":false},"author":1,"featured_media":0,"parent":0,"menu_order":0,"comment_status":"closed","ping_status":"closed","template":"","meta":{"footnotes":""},"class_list":["post-49","page","type-page","status-publish","hentry"],"_links":{"self":[{"href":"https:\/\/www.firstcisl.it\/bancacarige\/wp-json\/wp\/v2\/pages\/49","targetHints":{"allow":["GET"]}}],"collection":[{"href":"https:\/\/www.firstcisl.it\/bancacarige\/wp-json\/wp\/v2\/pages"}],"about":[{"href":"https:\/\/www.firstcisl.it\/bancacarige\/wp-json\/wp\/v2\/types\/page"}],"author":[{"embeddable":true,"href":"https:\/\/www.firstcisl.it\/bancacarige\/wp-json\/wp\/v2\/users\/1"}],"replies":[{"embeddable":true,"href":"https:\/\/www.firstcisl.it\/bancacarige\/wp-json\/wp\/v2\/comments?post=49"}],"version-history":[{"count":48,"href":"https:\/\/www.firstcisl.it\/bancacarige\/wp-json\/wp\/v2\/pages\/49\/revisions"}],"predecessor-version":[{"id":934,"href":"https:\/\/www.firstcisl.it\/bancacarige\/wp-json\/wp\/v2\/pages\/49\/revisions\/934"}],"wp:attachment":[{"href":"https:\/\/www.firstcisl.it\/bancacarige\/wp-json\/wp\/v2\/media?parent=49"}],"curies":[{"name":"wp","href":"https:\/\/api.w.org\/{rel}","templated":true}]}}