{"id":509,"date":"2018-03-21T10:21:05","date_gmt":"2018-03-21T09:21:05","guid":{"rendered":"http:\/\/www.firstcisl.it\/networkdirigenti\/?page_id=509"},"modified":"2023-07-02T12:00:34","modified_gmt":"2023-07-02T10:00:34","slug":"chi-siamo","status":"publish","type":"page","link":"https:\/\/www.firstcisl.it\/alteprofessionalita\/chi-siamo\/","title":{"rendered":"Chi siamo"},"content":{"rendered":"<p>Le <strong>Alte Professionalit\u00e0<\/strong> sono persone con ruoli di responsabilit\u00e0, inquadrate come\u00a0<strong>Quadri Direttivi<\/strong> (CCNL 19\/12\/2019 art. 87 comma 2), <strong>Funzionari 7\u00b0 livello<\/strong> (nei settori ove sono presenti) e <strong>Aree Professionali con ruoli di gestione di collaboratrici e collaboratori, oppure con mansioni gestionali che richiedono competenze importanti<\/strong> <strong>e approfondite<\/strong> (CCNL 19\/12\/2019 art. 97 comma 3 secondo alinea).<\/p>\n<p>Ad esse sono richieste le abilit\u00e0 e le competenze necessarie per affrontare una dinamica del lavoro in continua evoluzione e per riconoscere e gestire cambiamenti, che possono spesso comportare pressioni psicologiche e lavorative.<br \/>\nLa responsabilit\u00e0 non viene poi sempre adeguatamente valorizzata dalle aziende.<\/p>\n<p>Il nostro programma <strong>Sviluppo Alte Professionalit\u00e0 <\/strong>opera attraverso la rete di sindacalisti First Cisl e propone soluzioni innovative per assistere gli associati della categoria, sia nell&#8217;attivit\u00e0 lavorativa sia nelle fasi pi\u00f9 delicate della sfera personale e familiare.<\/p>\n<p>I nostri punti di forza:<\/p>\n<ul>\n<li>Crediamo nella <strong>responsabilit\u00e0<\/strong> come motore trainante delle aziende e della carriera dei singoli;<\/li>\n<li>Proponiamo servizi studiati secondo un modello di <strong>bisogni individuali delle persone<\/strong> che lavorano ricoprendo un ruolo di responsabilit\u00e0;<\/li>\n<li>Siamo il sindacato che vanta la maggiore esperienza storica nell\u2019<strong>assistenza alle Alte Professionalit\u00e0<\/strong>, perpetuando le competenze maturate da DirCredito;<\/li>\n<li>La nostra <strong>assistenza giuridica e contrattuale <\/strong>\u00e8 l\u2019eccellenza del settore;<\/li>\n<li>Offriamo <strong>periodici e newsletter<\/strong> su tematiche di interesse del settore finanziario;<\/li>\n<li>Proponiamo un\u2019ampia gamma di <strong>coperture assicurative<\/strong>, anche gratuite, con primarie compagnie;<\/li>\n<li>Organizziamo eventi tematici su argomenti di particolare interesse della categoria;<\/li>\n<li>Diamo l\u2019accesso a tutti i <strong>servizi<\/strong> e alle <strong>convenzioni<\/strong> del <strong>mondo CISL<\/strong>.<\/li>\n<\/ul>\n<p>La crescita sostenibile del settore finanziario non pu\u00f2 prescindere dalla valorizzazione delle Alte Professionalit\u00e0 e dal riconoscimento della loro centralit\u00e0 nell\u2019affrontare e superare le sfide che il settore sta sperimentando. <strong>Noi ci siamo<\/strong>.<\/p>\n<p>Siamo presenti direttamente in tutti i Gruppi Bancari e Assicurativi e le Aziende bancarie, assicurative e finanziarie di grandi e medie dimensioni; le Alte Professionalit\u00e0 di Aziende minori sono assistiti tramite i nostri sindacalisti territoriali, presenti in tutte le Regioni. Siamo presenti anche nelle societ\u00e0 di riscossione e nelle authorities.<\/p>\n<p>&nbsp;<\/p>\n<p>Il programma Sviluppo Alte Professionalit\u00e0 \u00e8 gestito da <strong>DirFirst<\/strong>, il settore di First Cisl dedicato alle Alte Professionalit\u00e0 e ai Dirigenti.<\/p>\n<p><strong>Il Coordinamento Nazionale di DirFirst<\/strong><br \/>\n<a href=\"mailto:mauro.fanan@firstcisl.it?subject=Contatto dal sito Alte Professionalit\u00e0\">Mauro Fanan<\/a> (responsabile)<br \/>\nMatteo Barbetta<br \/>\nMario Garcea<br \/>\nDavide Marconi<br \/>\nClaudio Stroppa<br \/>\nBarbara Tonolli<\/p>\n<p><strong>Gestione organizzativa<\/strong><br \/>\n<a href=\"mailto:paolo.baldasserini@firstcisl.it?subject=Contatto dal sito Alte Professionalit\u00e0\">Paolo Baldasserini<\/a><\/p>\n<div class=\"gsp_post_data\" \r\n\t            data-post_type=\"page\" \r\n\t            data-cat=\"\" \r\n\t            data-modified=\"120\"\r\n\t            data-created=\"1521627665\"\r\n\t            data-title=\"Chi siamo\" \r\n\t            data-home=\"https:\/\/www.firstcisl.it\/alteprofessionalita\"><\/div>","protected":false},"excerpt":{"rendered":"<p>Le Alte Professionalit\u00e0 sono persone con ruoli di responsabilit\u00e0, inquadrate come\u00a0Quadri Direttivi (CCNL 19\/12\/2019 art. 87 comma 2), Funzionari 7\u00b0 livello (nei settori ove sono presenti) e Aree Professionali con ruoli di gestione di collaboratrici e collaboratori, oppure con mansioni gestionali che richiedono competenze importanti e approfondite (CCNL 19\/12\/2019 art. 97 comma 3 secondo alinea). [&hellip;]<\/p>\n","protected":false},"author":2,"featured_media":0,"parent":0,"menu_order":0,"comment_status":"closed","ping_status":"closed","template":"","meta":{"footnotes":""},"class_list":["post-509","page","type-page","status-publish","hentry"],"_links":{"self":[{"href":"https:\/\/www.firstcisl.it\/alteprofessionalita\/wp-json\/wp\/v2\/pages\/509","targetHints":{"allow":["GET"]}}],"collection":[{"href":"https:\/\/www.firstcisl.it\/alteprofessionalita\/wp-json\/wp\/v2\/pages"}],"about":[{"href":"https:\/\/www.firstcisl.it\/alteprofessionalita\/wp-json\/wp\/v2\/types\/page"}],"author":[{"embeddable":true,"href":"https:\/\/www.firstcisl.it\/alteprofessionalita\/wp-json\/wp\/v2\/users\/2"}],"replies":[{"embeddable":true,"href":"https:\/\/www.firstcisl.it\/alteprofessionalita\/wp-json\/wp\/v2\/comments?post=509"}],"version-history":[{"count":80,"href":"https:\/\/www.firstcisl.it\/alteprofessionalita\/wp-json\/wp\/v2\/pages\/509\/revisions"}],"predecessor-version":[{"id":2123,"href":"https:\/\/www.firstcisl.it\/alteprofessionalita\/wp-json\/wp\/v2\/pages\/509\/revisions\/2123"}],"wp:attachment":[{"href":"https:\/\/www.firstcisl.it\/alteprofessionalita\/wp-json\/wp\/v2\/media?parent=509"}],"curies":[{"name":"wp","href":"https:\/\/api.w.org\/{rel}","templated":true}]}}