{"id":764,"date":"2017-11-02T10:20:29","date_gmt":"2017-11-02T09:20:29","guid":{"rendered":"http:\/\/www.firstcisl.it\/agenziadelleentrateriscossione\/?page_id=764"},"modified":"2017-11-06T10:55:42","modified_gmt":"2017-11-06T09:55:42","slug":"fondo-di-solidarieta","status":"publish","type":"page","link":"https:\/\/www.firstcisl.it\/agenziadelleentrateriscossione\/home\/area-contrattuale-2\/fondo-di-solidarieta\/","title":{"rendered":"Fondo di solidariet\u00e0"},"content":{"rendered":"<h5><a href=\"https:\/\/www.firstcisl.it\/agenziadelleentrateriscossione\/wp-content\/uploads\/sites\/36\/2017\/11\/2013-05-29-Accordo-fondo-di-Solidariet\u00e0-Equitalia.pdf\" target=\"_blank\" rel=\"noopener\">Accordo Fondo di solidariet\u00e0 Equitalia del 29 maggio 2013<\/a><\/h5>\n<h5><a href=\"https:\/\/www.firstcisl.it\/agenziadelleentrateriscossione\/wp-content\/uploads\/sites\/36\/2017\/11\/D.M.-95439-FONDO-DI-SOLIDARIETA.pdf\" target=\"_blank\" rel=\"noopener\">D.M. 95439 Fondo di solidariet\u00e0<\/a><\/h5>\n<h5><a href=\"https:\/\/www.firstcisl.it\/agenziadelleentrateriscossione\/wp-content\/uploads\/sites\/36\/2017\/11\/D.M.-18-APRILE-2016-FONDO-DI-SOLIDARIETA.pdf\" target=\"_blank\" rel=\"noopener\">D.M. 18 APRILE 2016 Fondo di solidariet\u00e0<\/a><\/h5>\n<div class=\"gsp_post_data\" \r\n\t            data-post_type=\"page\" \r\n\t            data-cat=\"\" \r\n\t            data-modified=\"120\"\r\n\t            data-created=\"1509618029\"\r\n\t            data-title=\"Fondo di solidariet\u00e0\" \r\n\t            data-home=\"https:\/\/www.firstcisl.it\/agenziadelleentrateriscossione\"><\/div>","protected":false},"excerpt":{"rendered":"<p>Accordo Fondo di solidariet\u00e0 Equitalia del 29 maggio 2013 D.M. 95439 Fondo di solidariet\u00e0 D.M. 18 APRILE 2016 Fondo di solidariet\u00e0<\/p>\n","protected":false},"author":2,"featured_media":0,"parent":619,"menu_order":0,"comment_status":"closed","ping_status":"closed","template":"","meta":{"footnotes":""},"class_list":["post-764","page","type-page","status-publish","hentry"],"_links":{"self":[{"href":"https:\/\/www.firstcisl.it\/agenziadelleentrateriscossione\/wp-json\/wp\/v2\/pages\/764","targetHints":{"allow":["GET"]}}],"collection":[{"href":"https:\/\/www.firstcisl.it\/agenziadelleentrateriscossione\/wp-json\/wp\/v2\/pages"}],"about":[{"href":"https:\/\/www.firstcisl.it\/agenziadelleentrateriscossione\/wp-json\/wp\/v2\/types\/page"}],"author":[{"embeddable":true,"href":"https:\/\/www.firstcisl.it\/agenziadelleentrateriscossione\/wp-json\/wp\/v2\/users\/2"}],"replies":[{"embeddable":true,"href":"https:\/\/www.firstcisl.it\/agenziadelleentrateriscossione\/wp-json\/wp\/v2\/comments?post=764"}],"version-history":[{"count":3,"href":"https:\/\/www.firstcisl.it\/agenziadelleentrateriscossione\/wp-json\/wp\/v2\/pages\/764\/revisions"}],"predecessor-version":[{"id":895,"href":"https:\/\/www.firstcisl.it\/agenziadelleentrateriscossione\/wp-json\/wp\/v2\/pages\/764\/revisions\/895"}],"up":[{"embeddable":true,"href":"https:\/\/www.firstcisl.it\/agenziadelleentrateriscossione\/wp-json\/wp\/v2\/pages\/619"}],"wp:attachment":[{"href":"https:\/\/www.firstcisl.it\/agenziadelleentrateriscossione\/wp-json\/wp\/v2\/media?parent=764"}],"curies":[{"name":"wp","href":"https:\/\/api.w.org\/{rel}","templated":true}]}}