{"id":2160,"date":"2024-07-22T16:13:12","date_gmt":"2024-07-22T14:13:12","guid":{"rendered":"https:\/\/www.firstcisl.it\/agenziadelleentrateriscossione\/?page_id=2160"},"modified":"2024-10-21T16:24:46","modified_gmt":"2024-10-21T14:24:46","slug":"programma-del-corso","status":"publish","type":"page","link":"https:\/\/www.firstcisl.it\/agenziadelleentrateriscossione\/programma-del-corso\/","title":{"rendered":"Programma del corso"},"content":{"rendered":"<section class=\"wpb-content-wrapper\"><p>[vc_row][vc_column][vc_column_text]<br \/>\n<em>La selezione di personale con la qualifica di Addetto alla riscossione \u00e8 un processo operativo che viene svolto per la prima volta da Agenzia delle entrate-Riscossione. Il piano di studi che offriamo non vuol essere esaustivo; cerchiamo di offrire alle discenti e ai discenti elementi di attenzione sulle materie oggetto della selezione: diritto tributario, diritto amministrativo, diritto civile, diritto commerciale, normativa sulla riscossione, elementi di contabilit\u00e0 aziendale, elementi di organizzazione aziendale.<\/em><\/p>\n<h2 style=\"text-align: center;\"><strong>Programma del corso<\/strong><\/h2>\n<p style=\"text-align: center; margin-top: -25px;\">(anche alla luce del Decreto legislativo 108\/2024 e del Decreto legislativo 110\/124)<\/p>\n<div class=\"sezionex\">\n<h3 style=\"text-align: center;\">Avv. Domenico Pizzonia<\/h3>\n<p><strong style=\"color: #03623a;\">16 settembre 2024<\/strong><br \/>\n<strong>Elementi di diritto privato e civile<\/strong><\/p>\n<ul style=\"margin-top: -20px;\">\n<li>Le obbligazioni ed i contratti<\/li>\n<\/ul>\n<p><strong style=\"color: #03623a;\">17 settembre 2024<\/strong><br \/>\n<strong>Elementi di diritto privato e civile<\/strong><\/p>\n<ul style=\"margin-top: -20px;\">\n<li>Propriet\u00e0 e diritti reali<\/li>\n<li>Successioni e donazioni<\/li>\n<li>Cause di prelazione<\/li>\n<\/ul>\n<p><strong style=\"color: #03623a;\">18 settembre 2024<\/strong><br \/>\n<strong>Elementi di diritto commerciale <\/strong><\/p>\n<ul style=\"margin-top: -20px;\">\n<li>Impresa e societ\u00e0<\/li>\n<\/ul>\n<p><strong style=\"color: #03623a;\">19 settembre 2024<\/strong><br \/>\n<strong>Elementi di diritto processuale civile<\/strong><\/p>\n<ul style=\"margin-top: -20px;\">\n<li>Principi<\/li>\n<\/ul>\n<p><strong style=\"color: #03623a;\">20 settembre 2024<\/strong><br \/>\n<strong>Elementi di diritto amministrativo<\/strong><\/p>\n<ul style=\"margin-top: -20px;\">\n<li>I principi del diritto amministrativo<\/li>\n<li>Il procedimento amministrativo ed il diritto di accesso<\/li>\n<li>L&#8217;atto amministrativo e le relative patologie<\/li>\n<\/ul>\n<p><strong>Responsabilit\u00e0 dell\u2019addetto alla riscossione<\/strong><br \/>\n(lezione videoregistrata disponibile nell\u2019area dedicata al materiale didattico)<\/p>\n<ul style=\"margin-top: -20px;\">\n<li>Colpa grave e colpa lieve<\/li>\n<li>Responsabilit\u00e0 civile verso terzi, responsabilit\u00e0 amministrativa, responsabilit\u00e0 amministrativa contabile, danno erariale<\/li>\n<li>Responsabilit\u00e0 del pubblico ufficiale<\/li>\n<li>Falso ideologico e falso materiale<\/li>\n<\/ul>\n<\/div>\n<div class=\"sezionex\">\n<h3 style=\"text-align: center;\">Dott. Christian David<\/h3>\n<p><strong style=\"color: #03623a;\">23 settembre 2024<\/strong><br \/>\n<strong>Contabilit\u00e0 aziendale<\/strong><\/p>\n<ul style=\"margin-top: -20px;\">\n<li>Le scritture d&#8217;esercizio, la partita doppia; il piano dei conti; conti economici e conti finanziari; costi pluriennali e ammortamenti; le scritture di assestamento e rettifica<\/li>\n<li>L&#8217;inventario; i libri obbligatori<\/li>\n<\/ul>\n<p><strong style=\"color: #03623a;\">24 settembre 2024<\/strong><br \/>\n<strong>Contabilit\u00e0 aziendale<\/strong><\/p>\n<ul style=\"margin-top: -20px;\">\n<li>La struttura civilistica del bilancio di esercizio (Stato patrimoniale e Conto economico). Cenni sul rendiconto finanziario e sulla nota integrativa<\/li>\n<li>Rapporto tra risultato di bilancio e reddito d&#8217;impresa<\/li>\n<\/ul>\n<p><strong style=\"color: #03623a;\">25 settembre 2024<\/strong><br \/>\n<strong>Dall\u2019obbligazione tributaria al debito erariale<\/strong>, <strong>anche alla luce del Decreto legislativo 110\/2024<\/strong><\/p>\n<ul style=\"margin-top: -20px;\">\n<li>Prescrizione e decadenza<\/li>\n<li>L\u2019interpello<\/li>\n<li>Accessi, ispezioni e verifiche. Il Processo del verbale di constatazione (Pvc)<\/li>\n<li>Il questionario, l\u2019invito a comparire, l\u2019avviso bonario e la lettera di compliance. Le procedure di adesione<\/li>\n<\/ul>\n<p><strong style=\"color: #03623a;\">26 settembre 2024<\/strong><br \/>\n<strong>Dall\u2019obbligazione tributaria al debito erariale<\/strong>, <strong>anche alla luce del Decreto legislativo 110\/2024<\/strong><\/p>\n<ul style=\"margin-top: -20px;\">\n<li>La dichiarazione tardiva e la dichiarazione integrativa<\/li>\n<li>Il ravvedimento operoso<\/li>\n<li>Adempimento collaborativo e concordato preventivo biennale<\/li>\n<li>Atto di indirizzo del 29 febbraio 2024. I casi in cui non sussiste il diritto al contraddittorio<\/li>\n<li>L\u2019avviso di accertamento<\/li>\n<\/ul>\n<p><strong style=\"color: #03623a;\">27 settembre 2024<\/strong><br \/>\n<strong>Dall\u2019obbligazione tributaria al debito erariale<\/strong>, <strong>anche alla luce del Decreto legislativo 110\/2024<\/strong><\/p>\n<ul style=\"margin-top: -20px;\">\n<li>L\u2019onere della prova e l\u2019uso delle presunzioni (gli accertamenti analitici, analitico-induttivi, induttivi e sintetici)<\/li>\n<li>La determinazione sintetica del reddito delle persone fisiche<\/li>\n<li>I tipi di accertamento (l\u2019accertamento ordinario, l\u2019accertamento parziale e l\u2019accertamento integrativo<\/li>\n<li>Gli avvisi di accertamento immediatamente esecutivi e le conseguenze per il debito fiscale (l\u2019atto impo-esattivo)<\/li>\n<li>La concentrazione della riscossione nell\u2019accertamento<\/li>\n<\/ul>\n<\/div>\n<div class=\"sezionex\">\n<h3 style=\"text-align: center;\">Dott. Giorgio Pani<\/h3>\n<p><strong style=\"color: #03623a;\">30 settembre 2024<\/strong><br \/>\n<strong>La riscossione<\/strong><\/p>\n<ul style=\"margin-top: -20px;\">\n<li>L\u2019accollo<\/li>\n<li>L\u2019atto di recupero del credito di imposta<\/li>\n<li>L\u2019impugnazione dell\u2019atto impositivo: termini e modalit\u00e0<\/li>\n<li>Contenuto e struttura del ricorso tributario<\/li>\n<li>L\u2019istanza di annullamento in autotutela<\/li>\n<\/ul>\n<p><strong style=\"color: #03623a;\">1\u00b0 ottobre 2024<\/strong><br \/>\n<strong>La riscossione<\/strong><\/p>\n<ul style=\"margin-top: -20px;\">\n<li>Il possibile intervento del Garante del contribuente<\/li>\n<li>L\u2019abrogazione del procedimento di reclamo-mediazione<\/li>\n<li>La conciliazione giudiziale<\/li>\n<li>L\u2019immediata esecutivit\u00e0 degli avvisi di accertamento e la riscossione provvisoria in pendenza del giudizio di primo grado<\/li>\n<li>L\u2019immediata esecutivit\u00e0 delle sentenze tributarie<\/li>\n<\/ul>\n<p><strong style=\"color: #03623a;\">2 ottobre 2024<\/strong><br \/>\n<strong>La riscossione<\/strong><\/p>\n<ul style=\"margin-top: -20px;\">\n<li>L\u2019immediata esecutivit\u00e0 delle sentenze pro contribuente<\/li>\n<li>L\u2019opposizione alla riscossione anticipata: le richieste di sospensione amministrativa e giudiziale<\/li>\n<li>Il giudizio di ottemperanza<\/li>\n<\/ul>\n<p><strong style=\"color: #03623a;\">3 ottobre 2024<\/strong><br \/>\n<strong>Elementi di organizzazione aziendale<\/strong><\/p>\n<ul style=\"margin-top: -20px;\">\n<li>Ader Epe., ente strumentale dell\u2019Agenzia dell\u2019entrate<\/li>\n<\/ul>\n<p><strong style=\"color: #03623a;\">4 ottobre 2024<\/strong><br \/>\n<strong>La riscossione<\/strong><\/p>\n<ul style=\"margin-top: -20px;\">\n<li>Le modifiche introdotte dal Decreto legislativo 108\/2024<\/li>\n<li>L\u2019esecuzione esattoriale<\/li>\n<li>L\u2019agente della riscossione<\/li>\n<li>Il ruolo e l\u2019estratto di ruolo<\/li>\n<li>La cartella di pagamento<\/li>\n<li>L\u2019avviso di addebito per i contributi previdenziali<\/li>\n<\/ul>\n<\/div>\n<div class=\"sezionex\">\n<h3 style=\"text-align: center;\">Avv. Sarah Pani<\/h3>\n<p><strong style=\"color: #03623a;\">7 ottobre 2024<\/strong><br \/>\n<strong>Il contenzioso<\/strong><\/p>\n<ul style=\"margin-top: -20px;\">\n<li>Rimedi giudiziali<\/li>\n<li>Non impugnabilit\u00e0 dell\u2019estratto di ruolo, casi tassativi di impugnabilit\u00e0 del ruolo non notificato e applicazione anche ai processi pendenti<\/li>\n<li>Criteri di riparto della giurisdizione e conseguenze dell\u2019errata individuazione del giudice<\/li>\n<li>Il ricorso al Giudice tributario<\/li>\n<\/ul>\n<p><strong style=\"color: #03623a;\">8 ottobre 2024<\/strong><br \/>\n<strong>Il contenzioso<\/strong><\/p>\n<ul style=\"margin-top: -20px;\">\n<li>L\u2019azione davanti al giudice ordinario<\/li>\n<li>L\u2019individuazione della giusta controparte<\/li>\n<li>Vizi deducibili<\/li>\n<li>Le difese da parte di Agenzia delle entrate-Riscossione<\/li>\n<li>La produzione documentale e le possibili contestazioni<\/li>\n<li>La sentenza<\/li>\n<\/ul>\n<p><strong style=\"color: #03623a;\">9 ottobre 2024<\/strong><br \/>\n<strong>Il contenzioso<\/strong><\/p>\n<ul style=\"margin-top: -20px;\">\n<li>Il danno da esecuzione esattoriale<\/li>\n<li>La composizione negoziata della crisi d\u2019impresa come strumento per abbattere la debitoria fiscale<\/li>\n<li>Lo squilibrio economico finanziario o patrimoniale<\/li>\n<li>Il concetto di \u201ccrisi\u201d e di \u201cinsolvenza\u201d<\/li>\n<\/ul>\n<p><strong style=\"color: #03623a;\">10 ottobre 2024<\/strong><br \/>\n<strong>Il contenzioso<\/strong><\/p>\n<ul style=\"margin-top: -20px;\">\n<li>Il risanamento \u201cragionevolmente perseguibile\u201d<\/li>\n<li>L\u2019obbligo per l\u2019imprenditore di attivarsi per salvaguardare il patrimonio aziendale<\/li>\n<li>Il risanamento del debito<\/li>\n<\/ul>\n<p><strong style=\"color: #03623a;\">11 ottobre 2024<\/strong><br \/>\n<strong>Il contenzioso<\/strong><\/p>\n<ul style=\"margin-top: -20px;\">\n<li>La transazione fiscale e previdenziale<\/li>\n<li>Il concordato preventivo<\/li>\n<li>Cosa pu\u00f2 fare l\u2019Agenzia delle entrate dopo la transazione fiscale<\/li>\n<li>Il trattamento dei crediti tributari e contributivi negli accordi di ristrutturazione dei debiti<\/li>\n<\/ul>\n<\/div>\n<div style=\"margin-top: 10px; margin-bottom: 50px;\"><em><strong>Dal giorno 12 ottobre saranno disponibili le videolezioni asincrone.<\/strong><\/em><\/div>\n<div class=\"sezionex\">\n<h3 style=\"text-align: center;\">Avv. Federica Simonelli<\/h3>\n<p><strong>Modulo introduttivo<\/strong><br \/>\nLa legge delega della riscossione<\/p>\n<p><strong>Modulo 1. Gli atti dell\u2019agente della riscossione<\/strong><\/p>\n<ul style=\"margin-top: -20px;\">\n<li>L\u2019avviso di accertamento esecutivo (cenni)<\/li>\n<li>L\u2019intimazione ad adempiere<\/li>\n<li>L\u2019avviso bonario<\/li>\n<li>La comunicazione contenente il dettaglio delle iscrizioni a ruolo per i casi di riscossione coattiva di debiti di debiti fino a mille euro<\/li>\n<\/ul>\n<p><strong>Modulo 2. I soggetti della riscossione<\/strong><\/p>\n<ul style=\"margin-top: -20px;\">\n<li>L\u2019ufficiale di riscossione<\/li>\n<li>Il responsabile del procedimento<\/li>\n<li>La rappresentanza di Ader, ex articolo 41 del Decreto legislativo 112\/99<\/li>\n<\/ul>\n<p><strong>Modulo 3. Le notificazioni<\/strong><\/p>\n<ul style=\"margin-top: -20px;\">\n<li>Nozione<\/li>\n<li>I soggetti notificatori<\/li>\n<li>Il tempo delle notificazioni<\/li>\n<li>La notifica a persone fisiche (a mani proprie, a consegnatario, per irreperibilit\u00e0 relativa e assoluta)<\/li>\n<li>La notifica alle persone giuridiche;<\/li>\n<li>La notifica per posta<\/li>\n<li>La notifica telematica<\/li>\n<li>La notifica all\u2019estero (cenni)<\/li>\n<\/ul>\n<p><strong>Modulo 4. L\u2019esecuzione forzata in generale<\/strong><\/p>\n<ul style=\"margin-top: -20px;\">\n<li>Il ruolo del funzionario responsabile della riscossione<\/li>\n<li>Il pignoramento: nozione e caratteristiche generali<\/li>\n<li>Gli avvertimenti necessari nell\u2019atto di pignoramento<\/li>\n<\/ul>\n<p><strong>Modulo 5. L\u2019espropriazione mobiliare <\/strong><\/p>\n<ul style=\"margin-top: -20px;\">\n<li>L\u2019impignorabilit\u00e0 assoluta e relativa<\/li>\n<li>Il verbale di pignoramento mobiliare e la sua notifica<\/li>\n<li>La custodia dei beni pignorati<\/li>\n<li>L\u2019avviso di vendita dei beni pignorati<\/li>\n<li>La disciplina degli incanti<\/li>\n<li>La fase distributiva<\/li>\n<li>La sorte degli eventuali beni invenduti<\/li>\n<li>Il pignoramento su veicoli e altri beni mobili registrati<\/li>\n<\/ul>\n<p><strong>Modulo 6. L\u2019espropriazione immobiliare<\/strong><\/p>\n<ul style=\"margin-top: -20px;\">\n<li>Il pignoramento immobiliare: nozione<\/li>\n<li>Le fattispecie nelle quali l\u2019agente della riscossione non procede ad espropriazione immobiliare<\/li>\n<li>Trascrizione, notifica e pubblicazione dell\u2019avviso di vendita<\/li>\n<li>Il prezzo base d\u2019asta e la cauzione<\/li>\n<li>Lo svolgimento degli incanti<\/li>\n<li>Il versamento del prezzo<\/li>\n<li>Il progetto di distribuzione della somma ricavata<\/li>\n<li>L\u2019assegnazione dell\u2019immobile allo Stato<\/li>\n<li>L\u2019istituto della surroga esattoriale (cenni)<\/li>\n<li>L\u2019intervento dell\u2019agente della riscossione nelle procedure espropriative immobiliari ordinarie<\/li>\n<\/ul>\n<p><strong>Modulo 7. L\u2019espropriazione mobiliare presso terzi<\/strong><\/p>\n<ul style=\"margin-top: -20px;\">\n<li>Il pignoramento di fitti o pigioni<\/li>\n<li>Il pignoramento di crediti verso terzi<\/li>\n<li>I limiti di pignorabilit\u00e0<\/li>\n<li>Il pignoramento di cose del debitore in possesso di terzi<\/li>\n<li>La vendita e l\u2019assegnazione dei crediti pignorati<\/li>\n<li>La dichiarazione stragiudiziale del terzo<\/li>\n<li>La cooperazione applicativa e informatica per l\u2019accesso alle informazioni necessarie per il potenziamento dell\u2019azione di recupero coattivo<\/li>\n<li>I pignoramenti presso le Pubbliche amministrazioni<\/li>\n<li>Le disposizioni sui pagamenti delle Pubbliche amministrazioni<\/li>\n<\/ul>\n<p><strong>Modulo 8. Le procedure cautelari<\/strong><\/p>\n<ul style=\"margin-top: -20px;\">\n<li>Natura e funzione<\/li>\n<li>Le problematiche relative alla giurisdizione<\/li>\n<li>Il fermo amministrativo: il preavviso, l\u2019iscrizione, la problematica relativa ai beni strumentali all\u2019esercizio della professione<\/li>\n<li>L\u2019ipoteca esattoriale: le limitazioni di valore, la comunicazione preventiva, l\u2019iscrizione, la problematica relativa ai beni inclusi nel fondo patrimoniale<\/li>\n<\/ul>\n<p><strong>Modulo 9. <\/strong><strong>La rateazione e le altre procedure agevolate<\/strong><\/p>\n<ul style=\"margin-top: -20px;\">\n<li>La dilazione \u201cordinaria\u201d del debito<\/li>\n<li>La sospensione della riscossione per situazioni eccezionali<\/li>\n<li>Lo \u201cstralcio\u201d dei debiti fino a mille euro<\/li>\n<li>I quattro provvedimenti di \u201crottamazione\u201d delle cartelle<\/li>\n<\/ul>\n<p><strong>Modulo 10. Le principali procedure giurisdizionali e amministrative che riguardano i ruoli<\/strong><\/p>\n<ul style=\"margin-top: -20px;\">\n<li>La sospensione giudiziale (articolo 47 del Decreto legislativo 546\/1992)<\/li>\n<li>La sospensione amministrativa (articolo 39 del Decreto del Presidente della Repubblica 602\/1973)<\/li>\n<li>L\u2019istituto dell\u2019autotutela facoltativa e obbligatoria (articoli 10-<em>quater <\/em>e 10<em>-quinquies <\/em>dello Statuto del contribuente)<\/li>\n<li>L\u2019accesso agli atti<\/li>\n<li>L\u2019accesso civico (cenni)<\/li>\n<\/ul>\n<p>[\/vc_column_text][vc_raw_js]JTNDc2NyaXB0JTNFJTIwJTBBJTBBd2luZG93Lm9ubG9hZCUyMCUzRCUyMGZ1bmN0aW9uJTI4JTI5JTdCJTBBJTIwJTIwJTIwJTIwdmFyJTIwYWxsTGlua3MlMjAlM0QlMjBkb2N1bWVudC5xdWVyeVNlbGVjdG9yQWxsJTI4JTIyZGl2JTIzbWVkaWFfaW1hZ2UtMjQlMjBhJTIyJTI5JTNCJTBBJTIwJTIwJTIwJTIwZm9yJTI4dmFyJTIwaSUyMCUzRCUyMDAlM0IlMjBpJTIwJTNDJTIwYWxsTGlua3MubGVuZ3RoJTNCJTIwaSUyQiUyQiUyOSU3QiUwQSUyMCUyMCUyMCUyMCUyMCUyMCUyMCUyMHZhciUyMGN1cnJlbnRMaW5rJTIwJTNEJTIwYWxsTGlua3MlNUJpJTVEJTNCJTBBJTIwJTIwJTIwJTIwJTIwJTIwJTIwJTIwY3VycmVudExpbmsuc2V0QXR0cmlidXRlJTI4JTIydGFyZ2V0JTIyJTJDJTIwJTIyX2JsYW5rJTIyJTI5JTNCJTBBJTIwJTIwJTIwJTIwJTdEJTBBJTBBJTIwJTIwJTIwJTIwdmFyJTIwYWxsTGlua3MlMjAlM0QlMjBkb2N1bWVudC5xdWVyeVNlbGVjdG9yQWxsJTI4JTIyZGl2JTIzbWVkaWFfaW1hZ2UtMzAlMjBhJTIyJTI5JTNCJTBBJTIwJTIwJTIwJTIwZm9yJTI4dmFyJTIwaSUyMCUzRCUyMDAlM0IlMjBpJTIwJTNDJTIwYWxsTGlua3MubGVuZ3RoJTNCJTIwaSUyQiUyQiUyOSU3QiUwQSUyMCUyMCUyMCUyMCUyMCUyMCUyMCUyMHZhciUyMGN1cnJlbnRMaW5rJTIwJTNEJTIwYWxsTGlua3MlNUJpJTVEJTNCJTBBJTIwJTIwJTIwJTIwJTIwJTIwJTIwJTIwY3VycmVudExpbmsuc2V0QXR0cmlidXRlJTI4JTIydGFyZ2V0JTIyJTJDJTIwJTIyX2JsYW5rJTIyJTI5JTNCJTBBJTIwJTIwJTIwJTIwJTdEJTBBJTBBJTIwJTIwJTIwJTIwdmFyJTIwYWxsTGlua3MlMjAlM0QlMjBkb2N1bWVudC5xdWVyeVNlbGVjdG9yQWxsJTI4JTIyZGl2JTIzbWVkaWFfaW1hZ2UtMzMlMjBhJTIyJTI5JTNCJTBBJTIwJTIwJTIwJTIwZm9yJTI4dmFyJTIwaSUyMCUzRCUyMDAlM0IlMjBpJTIwJTNDJTIwYWxsTGlua3MubGVuZ3RoJTNCJTIwaSUyQiUyQiUyOSU3QiUwQSUyMCUyMCUyMCUyMCUyMCUyMCUyMCUyMHZhciUyMGN1cnJlbnRMaW5rJTIwJTNEJTIwYWxsTGlua3MlNUJpJTVEJTNCJTBBJTIwJTIwJTIwJTIwJTIwJTIwJTIwJTIwY3VycmVudExpbmsuc2V0QXR0cmlidXRlJTI4JTIydGFyZ2V0JTIyJTJDJTIwJTIyX2JsYW5rJTIyJTI5JTNCJTBBJTIwJTIwJTIwJTIwJTdEJTBBJTBBJTIwJTIwJTIwJTIwdmFyJTIwYWxsTGlua3MlMjAlM0QlMjBkb2N1bWVudC5xdWVyeVNlbGVjdG9yQWxsJTI4JTIyZGl2JTIzbWVkaWFfaW1hZ2UtMzUlMjBhJTIyJTI5JTNCJTBBJTIwJTIwJTIwJTIwZm9yJTI4dmFyJTIwaSUyMCUzRCUyMDAlM0IlMjBpJTIwJTNDJTIwYWxsTGlua3MubGVuZ3RoJTNCJTIwaSUyQiUyQiUyOSU3QiUwQSUyMCUyMCUyMCUyMCUyMCUyMCUyMCUyMHZhciUyMGN1cnJlbnRMaW5rJTIwJTNEJTIwYWxsTGlua3MlNUJpJTVEJTNCJTBBJTIwJTIwJTIwJTIwJTIwJTIwJTIwJTIwY3VycmVudExpbmsuc2V0QXR0cmlidXRlJTI4JTIydGFyZ2V0JTIyJTJDJTIwJTIyX2JsYW5rJTIyJTI5JTNCJTBBJTIwJTIwJTIwJTIwJTdEJTBBJTdEJTBBJTBBJTNDJTJGc2NyaXB0JTNF[\/vc_raw_js][\/vc_column][\/vc_row][vc_row][vc_column][vc_column_text]<\/p><\/div>\n<p>[\/vc_column_text][\/vc_column][\/vc_row]<\/p>\n<div class=\"gsp_post_data\" \r\n\t            data-post_type=\"page\" \r\n\t            data-cat=\"\" \r\n\t            data-modified=\"120\"\r\n\t            data-created=\"1721664792\"\r\n\t            data-title=\"Programma del corso\" \r\n\t            data-home=\"https:\/\/www.firstcisl.it\/agenziadelleentrateriscossione\"><\/div><\/section>","protected":false},"excerpt":{"rendered":"<p>[vc_row][vc_column][vc_column_text] La selezione di personale con la qualifica di Addetto alla riscossione \u00e8 un processo operativo che viene svolto per la prima volta da Agenzia delle entrate-Riscossione. Il piano di studi che offriamo non vuol essere esaustivo; cerchiamo di offrire alle discenti e ai discenti elementi di attenzione sulle materie oggetto della selezione: diritto tributario, [&hellip;]<\/p>\n","protected":false},"author":55,"featured_media":2186,"parent":0,"menu_order":0,"comment_status":"closed","ping_status":"closed","template":"","meta":{"footnotes":""},"class_list":["post-2160","page","type-page","status-publish","has-post-thumbnail","hentry"],"_links":{"self":[{"href":"https:\/\/www.firstcisl.it\/agenziadelleentrateriscossione\/wp-json\/wp\/v2\/pages\/2160","targetHints":{"allow":["GET"]}}],"collection":[{"href":"https:\/\/www.firstcisl.it\/agenziadelleentrateriscossione\/wp-json\/wp\/v2\/pages"}],"about":[{"href":"https:\/\/www.firstcisl.it\/agenziadelleentrateriscossione\/wp-json\/wp\/v2\/types\/page"}],"author":[{"embeddable":true,"href":"https:\/\/www.firstcisl.it\/agenziadelleentrateriscossione\/wp-json\/wp\/v2\/users\/55"}],"replies":[{"embeddable":true,"href":"https:\/\/www.firstcisl.it\/agenziadelleentrateriscossione\/wp-json\/wp\/v2\/comments?post=2160"}],"version-history":[{"count":71,"href":"https:\/\/www.firstcisl.it\/agenziadelleentrateriscossione\/wp-json\/wp\/v2\/pages\/2160\/revisions"}],"predecessor-version":[{"id":2712,"href":"https:\/\/www.firstcisl.it\/agenziadelleentrateriscossione\/wp-json\/wp\/v2\/pages\/2160\/revisions\/2712"}],"wp:featuredmedia":[{"embeddable":true,"href":"https:\/\/www.firstcisl.it\/agenziadelleentrateriscossione\/wp-json\/wp\/v2\/media\/2186"}],"wp:attachment":[{"href":"https:\/\/www.firstcisl.it\/agenziadelleentrateriscossione\/wp-json\/wp\/v2\/media?parent=2160"}],"curies":[{"name":"wp","href":"https:\/\/api.w.org\/{rel}","templated":true}]}}