{"id":2147,"date":"2024-07-22T16:13:55","date_gmt":"2024-07-22T14:13:55","guid":{"rendered":"https:\/\/www.firstcisl.it\/agenziadelleentrateriscossione\/?page_id=2147"},"modified":"2024-10-21T16:25:40","modified_gmt":"2024-10-21T14:25:40","slug":"docenti-del-corso","status":"publish","type":"page","link":"https:\/\/www.firstcisl.it\/agenziadelleentrateriscossione\/docenti-del-corso\/","title":{"rendered":"Docenti del corso"},"content":{"rendered":"<section class=\"wpb-content-wrapper\"><p>[vc_row][vc_column][vc_column_text]<\/p>\n<h3>Dott. Giorgio Pani<\/h3>\n<p>Gi\u00e0 dirigente generale nella Regione Friuli Venezia Giulia e generale ris. della Guardia di Finanza, \u00e8 Revisore legale di societ\u00e0 di riscossione tributi, presidente o componente di organismi di vigilanza 231 di societ\u00e0 pubbliche e private e autorizzato all\u2019esercizio delle funzioni di assistenza tecnica dinanzi alle commissioni tributarie. Vanta tra le proprie esperienze quelle di componente di collegio sindacale, docente universitario di materie giuridico-economiche (diritto amministrativo ed economia aziendale), data protection officer, mediatore civile e commerciale. Esperto in materia di trattamento dati personali, iscritto nel ruolo dei periti e degli esperti della CCIAA di Trieste (\u201camministrazioni\u201d, \u201ccontabilit\u00e0\u201d, \u201cdogane\u201d, \u201cscritture contabili\u201d).<\/p>\n<p>Autore di numerose pubblicazioni in diritto tributario, sia sostanziale sia procedurale sia sanzionatorio.<\/p>\n<p>&nbsp;<\/p>\n<h3>Dott. Christian David<\/h3>\n<p>Commercialista e revisore legale, master di diritto tributario sulla fiscalit\u00e0 internazionale della Scuola Superiore della Pubblica Amministrazione, gi\u00e0 Dirigente dell\u2019Agenzia delle Entrate nel settore dell\u2019accertamento (caposettore verifiche, capo ufficio controlli fiscali, capo area controlli e riscossione), componente di commissioni di esame per l\u2019assunzione in A.D.E., di commissioni per l\u2019autotutela, per gli interpelli e la consulenza giuridica, ha svolto attivit\u00e0 di docenza presso la Scuola Superiore di Economia e Finanze e presso Direzioni regionali A.D.E., relatore in convegni e seminari sulla voluntary disclosure, l&#8217;abuso del diritto, accertamento fiscale e difesa del contribuente, fiscalit\u00e0 internazionale.<\/p>\n<p>Autore di pubblicazioni sull&#8217;attivit\u00e0 di verifica fiscale e sulle misure cautelari a garanzia dei crediti erariali.<\/p>\n<p>&nbsp;<\/p>\n<h3>Avv. Sarah Pani<\/h3>\n<p>Formatasi anche presso la 24Ore Business School, \u00e8 avvocato (esercita la professione forense da otto anni) nel settore penale tributario e davanti alle Corti di Giustizia Tributaria. Da tempo \u00e8 docente\/formatore nel settore dell\u2019imposizione fiscale. Svolge da anni l\u2019attivit\u00e0 di revisore di enti cooperativi su incarico della Regione Friuli Venezia Giulia, focalizzando la propria attenzione su stato patrimoniale e conto economico attraverso l&#8217;analisi di bilancio per indici (\u201cratio analysis\u201d).<\/p>\n<p>La sua attivit\u00e0 pubblicistica si \u00e8 sostanziata con contributi su \u201cLa depenalizzazione del delitto di omesso versamento delle ritenute previdenziali e assistenziali\u201d &#8211; Commercialista Veneto, e &#8220;Il contenzioso: come deflazionarlo con metodi alternativi&#8221; &#8211; &#8220;Rivista dell&#8217;Associazione Cassa Nazionale di Previdenza e assistenza a favore dei ragionieri e periti commerciali&#8221;.<\/p>\n<p>&nbsp;<\/p>\n<h3>Avv. Domenico Pizzonia<\/h3>\n<p>Dottore di ricerca in diritto del lavoro e da anni docente presso il Dipartimento di Scienze Giuridiche dell\u2019Universit\u00e0 degli Studi di Trieste, vanta una significativa esperienza, oltre che in ambito professionale (esercita la professione forense dal 2005 ed \u00e8 abilitato al patrocinio davanti alle giurisdizioni superiori), anche come formatore, ad esempio per i Ministeri dell\u2019Economia e delle Finanze e dell\u2019Istruzione, Universit\u00e0 e Ricerca, nonch\u00e9 per Ordini dei Consulenti del Lavoro. Componente di organismo di vigilanza di societ\u00e0 pubblica. Sviluppa l\u2019approfondimento delle tematiche da lui trattate anche quale socio dell\u2019Associazione Giuslavoristi Italiani.<\/p>\n<p>Amplissima e qualificata la sua attivit\u00e0 pubblicistica, che ha anche toccato gli aspetti del diritto previdenziale e la materia contributiva, anche in tema di istituti deflativi del contenzioso e dei condoni.<\/p>\n<p>&nbsp;<\/p>\n<h3>Avv. Federica Simonelli<\/h3>\n<p>Professore a contratto di Diritto della Riscossione Pubblica e Diritto dell\u2019esecuzione forzata tributaria presso l\u2019Universit\u00e0 degli Studi Niccol\u00f2 Cusano rispettivamente per i corsi di laurea in Giurisprudenza ed Economia. Direttore Scientifico Vicario della Scuola Specialistica degli Studi Giuridici, Economici e Sociali, e della rivista giuridica on-line \u201cAccademia Tributaria\u201d. Docente presso la Scuola Superiore Economia e Finanze \u201cE. Vanoni\u201d. Ha coordinato il corso di \u201cGestione dell&#8217;attivit\u00e0 di accertamento e riscossione degli enti locali\u201d presso Universit\u00e0 degli Studi di Roma \u201cNiccol\u00f2 Cusano\u201d, e corsi per la \u201cFormazione per messi notificatori ed a addetti alla notifica\u201d e per \u201cl&#8217;idoneit\u00e0 dei funzionari responsabili per la riscossione\u201d. Coordina il Master di Diritto processuale tributario e diritto della riscossione pubblica presso l\u2019Universit\u00e0 degli Studi Niccol\u00f2 Cusano<\/p>\n<p>Autore di numerose pubblicazioni in materia processuale e dell\u2019esecuzione tributaria.<\/p>\n<p>[\/vc_column_text][vc_raw_js]JTNDc2NyaXB0JTNFJTIwJTBBJTBBd2luZG93Lm9ubG9hZCUyMCUzRCUyMGZ1bmN0aW9uJTI4JTI5JTdCJTBBJTIwJTIwJTIwJTIwdmFyJTIwYWxsTGlua3MlMjAlM0QlMjBkb2N1bWVudC5xdWVyeVNlbGVjdG9yQWxsJTI4JTIyZGl2JTIzbWVkaWFfaW1hZ2UtMjQlMjBhJTIyJTI5JTNCJTBBJTIwJTIwJTIwJTIwZm9yJTI4dmFyJTIwaSUyMCUzRCUyMDAlM0IlMjBpJTIwJTNDJTIwYWxsTGlua3MubGVuZ3RoJTNCJTIwaSUyQiUyQiUyOSU3QiUwQSUyMCUyMCUyMCUyMCUyMCUyMCUyMCUyMHZhciUyMGN1cnJlbnRMaW5rJTIwJTNEJTIwYWxsTGlua3MlNUJpJTVEJTNCJTBBJTIwJTIwJTIwJTIwJTIwJTIwJTIwJTIwY3VycmVudExpbmsuc2V0QXR0cmlidXRlJTI4JTIydGFyZ2V0JTIyJTJDJTIwJTIyX2JsYW5rJTIyJTI5JTNCJTBBJTIwJTIwJTIwJTIwJTdEJTBBJTBBJTIwJTIwJTIwJTIwdmFyJTIwYWxsTGlua3MlMjAlM0QlMjBkb2N1bWVudC5xdWVyeVNlbGVjdG9yQWxsJTI4JTIyZGl2JTIzbWVkaWFfaW1hZ2UtMzAlMjBhJTIyJTI5JTNCJTBBJTIwJTIwJTIwJTIwZm9yJTI4dmFyJTIwaSUyMCUzRCUyMDAlM0IlMjBpJTIwJTNDJTIwYWxsTGlua3MubGVuZ3RoJTNCJTIwaSUyQiUyQiUyOSU3QiUwQSUyMCUyMCUyMCUyMCUyMCUyMCUyMCUyMHZhciUyMGN1cnJlbnRMaW5rJTIwJTNEJTIwYWxsTGlua3MlNUJpJTVEJTNCJTBBJTIwJTIwJTIwJTIwJTIwJTIwJTIwJTIwY3VycmVudExpbmsuc2V0QXR0cmlidXRlJTI4JTIydGFyZ2V0JTIyJTJDJTIwJTIyX2JsYW5rJTIyJTI5JTNCJTBBJTIwJTIwJTIwJTIwJTdEJTBBJTBBJTIwJTIwJTIwJTIwdmFyJTIwYWxsTGlua3MlMjAlM0QlMjBkb2N1bWVudC5xdWVyeVNlbGVjdG9yQWxsJTI4JTIyZGl2JTIzbWVkaWFfaW1hZ2UtMzMlMjBhJTIyJTI5JTNCJTBBJTIwJTIwJTIwJTIwZm9yJTI4dmFyJTIwaSUyMCUzRCUyMDAlM0IlMjBpJTIwJTNDJTIwYWxsTGlua3MubGVuZ3RoJTNCJTIwaSUyQiUyQiUyOSU3QiUwQSUyMCUyMCUyMCUyMCUyMCUyMCUyMCUyMHZhciUyMGN1cnJlbnRMaW5rJTIwJTNEJTIwYWxsTGlua3MlNUJpJTVEJTNCJTBBJTIwJTIwJTIwJTIwJTIwJTIwJTIwJTIwY3VycmVudExpbmsuc2V0QXR0cmlidXRlJTI4JTIydGFyZ2V0JTIyJTJDJTIwJTIyX2JsYW5rJTIyJTI5JTNCJTBBJTIwJTIwJTIwJTIwJTdEJTBBJTBBJTIwJTIwJTIwJTIwdmFyJTIwYWxsTGlua3MlMjAlM0QlMjBkb2N1bWVudC5xdWVyeVNlbGVjdG9yQWxsJTI4JTIyZGl2JTIzbWVkaWFfaW1hZ2UtMzUlMjBhJTIyJTI5JTNCJTBBJTIwJTIwJTIwJTIwZm9yJTI4dmFyJTIwaSUyMCUzRCUyMDAlM0IlMjBpJTIwJTNDJTIwYWxsTGlua3MubGVuZ3RoJTNCJTIwaSUyQiUyQiUyOSU3QiUwQSUyMCUyMCUyMCUyMCUyMCUyMCUyMCUyMHZhciUyMGN1cnJlbnRMaW5rJTIwJTNEJTIwYWxsTGlua3MlNUJpJTVEJTNCJTBBJTIwJTIwJTIwJTIwJTIwJTIwJTIwJTIwY3VycmVudExpbmsuc2V0QXR0cmlidXRlJTI4JTIydGFyZ2V0JTIyJTJDJTIwJTIyX2JsYW5rJTIyJTI5JTNCJTBBJTIwJTIwJTIwJTIwJTdEJTBBJTdEJTBBJTBBJTNDJTJGc2NyaXB0JTNF[\/vc_raw_js][\/vc_column][\/vc_row]<\/p>\n<div class=\"gsp_post_data\" \r\n\t            data-post_type=\"page\" \r\n\t            data-cat=\"\" \r\n\t            data-modified=\"120\"\r\n\t            data-created=\"1721664835\"\r\n\t            data-title=\"Docenti del corso\" \r\n\t            data-home=\"https:\/\/www.firstcisl.it\/agenziadelleentrateriscossione\"><\/div><\/section>","protected":false},"excerpt":{"rendered":"<p>[vc_row][vc_column][vc_column_text] Dott. Giorgio Pani Gi\u00e0 dirigente generale nella Regione Friuli Venezia Giulia e generale ris. della Guardia di Finanza, \u00e8 Revisore legale di societ\u00e0 di riscossione tributi, presidente o componente di organismi di vigilanza 231 di societ\u00e0 pubbliche e private e autorizzato all\u2019esercizio delle funzioni di assistenza tecnica dinanzi alle commissioni tributarie. Vanta tra le [&hellip;]<\/p>\n","protected":false},"author":55,"featured_media":2149,"parent":0,"menu_order":0,"comment_status":"closed","ping_status":"closed","template":"","meta":{"footnotes":""},"class_list":["post-2147","page","type-page","status-publish","has-post-thumbnail","hentry"],"_links":{"self":[{"href":"https:\/\/www.firstcisl.it\/agenziadelleentrateriscossione\/wp-json\/wp\/v2\/pages\/2147","targetHints":{"allow":["GET"]}}],"collection":[{"href":"https:\/\/www.firstcisl.it\/agenziadelleentrateriscossione\/wp-json\/wp\/v2\/pages"}],"about":[{"href":"https:\/\/www.firstcisl.it\/agenziadelleentrateriscossione\/wp-json\/wp\/v2\/types\/page"}],"author":[{"embeddable":true,"href":"https:\/\/www.firstcisl.it\/agenziadelleentrateriscossione\/wp-json\/wp\/v2\/users\/55"}],"replies":[{"embeddable":true,"href":"https:\/\/www.firstcisl.it\/agenziadelleentrateriscossione\/wp-json\/wp\/v2\/comments?post=2147"}],"version-history":[{"count":10,"href":"https:\/\/www.firstcisl.it\/agenziadelleentrateriscossione\/wp-json\/wp\/v2\/pages\/2147\/revisions"}],"predecessor-version":[{"id":2713,"href":"https:\/\/www.firstcisl.it\/agenziadelleentrateriscossione\/wp-json\/wp\/v2\/pages\/2147\/revisions\/2713"}],"wp:featuredmedia":[{"embeddable":true,"href":"https:\/\/www.firstcisl.it\/agenziadelleentrateriscossione\/wp-json\/wp\/v2\/media\/2149"}],"wp:attachment":[{"href":"https:\/\/www.firstcisl.it\/agenziadelleentrateriscossione\/wp-json\/wp\/v2\/media?parent=2147"}],"curies":[{"name":"wp","href":"https:\/\/api.w.org\/{rel}","templated":true}]}}